{"id":344,"date":"2020-04-29T10:07:32","date_gmt":"2020-04-29T08:07:32","guid":{"rendered":"https:\/\/blogs.urz.uni-halle.de\/sintoma\/?page_id=344"},"modified":"2020-05-01T17:40:06","modified_gmt":"2020-05-01T15:40:06","slug":"ak-protest","status":"publish","type":"page","link":"https:\/\/blogs.urz.uni-halle.de\/sintoma\/ak-protest\/","title":{"rendered":"AK Protest"},"content":{"rendered":"\n<p><strong>Kreative Aktionen gibts hier!<\/strong><br>Hier werden die Pinsel, Beamer, Banner und Farbe rausgeholt. Wir suchen permanent nach neuen und einfallsreichen Protestformen, eing\u00e4ngigen Spr\u00fcchen und coolen Designs, um Aufmerksamkeit f\u00fcr unsere Anliegen zu erregen.<br>Und das Beste daran ist: Wir werden dann praktisch aktiv, um diese Ideen auch zu verwirklichen. Kein Banner ist zu gro\u00df, keine Idee zu ausgefallen. Hier kannst du deiner k\u00fcnstlerischen Ader freien Lauf lassen und endlich praktisch werden!<\/p>\n","protected":false},"excerpt":{"rendered":"<p>Kreative Aktionen gibts hier!Hier werden die Pinsel, Beamer, Banner und Farbe rausgeholt. Wir suchen permanent nach neuen und einfallsreichen Protestformen, eing\u00e4ngigen Spr\u00fcchen und coolen Designs, um Aufmerksamkeit f\u00fcr unsere Anliegen zu erregen.Und das Beste daran ist: Wir werden dann praktisch &hellip; <a href=\"https:\/\/blogs.urz.uni-halle.de\/sintoma\/ak-protest\/\">Weiterlesen <span class=\"meta-nav\">&rarr;<\/span><\/a><\/p>\n","protected":false},"author":4535,"featured_media":0,"parent":0,"menu_order":0,"comment_status":"closed","ping_status":"closed","template":"","meta":[],"_links":{"self":[{"href":"https:\/\/blogs.urz.uni-halle.de\/sintoma\/wp-json\/wp\/v2\/pages\/344"}],"collection":[{"href":"https:\/\/blogs.urz.uni-halle.de\/sintoma\/wp-json\/wp\/v2\/pages"}],"about":[{"href":"https:\/\/blogs.urz.uni-halle.de\/sintoma\/wp-json\/wp\/v2\/types\/page"}],"author":[{"embeddable":true,"href":"https:\/\/blogs.urz.uni-halle.de\/sintoma\/wp-json\/wp\/v2\/users\/4535"}],"replies":[{"embeddable":true,"href":"https:\/\/blogs.urz.uni-halle.de\/sintoma\/wp-json\/wp\/v2\/comments?post=344"}],"version-history":[{"count":3,"href":"https:\/\/blogs.urz.uni-halle.de\/sintoma\/wp-json\/wp\/v2\/pages\/344\/revisions"}],"predecessor-version":[{"id":532,"href":"https:\/\/blogs.urz.uni-halle.de\/sintoma\/wp-json\/wp\/v2\/pages\/344\/revisions\/532"}],"wp:attachment":[{"href":"https:\/\/blogs.urz.uni-halle.de\/sintoma\/wp-json\/wp\/v2\/media?parent=344"}],"curies":[{"name":"wp","href":"https:\/\/api.w.org\/{rel}","templated":true}]}}