{"id":76,"date":"2020-04-16T22:45:30","date_gmt":"2020-04-16T20:45:30","guid":{"rendered":"https:\/\/blogs.urz.uni-halle.de\/sintoma\/?page_id=76"},"modified":"2020-05-01T12:23:28","modified_gmt":"2020-05-01T10:23:28","slug":"arbeitskreise","status":"publish","type":"page","link":"https:\/\/blogs.urz.uni-halle.de\/sintoma\/arbeitskreise\/","title":{"rendered":"Arbeitskreise"},"content":{"rendered":"\n<p><a href=\"https:\/\/blogs.urz.uni-halle.de\/sintoma\/ak-buendnis-fuer-mehr-krankenhauspersonal\" style=\"color: black\">AK B\u00fcndnis f\u00fcr mehr Krankenhauspersonal<\/a><\/p>\n\n\n\n<p><a href=\"https:\/\/blogs.urz.uni-halle.de\/sintoma\/ak-feminismus\/\" style=\"color: black\">AK Feminismus<\/a><\/p>\n\n\n\n<p><a href=\"https:\/\/blogs.urz.uni-halle.de\/sintoma\/ak-gegen-rechts\" style=\"color: black\">AK Gegen Rechts!<\/a><\/p>\n\n\n\n<p><a href=\"https:\/\/blogs.urz.uni-halle.de\/sintoma\/ak-health-for-future\/\" style=\"color: black\">AK Health for Future<\/a><\/p>\n\n\n\n<p><a href=\"https:\/\/blogs.urz.uni-halle.de\/sintoma\/ak-lesekreis\" style=\"color: black\">AK Lesekreis<\/a><\/p>\n\n\n\n<p><a href=\"https:\/\/blogs.urz.uni-halle.de\/sintoma\/ak-oekonomisierung\/\" style=\"color: black\">AK \u00d6konomisierung<\/a><\/p>\n\n\n\n<p><a href=\"https:\/\/blogs.urz.uni-halle.de\/sintoma\/ak-protest\/\" style=\"color: black\">AK Protest<\/a><\/p>\n","protected":false},"excerpt":{"rendered":"<p>AK B\u00fcndnis f\u00fcr mehr Krankenhauspersonal AK Feminismus AK Gegen Rechts! AK Health for Future AK Lesekreis AK \u00d6konomisierung AK Protest<\/p>\n","protected":false},"author":4534,"featured_media":0,"parent":0,"menu_order":0,"comment_status":"closed","ping_status":"closed","template":"","meta":[],"_links":{"self":[{"href":"https:\/\/blogs.urz.uni-halle.de\/sintoma\/wp-json\/wp\/v2\/pages\/76"}],"collection":[{"href":"https:\/\/blogs.urz.uni-halle.de\/sintoma\/wp-json\/wp\/v2\/pages"}],"about":[{"href":"https:\/\/blogs.urz.uni-halle.de\/sintoma\/wp-json\/wp\/v2\/types\/page"}],"author":[{"embeddable":true,"href":"https:\/\/blogs.urz.uni-halle.de\/sintoma\/wp-json\/wp\/v2\/users\/4534"}],"replies":[{"embeddable":true,"href":"https:\/\/blogs.urz.uni-halle.de\/sintoma\/wp-json\/wp\/v2\/comments?post=76"}],"version-history":[{"count":7,"href":"https:\/\/blogs.urz.uni-halle.de\/sintoma\/wp-json\/wp\/v2\/pages\/76\/revisions"}],"predecessor-version":[{"id":527,"href":"https:\/\/blogs.urz.uni-halle.de\/sintoma\/wp-json\/wp\/v2\/pages\/76\/revisions\/527"}],"wp:attachment":[{"href":"https:\/\/blogs.urz.uni-halle.de\/sintoma\/wp-json\/wp\/v2\/media?parent=76"}],"curies":[{"name":"wp","href":"https:\/\/api.w.org\/{rel}","templated":true}]}}