{"id":19,"date":"2020-02-25T15:17:22","date_gmt":"2020-02-25T14:17:22","guid":{"rendered":"https:\/\/blogs.urz.uni-halle.de\/stadtcafe\/?page_id=19"},"modified":"2020-02-27T11:33:51","modified_gmt":"2020-02-27T10:33:51","slug":"willkommen-im-entspanntesten-cafe-der-stadt","status":"publish","type":"page","link":"https:\/\/blogs.urz.uni-halle.de\/stadtcafe\/","title":{"rendered":"Willkommen"},"content":{"rendered":"\n<p>Eine entspannte Atmosph\u00e4re entsteht bei uns nicht nur aufgrund von gro\u00dfen Sesseln und weichen Sofas.<\/p>\n\n\n\n<p>Was zu dazu beitr\u00e4gt, dass unsere Besucher am entspanntesten sind erf\u00e4hrst du auf dieser Website zu allen einzelnen Rubriken. (Disclaimer: gem\u00fctlich sind unsere Sessel und Sofas trotzdem)<\/p>\n\n\n\n<figure class=\"wp-block-gallery columns-1 is-cropped\"><ul class=\"blocks-gallery-grid\"><li class=\"blocks-gallery-item\"><figure><img loading=\"lazy\" width=\"960\" height=\"539\" src=\"https:\/\/blogs.urz.uni-halle.de\/stadtcafe\/files\/2020\/02\/gem\u00fctlich.jpg\" alt=\"\" data-id=\"33\" data-full-url=\"https:\/\/blogs.urz.uni-halle.de\/stadtcafe\/files\/2020\/02\/gem\u00fctlich.jpg\" data-link=\"https:\/\/blogs.urz.uni-halle.de\/stadtcafe\/willkommen-im-entspanntesten-cafe-der-stadt\/gemuetlich\/\" class=\"wp-image-33\" srcset=\"https:\/\/blogs.urz.uni-halle.de\/stadtcafe\/files\/2020\/02\/gem\u00fctlich.jpg 960w, https:\/\/blogs.urz.uni-halle.de\/stadtcafe\/files\/2020\/02\/gem\u00fctlich-300x168.jpg 300w, https:\/\/blogs.urz.uni-halle.de\/stadtcafe\/files\/2020\/02\/gem\u00fctlich-768x431.jpg 768w\" sizes=\"(max-width: 767px) 89vw, (max-width: 1000px) 54vw, (max-width: 1071px) 543px, 580px\" \/><\/figure><\/li><\/ul><\/figure>\n","protected":false},"excerpt":{"rendered":"<p>Eine entspannte Atmosph\u00e4re entsteht bei uns nicht nur aufgrund von gro\u00dfen Sesseln und weichen Sofas. Was zu dazu beitr\u00e4gt, dass unsere Besucher am entspanntesten sind erf\u00e4hrst du auf dieser Website zu allen einzelnen Rubriken. (Disclaimer: gem\u00fctlich sind unsere Sessel und Sofas trotzdem)<\/p>\n","protected":false},"author":4375,"featured_media":0,"parent":0,"menu_order":0,"comment_status":"closed","ping_status":"closed","template":"","meta":[],"_links":{"self":[{"href":"https:\/\/blogs.urz.uni-halle.de\/stadtcafe\/wp-json\/wp\/v2\/pages\/19"}],"collection":[{"href":"https:\/\/blogs.urz.uni-halle.de\/stadtcafe\/wp-json\/wp\/v2\/pages"}],"about":[{"href":"https:\/\/blogs.urz.uni-halle.de\/stadtcafe\/wp-json\/wp\/v2\/types\/page"}],"author":[{"embeddable":true,"href":"https:\/\/blogs.urz.uni-halle.de\/stadtcafe\/wp-json\/wp\/v2\/users\/4375"}],"replies":[{"embeddable":true,"href":"https:\/\/blogs.urz.uni-halle.de\/stadtcafe\/wp-json\/wp\/v2\/comments?post=19"}],"version-history":[{"count":6,"href":"https:\/\/blogs.urz.uni-halle.de\/stadtcafe\/wp-json\/wp\/v2\/pages\/19\/revisions"}],"predecessor-version":[{"id":77,"href":"https:\/\/blogs.urz.uni-halle.de\/stadtcafe\/wp-json\/wp\/v2\/pages\/19\/revisions\/77"}],"wp:attachment":[{"href":"https:\/\/blogs.urz.uni-halle.de\/stadtcafe\/wp-json\/wp\/v2\/media?parent=19"}],"curies":[{"name":"wp","href":"https:\/\/api.w.org\/{rel}","templated":true}]}}