{"id":106,"date":"2022-08-12T13:17:28","date_gmt":"2022-08-12T11:17:28","guid":{"rendered":"https:\/\/blogs.urz.uni-halle.de\/stimmstark\/?page_id=106"},"modified":"2025-08-06T13:33:50","modified_gmt":"2025-08-06T11:33:50","slug":"ueber-uns","status":"publish","type":"page","link":"https:\/\/blogs.urz.uni-halle.de\/stimmstark\/ueber-uns\/","title":{"rendered":"\u00dcber uns"},"content":{"rendered":"\n<h2>Wer wir sind\u2026<\/h2>\n\n\n\n<p>Hallo! Wir sind Friderike, Luise und Maxi vom LSQ-Modul. <br>Wir sitzen im ZLB und wir haben eine Mission: Wir wollen euch stimmstark machen! Dazu entwerfen und entwickeln wir unterschiedliche Formate und Angebote.<\/p>\n\n\n\n<p><\/p>\n\n\n\n<div class=\"wp-block-media-text alignwide is-stacked-on-mobile is-vertically-aligned-center is-style-rounded\" style=\"grid-template-columns:29% auto\"><figure class=\"wp-block-media-text__media\"><img loading=\"lazy\" width=\"1024\" height=\"1024\" src=\"https:\/\/blogs.urz.uni-halle.de\/stimmstark\/files\/2022\/09\/Fride-Profilbild-scaled-e1662304153643-1024x1024.jpg\" alt=\"\" class=\"wp-image-256\" srcset=\"https:\/\/blogs.urz.uni-halle.de\/stimmstark\/files\/2022\/09\/Fride-Profilbild-scaled-e1662304153643-1024x1024.jpg 1024w, https:\/\/blogs.urz.uni-halle.de\/stimmstark\/files\/2022\/09\/Fride-Profilbild-scaled-e1662304153643-300x300.jpg 300w, https:\/\/blogs.urz.uni-halle.de\/stimmstark\/files\/2022\/09\/Fride-Profilbild-scaled-e1662304153643-150x150.jpg 150w, https:\/\/blogs.urz.uni-halle.de\/stimmstark\/files\/2022\/09\/Fride-Profilbild-scaled-e1662304153643-768x768.jpg 768w, https:\/\/blogs.urz.uni-halle.de\/stimmstark\/files\/2022\/09\/Fride-Profilbild-scaled-e1662304153643-1200x1200.jpg 1200w, https:\/\/blogs.urz.uni-halle.de\/stimmstark\/files\/2022\/09\/Fride-Profilbild-scaled-e1662304153643.jpg 1452w\" sizes=\"(max-width: 1024px) 100vw, 1024px\" \/><\/figure><div class=\"wp-block-media-text__content\">\n<h2>Friderike Lange<\/h2>\n\n\n\n<p>Ich habe Sprechwissenschaft noch auf Diplom studiert und 2008 meinen Abschluss gemacht. Mir gefielen das Fach und die Menschen, also habe ich direkt noch eine Dissertation rangeh\u00e4ngt und eine Weile dort mitgearbeitet. In der Zeit sind auch meine beiden T\u00f6chter auf die Welt gekommen, die inzwischen schon Schulkinder sind. Wenn ich nicht gerade LSQ unterrichte, bin ich mit meiner Familie gern in der N\u00e4he vom Wasser unterwegs &#8211; egal ob See, Saale oder Ozean.<br><br>Meine Superpower: <em>Aufr\u00e4umen.&nbsp;<\/em><br>Das \u00fcbe ich: <em>Spanisch.<\/em><br>Mein Motto: <em>Es ist alles eine Frage der Perspektive.&nbsp;<\/em><\/p>\n<\/div><\/div>\n\n\n\n<div class=\"wp-block-media-text alignwide is-stacked-on-mobile is-vertically-aligned-center is-style-rounded\" style=\"grid-template-columns:28% auto\"><figure class=\"wp-block-media-text__media\"><img loading=\"lazy\" width=\"1024\" height=\"1024\" src=\"https:\/\/blogs.urz.uni-halle.de\/stimmstark\/files\/2023\/06\/Foto-Luise-Blog-1024x1024.jpg\" alt=\"\" class=\"wp-image-639\" srcset=\"https:\/\/blogs.urz.uni-halle.de\/stimmstark\/files\/2023\/06\/Foto-Luise-Blog-1024x1024.jpg 1024w, https:\/\/blogs.urz.uni-halle.de\/stimmstark\/files\/2023\/06\/Foto-Luise-Blog-300x300.jpg 300w, https:\/\/blogs.urz.uni-halle.de\/stimmstark\/files\/2023\/06\/Foto-Luise-Blog-150x150.jpg 150w, https:\/\/blogs.urz.uni-halle.de\/stimmstark\/files\/2023\/06\/Foto-Luise-Blog-768x768.jpg 768w, https:\/\/blogs.urz.uni-halle.de\/stimmstark\/files\/2023\/06\/Foto-Luise-Blog-1536x1536.jpg 1536w, https:\/\/blogs.urz.uni-halle.de\/stimmstark\/files\/2023\/06\/Foto-Luise-Blog-2048x2048.jpg 2048w, https:\/\/blogs.urz.uni-halle.de\/stimmstark\/files\/2023\/06\/Foto-Luise-Blog-1200x1200.jpg 1200w, https:\/\/blogs.urz.uni-halle.de\/stimmstark\/files\/2023\/06\/Foto-Luise-Blog-1980x1980.jpg 1980w\" sizes=\"(max-width: 1024px) 100vw, 1024px\" \/><\/figure><div class=\"wp-block-media-text__content\">\n<h2>Maria Luise Gebauer<\/h2>\n\n\n\n<p>Ich habe mit viel Begeisterung Sprechwissenschaft im Bachelor und Master an der MLU von 2009-2011 studiert. Um meine Arbeit als Stimmtrainerin weiter zu entwickeln habe ich 2016 meine zweij\u00e4hrige Ausbildung zur Linklater Voice Trainerin erfolgreich abgeschlossen. Bereits seit 2009 arbeite ich mit viel Hingabe in der Aus- und Weiterbildung von (angehenden) Lehrer*innen. Dabei liegen mir vor allem die Themen pr\u00e4senter K\u00f6rperausdruck, pers\u00f6nliche Stimme &amp; wertsch\u00e4tzende Kommunikation am Herzen. Wenn ich nicht gerade arbeite, sammle ich liebend gern kleine und gro\u00dfe Marmeladenglasmomente nah und fern mit meinem Mann und unseren drei T\u00f6chtern.<br><br>Meine Superpower:\u00a0<em>Gru\u00dfkarten schreiben.<\/em><br>Das \u00fcbe ich: <em>Geduldsf\u00e4den kn\u00fcpfen.<\/em><br>Mein Motto: <em>Alles ist in Bewegung. Bleib geschmeidig.\u00a0<\/em><\/p>\n<\/div><\/div>\n\n\n\n<div class=\"wp-block-media-text alignwide is-stacked-on-mobile is-vertically-aligned-center is-style-rounded\" style=\"grid-template-columns:29% auto\"><figure class=\"wp-block-media-text__media\"><img loading=\"lazy\" width=\"1024\" height=\"1024\" src=\"https:\/\/blogs.urz.uni-halle.de\/stimmstark\/files\/2022\/09\/Maxi-Profilbild-e1662302309972-1024x1024.jpg\" alt=\"\" class=\"wp-image-249\" srcset=\"https:\/\/blogs.urz.uni-halle.de\/stimmstark\/files\/2022\/09\/Maxi-Profilbild-e1662302309972-1024x1024.jpg 1024w, https:\/\/blogs.urz.uni-halle.de\/stimmstark\/files\/2022\/09\/Maxi-Profilbild-e1662302309972-300x300.jpg 300w, https:\/\/blogs.urz.uni-halle.de\/stimmstark\/files\/2022\/09\/Maxi-Profilbild-e1662302309972-150x150.jpg 150w, https:\/\/blogs.urz.uni-halle.de\/stimmstark\/files\/2022\/09\/Maxi-Profilbild-e1662302309972-768x768.jpg 768w, https:\/\/blogs.urz.uni-halle.de\/stimmstark\/files\/2022\/09\/Maxi-Profilbild-e1662302309972.jpg 1152w\" sizes=\"(max-width: 1024px) 100vw, 1024px\" \/><\/figure><div class=\"wp-block-media-text__content\">\n<h2>Maxi&nbsp;Mercedes&nbsp;Grehl<\/h2>\n\n\n\n<p>Auch ich bin studierte Sprechwissenschaftlerin (M.A.) und seit 2012 in der Aus- und Weiterbildung angehender Lehrer*innen t\u00e4tig. 2019 durfte ich das Projekt-Baby \u201eK\u00f6rper<strong>&nbsp;\u2022&nbsp;<\/strong>Stimme&nbsp;<strong>\u2022<\/strong>&nbsp;Haltung\u201c&nbsp; mit auf die Welt bringen.&nbsp;Wenn ich nicht an der Uni bin, bin ich auf dem Theaterdeck, entweder als Darstellerin, Regisseurin oder als Theaterp\u00e4dagogin. Meine neuste Leidenschaft ist die systemische Beratung. Da darf ich neugierig sein und komische Fragen stellen. Das mache ich auch gern im Seminar.<br><br>Meine Superpower: <em>Viele Ideen in kurzer Zeit!<\/em><br>Das \u00fcbe ich: <em>Ideen ausw\u00e4hlen. Klarheit finden. Puh! Argh! Uff!<\/em><br>Mein Motto: <em>Bewegter K\u00f6rper, bewegte Stimme, bewegter Geist!<\/em><\/p>\n<\/div><\/div>\n\n\n\n<h2>\u2026und was wir machen<\/h2>\n\n\n\n<p>Wir unterrichten das <strong>LSQ-Teilmodul Stimme und Kommunikation<\/strong> \u2013 ein, wie wir finden, super interessantes und wichtiges Thema f\u00fcr alle angehende Lehrkr\u00e4fte. Denn was wirst du sp\u00e4ter im Beruf machen? Du wirst unterschiedliche Klassenstufen unterrichten, Konfliktgespr\u00e4che mit Eltern f\u00fchren, Exkursionen begleiten, mit vielf\u00e4ltigsten Methoden arbeiten und und und \u2026 Und damit du diese Situationen stimmlich und rhetorisch souver\u00e4n bew\u00e4ltigen kannst, geben wir dir in unseren Seminaren praktisch anwendbares Wissen \u00fcber Kommunikation, Feedbackkultur und Wirkung. Das hei\u00dft, du wirst im Seminar das Know-how erhalten, um eine belastungsf\u00e4hige und st\u00f6rungsfreie Stimme zu entwickeln. Du wirst lernen, deine Wahrnehmung f\u00fcr kommunikative Ereignisse zu sch\u00e4rfen und deine Analysekompetenzen und Feedbackf\u00e4higkeiten erweitern. Aber vor allem wirst du 12 interessante Menschen in deinem Seminar kennenlernen und viel \u00fcber deine eigene Wirkung auf andere erfahren. Wir freuen uns auf dich!<\/p>\n\n\n\n<p>Wir machen mit dir den <strong>Stimmcheck<\/strong>. Das ist ein kostenloses Angebot, bei dem wir uns 60 Minuten Zeit nehmen, um deine Stimme ganz ausf\u00fchrlich unter die Lupe zu nehmen. Du bekommst eine individuelle Beratung zur Stimmfunktion und eine auditiven Beurteilung deiner Stimmqualit\u00e4t. Mit unserer computergest\u00fctzten Stimmfeldmessung analysieren wir au\u00dferdem die Klangqualit\u00e4t und Dynamik deiner Stimme sowie deinen individuellen Tonh\u00f6henumfang. Zur Terminbuchung such im <a href=\"https:\/\/studip.uni-halle.de\/\">stud.IP<\/a> nach der Veranstaltung <em>Stimmcheck<\/em>.<\/p>\n","protected":false},"excerpt":{"rendered":"<p>Wer wir sind\u2026 Hallo! Wir sind Friderike, Luise und Maxi vom LSQ-Modul. Wir sitzen im ZLB und wir haben eine Mission: Wir wollen euch stimmstark machen! Dazu entwerfen und entwickeln wir unterschiedliche Formate und Angebote. Friderike Lange Ich habe Sprechwissenschaft noch auf Diplom studiert und 2008 meinen Abschluss gemacht. Mir gefielen das Fach und die [&hellip;]<\/p>\n","protected":false},"author":4995,"featured_media":245,"parent":0,"menu_order":0,"comment_status":"closed","ping_status":"closed","template":"templates\/template-cover.php","meta":{"ngg_post_thumbnail":0},"_links":{"self":[{"href":"https:\/\/blogs.urz.uni-halle.de\/stimmstark\/wp-json\/wp\/v2\/pages\/106"}],"collection":[{"href":"https:\/\/blogs.urz.uni-halle.de\/stimmstark\/wp-json\/wp\/v2\/pages"}],"about":[{"href":"https:\/\/blogs.urz.uni-halle.de\/stimmstark\/wp-json\/wp\/v2\/types\/page"}],"author":[{"embeddable":true,"href":"https:\/\/blogs.urz.uni-halle.de\/stimmstark\/wp-json\/wp\/v2\/users\/4995"}],"replies":[{"embeddable":true,"href":"https:\/\/blogs.urz.uni-halle.de\/stimmstark\/wp-json\/wp\/v2\/comments?post=106"}],"version-history":[{"count":10,"href":"https:\/\/blogs.urz.uni-halle.de\/stimmstark\/wp-json\/wp\/v2\/pages\/106\/revisions"}],"predecessor-version":[{"id":1224,"href":"https:\/\/blogs.urz.uni-halle.de\/stimmstark\/wp-json\/wp\/v2\/pages\/106\/revisions\/1224"}],"wp:featuredmedia":[{"embeddable":true,"href":"https:\/\/blogs.urz.uni-halle.de\/stimmstark\/wp-json\/wp\/v2\/media\/245"}],"wp:attachment":[{"href":"https:\/\/blogs.urz.uni-halle.de\/stimmstark\/wp-json\/wp\/v2\/media?parent=106"}],"curies":[{"name":"wp","href":"https:\/\/api.w.org\/{rel}","templated":true}]}}