{"id":151,"date":"2022-08-12T13:39:08","date_gmt":"2022-08-12T11:39:08","guid":{"rendered":"https:\/\/blogs.urz.uni-halle.de\/stimmstark\/?page_id=151"},"modified":"2022-09-06T08:45:39","modified_gmt":"2022-09-06T06:45:39","slug":"kontakte-und-links","status":"publish","type":"page","link":"https:\/\/blogs.urz.uni-halle.de\/stimmstark\/kontakte-und-links\/","title":{"rendered":"Kontakte &amp; Links"},"content":{"rendered":"\n<p>Maria Luise Gebauer<br>Maxi Mercedes Grehl<br>Friderike Lange<\/p>\n\n\n\n<p>LSQ-Modul (Kommunikation und Stimme)<br>Zentrum f\u00fcr Lehrer*innenbildung<br>Martin-Luther-Universit\u00e4t Halle-Wittenberg<br>Dachritzstr. 12, Raum 213, 06108 Halle<br>Tel. 0345-5521708, -23<\/p>\n\n\n\n<p><a href=\"mailto:stimmstark@zlb.uni-halle.de\">stimmstark@zlb.uni-halle.de<\/a><\/p>\n\n\n\n<hr class=\"wp-block-separator is-style-default\" \/>\n\n\n\n<p><strong><a href=\"https:\/\/koerperstimmehaltung.zlb.uni-halle.de\/\">K\u00f6rper \u2022 Stimme \u2022 Haltung<\/a><\/strong><br><strong>Wirkungsstrategien f\u00fcr Lehrer*innen<\/strong><br>Auf der Selbstlernplattform K\u00f6rper \u2022 Stimme \u2022 Haltung haben wir dir jede Menge spa\u00dfige und inspirierende \u00dcbungsvideos zusammen-gestellt. Au\u00dferdem findest du findest du jede Menge hilfreiches Zusatzmaterial rund um die Themen Sprechen und Kommunikation.<\/p>\n\n\n\n<p><strong><a href=\"https:\/\/www.dgss.de\/\">DGSS e. V.<\/a> <\/strong><br><strong>Berufsverband Deutsche Gesellschaft f\u00fcr Sprechwissenschaft und Sprecherziehung<\/strong><br>Im Trainerverzeichnis findest du Sprecherzieher*innen aus deiner Region und Links zu den einzelnen Landesverb\u00e4nden.<\/p>\n\n\n\n<p><strong><a href=\"https:\/\/www.mdvs.info\/\">MDVS e. V. <\/a><\/strong><br><strong>Mitteldeutscher Verband f\u00fcr Sprechwissenschaft und Sprecherziehung<\/strong><br>Als Regionalverband ist er Ansprechpartner in den mitteldeutschen Bundesl\u00e4ndern Sachsen, Sachsen-Anhalt und Th\u00fcringen, aber auch f\u00fcr Brandenburg und Berlin. Im Trainerverzeichnis findest du Sprech-erzieher*innen aus diesen Regionen.<\/p>\n\n\n\n<p><strong><a href=\"https:\/\/www.mdvs.info\/lehrerstimme\/\">Arbeitsgemeinschaft Sprechen in der Schule <\/a><\/strong><br><strong>Weiterbildungen und Schulungen zur Stimme<\/strong><br>Die AG Sprechen in der Schule ist ein Projekt des MDVS e.\u2009V. <br>Das Ziel ist, die stimmlich-sprecherische Ausbildung von Lehramts-kandidat*innen an Hochschulen zu verbessern sowie berufst\u00e4tigen Lehrkr\u00e4ften M\u00f6glichkeiten zur Weiterbildung und Schulung ihrer Stimme zu bieten.<\/p>\n\n\n\n<p><strong><a href=\"https:\/\/www.zlb.uni-halle.de\/zentrum\/bereiche\/kommunikation\/stimmcheck\/\">Stimmcheck f\u00fcr Lehramtsstudierende<\/a><\/strong><br><strong>an der Martin-Luther-Universit\u00e4t Halle-Wittenberg <\/strong><br>Das Zentrum f\u00fcr Lehrer*innenbildung an der Martin-Luther-Universit\u00e4t Halle-Wittenberg bietet \u00fcber das Semester verteilt kostenlose und qualitativ hochwertige Stimmchecks an. Neben einer individuellen Beratung zur Stimmfunktion und einer ersten auditiven Beurteilung der Stimmqualit\u00e4t ist auch eine Stimmfeldmessung fester Bestandteil des Stimmchecks.<\/p>\n","protected":false},"excerpt":{"rendered":"<p>Maria Luise GebauerMaxi Mercedes GrehlFriderike Lange LSQ-Modul (Kommunikation und Stimme)Zentrum f\u00fcr Lehrer*innenbildungMartin-Luther-Universit\u00e4t Halle-WittenbergDachritzstr. 12, Raum 213, 06108 HalleTel. 0345-5521708, -23 stimmstark@zlb.uni-halle.de K\u00f6rper \u2022 Stimme \u2022 HaltungWirkungsstrategien f\u00fcr Lehrer*innenAuf der Selbstlernplattform K\u00f6rper \u2022 Stimme \u2022 Haltung haben wir dir jede Menge spa\u00dfige und inspirierende \u00dcbungsvideos zusammen-gestellt. Au\u00dferdem findest du findest du jede Menge hilfreiches Zusatzmaterial rund [&hellip;]<\/p>\n","protected":false},"author":4995,"featured_media":0,"parent":0,"menu_order":0,"comment_status":"closed","ping_status":"closed","template":"","meta":{"ngg_post_thumbnail":0},"_links":{"self":[{"href":"https:\/\/blogs.urz.uni-halle.de\/stimmstark\/wp-json\/wp\/v2\/pages\/151"}],"collection":[{"href":"https:\/\/blogs.urz.uni-halle.de\/stimmstark\/wp-json\/wp\/v2\/pages"}],"about":[{"href":"https:\/\/blogs.urz.uni-halle.de\/stimmstark\/wp-json\/wp\/v2\/types\/page"}],"author":[{"embeddable":true,"href":"https:\/\/blogs.urz.uni-halle.de\/stimmstark\/wp-json\/wp\/v2\/users\/4995"}],"replies":[{"embeddable":true,"href":"https:\/\/blogs.urz.uni-halle.de\/stimmstark\/wp-json\/wp\/v2\/comments?post=151"}],"version-history":[{"count":7,"href":"https:\/\/blogs.urz.uni-halle.de\/stimmstark\/wp-json\/wp\/v2\/pages\/151\/revisions"}],"predecessor-version":[{"id":322,"href":"https:\/\/blogs.urz.uni-halle.de\/stimmstark\/wp-json\/wp\/v2\/pages\/151\/revisions\/322"}],"wp:attachment":[{"href":"https:\/\/blogs.urz.uni-halle.de\/stimmstark\/wp-json\/wp\/v2\/media?parent=151"}],"curies":[{"name":"wp","href":"https:\/\/api.w.org\/{rel}","templated":true}]}}