{"id":98,"date":"2017-09-22T09:19:33","date_gmt":"2017-09-22T07:19:33","guid":{"rendered":"https:\/\/blogs.urz.uni-halle.de\/strickdings\/?page_id=98"},"modified":"2017-11-09T10:32:53","modified_gmt":"2017-11-09T09:32:53","slug":"digimet","status":"publish","type":"page","link":"https:\/\/blogs.urz.uni-halle.de\/strickdings\/digimet\/","title":{"rendered":"Digitale Methoden f\u00fcr die Geisteswissenschaft. Workshops und Coffee Talks zu Digital Humanities in Halle\/Saale"},"content":{"rendered":"<p>&nbsp;<\/p>\n<p>Eine Veranstaltungsreihe der Universit\u00e4ts- und Landesbibliothek Sachsen-Anhalt, der Professur f\u00fcr Wirtschafts- und Sozialgeschichte der Martin-Luther-Universit\u00e4t Halle-Wittenberg und des Historischen Datenzentrums Sachsen-Anhalt.<\/p>\n<p>Vermittelt werden soll ein niedrigschwelliger Einstieg in die Digital Humanities der ganz unterschiedliche Themenfelder und Interessensgebiete abdeckt, Tools und Werkzeuge vorstellt und auf Projekte aufmerksam macht. Ziel ist es, ein Forum zum Austausch \u00fcber digitale Methoden in den Geisteswissenschaften zu bieten und Kooperationen zu st\u00e4rken.<\/p>\n<p>Anmeldung in Stud.IP:<br \/>\n<a href=\"https:\/\/studip.uni-halle.de\/seminar_main.php?cid=5df580359ad1a07c506020f9bfd7a713\">https:\/\/studip.uni-halle.de\/seminar_main.php?cid=5df580359ad1a07c506020f9bfd7a713<\/a><\/p>\n<p><strong>Programm<\/strong><\/p>\n<figure id=\"attachment_116\" aria-describedby=\"caption-attachment-116\" style=\"width: 2302px\" class=\"wp-caption alignleft\"><img loading=\"lazy\" class=\"size-full wp-image-116\" src=\"https:\/\/blogs.urz.uni-halle.de\/strickdings\/files\/2017\/09\/dig.jpg\" alt=\"Programm\" width=\"2302\" height=\"3070\" srcset=\"https:\/\/blogs.urz.uni-halle.de\/strickdings\/files\/2017\/09\/dig.jpg 2302w, https:\/\/blogs.urz.uni-halle.de\/strickdings\/files\/2017\/09\/dig-225x300.jpg 225w, https:\/\/blogs.urz.uni-halle.de\/strickdings\/files\/2017\/09\/dig-768x1024.jpg 768w\" sizes=\"(max-width: 2302px) 100vw, 2302px\" \/><figcaption id=\"caption-attachment-116\" class=\"wp-caption-text\">Programm der Workshops und Coffee Talks<\/figcaption><\/figure>\n<p>&nbsp;<\/p>\n<p>Abstracts zu den einzelnen\u00a0Workshops und Themen:<\/p>\n<p><strong>Swantje Wesphal (IDS Mannheim):<\/strong><br \/>\n<a href=\"https:\/\/blogs.urz.uni-halle.de\/strickdings\/2017\/10\/workshop-swantje-wesphal-ids-mannheim-erste-schritte-einer-normalisierung-lemmatisierung-und-eines-pos-taggings-fuer-ein-korpus-historischer-lexikonartikel-von-berufsbezeichnungen\/\">Erste Schritte einer Normalisierung, Lemmatisierung und eines POS-Taggings f\u00fcr ein Korpus historischer Lexikonartikel von Berufsbezeichnungen<\/a><\/p>\n<p><strong>Sabine Beckmann, Susanne Kretzer (Uni Bremen):<\/strong><br \/>\n<a href=\"https:\/\/blogs.urz.uni-halle.de\/strickdings\/files\/2017\/11\/Beckmann_Kretzer_Abstract_Qualitative_Data.pdf\" target=\"_blank\" rel=\"noopener\">Arbeit mit anonymisierten Interviewdaten\/ Qualitative Data and Archiving<\/a><\/p>\n<p>&nbsp;<\/p>\n<p>&nbsp;<\/p>\n","protected":false},"excerpt":{"rendered":"<p>&nbsp; Eine Veranstaltungsreihe der Universit\u00e4ts- und Landesbibliothek Sachsen-Anhalt, der Professur f\u00fcr Wirtschafts- und Sozialgeschichte der Martin-Luther-Universit\u00e4t Halle-Wittenberg und des Historischen Datenzentrums Sachsen-Anhalt. Vermittelt werden soll ein niedrigschwelliger Einstieg in die Digital Humanities der ganz unterschiedliche Themenfelder und Interessensgebiete abdeckt, Tools <a class=\"more-link\" href=\"https:\/\/blogs.urz.uni-halle.de\/strickdings\/digimet\/\">weiterlesen  <span class=\"screen-reader-text\">  Digitale Methoden f\u00fcr die Geisteswissenschaft. Workshops und Coffee Talks zu Digital Humanities in Halle\/Saale<\/span><span class=\"meta-nav\">&rarr;<\/span><\/a><\/p>\n","protected":false},"author":48,"featured_media":0,"parent":0,"menu_order":0,"comment_status":"closed","ping_status":"closed","template":"","meta":[],"_links":{"self":[{"href":"https:\/\/blogs.urz.uni-halle.de\/strickdings\/wp-json\/wp\/v2\/pages\/98"}],"collection":[{"href":"https:\/\/blogs.urz.uni-halle.de\/strickdings\/wp-json\/wp\/v2\/pages"}],"about":[{"href":"https:\/\/blogs.urz.uni-halle.de\/strickdings\/wp-json\/wp\/v2\/types\/page"}],"author":[{"embeddable":true,"href":"https:\/\/blogs.urz.uni-halle.de\/strickdings\/wp-json\/wp\/v2\/users\/48"}],"replies":[{"embeddable":true,"href":"https:\/\/blogs.urz.uni-halle.de\/strickdings\/wp-json\/wp\/v2\/comments?post=98"}],"version-history":[{"count":10,"href":"https:\/\/blogs.urz.uni-halle.de\/strickdings\/wp-json\/wp\/v2\/pages\/98\/revisions"}],"predecessor-version":[{"id":124,"href":"https:\/\/blogs.urz.uni-halle.de\/strickdings\/wp-json\/wp\/v2\/pages\/98\/revisions\/124"}],"wp:attachment":[{"href":"https:\/\/blogs.urz.uni-halle.de\/strickdings\/wp-json\/wp\/v2\/media?parent=98"}],"curies":[{"name":"wp","href":"https:\/\/api.w.org\/{rel}","templated":true}]}}