{"id":2,"date":"2022-05-24T11:26:59","date_gmt":"2022-05-24T09:26:59","guid":{"rendered":"https:\/\/blogs.urz.uni-halle.de\/studienleistungfust\/?page_id=2"},"modified":"2022-07-03T19:14:56","modified_gmt":"2022-07-03T17:14:56","slug":"beispiel-seite","status":"publish","type":"page","link":"https:\/\/blogs.urz.uni-halle.de\/studienleistungfust\/beispiel-seite\/","title":{"rendered":"Audiowalk"},"content":{"rendered":"<p>Wie sieht ein klassischer Arbeitstag f\u00fcr Tester*innen aus? Welche F\u00e4higkeiten brauche ich und was erwartet mich?<\/p>\n\n\n<figure class=\"wp-block-image size-large is-resized\"><img loading=\"lazy\" src=\"https:\/\/blogs.urz.uni-halle.de\/studienleistungfust\/files\/2022\/07\/92897e2c88674e932e11805630a1230a.png\" alt=\"\" class=\"wp-image-74\" width=\"111\" height=\"83\" srcset=\"https:\/\/blogs.urz.uni-halle.de\/studienleistungfust\/files\/2022\/07\/92897e2c88674e932e11805630a1230a.png 400w, https:\/\/blogs.urz.uni-halle.de\/studienleistungfust\/files\/2022\/07\/92897e2c88674e932e11805630a1230a-300x225.png 300w\" sizes=\"(max-width: 111px) 100vw, 111px\" \/><\/figure>\n\n\n\n<h2>All das kannst du hier h\u00f6ren!<\/h2>\n\n\n\n<figure class=\"wp-block-audio\"><audio controls src=\"https:\/\/blogs.urz.uni-halle.de\/studienleistungfust\/files\/2022\/07\/Die-Arbeit-im-Testzentrum_ZilanHisir-1.mp3\"><\/audio><\/figure>\n","protected":false},"excerpt":{"rendered":"<p>Wie sieht ein klassischer Arbeitstag f\u00fcr Tester*innen aus? Welche F\u00e4higkeiten brauche ich und was erwartet mich? All das kannst du hier h\u00f6ren!<\/p>\n","protected":false},"author":5468,"featured_media":0,"parent":0,"menu_order":0,"comment_status":"closed","ping_status":"open","template":"","meta":[],"_links":{"self":[{"href":"https:\/\/blogs.urz.uni-halle.de\/studienleistungfust\/wp-json\/wp\/v2\/pages\/2"}],"collection":[{"href":"https:\/\/blogs.urz.uni-halle.de\/studienleistungfust\/wp-json\/wp\/v2\/pages"}],"about":[{"href":"https:\/\/blogs.urz.uni-halle.de\/studienleistungfust\/wp-json\/wp\/v2\/types\/page"}],"author":[{"embeddable":true,"href":"https:\/\/blogs.urz.uni-halle.de\/studienleistungfust\/wp-json\/wp\/v2\/users\/5468"}],"replies":[{"embeddable":true,"href":"https:\/\/blogs.urz.uni-halle.de\/studienleistungfust\/wp-json\/wp\/v2\/comments?post=2"}],"version-history":[{"count":7,"href":"https:\/\/blogs.urz.uni-halle.de\/studienleistungfust\/wp-json\/wp\/v2\/pages\/2\/revisions"}],"predecessor-version":[{"id":79,"href":"https:\/\/blogs.urz.uni-halle.de\/studienleistungfust\/wp-json\/wp\/v2\/pages\/2\/revisions\/79"}],"wp:attachment":[{"href":"https:\/\/blogs.urz.uni-halle.de\/studienleistungfust\/wp-json\/wp\/v2\/media?parent=2"}],"curies":[{"name":"wp","href":"https:\/\/api.w.org\/{rel}","templated":true}]}}