{"id":2,"date":"2020-03-08T14:39:24","date_gmt":"2020-03-08T13:39:24","guid":{"rendered":"https:\/\/blogs.urz.uni-halle.de\/studiforumhalle2020\/?page_id=2"},"modified":"2021-05-05T17:31:35","modified_gmt":"2021-05-05T15:31:35","slug":"beispiel-seite","status":"publish","type":"page","link":"https:\/\/blogs.urz.uni-halle.de\/studiforumhalle2020\/beispiel-seite\/","title":{"rendered":"Workshops"},"content":{"rendered":"\n<p>Wir haben ein spannendes Programm f\u00fcr euch zusammengestellt!<\/p>\n\n\n\n<p><strong>Freitag, 07.05. Vormittag<\/strong><\/p>\n\n\n\n<p><strong>L\u00f6sen &#8211; aber WIE!&nbsp;Die Qualit\u00e4ten der Atempause nach dem Konzept Schlaffhorst-Andersen &#8211; Julia Werth und Sophia G\u00fcttler<\/strong>     <br>                                                                                                                                                           <br>Der Satz \u201cund jetzt l\u00f6sen!\u201d d\u00fcrfte euch bekannt vorkommen. Doch was passiert konkret im K\u00f6rper? Was steckt hinter dem Ph\u00e4nomen Atempause?&nbsp;L\u00f6sungsf\u00e4higkeit ist, wie ihr wisst, f\u00fcr einen langfristig \u00f6konomischen Einsatz der Stimme unabl\u00e4ssig. Gemeinsam werden wir uns den Prozess des L\u00f6sens bewusst machen, der ansonsten unbewusst abl\u00e4uft. Wir wollen mit euch die L\u00f6sungsqualit\u00e4ten der Atmung erfahrbar machen, \u00fcben und in das Sprechen kurzer Texte transferieren. Wir bieten euch die L\u00f6sung! zumindest nach dem Konzept Schlaffhorst-Andersen.<br>Bitte tragt f\u00fcr den Kurs bewegungsfreundliche Kleidung und habt eine Matte, eine Decke sowie einen Tennisball bereit.&nbsp;<br>Wir freuen uns auf Euch.    <br>Zeit: 10:00 &#8211; 12:30 Uhr<br><\/p>\n\n\n\n<p><strong>Konventionen der Standardaussprache &#8211; Uli Nebert<\/strong><br><br>Wo kommt der ganze Standard her? F\u00fcr die deutsche Aussprache gibt es verschiedene Standards. Aber worin unterscheiden sie sich? Und weshalb? Und folgen sie einer Tradition? In diesem Kurs gibt es eine \u00dcbersicht \u00fcber die verschiedene phonetische Konventionen der deutschen Standardaussprache (z. B. Halle &#8211; Jena &#8211; Frankfurt).<br>Kursvoraussetzung: Offenheit f\u00fcr verschiedene Ansichten<br>Kursbeschleuniger: Fragen mitbringen!<br>Kursziel: Einsicht in die Unterschiede der Transkriptionskonventionen<br>Zeit: ca. 9:00 &#8211; 11:00 Uhr<\/p>\n\n\n\n<p><strong>Freitag Nachmittag &#8211; 14:30 &#8211; 16:00 Uhr<\/strong><br><br><strong>DGSS &#8211; Was ist das eigentlich?<br>Mitgliedsversammlung und Vorstandswahlen<\/strong><br><br>Was genau Ist eigentlich die DGSS und was hab ich damit zu tun? Wir erz\u00e4hlen euch, was wir vom StudiVorstand in den letzten zwei Jahren f\u00fcr euch getan haben und welche Projekte wir f\u00fcr die Zukunft planen\u2026 bei der Mitgliedsversammlung k\u00f6nnt ihr uns mit all euren Fragen l\u00f6chern.<br>Und wenn ihr gerne eure eigenen Ideen mit einbringen wollt, um die Zukunft der DGSS und der Studienstandorte mit zu gestalten, k\u00f6nnt ihr euch zur Vorstandswahl aufstellen lassen! Freut euch auf spannende Gespr\u00e4che, eine hei\u00dfe Wahl und eine wilde Verlosung unter allen Anwesenden!<\/p>\n\n\n\n<p><\/p>\n\n\n\n<p><strong>Samstag, 08.05. Vormittag<\/strong><\/p>\n\n\n\n<p><strong>&#8222;OUT OF THE beatBOX&#8220; &#8211; Ole Zender<\/strong><br><br>Beatbox? Das ist mehr als nur Hip-Hop, Pi-zza-ka-tze und Pupsger\u00e4usche. Beatbox ist gesungener Rhythmus, pr\u00e4zise kontrollierte Artikulation und das Herausbewegen aus der eigenen stimmlichen Komfortzone. Klingt anstrengend, macht aber Spa\u00df. Beim Beatbox-Workshop mit Ole Zender geht es ums Ausprobieren was der Stimmapparat so kann wenn wir genau hinschauen, wie die Stimme zum Instrument wird und warum es ein Skandal ist, dass es bisher nur eine Arbeit in der Sprechwissenschaft zu diesem Thema gibt.<br>Zeit: 9:00 &#8211; 11:00 Uhr<\/p>\n\n\n\n<p><strong>Poetry Slam &#8211; Pascal Simon<\/strong><\/p>\n\n\n\n<p>Poetry Slam ist die eierlegende Wollmilchsau unter den B\u00fchnenformaten. Text und Vortrag bilden hierbei die Basis, aber Inhalt und Ausgestaltung sind sehr frei. Pascal Simon zieht mit seiner langj\u00e4hrigen B\u00fchnenerfahrung gerne Verbindungen zwischen der Kunst und dem Alltag. Im Workshop m\u00f6chte er nicht nur ermutigen mit eigenen Werken auf die B\u00fchne zu gehen, sondern auch vermitteln, wie man verschiedene F\u00e4higkeiten auf kreative Weise verbessern kann. Von E-Mails schreiben \u00fcber Pr\u00e4sentationen halten zu Komplimente machen und sich entschuldigen. Es geht immer darum, die richtigen Worte zu finden und den besten Weg, sie zu transportieren.<br>Zeit: 09:00 &#8211; 11:00 Uhr<\/p>\n\n\n\n<p><strong>Samstag, 08.05. Nachmittag<\/strong><\/p>\n\n\n\n<p><strong>Stimmdiagnostik im Praxisalltag &#8211; Stefanie Prochazka<\/strong><\/p>\n\n\n\n<p>Im Praxisalltag kommt es h\u00e4ufig vor, dass Patienten mit einer Dysphonie vorstellig werden und sich die bis dahin erfolgte Diagnostik durch den vermittelnden Arzt lediglich auf den Indikationsschl\u00fcssel und die Leitsymptomatik beschr\u00e4nkt. Eine aussagekr\u00e4ftige Diagnostik ist jedoch zum einen notwendig f\u00fcr die Erstellung individueller Therapieinhalte und -pl\u00e4ne, zum anderen erm\u00f6glicht sie es, anhand von Zwischendiagnostiken Fortschritte im Therapieverlauf sichtbar zu machen.<br>Auch wenn die apparativen Untersuchungsm\u00f6glichkeiten in den logop\u00e4dischen Praxen in der Regel nicht durchf\u00fchrbar sind, ist es dennoch m\u00f6glich, mit einfachen Mitteln die Stimmst\u00f6rung n\u00e4her zu diagnostizieren.\u00a0<br>In diesem Workshop befassen wir uns mit dem daf\u00fcr notwendigen Handwerk. Daf\u00fcr besch\u00e4ftigen wir uns kurz mit der Theorie zur MSSL (Indifferenzlage von Frauen, M\u00e4nnern und Kindern), zum RBH-System, zur s\/z-Ratio, zur MPD sowie mit den Parametern der gesunden Stimme. Anschlie\u00dfend gibt es eine praktische Einf\u00fchrung zum Intervalltraining und \u2013 darauf aufbauend \u2013 dem Bestimmen der MSSL. Erg\u00e4nzend \u00fcben wir das Bestimmen der MSSL mithilfe kostenloser Apps. Zuletzt besch\u00e4ftigen wir uns mit der Bestimmung des Tonh\u00f6henumfanges, wie bspw. der Notation absoluter Tonh\u00f6hen, dem Umgang mit unmusikalischen Menschen, usw&#8230;<br>Zeit: 15:30 &#8211; 17:00 Uhr<\/p>\n\n\n\n<p><strong>OUT OF THE beatBOX &#8211; Ole Zender<\/strong><br><br>siehe oben<br>Zeit: 14:00 &#8211; 16:00 Uhr<\/p>\n\n\n\n<p><\/p>\n","protected":false},"excerpt":{"rendered":"<p>Wir haben ein spannendes Programm f\u00fcr euch zusammengestellt! Freitag, 07.05. Vormittag L\u00f6sen &#8211; aber WIE!&nbsp;Die Qualit\u00e4ten der Atempause nach dem Konzept Schlaffhorst-Andersen &#8211; Julia Werth und Sophia G\u00fcttler Der Satz \u201cund jetzt l\u00f6sen!\u201d d\u00fcrfte euch bekannt vorkommen. Doch was passiert &hellip; <a href=\"https:\/\/blogs.urz.uni-halle.de\/studiforumhalle2020\/beispiel-seite\/\">Weiterlesen <span class=\"meta-nav\">&rarr;<\/span><\/a><\/p>\n","protected":false},"author":4463,"featured_media":0,"parent":0,"menu_order":0,"comment_status":"closed","ping_status":"open","template":"","meta":[],"_links":{"self":[{"href":"https:\/\/blogs.urz.uni-halle.de\/studiforumhalle2020\/wp-json\/wp\/v2\/pages\/2"}],"collection":[{"href":"https:\/\/blogs.urz.uni-halle.de\/studiforumhalle2020\/wp-json\/wp\/v2\/pages"}],"about":[{"href":"https:\/\/blogs.urz.uni-halle.de\/studiforumhalle2020\/wp-json\/wp\/v2\/types\/page"}],"author":[{"embeddable":true,"href":"https:\/\/blogs.urz.uni-halle.de\/studiforumhalle2020\/wp-json\/wp\/v2\/users\/4463"}],"replies":[{"embeddable":true,"href":"https:\/\/blogs.urz.uni-halle.de\/studiforumhalle2020\/wp-json\/wp\/v2\/comments?post=2"}],"version-history":[{"count":9,"href":"https:\/\/blogs.urz.uni-halle.de\/studiforumhalle2020\/wp-json\/wp\/v2\/pages\/2\/revisions"}],"predecessor-version":[{"id":128,"href":"https:\/\/blogs.urz.uni-halle.de\/studiforumhalle2020\/wp-json\/wp\/v2\/pages\/2\/revisions\/128"}],"wp:attachment":[{"href":"https:\/\/blogs.urz.uni-halle.de\/studiforumhalle2020\/wp-json\/wp\/v2\/media?parent=2"}],"curies":[{"name":"wp","href":"https:\/\/api.w.org\/{rel}","templated":true}]}}