{"id":153,"date":"2020-03-01T17:01:28","date_gmt":"2020-03-01T16:01:28","guid":{"rendered":"https:\/\/blogs.urz.uni-halle.de\/surprise\/?page_id=153"},"modified":"2020-03-02T15:12:32","modified_gmt":"2020-03-02T14:12:32","slug":"meine-erfahrungen","status":"publish","type":"page","link":"https:\/\/blogs.urz.uni-halle.de\/surprise\/meine-erfahrungen\/","title":{"rendered":"Meine Erfahrungen"},"content":{"rendered":"\n<div class=\"wp-block-group alignwide\"><div class=\"wp-block-group__inner-container\">\n<h2>Bordeaux \u2013 Mein Auslandssemester am Atlantik <img loading=\"lazy\" width=\"1218\" height=\"705\" class=\"wp-image-110\" style=\"width: 45px\" src=\"https:\/\/blogs.urz.uni-halle.de\/surprise\/files\/2020\/02\/Deutschlandflagge.jpg\" alt=\"\" srcset=\"https:\/\/blogs.urz.uni-halle.de\/surprise\/files\/2020\/02\/Deutschlandflagge.jpg 1218w, https:\/\/blogs.urz.uni-halle.de\/surprise\/files\/2020\/02\/Deutschlandflagge-300x174.jpg 300w, https:\/\/blogs.urz.uni-halle.de\/surprise\/files\/2020\/02\/Deutschlandflagge-1024x593.jpg 1024w, https:\/\/blogs.urz.uni-halle.de\/surprise\/files\/2020\/02\/Deutschlandflagge-768x445.jpg 768w\" sizes=\"(max-width: 1218px) 100vw, 1218px\" \/><\/h2>\n\n\n\n<div class=\"wp-block-media-text alignwide\"><figure class=\"wp-block-media-text__media\"><img loading=\"lazy\" width=\"1024\" height=\"512\" src=\"https:\/\/blogs.urz.uni-halle.de\/surprise\/files\/2020\/03\/Bordeaux2-1-1024x512.jpg\" alt=\"\" class=\"wp-image-246\" srcset=\"https:\/\/blogs.urz.uni-halle.de\/surprise\/files\/2020\/03\/Bordeaux2-1-1024x512.jpg 1024w, https:\/\/blogs.urz.uni-halle.de\/surprise\/files\/2020\/03\/Bordeaux2-1-300x150.jpg 300w, https:\/\/blogs.urz.uni-halle.de\/surprise\/files\/2020\/03\/Bordeaux2-1-768x384.jpg 768w, https:\/\/blogs.urz.uni-halle.de\/surprise\/files\/2020\/03\/Bordeaux2-1.jpg 1472w\" sizes=\"(max-width: 1024px) 100vw, 1024px\" \/><\/figure><div class=\"wp-block-media-text__content\">\n<p style=\"font-size:18px\"> Ihr habt Euch sicher schon gewundert, WO es denn nun f\u00fcr mich hin ging.<br>Die ANTWORT: Bordeaux, Frankreich an die <strong><a rel=\"noreferrer noopener\" href=\"https:\/\/www.u-bordeaux-montaigne.fr\/fr\/index.html\" target=\"_blank\">Universit\u00e9 Bordeaux Montaigne<\/a><\/strong>.   <\/p>\n<\/div><\/div>\n\n\n\n<h3>Wie alles begann?<\/h3>\n\n\n\n<p>Die Semesterzeiten in Frankreich sind ein wenig anders als in Deutschland an den Universit\u00e4ten. Das Wintersemester beginnt im September und endet zu Weihnachten und das Sommersemester beginnt dann im neuen Jahr und endet im Mai.<br>Angereist bin ich also \u2013 mitten w\u00e4hrend meines Wintersemesters in Deutschland \u2013 schon im Januar. Bordeaux ist sowohl mit dem Zug als auch mit dem Flugzeug gut zu erreichen. Ich hab mich f\u00fcr den Zug entschieden (ein wenig einfacher, wenn man viel Gep\u00e4ck hat und nicht gerade \u201enur\u201c 23 kg mitnehmen m\u00f6chte \u2013 f\u00fcr ein halbes Jahr, wohlgemerkt).<br><br>Nach Ankunft, Willkommenstreffen und Kurswahl, bei der man schon die ein oder anderen Kommilitonen kennenlernte, konnte das Abenteuer <em><strong>Auslandssemester <\/strong><\/em>beginnen.<br><br>Falls Ihr ein wenig neugierig geworden seid, dann hier eine kleine Zusammenfassung mit den wichtigsten Facts und Insidern<\/p>\n\n\n\n<h3>Bordeaux als Studentenstadt<\/h3>\n\n\n\n<p>Ich bin bisher seit zwei Monaten hier und ich kann sagen \u2013 abgesehen von der Streikkultur Frankreichs \u2013 ist Bordeaux eine wundersch\u00f6ne Studentenstadt! <\/p>\n\n\n\n<h4>Universit\u00e9 Bordeaux Montaigne \u2013 Bordeaux III <\/h4>\n\n\n\n<p style=\"color:#4f4f4f;font-size:17px\" class=\"has-text-color has-background has-very-light-gray-background-color\">Ich studiere in der &#8218;Licence&#8216; (dt. Bachelor-Programm) <strong><a rel=\"noreferrer noopener\" aria-label=\"Sciences de l'information et de la communication (\u00f6ffnet in neuem Tab)\" href=\"https:\/\/www.u-bordeaux-montaigne.fr\/fr\/formations\/offre-de-formation-2016-2020\/licence-XA\/information-communication-et-mediation-des-sciences-SCINFO.9\/licence-sciences-de-l-information-et-de-la-communication-LSI16_317.html\" target=\"_blank\">Sciences de l&#8217;information et de la communication<\/a><\/strong>, also Kommunikationswissenschaften und kann euch sagen, es l\u00e4uft auf jeden Fall anders als in Deutschland.<br><br>Es gibt Vorlesungen, die so genannten CMs (Cours Magistral) und eine Mischung aus Seminar, \u00dcbung und Tutorium \u2013 niemand wei\u00df die so richtig einzuordnen \u2013 die TDs (Travaux Dirig\u00e9s). Pro Kurs hat man also meist ein CM und ein zugeh\u00f6riges TD.<br>Die finden aber nicht einfach jede Woche und auch nicht immer zum gleichen Zeitpunkt statt. Ich schau mir also jedes Wochenende meinen Stundenplan f\u00fcr die n\u00e4chste Woche an und es kann auch mal vorkommen, dass man die kommende Woche gar keine Kurse hat.<br><br>Diese Wochen kann man nat\u00fcrlich auch im Voraus ausmachen und dann einfach zum Reisen nutzen.<\/p>\n\n\n\n<h4>\u00d6ffentliche Verkehrsmittel<\/h4>\n\n\n\n<p style=\"color:#4f4f4f;font-size:17px\" class=\"has-text-color has-background has-very-light-gray-background-color\">Die \u00d6ffentlichen Verkehrsmittel, die sogenannten <strong><a href=\"https:\/\/www.infotbm.com\/fr\" target=\"_blank\" rel=\"noreferrer noopener\" aria-label=\"TBM (\u00f6ffnet in neuem Tab)\">TBM<\/a><\/strong> \u201eTransport Bordeaux M\u00e9tropole\u201c, sind ziemlich gut ausgebaut und im Vergleich zu Deutschland kostet hier eine Fahrt gerade mal 1,70\u20ac.<br>Ich hab eine Studenten-Monatskarte f\u00fcr knapp 30 \u20ac\/Monat und kann damit nicht nur Bus und Tram, sondern auch Boote fahren.<br><br>Bordeaux liegt an der Garonne, die mitten durch das Stadtzentrum flie\u00dft, sodass die Stadt den Fluss einfach auch ans \u00f6ffentliche Verkehrsnetz angebunden hat und Boote, genauso wie Bahnen und Busse zur Verf\u00fcgung stellt.<\/p>\n\n\n\n<h4>Sprache <img loading=\"lazy\" width=\"1101\" height=\"728\" class=\"wp-image-142\" style=\"width: 25px\" src=\"https:\/\/blogs.urz.uni-halle.de\/surprise\/files\/2020\/03\/FrankreichFlagge.jpg\" alt=\"\" srcset=\"https:\/\/blogs.urz.uni-halle.de\/surprise\/files\/2020\/03\/FrankreichFlagge.jpg 1101w, https:\/\/blogs.urz.uni-halle.de\/surprise\/files\/2020\/03\/FrankreichFlagge-300x198.jpg 300w, https:\/\/blogs.urz.uni-halle.de\/surprise\/files\/2020\/03\/FrankreichFlagge-1024x677.jpg 1024w, https:\/\/blogs.urz.uni-halle.de\/surprise\/files\/2020\/03\/FrankreichFlagge-768x508.jpg 768w\" sizes=\"(max-width: 1101px) 100vw, 1101px\" \/><\/h4>\n\n\n\n<p style=\"color:#4f4f4f;font-size:17px\" class=\"has-text-color has-background has-very-light-gray-background-color\">Bordeaux ist zwar eine Gro\u00dfstadt, aber wir befinden uns immer noch in Frankreich und leider trifft das Klischee zu. Franzosen sprechen Franz\u00f6sisch und NUR Franz\u00f6sisch&#8230;<br>Das soll gar nicht hei\u00dfen, dass sie nicht versuchen w\u00fcrden dir auf Englisch zu erkl\u00e4ren, wo es hingeht, aber selbst im International Office (Ansprechpartner f\u00fcr die Internationalen Studenten) sind die Englischkenntnisse eher schlecht als recht, sodass auch beim Versuch eher wenig verstanden werden kann.<br><br>Wenn du also in Frankreich studieren m\u00f6chtest, w\u00e4re es super, wenn du wenigstens ein paar Brocken Franz\u00f6sisch verstehst.<\/p>\n\n\n\n<h4>Reisen<\/h4>\n\n\n\n<p style=\"color:#4f4f4f;font-size:17px\" class=\"has-text-color has-background has-very-light-gray-background-color\">Bordeaux liegt circa 30 km vor der atlantischen K\u00fcste Frankreichs, ein spontaner Ausflug an den Strand(zum Beispiel nach Archachon) ist also immer m\u00f6glich!<br><br>Durch die s\u00fcdwestliche Lage im Land ist auch die spanische Grenze gerade einmal drei Stunden Busfahrt entfernt. Am Wochenende kann man also gut eben mal nach <strong><em>San S\u00e9bastian<\/em><\/strong> oder <strong><em>Bilbao<\/em><\/strong> fahren.<br>ACHTUNG: <img loading=\"lazy\" width=\"1098\" height=\"724\" class=\"wp-image-135\" style=\"width: 20px\" src=\"https:\/\/blogs.urz.uni-halle.de\/surprise\/files\/2020\/03\/SpanienFlagge.jpg\" alt=\"\" srcset=\"https:\/\/blogs.urz.uni-halle.de\/surprise\/files\/2020\/03\/SpanienFlagge.jpg 1098w, https:\/\/blogs.urz.uni-halle.de\/surprise\/files\/2020\/03\/SpanienFlagge-300x198.jpg 300w, https:\/\/blogs.urz.uni-halle.de\/surprise\/files\/2020\/03\/SpanienFlagge-1024x675.jpg 1024w, https:\/\/blogs.urz.uni-halle.de\/surprise\/files\/2020\/03\/SpanienFlagge-768x506.jpg 768w\" sizes=\"(max-width: 1098px) 100vw, 1098px\" \/> Spanisch &#8211; andere Sprache<br><br>Wenn man lieber im franz\u00f6sischen Grenzgebiet bleiben m\u00f6chte, liegen folgende St\u00e4dte nicht mehr als drei Stunden Busfahrt entfernt:<br>* Toulouse<br>* La Rochelle<br>* Biarritz<br>* Nantes<br>* Bayonne<br><br>Vielleicht wundert Ihr Euch auch, warum ich die ganze Zeit von Busfahrten rede?<br>Hier in Frankreich kann man gut und g\u00fcnstig mit <em><strong><a rel=\"noreferrer noopener\" aria-label=\"Flixbus (\u00f6ffnet in neuem Tab)\" href=\"https:\/\/global.flixbus.com\/\" target=\"_blank\">Flixbus<\/a><\/strong><\/em> oder <em><strong><a rel=\"noreferrer noopener\" aria-label=\"BlaBlaBus (\u00f6ffnet in neuem Tab)\" href=\"https:\/\/de.blablabus.com\/\" target=\"_blank\">BlaBlaBus<\/a><\/strong><\/em> (Franz\u00f6sische Version von Flixbus) \u00fcberall hinkommen. Zug fahren ist meist eher teuer&#8230;<\/p>\n<\/div><\/div>\n\n\n\n<hr class=\"wp-block-separator has-text-color has-background has-very-light-gray-background-color has-very-light-gray-color is-style-wide\" \/>\n\n\n\n<h2>Bordeaux &#8211; My Semester abroad at the Atlantic Sea <img loading=\"lazy\" width=\"1340\" height=\"862\" class=\"wp-image-109\" style=\"width: 45px\" src=\"https:\/\/blogs.urz.uni-halle.de\/surprise\/files\/2020\/02\/USAFlagge.jpg\" alt=\"\" srcset=\"https:\/\/blogs.urz.uni-halle.de\/surprise\/files\/2020\/02\/USAFlagge.jpg 1340w, https:\/\/blogs.urz.uni-halle.de\/surprise\/files\/2020\/02\/USAFlagge-300x193.jpg 300w, https:\/\/blogs.urz.uni-halle.de\/surprise\/files\/2020\/02\/USAFlagge-1024x659.jpg 1024w, https:\/\/blogs.urz.uni-halle.de\/surprise\/files\/2020\/02\/USAFlagge-768x494.jpg 768w\" sizes=\"(max-width: 1340px) 100vw, 1340px\" \/><\/h2>\n\n\n\n<div class=\"wp-block-media-text alignwide\"><figure class=\"wp-block-media-text__media\"><img loading=\"lazy\" width=\"1024\" height=\"512\" src=\"https:\/\/blogs.urz.uni-halle.de\/surprise\/files\/2020\/03\/Bordeaux2-1-1024x512.jpg\" alt=\"\" class=\"wp-image-246\" srcset=\"https:\/\/blogs.urz.uni-halle.de\/surprise\/files\/2020\/03\/Bordeaux2-1-1024x512.jpg 1024w, https:\/\/blogs.urz.uni-halle.de\/surprise\/files\/2020\/03\/Bordeaux2-1-300x150.jpg 300w, https:\/\/blogs.urz.uni-halle.de\/surprise\/files\/2020\/03\/Bordeaux2-1-768x384.jpg 768w, https:\/\/blogs.urz.uni-halle.de\/surprise\/files\/2020\/03\/Bordeaux2-1.jpg 1472w\" sizes=\"(max-width: 1024px) 100vw, 1024px\" \/><\/figure><div class=\"wp-block-media-text__content\">\n<p style=\"font-size:18px\">In case you have been wondering, WHERE my semester abroad brought me.<br>The answer: Bordeaux, France at the <strong><a rel=\"noreferrer noopener\" href=\"https:\/\/www.u-bordeaux-montaigne.fr\/fr\/index.html\" target=\"_blank\">Universit\u00e9 Bordeaux Montaigne<\/a><\/strong>.   <\/p>\n<\/div><\/div>\n\n\n\n<h3>How it all began?<\/h3>\n\n\n\n<p>The semesters in France are a little different in comparison to german universities. The winter semester starts in September and ends at Christmas and the summer semester starts after new year and ends in May.<br>So I arrived in January &#8211; in the middle of my winter semester in Germany. Bordeaux is easy to reach, both by train and by plane. I chose the train (a little easier if you have a lot of luggage and don&#8217;t want to take &#8218;only&#8216; 23 kg with you &#8211; keep in mind, it&#8217;s half a year).<br><br>After my arrival, the welcome meeting and my course selection, where you already get to know some fellow students, my adventure the <strong><em>semester   abroad<\/em><\/strong> was about to begin.<br><br>If you got a little curious, then here is a small summary with the most important facts and insiders.<\/p>\n\n\n\n<h3>Bordeaux as a student city<\/h3>\n\n\n\n<p>I&#8217;ve been in Boredaux for about two months so far and I can say &#8211; apart from the strike culture of France &#8211; Bordeaux is a wonderful student city! <\/p>\n\n\n\n<h4>Universit\u00e9 Bordeaux Montaigne \u2013 Bordeaux III <\/h4>\n\n\n\n<p style=\"color:#4f4f4f;font-size:17px\" class=\"has-text-color has-background has-very-light-gray-background-color\">I study the &#8218;Licence&#8216; (egl. bachelor-degree-program) <strong><a rel=\"noreferrer noopener\" aria-label=\"Sciences de l'information et de la communication (\u00f6ffnet in neuem Tab)\" href=\"https:\/\/www.u-bordeaux-montaigne.fr\/fr\/formations\/offre-de-formation-2016-2020\/licence-XA\/information-communication-et-mediation-des-sciences-SCINFO.9\/licence-sciences-de-l-information-et-de-la-communication-LSI16_317.html\" target=\"_blank\">Sciences de l&#8217;information et de la communication<\/a><\/strong>,  so basically communication sciences and can tell you, it definitely works differently than in Germany.<br><br>There are lectures, the so-called CMs (Cours Magistral) and a mixture of seminar, exercise and tutorial &#8211; nobody knows how to classify them properly &#8211; the TDs (Travaux Dirig\u00e9s). So for each course you usually have a CM and an associated TD.<br>But they don&#8217;t just take place every week and not even at the same time. So every weekend I check my timetable for the next week and it might also happen that you have no courses at all the following week.<br><br>These weeks can of course also be looked up an checked in advance and then simply used for traveling. <\/p>\n\n\n\n<h4>Public Transport<\/h4>\n\n\n\n<p style=\"color:#4f4f4f;font-size:17px\" class=\"has-text-color has-background has-very-light-gray-background-color\">Public transport, the so-called <strong><a rel=\"noreferrer noopener\" aria-label=\"TBM (\u00f6ffnet in neuem Tab)\" href=\"https:\/\/www.infotbm.com\/fr\" target=\"_blank\">TBM<\/a><\/strong> \u201eTransport Bordeaux M\u00e9tropole\u201c, is fairly well developed and compared to Germany, a trip costs only \u20ac 1.70.<br>I have a monthly ticket for students which cost around 30\u20ac\/month and not only can you use it to take the buses or trams but also boats.<br><br>Bordeaux lies on the river Garonne which goes right through the city center so the city is simply using the river as public transport and provides boats, as well as trams and buses. <\/p>\n\n\n\n<h4>Language <img loading=\"lazy\" width=\"1101\" height=\"728\" class=\"wp-image-142\" style=\"width: 25px\" src=\"https:\/\/blogs.urz.uni-halle.de\/surprise\/files\/2020\/03\/FrankreichFlagge.jpg\" alt=\"\" srcset=\"https:\/\/blogs.urz.uni-halle.de\/surprise\/files\/2020\/03\/FrankreichFlagge.jpg 1101w, https:\/\/blogs.urz.uni-halle.de\/surprise\/files\/2020\/03\/FrankreichFlagge-300x198.jpg 300w, https:\/\/blogs.urz.uni-halle.de\/surprise\/files\/2020\/03\/FrankreichFlagge-1024x677.jpg 1024w, https:\/\/blogs.urz.uni-halle.de\/surprise\/files\/2020\/03\/FrankreichFlagge-768x508.jpg 768w\" sizes=\"(max-width: 1101px) 100vw, 1101px\" \/><\/h4>\n\n\n\n<p style=\"color:#4f4f4f;font-size:17px\" class=\"has-text-color has-background has-very-light-gray-background-color\">Although Bordeaux is a  metropolitan city, we are still in France and unfortunately the clich\u00e9 is true: French speak French and mostly ONLY French&#8230; <br>It is not that they would not try to explain to you in English where to go or whatever you asking them for but even in the International Office (contact for the international students) the English skills are rather bad than enough. So even when they are trying, it is only little that can be understood.<br><br>So if you want to study in France, it would be helpful if you are at least able to speak a little French. <\/p>\n\n\n\n<h4>Travel<\/h4>\n\n\n\n<p style=\"color:#4f4f4f;font-size:17px\" class=\"has-text-color has-background has-very-light-gray-background-color\">Bordeaux is about 30 km far from the Atlantic cost of France so a spontaeneous trip to the beach (e.g. Archachon) is always possible!<br><br>Due to the south-western location in the country, the spanish border is just three hours away by bus. On the weekends, you can easily go to <strong><em>San S\u00e9bastian<\/em><\/strong> or <strong><em>Bilbao<\/em><\/strong>.<br>ATTENTION: <img loading=\"lazy\" width=\"1098\" height=\"724\" class=\"wp-image-135\" style=\"width: 20px\" src=\"https:\/\/blogs.urz.uni-halle.de\/surprise\/files\/2020\/03\/SpanienFlagge.jpg\" alt=\"\" srcset=\"https:\/\/blogs.urz.uni-halle.de\/surprise\/files\/2020\/03\/SpanienFlagge.jpg 1098w, https:\/\/blogs.urz.uni-halle.de\/surprise\/files\/2020\/03\/SpanienFlagge-300x198.jpg 300w, https:\/\/blogs.urz.uni-halle.de\/surprise\/files\/2020\/03\/SpanienFlagge-1024x675.jpg 1024w, https:\/\/blogs.urz.uni-halle.de\/surprise\/files\/2020\/03\/SpanienFlagge-768x506.jpg 768w\" sizes=\"(max-width: 1098px) 100vw, 1098px\" \/> Spanish &#8211; differnt language<br><br>If you prefer to explore the french territories, the following cities are no more than a three hour bus drive away: <br>* Toulouse<br>* La Rochelle<br>* Biarritz<br>* Nantes<br>* Bayonne<br><br>In case you are wondering why I&#8217;m recommending bus driving? In France it is easy and mostly cheaper to travel by bus like <em><strong><a rel=\"noreferrer noopener\" aria-label=\"Flixbus (\u00f6ffnet in neuem Tab)\" href=\"https:\/\/global.flixbus.com\/\" target=\"_blank\">Flixbus<\/a><\/strong><\/em> or <em><strong><a rel=\"noreferrer noopener\" aria-label=\"BlaBlaBus (\u00f6ffnet in neuem Tab)\" href=\"https:\/\/de.blablabus.com\/\" target=\"_blank\">BlaBlaBus<\/a><\/strong><\/em> (french version of Flixbus) than by train&#8230;<\/p>\n","protected":false},"excerpt":{"rendered":"<p>Bordeaux &#8211; My Semester abroad at the Atlantic Sea In case you have been wondering, WHERE my semester abroad brought me.The answer: Bordeaux, France at the Universit\u00e9 Bordeaux Montaigne. How it all began? The semesters in France are a little different in comparison to german universities. The winter semester starts in September and ends at&#8230;<\/p>\n","protected":false},"author":4138,"featured_media":171,"parent":0,"menu_order":0,"comment_status":"open","ping_status":"closed","template":"","meta":[],"_links":{"self":[{"href":"https:\/\/blogs.urz.uni-halle.de\/surprise\/wp-json\/wp\/v2\/pages\/153"}],"collection":[{"href":"https:\/\/blogs.urz.uni-halle.de\/surprise\/wp-json\/wp\/v2\/pages"}],"about":[{"href":"https:\/\/blogs.urz.uni-halle.de\/surprise\/wp-json\/wp\/v2\/types\/page"}],"author":[{"embeddable":true,"href":"https:\/\/blogs.urz.uni-halle.de\/surprise\/wp-json\/wp\/v2\/users\/4138"}],"replies":[{"embeddable":true,"href":"https:\/\/blogs.urz.uni-halle.de\/surprise\/wp-json\/wp\/v2\/comments?post=153"}],"version-history":[{"count":10,"href":"https:\/\/blogs.urz.uni-halle.de\/surprise\/wp-json\/wp\/v2\/pages\/153\/revisions"}],"predecessor-version":[{"id":259,"href":"https:\/\/blogs.urz.uni-halle.de\/surprise\/wp-json\/wp\/v2\/pages\/153\/revisions\/259"}],"wp:featuredmedia":[{"embeddable":true,"href":"https:\/\/blogs.urz.uni-halle.de\/surprise\/wp-json\/wp\/v2\/media\/171"}],"wp:attachment":[{"href":"https:\/\/blogs.urz.uni-halle.de\/surprise\/wp-json\/wp\/v2\/media?parent=153"}],"curies":[{"name":"wp","href":"https:\/\/api.w.org\/{rel}","templated":true}]}}