{"id":118,"date":"2024-10-14T17:04:53","date_gmt":"2024-10-14T15:04:53","guid":{"rendered":"https:\/\/blogs.urz.uni-halle.de\/tanzsportprojekt\/?page_id=118"},"modified":"2024-10-14T17:17:57","modified_gmt":"2024-10-14T15:17:57","slug":"making-of","status":"publish","type":"page","link":"https:\/\/blogs.urz.uni-halle.de\/tanzsportprojekt\/making-of\/","title":{"rendered":"Making-of"},"content":{"rendered":"\n<p>F\u00fcr unser Videoprojekt &#8222;Zwischen Stress und Strass \u2013 Die Sonnen- und Schattenseiten des Tanzsports&#8220; starteten wir mit zwei Kameras im Trainingssaal des TC Rot-Wei\u00df Leipzig. W\u00e4hrend Cedrik und Luana flei\u00dfig trainierten, nutzten wir die Gelegenheit, viele verschiedene Shots aus unterschiedlichen Perspektiven aufzunehmen. Unser Team, bestehend aus Anna, Celine und Luana, reiste teils mit einem vollgepackten Auto und teils mit dem Zug nach Hessen, wo das gro\u00dfe Turnier &#8222;Hessen Tanzt&#8220; in der Frankfurter Eissporthalle stattfinden sollte.  <\/p>\n\n\n\n<div class=\"wp-block-image\"><figure class=\"alignright size-large is-resized\"><img loading=\"lazy\" src=\"https:\/\/blogs.urz.uni-halle.de\/tanzsportprojekt\/files\/2024\/10\/WhatsApp-Image-2024-10-14-at-17.08.20-2-edited.jpeg\" alt=\"\" class=\"wp-image-135\" width=\"219\" height=\"292\" srcset=\"https:\/\/blogs.urz.uni-halle.de\/tanzsportprojekt\/files\/2024\/10\/WhatsApp-Image-2024-10-14-at-17.08.20-2-edited.jpeg 900w, https:\/\/blogs.urz.uni-halle.de\/tanzsportprojekt\/files\/2024\/10\/WhatsApp-Image-2024-10-14-at-17.08.20-2-edited-225x300.jpeg 225w, https:\/\/blogs.urz.uni-halle.de\/tanzsportprojekt\/files\/2024\/10\/WhatsApp-Image-2024-10-14-at-17.08.20-2-edited-767x1024.jpeg 767w, https:\/\/blogs.urz.uni-halle.de\/tanzsportprojekt\/files\/2024\/10\/WhatsApp-Image-2024-10-14-at-17.08.20-2-edited-768x1026.jpeg 768w\" sizes=\"(max-width: 219px) 100vw, 219px\" \/><\/figure><\/div>\n\n\n\n<p>Vor Ort konnten wir noch Aufnahmen von der Generalprobe, der letzten Practice vor dem Turnierwochenende, einfangen und dabei das Lichtsetting und die Atmosph\u00e4re des Veranstaltungsorts begutachten. Dank Luanas engen Kontakten zum Hessischen Tanzsportverband (HTV) hatten wir nahezu unbegrenzte M\u00f6glichkeiten, \u00fcberall mitzufilmen \u2013 sogar auf der Tanzfl\u00e4che w\u00e4hrend des Turniers.<\/p>\n\n\n\n<p>Der erste Turniertag begann fr\u00fch am Freitagmorgen. Wir nutzten die Gelegenheit, um die ersten Aufnahmen vom Styling zu machen, w\u00e4hrend Luana 1,5 Stunden beim Tanzsportstyling-Team BeautyCodeStudio verbrachte. W\u00e4hrend sie sich umzog, aufw\u00e4rmte und mental auf den Wettkampf vorbereitete, gingen Celine und Anna los, um Interviews mit den Turnierbesuchern zu f\u00fchren \u2013 egal, ob T\u00e4nzer:innen, Begleiter:innen oder Funktion\u00e4re.<\/p>\n\n\n\n<div class=\"wp-block-image\"><figure class=\"aligncenter size-large is-resized\"><img loading=\"lazy\" src=\"https:\/\/blogs.urz.uni-halle.de\/tanzsportprojekt\/files\/2024\/10\/WhatsApp-Image-2024-10-14-at-17.02.16-2-1024x576.jpeg\" alt=\"\" class=\"wp-image-131\" width=\"386\" height=\"217\" srcset=\"https:\/\/blogs.urz.uni-halle.de\/tanzsportprojekt\/files\/2024\/10\/WhatsApp-Image-2024-10-14-at-17.02.16-2-1024x576.jpeg 1024w, https:\/\/blogs.urz.uni-halle.de\/tanzsportprojekt\/files\/2024\/10\/WhatsApp-Image-2024-10-14-at-17.02.16-2-300x169.jpeg 300w, https:\/\/blogs.urz.uni-halle.de\/tanzsportprojekt\/files\/2024\/10\/WhatsApp-Image-2024-10-14-at-17.02.16-2-768x432.jpeg 768w, https:\/\/blogs.urz.uni-halle.de\/tanzsportprojekt\/files\/2024\/10\/WhatsApp-Image-2024-10-14-at-17.02.16-2-1536x864.jpeg 1536w, https:\/\/blogs.urz.uni-halle.de\/tanzsportprojekt\/files\/2024\/10\/WhatsApp-Image-2024-10-14-at-17.02.16-2-2048x1152.jpeg 2048w, https:\/\/blogs.urz.uni-halle.de\/tanzsportprojekt\/files\/2024\/10\/WhatsApp-Image-2024-10-14-at-17.02.16-2-1920x1080.jpeg 1920w\" sizes=\"(max-width: 386px) 100vw, 386px\" \/><\/figure><\/div>\n\n\n\n<p>Als das Turnier dann begann, arbeiteten wir mit einer Handkamera und einer station\u00e4ren Kamera, um das lebhafte Geschehen festzuhalten. Nach dem Turnier sammelten wir noch weiter Material \u2013 sowohl Audio- als auch Videoaufnahmen \u2013, um in der Postproduktion aus den Vollen sch\u00f6pfen zu k\u00f6nnen. Abends kehrten wir ins Haus von Luanas Eltern zur\u00fcck, das nur 15 Minuten vom Austragungsort entfernt liegt. Dort arbeiteten wir an einer Pr\u00e4sentation f\u00fcr ein Seminar und \u00fcbertrugen nebenbei die gesammelten Daten. So verliefen auch die n\u00e4chsten Tage, bis wir am Sonntag nach dem Turnier gemeinsam nach Leipzig und von dort aus nach Halle, Merseburg und Markkleeberg zur\u00fcckkehrten.<\/p>\n\n\n\n<div class=\"wp-block-image\"><figure class=\"alignleft size-large is-resized\"><img loading=\"lazy\" src=\"https:\/\/blogs.urz.uni-halle.de\/tanzsportprojekt\/files\/2024\/10\/WhatsApp-Image-2024-10-14-at-17.05.46-2-812x1024.jpeg\" alt=\"\" class=\"wp-image-132\" width=\"278\" height=\"351\" srcset=\"https:\/\/blogs.urz.uni-halle.de\/tanzsportprojekt\/files\/2024\/10\/WhatsApp-Image-2024-10-14-at-17.05.46-2-812x1024.jpeg 812w, https:\/\/blogs.urz.uni-halle.de\/tanzsportprojekt\/files\/2024\/10\/WhatsApp-Image-2024-10-14-at-17.05.46-2-238x300.jpeg 238w, https:\/\/blogs.urz.uni-halle.de\/tanzsportprojekt\/files\/2024\/10\/WhatsApp-Image-2024-10-14-at-17.05.46-2-768x969.jpeg 768w, https:\/\/blogs.urz.uni-halle.de\/tanzsportprojekt\/files\/2024\/10\/WhatsApp-Image-2024-10-14-at-17.05.46-2.jpeg 1080w\" sizes=\"(max-width: 278px) 100vw, 278px\" \/><\/figure><\/div>\n\n\n\n<p>Nach der Produktionspause ging es in die Postproduktion, die vor allem eins bedeutete: aussortieren. Bei der Menge an Material \u2013 drei volle Turniertage, Trainings- und Alltagsaufnahmen \u2013 war es eine Herausforderung, die besten Szenen auszuw\u00e4hlen. Luana und Anna machten sich schlie\u00dflich an den Schnitt des Videos. Leider stellte sich heraus, dass viele der bei &#8222;Hessen Tanzt&#8220; aufgenommenen Audios aufgrund des starken Halls in der Eissporthalle nicht brauchbar waren. Doch Luana lie\u00df sich nicht entmutigen und nutzte jedes Trainingslager und Turnier, um zus\u00e4tzliches Audiomaterial zu sammeln.<\/p>\n\n\n\n<p>Ein besonderes Highlight war die Weltmeisterschaft im Standardtanzen der WDSF, die Anfang Oktober in Leipzig stattfand. Luana ergatterte Tickets, und so stammt das verwendete Turnier-Atmosph\u00e4ren-Audio direkt von der WM. Becca f\u00fcgte dieses flei\u00dfig nach und nach in das Audioprojekt ein, bis das volle Potential ausgesch\u00f6pft war.<\/p>\n\n\n\n<p><em>Produktionsteam und Ressourcen:<\/em><\/p>\n\n\n\n<ul><li>Trainingsort: TC Rot-Wei\u00df Leipzig<\/li><li>Turnierort: Hessen Tanzt, Eissporthalle Frankfurt<\/li><li>Styling: BeautyCodeStudio<\/li><li>Kost\u00fcm: Joanace Design<\/li><li>Musik: &#8222;Survivor&#8220; &#8211; 2WEI<\/li><li>Video-Editing\/Schnitt: Anna und Luana<\/li><li>Kamera: Anna und Celine<\/li><li>Audio-Schnitt: Becca<\/li><\/ul>\n","protected":false},"excerpt":{"rendered":"<div class=\"entry-summary\">\nF\u00fcr unser Videoprojekt &#8222;Zwischen Stress und Strass \u2013 Die Sonnen- und Schattenseiten des Tanzsports&#8220; starteten wir mit zwei Kameras im&hellip;\n<\/div>\n<div class=\"link-more\"><a href=\"https:\/\/blogs.urz.uni-halle.de\/tanzsportprojekt\/making-of\/\" class=\"more-link\">Continue reading<span class=\"screen-reader-text\"> &ldquo;Making-of&rdquo;<\/span>&hellip;<\/a><\/div>\n","protected":false},"author":6119,"featured_media":0,"parent":0,"menu_order":0,"comment_status":"closed","ping_status":"closed","template":"","meta":[],"_links":{"self":[{"href":"https:\/\/blogs.urz.uni-halle.de\/tanzsportprojekt\/wp-json\/wp\/v2\/pages\/118"}],"collection":[{"href":"https:\/\/blogs.urz.uni-halle.de\/tanzsportprojekt\/wp-json\/wp\/v2\/pages"}],"about":[{"href":"https:\/\/blogs.urz.uni-halle.de\/tanzsportprojekt\/wp-json\/wp\/v2\/types\/page"}],"author":[{"embeddable":true,"href":"https:\/\/blogs.urz.uni-halle.de\/tanzsportprojekt\/wp-json\/wp\/v2\/users\/6119"}],"replies":[{"embeddable":true,"href":"https:\/\/blogs.urz.uni-halle.de\/tanzsportprojekt\/wp-json\/wp\/v2\/comments?post=118"}],"version-history":[{"count":8,"href":"https:\/\/blogs.urz.uni-halle.de\/tanzsportprojekt\/wp-json\/wp\/v2\/pages\/118\/revisions"}],"predecessor-version":[{"id":140,"href":"https:\/\/blogs.urz.uni-halle.de\/tanzsportprojekt\/wp-json\/wp\/v2\/pages\/118\/revisions\/140"}],"wp:attachment":[{"href":"https:\/\/blogs.urz.uni-halle.de\/tanzsportprojekt\/wp-json\/wp\/v2\/media?parent=118"}],"curies":[{"name":"wp","href":"https:\/\/api.w.org\/{rel}","templated":true}]}}