{"id":56,"date":"2020-04-13T09:41:55","date_gmt":"2020-04-13T07:41:55","guid":{"rendered":"https:\/\/blogs.urz.uni-halle.de\/testblognt2020\/?page_id=56"},"modified":"2020-04-30T09:13:56","modified_gmt":"2020-04-30T07:13:56","slug":"sitzung-4","status":"publish","type":"page","link":"https:\/\/blogs.urz.uni-halle.de\/testblognt2020\/sitzung-4\/","title":{"rendered":"Sitzung 4 &#8211; The New. Perspective on Paul?!"},"content":{"rendered":"\n<p><\/p>\n\n\n\n<p><em>Zentrale Fragen oder Thesen zu Strecker und Schnelle:<\/em><\/p>\n\n\n\n<ul><li>Mit der neuen Perspektive auf Paulus: Was sind die zentralen theologischen Fragen der fr\u00fchen Christen?<\/li><\/ul>\n\n\n\n<ul><li>Differenzen zwischen Strecker Text und Schnelle Text: Warum geht laut Schnelle die gesamt &#8222;New Perspective&#8220; davon aus, dass sich die Paulusbriefe nur an Heidenchristen richten?<\/li><\/ul>\n\n\n\n<ul><li>Wie l\u00e4sst sich Dunns These mit 1.Thessalonicher 1, 14-16 zusammen denken?<br>Mit Boyarin\/Maison geht die These Dunns gut zusammen.<\/li><\/ul>\n\n\n\n<ul><li>Nach dem Bundesnomismus ist jeder im Bund des Gottesvolkes zu denken und somit als grundlegende Maxime anzusehen. Welche Rolle spielt jedoch dann das Gesetz? Dr\u00fcckt der Bund dasjenige aus, dem Gehorsam geboten werden soll, oder soll man dem Gesetz gegen\u00fcber gehorsam sein? Ist das Halten an das Gesetz die Voraussetzung, Teil des Bundes zu werden? Und wo ist dann da der Glaube?<\/li><\/ul>\n\n\n\n<ul><li>Nach Stendahl m\u00f6chte Paulus, dass die Heiden Teil des Heils Israels werden. Dies werden sie durch den Glauben an das Evangelium. Spricht man hier noch von dem Gottesvolk, das aus Israel ausgezogen ist? Sind die &#8222;Christen&#8220; und &#8222;Juden&#8220; dann Teil desselben Gottesvolkes?<\/li><\/ul>\n\n\n\n<ul><li> R\u00fchrt der Antijudaismus vielleicht daher, dass das Judentum in diesem Gebiet die erste etablierte &#8222;Religion&#8220; ist und wenn man eine neue &#8222;Religion&#8220; gr\u00fcnden muss, dann muss man zwangsl\u00e4ufig die andere polemisieren, um sich Verh\u00f6r zu schaffen? <\/li><\/ul>\n\n\n\n<ul><li> Schnelle argumentiert, dass Paulus gegen die Beschneidung der Heiden eintrat, diese aber f\u00fcr Juden ma\u00dfgeblich war um in den Bund mit Gott zu kommen. Demzufolge  konnte diese neue Bewegung nicht mehr als legitime Form des Judentums gelten. Ich dachte allerdings das es aufgrund der Dominanz des Hellenismus auch Juden gegeben h\u00e4tte, die sich nicht mehr beschnitten h\u00e4tten und dennoch ihre Zugeh\u00f6rigkeit nicht verloren h\u00e4tten. Kann man demzufolge die Beschneidung wirklich als so klar trennendes Indiz werten? <\/li><\/ul>\n\n\n\n<ul><li> Wenn Paulus sich nach dem Damaskuserlebnis als Christ oder zumindest nicht mehr als Jude versteht, gibt es dann in Anlehnung an Iudaismos auch einen neuen Begriff, der diese neue Zugeh\u00f6rigkeit beschreibt?  <\/li><\/ul>\n","protected":false},"excerpt":{"rendered":"<p>Zentrale Fragen oder Thesen zu Strecker und Schnelle: Mit der neuen Perspektive auf Paulus: Was sind die zentralen theologischen Fragen der fr\u00fchen Christen? Differenzen zwischen Strecker Text und Schnelle Text: Warum geht laut Schnelle die gesamt &#8222;New Perspective&#8220; davon aus, &hellip; <a href=\"https:\/\/blogs.urz.uni-halle.de\/testblognt2020\/sitzung-4\/\">Weiterlesen <span class=\"meta-nav\">&rarr;<\/span><\/a><\/p>\n","protected":false},"author":4507,"featured_media":0,"parent":0,"menu_order":0,"comment_status":"open","ping_status":"closed","template":"","meta":[],"_links":{"self":[{"href":"https:\/\/blogs.urz.uni-halle.de\/testblognt2020\/wp-json\/wp\/v2\/pages\/56"}],"collection":[{"href":"https:\/\/blogs.urz.uni-halle.de\/testblognt2020\/wp-json\/wp\/v2\/pages"}],"about":[{"href":"https:\/\/blogs.urz.uni-halle.de\/testblognt2020\/wp-json\/wp\/v2\/types\/page"}],"author":[{"embeddable":true,"href":"https:\/\/blogs.urz.uni-halle.de\/testblognt2020\/wp-json\/wp\/v2\/users\/4507"}],"replies":[{"embeddable":true,"href":"https:\/\/blogs.urz.uni-halle.de\/testblognt2020\/wp-json\/wp\/v2\/comments?post=56"}],"version-history":[{"count":9,"href":"https:\/\/blogs.urz.uni-halle.de\/testblognt2020\/wp-json\/wp\/v2\/pages\/56\/revisions"}],"predecessor-version":[{"id":161,"href":"https:\/\/blogs.urz.uni-halle.de\/testblognt2020\/wp-json\/wp\/v2\/pages\/56\/revisions\/161"}],"wp:attachment":[{"href":"https:\/\/blogs.urz.uni-halle.de\/testblognt2020\/wp-json\/wp\/v2\/media?parent=56"}],"curies":[{"name":"wp","href":"https:\/\/api.w.org\/{rel}","templated":true}]}}