{"id":24,"date":"2026-03-09T14:02:58","date_gmt":"2026-03-09T13:02:58","guid":{"rendered":"https:\/\/blogs.urz.uni-halle.de\/textkulturen\/?page_id=24"},"modified":"2026-03-17T18:39:18","modified_gmt":"2026-03-17T17:39:18","slug":"aufbau-des-studiums","status":"publish","type":"page","link":"https:\/\/blogs.urz.uni-halle.de\/textkulturen\/studieninteressierte\/aufbau-des-studiums\/","title":{"rendered":"Bewerbung"},"content":{"rendered":"\n<p class=\"has-text-align-left\">F\u00fcr den Master-Teilstudiengang\u00a0<em>Germanistik: Textkulturen 45\/75 LP<\/em> k\u00f6nnen Sie sich bis\u00a0zum <strong>31. August 2026<\/strong>\u00a0\u00fcber\u00a0<strong><a rel=\"noreferrer noopener\" href=\"https:\/\/www.uni-halle.de\/bewerben\" target=\"_blank\">www.uni-halle.de\/bewerben<\/a><\/strong> bewerben. <\/p>\n\n\n\n<p>Das Studienangebot ist&nbsp;<strong>zulassungsfrei&nbsp;(ohne&nbsp;NC)<\/strong>. <br>Dieser Teil des Studiums ist Ihnen sicher, sofern die Pr\u00fcfung Ihrer Nachweise (z. B. qualifizierendes Zeugnis, siehe oben) erfolgreich ist. Allerdings m\u00fcssen Sie auch die Bedingungen und Fristen Ihres Kombinationsfachs pr\u00fcfen \u2013 hat dieses einen NC, m\u00fcssen Sie sich bereits bis 15. Juli 2026 bewerben.<\/p>\n\n\n\n<p><strong>Darum Halle!<\/strong><\/p>\n\n\n\n<p>Pr\u00e4gend f\u00fcr das Lehrangebot des Germanistischen Instituts ist die hohe Dichte an Forschungsprojekten (z. B. zu mittelalterlichen Gebrauchstexte zur Jagd, zur Politik der Aufkl\u00e4rung oder zur Verlagsgeschichte der DDR-Literatur) und die enge Zusammenarbeit mit kooperierenden Kulturinstitutionen (z. B. Literaturhaus, Theater, Archive, Museen, Gedenkst\u00e4tten), die Praxiserfahrungen im au\u00dferuniversit\u00e4ren Berufsfelder erm\u00f6glichen.<\/p>\n","protected":false},"excerpt":{"rendered":"<p>F\u00fcr den Master-Teilstudiengang\u00a0Germanistik: Textkulturen 45\/75 LP k\u00f6nnen Sie sich bis\u00a0zum 31. August 2026\u00a0\u00fcber\u00a0www.uni-halle.de\/bewerben bewerben. Das Studienangebot ist&nbsp;zulassungsfrei&nbsp;(ohne&nbsp;NC). Dieser Teil des Studiums ist Ihnen sicher, sofern die Pr\u00fcfung Ihrer Nachweise (z. B. qualifizierendes Zeugnis, siehe oben) erfolgreich ist. Allerdings m\u00fcssen Sie auch die Bedingungen und Fristen Ihres Kombinationsfachs pr\u00fcfen \u2013 hat dieses einen NC, m\u00fcssen Sie [&hellip;]<\/p>\n","protected":false},"author":6538,"featured_media":0,"parent":22,"menu_order":0,"comment_status":"closed","ping_status":"closed","template":"","meta":[],"_links":{"self":[{"href":"https:\/\/blogs.urz.uni-halle.de\/textkulturen\/wp-json\/wp\/v2\/pages\/24"}],"collection":[{"href":"https:\/\/blogs.urz.uni-halle.de\/textkulturen\/wp-json\/wp\/v2\/pages"}],"about":[{"href":"https:\/\/blogs.urz.uni-halle.de\/textkulturen\/wp-json\/wp\/v2\/types\/page"}],"author":[{"embeddable":true,"href":"https:\/\/blogs.urz.uni-halle.de\/textkulturen\/wp-json\/wp\/v2\/users\/6538"}],"replies":[{"embeddable":true,"href":"https:\/\/blogs.urz.uni-halle.de\/textkulturen\/wp-json\/wp\/v2\/comments?post=24"}],"version-history":[{"count":6,"href":"https:\/\/blogs.urz.uni-halle.de\/textkulturen\/wp-json\/wp\/v2\/pages\/24\/revisions"}],"predecessor-version":[{"id":73,"href":"https:\/\/blogs.urz.uni-halle.de\/textkulturen\/wp-json\/wp\/v2\/pages\/24\/revisions\/73"}],"up":[{"embeddable":true,"href":"https:\/\/blogs.urz.uni-halle.de\/textkulturen\/wp-json\/wp\/v2\/pages\/22"}],"wp:attachment":[{"href":"https:\/\/blogs.urz.uni-halle.de\/textkulturen\/wp-json\/wp\/v2\/media?parent=24"}],"curies":[{"name":"wp","href":"https:\/\/api.w.org\/{rel}","templated":true}]}}