{"id":26,"date":"2026-03-09T14:03:13","date_gmt":"2026-03-09T13:03:13","guid":{"rendered":"https:\/\/blogs.urz.uni-halle.de\/textkulturen\/?page_id=26"},"modified":"2026-03-10T12:27:54","modified_gmt":"2026-03-10T11:27:54","slug":"moduluebersicht","status":"publish","type":"page","link":"https:\/\/blogs.urz.uni-halle.de\/textkulturen\/moduluebersicht\/","title":{"rendered":"Studieninhalt"},"content":{"rendered":"\n<p>Dem Master-Teilstudiengang Germanistik: Textkulturen 45\/75 LP liegt ein kulturwissenschaftliches Textverst\u00e4ndnis zugrunde, das \u00fcber Literatur weit hinausgeht. Sein Interesse gilt dem gesamten Spektrum pragmatischer Textsorten von den Anf\u00e4ngen der deutschsprachigen Schriftlichkeit um 800 bis heute (z.B. Briefe, Tageb\u00fccher, Reportagen, Essays, Gebete, Predigten, historiographische Texte, politische Reden, Rezensionen, Texte der Wissens- und Gebrauchsliteratur) und schlie\u00dft auch jene Textformate ein, die sich unter den Bedingungen der Digitalisierung erst ausbilden. <\/p>\n\n\n\n<p>Er vermittelt Kenntnisse der Poetik, der Geschichte, der Medialit\u00e4t und der sozialen Funktion von Texten. Es handelt sich um ein philologisches Studium mit kulturwissenschaftlichem Anspruch, in dem Elemente der der digitalen Textanalyse und Textproduktion eine zentrale Rolle spielen.<\/p>\n\n\n\n<p>Das Masterstudium kombiniert zwei Teilstudieng\u00e4nge, die zun\u00e4chst gleichwertig mit jeweils 45 Leistungspunkten studiert werden. Die Masterarbeit schreiben Sie in einem der beiden Teilstudieng\u00e4nge, der dadurch zum \u00bbHauptfach\u00ab mit 75 LP wird. Insgesamt umfasst das Studium 120 LP.<\/p>\n\n\n\n<p>Germanistik: Textkulturen 45\/75 LP ist mit allen weiteren Master-Teilstudieng\u00e4ngen der Uni Halle frei kombinierbar.<\/p>\n\n\n\n<p>Hier geht&#8217;s zum <a href=\"https:\/\/studienangebot.uni-halle.de\/germanistik-textkulturen-master-45-75.pdf\" data-type=\"URL\" data-id=\"https:\/\/studienangebot.uni-halle.de\/germanistik-textkulturen-master-45-75.pdf\">Modulhandbuch<\/a><\/p>\n","protected":false},"excerpt":{"rendered":"<p>Dem Master-Teilstudiengang Germanistik: Textkulturen 45\/75 LP liegt ein kulturwissenschaftliches Textverst\u00e4ndnis zugrunde, das \u00fcber Literatur weit hinausgeht. Sein Interesse gilt dem gesamten Spektrum pragmatischer Textsorten von den Anf\u00e4ngen der deutschsprachigen Schriftlichkeit um 800 bis heute (z.B. Briefe, Tageb\u00fccher, Reportagen, Essays, Gebete, Predigten, historiographische Texte, politische Reden, Rezensionen, Texte der Wissens- und Gebrauchsliteratur) und schlie\u00dft auch jene [&hellip;]<\/p>\n","protected":false},"author":6538,"featured_media":0,"parent":0,"menu_order":0,"comment_status":"closed","ping_status":"closed","template":"","meta":[],"_links":{"self":[{"href":"https:\/\/blogs.urz.uni-halle.de\/textkulturen\/wp-json\/wp\/v2\/pages\/26"}],"collection":[{"href":"https:\/\/blogs.urz.uni-halle.de\/textkulturen\/wp-json\/wp\/v2\/pages"}],"about":[{"href":"https:\/\/blogs.urz.uni-halle.de\/textkulturen\/wp-json\/wp\/v2\/types\/page"}],"author":[{"embeddable":true,"href":"https:\/\/blogs.urz.uni-halle.de\/textkulturen\/wp-json\/wp\/v2\/users\/6538"}],"replies":[{"embeddable":true,"href":"https:\/\/blogs.urz.uni-halle.de\/textkulturen\/wp-json\/wp\/v2\/comments?post=26"}],"version-history":[{"count":6,"href":"https:\/\/blogs.urz.uni-halle.de\/textkulturen\/wp-json\/wp\/v2\/pages\/26\/revisions"}],"predecessor-version":[{"id":64,"href":"https:\/\/blogs.urz.uni-halle.de\/textkulturen\/wp-json\/wp\/v2\/pages\/26\/revisions\/64"}],"wp:attachment":[{"href":"https:\/\/blogs.urz.uni-halle.de\/textkulturen\/wp-json\/wp\/v2\/media?parent=26"}],"curies":[{"name":"wp","href":"https:\/\/api.w.org\/{rel}","templated":true}]}}