{"id":101,"date":"2015-05-22T16:06:44","date_gmt":"2015-05-22T14:06:44","guid":{"rendered":"https:\/\/blogs.urz.uni-halle.de\/thementagmigrationsrecht\/?page_id=101"},"modified":"2016-11-15T12:17:31","modified_gmt":"2016-11-15T11:17:31","slug":"anreise","status":"publish","type":"page","link":"https:\/\/blogs.urz.uni-halle.de\/thementagmigrationsrecht\/sonstiges\/anreise\/","title":{"rendered":"Anreise"},"content":{"rendered":"<p style=\"text-align: justify\">Der Thementag findet in den R\u00e4umlichkeiten der Martin-Luther-Universit\u00e4t statt.<br \/>\nVeranstaltungsort ist das &#8218;<span class=\"st\"><em>Melanchthonianum&#8216;<\/em> (Universit\u00e4tsplatz 9, 06108 Halle). Die R\u00e4umlichkeiten\u00a0befinden sich auf dem <\/span>Universit\u00e4tsplatz, der zentral gelegen und gut mit der Stra\u00dfenbahn bzw.\u00a0fu\u00dfl\u00e4ufig erreichbar ist. Die Hauptvortr\u00e4ge finden im H\u00f6rsaal XV statt.<\/p>\n<p style=\"padding-left: 30px\">\n\n\t\t\t\t<div id=\"map_ol3js_1\" class=\"map undefined\" data-map_name=\"undefined\" data-map=\"map_ol3js_1\" style=\"width:100%; height:450px; display:vis; overflow:hidden;border:thin solid blue;\" >\n\t\t\t\t  <div id=\"map_ol3js_1_popup\" class=\"ol-popup\" >\n\t\t\t\t\t<a href=\"#\" id=\"map_ol3js_1_popup-closer\" class=\"ol-popup-closer\"><\/a>\n\t\t\t\t\t<div id=\"map_ol3js_1_popup-content\" ><\/div>\n\t\t\t\t  <\/div>\n\t\t\t\t<\/div>\n\t\t\t\n\t\t\t\t<link rel=\"stylesheet\" href=\"https:\/\/blogs.urz.uni-halle.de\/thementagmigrationsrecht\/wp-content\/plugins\/osm\/js\/OL\/6.4.3\/ol.css\" type=\"text\/css\">\n\t\t\t\t<link rel=\"stylesheet\" href=\"https:\/\/blogs.urz.uni-halle.de\/thementagmigrationsrecht\/wp-content\/plugins\/osm\/css\/osm_map_v3.css\" type=\"text\/css\">\n\t\t\t\t<link rel=\"stylesheet\" href=\"https:\/\/blogs.urz.uni-halle.de\/thementagmigrationsrecht\/wp-content\/plugins\/osm\/css\/osm_map.css\" type=\"text\/css\">\n\t\t\t\t<!-- The line below is only needed for old environments like Internet Explorer and Android 4.x -->\n                                <script src=\"https:\/\/blogs.urz.uni-halle.de\/thementagmigrationsrecht\/wp-content\/plugins\/osm\/js\/polyfill\/v2\/polyfill.min.js?features=requestAnimationFrame,Element.prototype.classList,URL\"><\/script>\n\n\t\t\t\t<script src=\"https:\/\/blogs.urz.uni-halle.de\/thementagmigrationsrecht\/wp-content\/plugins\/osm\/js\/OL\/6.4.3\/ol.js\" type=\"text\/javascript\"><\/script>\n\t\t\t\t<script src=\"https:\/\/blogs.urz.uni-halle.de\/thementagmigrationsrecht\/wp-content\/plugins\/osm\/js\/osm-v3-plugin-lib.js\" type=\"text\/javascript\"><\/script>\n\t\t\t\t<script src=\"https:\/\/blogs.urz.uni-halle.de\/thementagmigrationsrecht\/wp-content\/plugins\/osm\/js\/osm-metabox-events.js\" type=\"text\/javascript\"><\/script>\n\t\t\t\t<script src=\"https:\/\/blogs.urz.uni-halle.de\/thementagmigrationsrecht\/wp-content\/plugins\/osm\/js\/osm-startup-lib.js\" type=\"text\/javascript\"><\/script>\n\t\t\t\t<script type=\"text\/javascript\">\n\t\t\t\t\ttranslations['openlayer'] = \"open layer\";\n\t\t\t\t\ttranslations['openlayerAtStartup'] = \"open layer at startup\";\n\t\t\t\t\ttranslations['generateLink'] = \"Der Link zur Karte mit ausgew\u00e4hlten Overlays und angezeigtem Ausschnitt\";\n\t\t\t\t\ttranslations['shortDescription'] = \"Kurzbeschreibung\";\n\t\t\t\t\ttranslations['generatedShortCode'] = \"to get a text control link paste this code in your wordpress editor\";\n\t\t\t\t\ttranslations['closeLayer'] = \"close layer\";\n\t\t\t\t\ttranslations['cantGenerateLink'] = \"put this string in the existing map short code to control this map\";\n\t\t\t\t<\/script>\n\n\t\t\t  <script type=\"text\/javascript\">vectorM['map_ol3js_1'] = [];\n\n\tvar attribution = new ol.control.Attribution({\n        collapsible: false\n      });\n\n\n      \n      var raster = new ol.layer.Tile({\n        source: new ol.source.OSM({ }),\n        zIndex: 90\n      });\n      var Controls = ol.control.defaults({ attribution: false }).extend([\n          attribution\n      ]); \n\t\t\t  map_ol3js_1 = new ol.Map({\n\t\tcontrols: Controls,\n\t\t\n\t\t\t\tinteractions: ol.interaction.defaults({mouseWheelZoom:false}),\n\t\t\t\tlayers: [raster],\n\t\t\t\ttarget: \"map_ol3js_1\",\n\t\t\t\tview: new ol.View({\n\t\t\t\t  center: ol.proj.transform([11.978,51.485], \"EPSG:4326\", \"EPSG:3857\"),\n\t\t\t\t  zoom: 14\n\t\t\t\t})\n\t\t\t  });\n\t\t\t  osm_addMarkerLayer(map_ol3js_1,11.96897,51.48648,\"https:\/\/blogs.urz.uni-halle.de\/thementagmigrationsrecht\/wp-content\/plugins\/osm\/icons\/mic_green_icecream_01.png\",-16,-41,\"\") ; \n\t\t  var osm_controls = [\n\t\t\tnew ol.control.Attribution(),\n\t\t\tnew ol.control.MousePosition({\n\t\t\t  undefinedHTML: \"outside\",\n\t\t\t  projection: \"EPSG:4326\",\n\t\t\t  coordinateFormat: function(coordinate) {\n\t\t\t\t return ol.coordinate.format(coordinate, \"{y}, {x}\", 5);\n\t\t\t  }\n\t\t\t}),\n\t\t\tnew ol.control.OverviewMap({\n\t\t\t  collapsed: false\n\t\t\t}),\n\t\t\tnew ol.control.Rotate({\n\t\t\t  autoHide: false\n\t\t\t}),\n\t\t\tnew ol.control.ScaleLine(),\n\t\t\tnew ol.control.Zoom(),\n\t\t\tnew ol.control.ZoomSlider(),\n\t\t\tnew ol.control.ZoomToExtent({\n      extent: [-11243808.051695308, 1.202710291, 9561377.290892059, 6852382.107835932]\n    }),\n\t\t\tnew ol.control.FullScreen()\n\t\t  ]; \nosm_addPopupClickhandler(map_ol3js_1,  \"map_ol3js_1\"); \nosm_addMouseHover(map_ol3js_1); <\/script><\/p>\n<p style=\"text-align: justify\">Informationen zur Anreise finden sich unter:<\/p>\n<p style=\"text-align: justify\"><a href=\"http:\/\/www.deutschebahn.com\/de\/start\/\">Deutsche Bahn<\/a><\/p>\n<p style=\"text-align: justify\"><a href=\"http:\/\/www.fernbus24.de\/fernbus-halle\/\" target=\"_blank\">Fernbusse nach Halle (Saale)<\/a><\/p>\n<p style=\"text-align: justify\"><a href=\"http:\/\/www.mdv.de\" target=\"_blank\">MDV(\u00f6ffentlicher Nahverkehr im Gro\u00dfraum Halle-Leipzig)<br \/>\n<\/a><\/p>\n<p style=\"text-align: justify\"><a href=\"http:\/\/www.havag.com\/\" target=\"_blank\">HAVAG &#8211; Busse und Stra\u00dfenbahnen in Halle<\/a><\/p>\n","protected":false},"excerpt":{"rendered":"<p>Der Thementag findet in den R\u00e4umlichkeiten der Martin-Luther-Universit\u00e4t statt. Veranstaltungsort ist das &#8218;Melanchthonianum&#8216; (Universit\u00e4tsplatz 9, 06108 Halle). Die R\u00e4umlichkeiten\u00a0befinden sich auf dem Universit\u00e4tsplatz, der zentral gelegen und gut mit der Stra\u00dfenbahn bzw.\u00a0fu\u00dfl\u00e4ufig erreichbar ist. Die Hauptvortr\u00e4ge finden im H\u00f6rsaal XV &hellip; <a href=\"https:\/\/blogs.urz.uni-halle.de\/thementagmigrationsrecht\/sonstiges\/anreise\/\">Weiterlesen <span class=\"meta-nav\">&rarr;<\/span><\/a><\/p>\n","protected":false},"author":2253,"featured_media":0,"parent":182,"menu_order":0,"comment_status":"closed","ping_status":"closed","template":"","meta":[],"_links":{"self":[{"href":"https:\/\/blogs.urz.uni-halle.de\/thementagmigrationsrecht\/wp-json\/wp\/v2\/pages\/101"}],"collection":[{"href":"https:\/\/blogs.urz.uni-halle.de\/thementagmigrationsrecht\/wp-json\/wp\/v2\/pages"}],"about":[{"href":"https:\/\/blogs.urz.uni-halle.de\/thementagmigrationsrecht\/wp-json\/wp\/v2\/types\/page"}],"author":[{"embeddable":true,"href":"https:\/\/blogs.urz.uni-halle.de\/thementagmigrationsrecht\/wp-json\/wp\/v2\/users\/2253"}],"replies":[{"embeddable":true,"href":"https:\/\/blogs.urz.uni-halle.de\/thementagmigrationsrecht\/wp-json\/wp\/v2\/comments?post=101"}],"version-history":[{"count":10,"href":"https:\/\/blogs.urz.uni-halle.de\/thementagmigrationsrecht\/wp-json\/wp\/v2\/pages\/101\/revisions"}],"predecessor-version":[{"id":498,"href":"https:\/\/blogs.urz.uni-halle.de\/thementagmigrationsrecht\/wp-json\/wp\/v2\/pages\/101\/revisions\/498"}],"up":[{"embeddable":true,"href":"https:\/\/blogs.urz.uni-halle.de\/thementagmigrationsrecht\/wp-json\/wp\/v2\/pages\/182"}],"wp:attachment":[{"href":"https:\/\/blogs.urz.uni-halle.de\/thementagmigrationsrecht\/wp-json\/wp\/v2\/media?parent=101"}],"curies":[{"name":"wp","href":"https:\/\/api.w.org\/{rel}","templated":true}]}}