{"id":201,"date":"2015-06-19T15:22:31","date_gmt":"2015-06-19T13:22:31","guid":{"rendered":"https:\/\/blogs.urz.uni-halle.de\/thementagmigrationsrecht\/?page_id=201"},"modified":"2015-07-21T16:59:42","modified_gmt":"2015-07-21T14:59:42","slug":"partner","status":"publish","type":"page","link":"https:\/\/blogs.urz.uni-halle.de\/thementagmigrationsrecht\/sonstiges\/partner\/","title":{"rendered":"Mitverantalter\/Partner"},"content":{"rendered":"<h3 style=\"text-align: center\">Mitveranstalter<\/h3>\n<h3 style=\"text-align: center\"><a href=\"http:\/\/www.boell-sachsen-anhalt.de\/\" target=\"_blank\"><img loading=\"lazy\" class=\"alignnone  wp-image-292\" src=\"https:\/\/blogs.urz.uni-halle.de\/thementagmigrationsrecht\/files\/2015\/06\/Capture.jpg\" alt=\"Capture\" width=\"244\" height=\"248\" srcset=\"https:\/\/blogs.urz.uni-halle.de\/thementagmigrationsrecht\/files\/2015\/06\/Capture.jpg 670w, https:\/\/blogs.urz.uni-halle.de\/thementagmigrationsrecht\/files\/2015\/06\/Capture-296x300.jpg 296w\" sizes=\"(max-width: 244px) 100vw, 244px\" \/><\/a><\/h3>\n<h3 style=\"text-align: center\">PARTNER<\/h3>\n<p style=\"text-align: center\">Wir danken allen unseren Partnern f\u00fcr die finanzielle und organisatorische Unterst\u00fctzung!<\/p>\n<p style=\"text-align: center\"><a href=\"http:\/\/www.stura.uni-halle.de\/\" target=\"_blank\"><img loading=\"lazy\" class=\" size-medium wp-image-221 aligncenter\" src=\"https:\/\/blogs.urz.uni-halle.de\/thementagmigrationsrecht\/files\/2015\/06\/logo_rot_mittext-300x85.jpg\" alt=\"logo_rot_mittext\" width=\"300\" height=\"85\" srcset=\"https:\/\/blogs.urz.uni-halle.de\/thementagmigrationsrecht\/files\/2015\/06\/logo_rot_mittext-300x85.jpg 300w, https:\/\/blogs.urz.uni-halle.de\/thementagmigrationsrecht\/files\/2015\/06\/logo_rot_mittext-500x142.jpg 500w, https:\/\/blogs.urz.uni-halle.de\/thementagmigrationsrecht\/files\/2015\/06\/logo_rot_mittext.jpg 851w\" sizes=\"(max-width: 300px) 100vw, 300px\" \/><\/a>\u00a0 <a href=\"http:\/\/www.jura.uni-halle.de\/fachschaftsrat\/\" target=\"_blank\"><img loading=\"lazy\" class=\"  wp-image-207 aligncenter\" src=\"https:\/\/blogs.urz.uni-halle.de\/thementagmigrationsrecht\/files\/2015\/06\/FSR-290x290.gif\" alt=\"FSR\" width=\"218\" height=\"218\" \/><\/a><\/p>\n<p style=\"text-align: center\"><a href=\"http:\/\/www.tk.de\/\" target=\"_blank\"><img loading=\"lazy\" class=\" size-thumbnail wp-image-206 aligncenter\" src=\"https:\/\/blogs.urz.uni-halle.de\/thementagmigrationsrecht\/files\/2015\/06\/TK-GIF.gif\" alt=\"TK GIF\" width=\"275\" height=\"180\" \/><\/a><\/p>\n<h3 style=\"text-align: center\"><a href=\"http:\/\/freundeskreis.jura.uni-halle.de\/\" target=\"_blank\">\u00a0dem Freundeskreis der Juristischen Fakult\u00e4t e.V. an der Martin-Luther-Universit\u00e4t Halle-Wittenberg<\/a><\/h3>\n<h3 style=\"text-align: center\"><a href=\"http:\/\/www.careercenter.uni-halle.de\/\" target=\"_blank\"> DEM CAREER CENTER DER MARTIN-LUTHER-UNIVERSIT\u00c4T HALLE-WITTENBERG<\/a><\/h3>\n<h3 style=\"text-align: center\"><a href=\"http:\/\/www.vff.uni-halle.de\/\" target=\"_blank\">SowiE Der vereinigung der freunde und f\u00f6rderer der martin-luther universit\u00e4t halle-wittenberg e.v<\/a><\/h3>\n<h3 style=\"text-align: center\"><a href=\"http:\/\/freundeskreis.jura.uni-halle.de\/\" target=\"_blank\">\u00a0<\/a><\/h3>\n","protected":false},"excerpt":{"rendered":"<p>Mitveranstalter PARTNER Wir danken allen unseren Partnern f\u00fcr die finanzielle und organisatorische Unterst\u00fctzung! \u00a0 \u00a0dem Freundeskreis der Juristischen Fakult\u00e4t e.V. an der Martin-Luther-Universit\u00e4t Halle-Wittenberg DEM CAREER CENTER DER MARTIN-LUTHER-UNIVERSIT\u00c4T HALLE-WITTENBERG SowiE Der vereinigung der freunde und f\u00f6rderer der martin-luther universit\u00e4t &hellip; <a href=\"https:\/\/blogs.urz.uni-halle.de\/thementagmigrationsrecht\/sonstiges\/partner\/\">Weiterlesen <span class=\"meta-nav\">&rarr;<\/span><\/a><\/p>\n","protected":false},"author":2253,"featured_media":0,"parent":182,"menu_order":3,"comment_status":"closed","ping_status":"closed","template":"","meta":[],"_links":{"self":[{"href":"https:\/\/blogs.urz.uni-halle.de\/thementagmigrationsrecht\/wp-json\/wp\/v2\/pages\/201"}],"collection":[{"href":"https:\/\/blogs.urz.uni-halle.de\/thementagmigrationsrecht\/wp-json\/wp\/v2\/pages"}],"about":[{"href":"https:\/\/blogs.urz.uni-halle.de\/thementagmigrationsrecht\/wp-json\/wp\/v2\/types\/page"}],"author":[{"embeddable":true,"href":"https:\/\/blogs.urz.uni-halle.de\/thementagmigrationsrecht\/wp-json\/wp\/v2\/users\/2253"}],"replies":[{"embeddable":true,"href":"https:\/\/blogs.urz.uni-halle.de\/thementagmigrationsrecht\/wp-json\/wp\/v2\/comments?post=201"}],"version-history":[{"count":10,"href":"https:\/\/blogs.urz.uni-halle.de\/thementagmigrationsrecht\/wp-json\/wp\/v2\/pages\/201\/revisions"}],"predecessor-version":[{"id":339,"href":"https:\/\/blogs.urz.uni-halle.de\/thementagmigrationsrecht\/wp-json\/wp\/v2\/pages\/201\/revisions\/339"}],"up":[{"embeddable":true,"href":"https:\/\/blogs.urz.uni-halle.de\/thementagmigrationsrecht\/wp-json\/wp\/v2\/pages\/182"}],"wp:attachment":[{"href":"https:\/\/blogs.urz.uni-halle.de\/thementagmigrationsrecht\/wp-json\/wp\/v2\/media?parent=201"}],"curies":[{"name":"wp","href":"https:\/\/api.w.org\/{rel}","templated":true}]}}