{"id":18,"date":"2023-09-21T17:18:57","date_gmt":"2023-09-21T15:18:57","guid":{"rendered":"https:\/\/blogs.urz.uni-halle.de\/theologischerstudientag2024\/?page_id=18"},"modified":"2023-10-25T14:17:50","modified_gmt":"2023-10-25T12:17:50","slug":"informationstext","status":"publish","type":"page","link":"https:\/\/blogs.urz.uni-halle.de\/theologischerstudientag2024\/","title":{"rendered":"Thema"},"content":{"rendered":"\n<p>Vor einem Jahrzehnt wurde das 100-j\u00e4hrige Gedenken an den Beginn des Ersten Weltkrieges begangen. Die <a href=\"https:\/\/www.theologie.uni-halle.de\/\">Theologische Fakult\u00e4t<\/a> erinnerte damals unter dem Thema \u201eKirche und Krieg\u201c daran, dass dieser Krieg wie kaum ein anderer in der europ\u00e4ischen Geschichte an allen kriegf\u00fchrenden Fronten theologisch flankiert und mit religi\u00f6sem Pathos (\u201eGott mit uns\u201c) begleitet worden war. Ebenfalls 2014 wurde dem gegen\u00fcber mit dem 50-j\u00e4hrigen Gedenken an die Einrichtung der Bausoldatenregelung in der ehemaligen DDR (1964) ein Kontrapunkt gesetzt, der die kirchliche Auseinandersetzung mit der Kriegs- und Friedensthematik w\u00e4hrend des \u201eKalten Krieges\u201c in den Blick r\u00fcckte.<\/p>\n\n\n\n<p>Im Jahr 2024 wird der Studientag an der Theologischen Fakult\u00e4t dieses Thema wieder aufgreifen, das seit dem 24. Februar 2022, dem Beginn des russischen Angriffskrieges gegen die Ukraine, erneut und anders auf der europ\u00e4ischen und weltweiten Tagesordnung steht.<\/p>\n\n\n\n<p>Dem Wunsch nach Frieden stehen weltweit immer wieder aufflammende Kriege und gewaltsame Auseinandersetzungen gegen\u00fcber. Religionen kommen in diesem Zusammenhang h\u00f6chst ambivalente Rollen zu. Wie neuere Forschung eindr\u00fccklich zeigt, kann Religion sowohl konfliktversch\u00e4rfende als auch friedensstiftende Funktionen erf\u00fcllen. Das gilt im Kriegsfall ebenso wie angesichts von Gewalt und gesellschaftlichen Konflikten. Welche Handlungsmodelle aus der religi\u00f6sen Tradition und Praxis gew\u00e4hlt werden, ist stets kontextgebunden und h\u00e4ngt von mehreren Faktoren ab. In diesem komplexen Geflecht von Gewalt, Macht und Machtlosigkeit sollen Fragen nach Krieg und Frieden, nach Gewalt und Gewaltlosigkeit sowie nach ihren religi\u00f6sen und theologischen Echokammern gestellt werden. Neben einer Versachlichung und Differenzierung des Diskurses m\u00f6chte der Studientag zu einer interkulturellen und interreligi\u00f6sen Weitung der Perspektive auf die Bedeutung von Religion im Kontext von Konflikt und Gewalt beitragen. Um dieses Ziel zu erreichen, wird ein Austausch zwischen internationalen Referent*innen, Mitgliedern der Fakult\u00e4t und G\u00e4sten des Studientags in unterschiedlichen Formaten (Vortr\u00e4ge, Workshops, Rundgespr\u00e4ch) erm\u00f6glicht. Eingeladen sind Referent*innen aus Politik, Zivilgesellschaft, Kirchen und Wissenschaft. Das Programm schlie\u00dft mit einem Begegnungsabend, der dem weiteren Austausch dient.<\/p>\n\n\n\n<p><em>Die Mitgliederversammlung des Freundeskreises findet am 16. Januar 2024 um 18 Uhr (Vorabend des Studientages) im Hauptgeb\u00e4ude der Theologischen Fakult\u00e4t statt.<\/em><\/p>\n\n\n\n<p><\/p>\n\n\n\n<p><\/p>\n\n\n\n<p><em>Gef\u00f6rdert durch<\/em><\/p>\n","protected":false},"excerpt":{"rendered":"<p>Vor einem Jahrzehnt wurde das 100-j\u00e4hrige Gedenken an den Beginn des Ersten Weltkrieges begangen. Die Theologische Fakult\u00e4t erinnerte damals unter dem Thema \u201eKirche und Krieg\u201c daran, dass dieser Krieg wie kaum ein anderer in der europ\u00e4ischen Geschichte an allen kriegf\u00fchrenden &hellip; <a href=\"https:\/\/blogs.urz.uni-halle.de\/theologischerstudientag2024\/\">Weiterlesen <span class=\"meta-nav\">&rarr;<\/span><\/a><\/p>\n","protected":false},"author":5874,"featured_media":0,"parent":0,"menu_order":0,"comment_status":"closed","ping_status":"closed","template":"","meta":[],"_links":{"self":[{"href":"https:\/\/blogs.urz.uni-halle.de\/theologischerstudientag2024\/wp-json\/wp\/v2\/pages\/18"}],"collection":[{"href":"https:\/\/blogs.urz.uni-halle.de\/theologischerstudientag2024\/wp-json\/wp\/v2\/pages"}],"about":[{"href":"https:\/\/blogs.urz.uni-halle.de\/theologischerstudientag2024\/wp-json\/wp\/v2\/types\/page"}],"author":[{"embeddable":true,"href":"https:\/\/blogs.urz.uni-halle.de\/theologischerstudientag2024\/wp-json\/wp\/v2\/users\/5874"}],"replies":[{"embeddable":true,"href":"https:\/\/blogs.urz.uni-halle.de\/theologischerstudientag2024\/wp-json\/wp\/v2\/comments?post=18"}],"version-history":[{"count":10,"href":"https:\/\/blogs.urz.uni-halle.de\/theologischerstudientag2024\/wp-json\/wp\/v2\/pages\/18\/revisions"}],"predecessor-version":[{"id":120,"href":"https:\/\/blogs.urz.uni-halle.de\/theologischerstudientag2024\/wp-json\/wp\/v2\/pages\/18\/revisions\/120"}],"wp:attachment":[{"href":"https:\/\/blogs.urz.uni-halle.de\/theologischerstudientag2024\/wp-json\/wp\/v2\/media?parent=18"}],"curies":[{"name":"wp","href":"https:\/\/api.w.org\/{rel}","templated":true}]}}