{"id":43,"date":"2021-10-06T13:33:28","date_gmt":"2021-10-06T11:33:28","guid":{"rendered":"https:\/\/blogs.urz.uni-halle.de\/theoltage\/?page_id=43"},"modified":"2025-10-15T16:03:40","modified_gmt":"2025-10-15T14:03:40","slug":"anmeldung2022","status":"publish","type":"page","link":"https:\/\/blogs.urz.uni-halle.de\/theoltage\/","title":{"rendered":""},"content":{"rendered":"<div id=\"vfb-form-5\" class=\"visual-form-builder-container\"><form id=\"anmeldung-2026-5\" class=\"visual-form-builder vfb-form-5 \" method=\"post\" enctype=\"multipart\/form-data\">\n\t\t\t<input type=\"hidden\" name=\"form_id\" value=\"5\" \/><fieldset class=\"vfb-fieldset vfb-fieldset-1 anmeldeformular \" id=\"item-vfb-142\"><div class=\"vfb-legend\"><h3>Anmeldeformular<\/h3><\/div><ul class=\"vfb-section vfb-section-1\"><li class=\"vfb-item vfb-item-text   vfb-left-half\" id=\"item-vfb-138\"><label for=\"vfb-138\" class=\"vfb-desc\">Vorname  <span class=\"vfb-required-asterisk\">*<\/span><\/label><input type=\"text\" name=\"vfb-138\" id=\"vfb-138\" value=\"\" class=\"vfb-text  vfb-medium  required  \" \/><\/li><li class=\"vfb-item vfb-item-text   vfb-right-half\" id=\"item-vfb-139\"><label for=\"vfb-139\" class=\"vfb-desc\">Nachname  <span class=\"vfb-required-asterisk\">*<\/span><\/label><input type=\"text\" name=\"vfb-139\" id=\"vfb-139\" value=\"\" class=\"vfb-text  vfb-medium  required  \" \/><\/li><li class=\"vfb-item vfb-item-text  \" id=\"item-vfb-140\"><label for=\"vfb-140\" class=\"vfb-desc\">T\u00e4tigkeit <\/label><input type=\"text\" name=\"vfb-140\" id=\"vfb-140\" value=\"\" class=\"vfb-text  vfb-large   \" \/><\/li><li class=\"vfb-item vfb-item-text  \" id=\"item-vfb-141\"><label for=\"vfb-141\" class=\"vfb-desc\">Institution <\/label><input type=\"text\" name=\"vfb-141\" id=\"vfb-141\" value=\"\" class=\"vfb-text  vfb-large   \" \/><\/li><li class=\"vfb-item vfb-item-text  \" id=\"item-vfb-144\"><label for=\"vfb-144\" class=\"vfb-desc\">Stra\u00dfe, Hausnummer <\/label><input type=\"text\" name=\"vfb-144\" id=\"vfb-144\" value=\"\" class=\"vfb-text  vfb-large   \" \/><\/li><li class=\"vfb-item vfb-item-number   vfb-left-half\" id=\"item-vfb-146\"><label for=\"vfb-146\" class=\"vfb-desc\">PLZ <\/label><input type=\"text\" name=\"vfb-146\" id=\"vfb-146\" value=\"\" class=\"vfb-text  vfb-small   digits \" \/><\/li><li class=\"vfb-item vfb-item-text   vfb-right-half\" id=\"item-vfb-145\"><label for=\"vfb-145\" class=\"vfb-desc\">Ort <\/label><input type=\"text\" name=\"vfb-145\" id=\"vfb-145\" value=\"\" class=\"vfb-text  vfb-large   \" \/><\/li><li class=\"vfb-item vfb-item-email  \" id=\"item-vfb-143\"><label for=\"vfb-143\" class=\"vfb-desc\">E-Mail  <span class=\"vfb-required-asterisk\">*<\/span><\/label><span class=\"vfb-span\"><input type=\"email\" name=\"vfb-143\" id=\"vfb-143\" value=\"\" class=\"vfb-text  vfb-large  required  email \" \/><label>Sofern vorhanden, bitte die Universit\u00e4ts-Mailadresse verwenden (f\u00fcr die Befreiung von der Tagungsgeb\u00fchr).<\/label><\/span><\/li><div id=\"item-vfb-148\" class=\"vfb-section-div \"><h4><\/h4><li class=\"vfb-item vfb-item-radio  \" id=\"item-vfb-151\"><label class=\"vfb-desc\">Anmeldung  <span class=\"vfb-required-asterisk\">*<\/span><\/label><div><span><label>*F\u00fcr Sch\u00fcler\/innen, Studierende und Mitglieder der Martin-Luther-Universit\u00e4t wird keine Tagungsgeb\u00fchr erhoben.<\/label><\/span><span class=\"vfb-span\"><input type=\"radio\" name=\"vfb-151\" id=\"vfb-151-1\" value=\"Ich m\u00f6chte am 21. Januar 2026 teilnehmen (25\u20ac Tagungsgeb\u00fchr*)\" class=\"vfb-radio  required \" \/><label for=\"vfb-151-1\" class=\"vfb-choice\">Ich m\u00f6chte am 21. Januar 2026 teilnehmen (25\u20ac Tagungsgeb\u00fchr*)<\/label><\/span><div style=\"clear:both\"><\/div><\/div><\/li><div id=\"item-vfb-153\" class=\"vfb-section-div \"><h4>Workshops<\/h4><li class=\"vfb-item vfb-item-instructions  \" id=\"item-vfb-155\"><label class=\"vfb-desc\"> <\/label>Bitte w\u00e4hlen Sie hier Ihren Erst- und Zweitwunsch f\u00fcr den Workshop von 14:00 - 15:30 Uhr.<\/li><li class=\"vfb-item vfb-item-select  \" id=\"item-vfb-152\"><label for=\"vfb-152\" class=\"vfb-desc\">Workshop Erstwunsch <\/label><span class=\"vfb-span\"><label>Bitte w\u00e4hlen Sie hier Ihren Workshop-Erstwunsch.<\/label><\/span><select name=\"vfb-152\" id=\"vfb-152\" class=\"vfb-select  vfb-large  \"><option value=\"bitte w\u00e4hlen\">bitte w\u00e4hlen<\/option><option value=\"[A] PD Dr. Ariane Schneider: \u201eEs kann doch nicht alles falsch gewesen sein, was wir gemacht haben\u201c - Transformationskompetenz und Lebenserfahrung\">[A] PD Dr. Ariane Schneider: \u201eEs kann doch nicht alles falsch gewesen sein, was wir gemacht haben\u201c - Transformationskompetenz und Lebenserfahrung<\/option><option value=\"[B] Dr. Doris G\u00fcnther-Kriegel: Die sozial-\u00f6kologische Transformation transformieren?\">[B] Dr. Doris G\u00fcnther-Kriegel: Die sozial-\u00f6kologische Transformation transformieren?<\/option><option value=\"[C] apl. Prof. Dr. Benjamin Ziemer: \u201eBeschneidet die Vorhaut eures Herzens!\u201c (Dtn 10,16) Neues Denken in der Hebr\u00e4ischen Bibel\">[C] apl. Prof. Dr. Benjamin Ziemer: \u201eBeschneidet die Vorhaut eures Herzens!\u201c (Dtn 10,16) Neues Denken in der Hebr\u00e4ischen Bibel<\/option><option value=\"[D] Felix St\u00fctz: Wer st\u00f6rt hier eigentlich? Krisis als Verhei\u00dfung und Zumutung f\u00fcr die Kommunikation des Glaubens\">[D] Felix St\u00fctz: Wer st\u00f6rt hier eigentlich? Krisis als Verhei\u00dfung und Zumutung f\u00fcr die Kommunikation des Glaubens<\/option><\/select><\/li><li class=\"vfb-item vfb-item-select  \" id=\"item-vfb-154\"><label for=\"vfb-154\" class=\"vfb-desc\">Zweitwunsch <\/label><span class=\"vfb-span\"><label>Bitte w\u00e4hlen Sie hier Ihren Workshop-Zweitwunsch.<\/label><\/span><select name=\"vfb-154\" id=\"vfb-154\" class=\"vfb-select  vfb-large  \"><option value=\"bitte w\u00e4hlen\">bitte w\u00e4hlen<\/option><option value=\"[A] PD Dr. Ariane Schneider: \u201eEs kann doch nicht alles falsch gewesen sein, was wir gemacht haben\u201c - Transformationskompetenz und Lebenserfahrung\">[A] PD Dr. Ariane Schneider: \u201eEs kann doch nicht alles falsch gewesen sein, was wir gemacht haben\u201c - Transformationskompetenz und Lebenserfahrung<\/option><option value=\"[B] Dr. Doris G\u00fcnther-Kriegel: Die sozial-\u00f6kologische Transformation transformieren?\">[B] Dr. Doris G\u00fcnther-Kriegel: Die sozial-\u00f6kologische Transformation transformieren?<\/option><option value=\"[C] apl. Prof. Dr. Benjamin Ziemer: \u201eBeschneidet die Vorhaut eures Herzens!\u201c (Dtn 10,16) Neues Denken in der Hebr\u00e4ischen Bibel\">[C] apl. Prof. Dr. Benjamin Ziemer: \u201eBeschneidet die Vorhaut eures Herzens!\u201c (Dtn 10,16) Neues Denken in der Hebr\u00e4ischen Bibel<\/option><option value=\"[D] Felix St\u00fctz: Wer st\u00f6rt hier eigentlich? Krisis als Verhei\u00dfung und Zumutung f\u00fcr die Kommunikation des Glaubens\">[D] Felix St\u00fctz: Wer st\u00f6rt hier eigentlich? Krisis als Verhei\u00dfung und Zumutung f\u00fcr die Kommunikation des Glaubens<\/option><\/select><\/li><\/div><div class=\"vfb-clear\"><\/div><li class=\"vfb-item vfb-item-radio  \" id=\"item-vfb-156\"><label class=\"vfb-desc\">Empfang <\/label><div><span><label>Nehmen Sie am Empfang um 17:15 Uhr teil?<\/label><\/span><span class=\"vfb-span\"><input type=\"radio\" name=\"vfb-156\" id=\"vfb-156-1\" value=\"Ja\" class=\"vfb-radio  \" \/><label for=\"vfb-156-1\" class=\"vfb-choice\">Ja<\/label><\/span><span class=\"vfb-span\"><input type=\"radio\" name=\"vfb-156\" id=\"vfb-156-2\" value=\"Nein\" class=\"vfb-radio  \" \/><label for=\"vfb-156-2\" class=\"vfb-choice\">Nein<\/label><\/span><div style=\"clear:both\"><\/div><\/div><\/li><\/ul>&nbsp;<\/fieldset><fieldset class=\"vfb-fieldset vfb-fieldset-2 149 \" id=\"item-vfb-149\">&nbsp;<ul class=\"vfb-section vfb-section-2\"><li class=\"vfb-item vfb-item-radio  \" id=\"item-vfb-147\"><label class=\"vfb-desc\">Zustimmung zur Datenverwendung  <span class=\"vfb-required-asterisk\">*<\/span><\/label><div><span><label>Sie erkl\u00e4ren sich damit einverstanden, dass Ihre o. g. pers\u00f6nlichen Daten gespeichert (intern in Wordpress und auf Servern des IT Servicezentrums der Uni Halle) und verarbeitet (Export in ein anderes Format) werden. Eine E-Mail mit den Anmeldeinformationen geht an die Theologische Fakult\u00e4t. Die Daten werden f\u00fcr die Vorbereitung und Durchf\u00fchrung der Theologischen Tage verwendet und mindestens bis einen Monat nach Abschluss der Veranstaltung gespeichert, aber sp\u00e4testens zum 31.12.2026 gel\u00f6scht. Diese Website verwendet weiterhin Matomo (Piwik) zur Ermittlung von Nutzungsstatistiken. Weitere Informationen und die Opt-out Option finden Sie hier: <a href=\"https:\/\/blogs.urz.uni-halle.de\/dienst\/datenschutz\/\" target=\"_blank\">https:\/\/blogs.urz.uni-halle.de\/dienst\/datenschutz\/<\/a>. Sie haben das Recht, Auskunft \u00fcber die gespeicherten Daten sowie Berichtigung und L\u00f6schung zu verlangen; Beschwerde bei dem Landesdatenschutzbeauftragten des Landes Sachsen-Anhalt einzulegen und Ihre eingegebenen Daten in maschinenlesbarer Form zu erhalten.  Hier finden Sie die <a href=\"http:\/\/wcms.itz.uni-halle.de\/download.php?down=49362&elem=3138142\" target=\"_blank\">Erstinformation nach DSGVO (PDF)<\/a>.\r\nBei dieser Veranstaltung werden Film- und Fotoaufnahmen get\u00e4tigt. Diese Aufnahmen k\u00f6nnen von unserer Fakult\u00e4t auf jede derzeit verwendete bzw. zuk\u00fcnftig nutzbare Weise ver\u00f6ffentlicht, bearbeitet oder gespeichert werden.<\/label><\/span><span class=\"vfb-span\"><input type=\"radio\" name=\"vfb-147\" id=\"vfb-147-1\" value=\"Ich stimme zu\" class=\"vfb-radio  required \" \/><label for=\"vfb-147-1\" class=\"vfb-choice\">Ich stimme zu<\/label><\/span><div style=\"clear:both\"><\/div><\/div><\/li><li class=\"vfb-item vfb-item-radio  \" id=\"item-vfb-150\"><label class=\"vfb-desc\">M\u00f6chten Sie weitere Informationen zu zuk\u00fcnftigen Veranstaltungen? <\/label><div><span><label>Mit der Best\u00e4tigung stimmen Sie zu, weitere Informationen per E-Mail und Post \u00fcber zuk\u00fcnftige Veranstaltungen der Theologischen Fakult\u00e4t der Martin-Luther-Universit\u00e4t Halle-Wittenberg zu erhalten.<br>\r\nIn diesem Fall werden Ihre Anmeldedaten f\u00fcr diesen Zweck gespeichert und nicht zum 31.12.2026 gel\u00f6scht. Die Daten werden nicht an Dritte weitergegeben. \r\nSie k\u00f6nnen dem Erhalt der Informationen per E-Mail oder Post jederzeit widersprechen. Wenden Sie sich hierf\u00fcr an den Absender des letzten Schreibens oder allgemein an: Martin-Luther-Universit\u00e4t Halle-Wittenberg, Theologische Fakult\u00e4t, 06099 Halle (Saale).<\/label><\/span><span class=\"vfb-span\"><input type=\"radio\" name=\"vfb-150\" id=\"vfb-150-1\" value=\"Ja, ich m\u00f6chte weitere Informationen erhalten\" class=\"vfb-radio  \" \/><label for=\"vfb-150-1\" class=\"vfb-choice\">Ja, ich m\u00f6chte weitere Informationen erhalten<\/label><\/span><div style=\"clear:both\"><\/div><\/div><\/li><\/ul>&nbsp;<\/fieldset><fieldset class=\"vfb-fieldset vfb-fieldset-3 sicherheitsfrage \" id=\"item-vfb-135\" style=\"display:block\"><div class=\"vfb-legend\"><h3>Sicherheitsfrage<\/h3><\/div><ul class=\"vfb-section vfb-section-3\"><li class=\"vfb-item vfb-item-secret\"  style=\"display:block\"><label for=\"vfb-136\" class=\"vfb-desc\">Bitte geben Sie eine beliebige 2-stellige Zahl ein <span class=\"vfb-required-asterisk\">*<\/span><\/label><input type=\"hidden\" name=\"_vfb-secret\" value=\"vfb-136\" \/><span class=\"vfb-span\"><input type=\"text\" name=\"vfb-136\" id=\"vfb-136\" value=\"\" class=\"vfb-text  vfb-small  required {digits:true,maxlength:2,minlength:2} \" style=\"display:block\" \/><label>Beispiel: 42<\/label><\/span><li style=\"display:none;\"><label>This box is for spam protection - <strong>please leave it blank<\/strong>:<\/label><div><input name=\"vfb-spam\" \/><\/div><\/li>\n\t\t\t<li class=\"vfb-item vfb-item-submit\" id=\"item-vfb-137\">\n\t\t\t\t\t\t<input type=\"submit\" name=\"vfb-submit\" id=\"vfb-137\" value=\"Anmelden\" class=\"vfb-submit \" \/>\n\t\t\t\t\t\t<\/li><\/ul>\n\t\t\t<\/fieldset><input type=\"hidden\" name=\"_wp_http_referer\" value=\"\/theoltage\/wp-json\/wp\/v2\/pages\/43\" \/><\/form><\/div> <!-- .visual-form-builder-container -->\n","protected":false},"excerpt":{"rendered":"","protected":false},"author":2695,"featured_media":0,"parent":0,"menu_order":0,"comment_status":"closed","ping_status":"closed","template":"","meta":[],"_links":{"self":[{"href":"https:\/\/blogs.urz.uni-halle.de\/theoltage\/wp-json\/wp\/v2\/pages\/43"}],"collection":[{"href":"https:\/\/blogs.urz.uni-halle.de\/theoltage\/wp-json\/wp\/v2\/pages"}],"about":[{"href":"https:\/\/blogs.urz.uni-halle.de\/theoltage\/wp-json\/wp\/v2\/types\/page"}],"author":[{"embeddable":true,"href":"https:\/\/blogs.urz.uni-halle.de\/theoltage\/wp-json\/wp\/v2\/users\/2695"}],"replies":[{"embeddable":true,"href":"https:\/\/blogs.urz.uni-halle.de\/theoltage\/wp-json\/wp\/v2\/comments?post=43"}],"version-history":[{"count":9,"href":"https:\/\/blogs.urz.uni-halle.de\/theoltage\/wp-json\/wp\/v2\/pages\/43\/revisions"}],"predecessor-version":[{"id":65,"href":"https:\/\/blogs.urz.uni-halle.de\/theoltage\/wp-json\/wp\/v2\/pages\/43\/revisions\/65"}],"wp:attachment":[{"href":"https:\/\/blogs.urz.uni-halle.de\/theoltage\/wp-json\/wp\/v2\/media?parent=43"}],"curies":[{"name":"wp","href":"https:\/\/api.w.org\/{rel}","templated":true}]}}