{"id":54,"date":"2020-07-31T10:50:17","date_gmt":"2020-07-31T08:50:17","guid":{"rendered":"https:\/\/blogs.urz.uni-halle.de\/twain\/?page_id=54"},"modified":"2021-01-19T18:23:37","modified_gmt":"2021-01-19T17:23:37","slug":"annotations","status":"publish","type":"page","link":"https:\/\/blogs.urz.uni-halle.de\/twain\/annotations\/","title":{"rendered":"Annotations"},"content":{"rendered":"<div id=\"pl-gb54-69ff23ba0e445\"  class=\"panel-layout\" ><div id=\"pg-gb54-69ff23ba0e445-0\"  class=\"panel-grid panel-no-style\" ><div id=\"pgc-gb54-69ff23ba0e445-0-0\"  class=\"panel-grid-cell\" ><div id=\"panel-gb54-69ff23ba0e445-0-0-0\" class=\"so-panel widget widget_sow-editor panel-first-child\" data-index=\"0\" ><div class=\"so-widget-sow-editor so-widget-sow-editor-base\"><h3 class=\"widget-title\">Association of American Physicians<\/h3>\n<div class=\"siteorigin-widget-tinymce textwidget\">\n\t<p><a name=\"AAPB\"><\/a>Association of American Physicians, Berlin [Association amerikanischer \u00c4rzte]. \u2014 &#8220;Americans in Berlin also had their own medical organization. An Association of American Physicians was founded in the city in 1891 under the leadership of the American dentist Willoughby Dayton Miller, who by this time was in charge of dental teaching at the University of Berlin. Also instrumental in establishing the new association were Dr. Fred Weber of Milwaukee and Dr. Judson Daland of Philadelphia. Weekly meetings were held in the Dental Institute to hear lectures on medical topics. This organization lasted two years but there is no record of further meetings or activities after 1893. It was followed by the more successful Anglo-American Medical Association of Berlin, which was organized in 1903 and flourished until the First World War.&#8221; | Source: Thomas Neville Bonner. <em>American Doctors and German Universities: A Chapter In International Intellectual Relations, 1870-1914<\/em>. Lincoln: University of Nebraska Press, 1963: 85. [<a href=\"https:\/\/archive.org\/details\/americandoctorsg0000bonn\/page\/84\/mode\/2up\" target=\"_blank\" rel=\"noopener noreferrer\">link<\/a>]<\/p>\n<\/div>\n<\/div><\/div><div id=\"panel-gb54-69ff23ba0e445-0-0-1\" class=\"so-panel widget widget_sow-editor\" data-index=\"1\" ><div class=\"so-widget-sow-editor so-widget-sow-editor-base\"><h3 class=\"widget-title\">&#8220;Berliner Heim&#8221;: Mark Twain&#8217;s first Berlin residence (K\u00f6rnerstra\u00dfe)<\/h3>\n<div class=\"siteorigin-widget-tinymce textwidget\">\n\t<p>During the winter of 1891 and early 1892, Mark Twain and his family lived in a <a name=\"berlinhome\"><\/a>house at K\u00f6rnerstra\u00dfe 7, Berlin. Click on this <a href=\"https:\/\/historicmaps.toolforge.org\/berlin\/\">link<\/a> to find a historic map of the city of Berlin (1891) to see where the family resided. K\u00f6rnerstra\u00dfe is located south of Tiergarten, between IV and III, left (west) of Potsdamer G\u00fcterbahnhof.<\/p>\n<\/div>\n<\/div><\/div><div id=\"panel-gb54-69ff23ba0e445-0-0-2\" class=\"so-panel widget widget_sow-editor\" data-index=\"2\" ><div class=\"panel-widget-style panel-widget-style-for-gb54-69ff23ba0e445-0-0-2\" ><div class=\"so-widget-sow-editor so-widget-sow-editor-base\"><h3 class=\"widget-title\">Englisches Haus <\/h3>\n<div class=\"siteorigin-widget-tinymce textwidget\">\n\t<p><a name=\"englischeshaus\"><\/a> Located at Mohrenstra\u00dfe 49, adjacent to Gendarmenmarkt. &#8220;Das Englische Haus&#8221; was a very fashionable private dining establishment in Berlin. It was originlly owned and operated by Adolf Huster, &#8220;Hof-Traiteur Seiner Majest\u00e4t des Kaisers und K\u00f6nigs&#8221; [Cook to his Majesty the Kaiser and King], an official title granted by the Kaiser. After his retirement, ownership changed into the hands of Max Huster and Ernst Brandt. In her book <em>Berlin zur Zeit Bebels und Bismarcks<\/em> (Berlin: Dietz Verlag [DDR], 1976), Annemarie Lange describes the place as a very exclusive establishment: &#8220;Die besten Kreise Berlins feierten bei Huster, dessen auf gro\u00dfe Gesellschaften eingerichtete &#8216;Stadtk\u00fcche&#8217; zur unentbehrlichen Einrichtung selbst des Hofes geworden war; in seinem &#8216;Englischen Haus&#8217; in der Mohrenstra\u00dfe feierte die &#8216;gute Gesellschaft&#8217; und gab sich die Hautevolee von Industrie und B\u00f6rse gl\u00e4nzende Feste&#8221; (507-508). [The best circles of Berlin&#8217;s society held their banquets and festivities at Huster&#8217;s, whose &#8216;city kitchen&#8217;, designed to accommodate large groups of people, had become an indispensable institution even for members of the Court; in Huster&#8217;s &#8216;English House&#8217; at Mohrenstra\u00dfe, the city&#8217;s &#8216;elite&#8217; and the leaders of industry and finance threw magnificent parties for each other.] | Source: Rabelais Bookseller, &#8220;<a href=\"https:\/\/www.rabelaisbooks.com\/images\/upload\/boston15-catalogue-docx.pdf\" target=\"_blank\" rel=\"noopener noreferrer\">Catalog for the Boston International Antiquarian Book Fair 2015.<\/a>&#8220;<\/p>\n<\/div>\n<\/div><\/div><\/div><div id=\"panel-gb54-69ff23ba0e445-0-0-3\" class=\"so-panel widget widget_sow-editor\" data-index=\"3\" ><div class=\"so-widget-sow-editor so-widget-sow-editor-base\"><h3 class=\"widget-title\">&#8220;Einzug des amerikanischen Schweins&#8221;: German-American Pork War<\/h3>\n<div class=\"siteorigin-widget-tinymce textwidget\">\n\t<p>From 1880\u20131891 the so-called German-American <a name=\"porkwar\"><\/a>Pork War took place. In Germany, a disease related to American pork that was infested by parasites and had been imported from the United States to Germany vitiated German-American trade relations. From 1880\u20131883 Germany imposed a ban on the import of American pork, which led to almost a decade of disputes between the US and Germany but was resolved by the American Meat Inspection Act of 1890 and 1891. This law officially required the inspection of meat before it was cleared for export (Spiekermann 98\u201399).<\/p>\n<p>Spiekermann, Uwe. \u201cDangerous Meat? German-American Quarrels over Pork and Beef, 1870\u20131900.\u201d <em>Bulletin of the GHI <\/em>46 (2010): 93\u2013110. Web. 12 Sept. 2020.<\/p>\n<p>The gentle diplomatic persuasion techniques applied by American Minister at Berlin, William Walter Phelps, were ultimately successful: &#8220;[A]s Mr Phelps wittily expressed it, the American pig &#8216;marched in triumph through the Brandenburg Gate'&#8221; (<a href=\"https:\/\/archive.org\/details\/williamwalterphe02herr\/page\/238\/mode\/2up\" target=\"_blank\" rel=\"noopener noreferrer\">Herrick 239<\/a>). For more information on American efforts relating to the admission on American pork into Germany and the role played by Phelps, see Hugh M. Herrick, <em>William Walter Phelps: His Life and Public Services<\/em> (New York: Knickerbocker Press, 1904: 238f). [<a href=\"https:\/\/archive.org\/details\/williamwalterphe02herr\/page\/238\/mode\/2up\" target=\"_blank\" rel=\"noopener noreferrer\">link<\/a>].<\/p>\n<\/div>\n<\/div><\/div><div id=\"panel-gb54-69ff23ba0e445-0-0-4\" class=\"so-panel widget widget_sow-editor\" data-index=\"4\" ><div class=\"so-widget-sow-editor so-widget-sow-editor-base\"><h3 class=\"widget-title\">Mark Twain on the German Language<\/h3>\n<div class=\"siteorigin-widget-tinymce textwidget\">\n\t<p>After his first visit to Europe, Twain published <em>A Tramp Abroad <\/em>(1880), mainly an account of his travels through Germany and Switzerland. <a name=\"germanlanguage\"><\/a>His famous essay &#8220;The Awful German Language&#8221; appears as Appendix D. He describes the complexities of German grammatical rules in humorous fashion, summarizing his thoughts by saying that \u201c[t]he inventor of the language seems to have taken pleasure in complicating it in every way he could think of\u201d (<a href=\"https:\/\/archive.org\/details\/cu31924099427548\/page\/n627\/mode\/2up\" target=\"_blank\" rel=\"noopener noreferrer\">606<\/a>).<\/p>\n<p>Mark Twain. A <em>Tramp Abroad<\/em>. Hartford: American Publishing Company, 1880. [<a href=\"https:\/\/archive.org\/details\/cu31924099427548\/page\/n11\/mode\/2up\" target=\"_blank\" rel=\"noopener noreferrer\">Full text of 1880 edition<\/a>]. Wikipedia entry <em><a href=\"https:\/\/en.wikipedia.org\/wiki\/A_Tramp_Abroad\">A Tramp Abroad<\/a>. <\/em><\/p>\n<\/div>\n<\/div><\/div><div id=\"panel-gb54-69ff23ba0e445-0-0-5\" class=\"so-panel widget widget_sow-editor\" data-index=\"5\" ><div class=\"so-widget-sow-editor so-widget-sow-editor-base\"><h3 class=\"widget-title\">Mark Twain&#8217;s Visit to Berlin (9 Oct 1891 &#8211; 1 Mch 1892)<\/h3>\n<div class=\"siteorigin-widget-tinymce textwidget\">\n\t<p><a name=\"berlinvisit\"><\/a>In an interview with <em>The New York<\/em> <em>Times, <\/em>Mark Twain stated that he and his family were visiting Berlin for work reasons (Scharnhorst 362). | Scharnhorst, Gary, ed. <em>Mark Twain: The Complete Interviews. <\/em>U of Alabama P, 2006. Web.<\/p>\n<p>For more information on Twain in Berlin, see<br \/>\n&#8211; <em><a href=\"https:\/\/archive.org\/details\/in.ernet.dli.2015.176144\/page\/n227\/mode\/2up?q=berlin\" target=\"_blank\" rel=\"noopener noreferrer\">Mark Twain&#8217;s Notebook<\/a><\/em>, Prepared for Publication With Comments by Albert Bigelow Paine. New York: Harper &amp; Brothers, 1935: 218ff.<br \/>\n&#8211; Paine, Albert B., ed. <em><a href=\"https:\/\/archive.org\/details\/marktwainabiogr02paingoog\/page\/n128\/mode\/2up?q=berlin\" target=\"_blank\" rel=\"noopener noreferrer\">Mark Twain, A Biography<\/a>: The Personal and Literary Life of Samuel Langhorne Clemens.<\/em> Vol 3 of 3\u00a0vols. New York and London: Harper &amp; Brothers, 1912: 929-944.<\/p>\n<\/div>\n<\/div><\/div><div id=\"panel-gb54-69ff23ba0e445-0-0-6\" class=\"so-panel widget widget_sow-editor\" data-index=\"6\" ><div class=\"so-widget-sow-editor so-widget-sow-editor-base\"><h3 class=\"widget-title\">Phelps, William Walter (1839-1894)<\/h3>\n<div class=\"siteorigin-widget-tinymce textwidget\">\n\t<p><a name=\"phelps\">William Walter Phelps<\/a> (1839-1894) was an American politician who was appointed by President Harrison to represent the United States in Germany at the International Congress on the Samoan Question in 1889. He was later appointed envoy of the United States in Berlin and held this position from 1889-1893.<\/p>\n<p>\u201cPhelps, William Walter (1839\u20131894).\u201d Biographical Directory of the United States Congress: 1774\u2013Present. <em>BioGuideRetro.congress.gov <\/em>n. d. Web. 12 Sept. 2020.<\/p>\n<\/div>\n<\/div><\/div><div id=\"panel-gb54-69ff23ba0e445-0-0-7\" class=\"so-panel widget widget_sow-editor\" data-index=\"7\" ><div class=\"so-widget-sow-editor so-widget-sow-editor-base\"><h3 class=\"widget-title\">Santa Hermandad<\/h3>\n<div class=\"siteorigin-widget-tinymce textwidget\">\n\t<p>In Spain during the 12<sup>th<\/sup> and 13<sup>th<\/sup> century, brotherhoods (hermandades) <a name=\"santahermandad\"><\/a>were created as paramilitary organizations that controlled commerce and protected town districts. In the 15<sup>th<\/sup> century, those brotherhoods developed into more political entities like the Santa Hermandad that took on a police-like position and became a part of the royal administration of Fernando II of Aragon. The brotherhood was known for its \u201cheavy taxation and rigorous interpretation of the law\u201d (Kagay 221).<\/p>\n<p>In a travel letter published in 1892, Mark Twain addresses Berlin\u2019s tax regulations and states that &#8220;[w]hoever comes to Berlin must furnish these particulars to the police immediately; moreover, if he knows how long he is going to stay, he must say so. If he take[s] a house he will be taxed on the rent and taxed also on his income&#8221; [<a href=\"https:\/\/archive.org\/details\/shortstories00twairich\/page\/214\/mode\/2up\" target=\"_blank\" rel=\"noopener noreferrer\">link<\/a>]. In alluding to St. Hermandad, Mark Twain apparently assumed readers would understand the connection between heavy taxation and the Spanish brotherhood.<\/p>\n<p>Donald J. Kagay. \u201cSanta Hermandad.\u201d <em>The Oxford Encyclopedia of Medieval Warfare and Military Technology. <\/em>Ed. Clifford J. Rogers. Vol. 1. Oxford UP, 2010. 220\u201321.\u00a0Web.<\/p>\n<p>Mark Twain, &#8220;The Chicago of Europe.&#8221; <em>Chicago Daily Tribune<\/em>, April 3, 1892. Transcribed and reproduced with original illustrations by Dan Beard and Harold R. Heaton by Barbara Schmidt [<a href=\"http:\/\/www.twainquotes.com\/Travel1891\/April1892.html\" target=\"_blank\" rel=\"noopener noreferrer\">link<\/a>]. The travel letter from Berlin also appeared as &#8220;<a href=\"https:\/\/chroniclingamerica.loc.gov\/lccn\/sn83030272\/1892-04-03\/ed-1\/seq-24\/\" target=\"_blank\" rel=\"noopener noreferrer\">The German Chicago<\/a>&#8221; in <em>The Sun<\/em> (New York) 03 April 1892, p. 4, c. 4-6. The text was reprinted in the essay collections<em> The \u00a31,000,000 Bank-Note, and Other New Stories<\/em> (New York: Charles L. Webster, 1893: 210-232) [<a href=\"https:\/\/archive.org\/details\/shortstories00twairich\/page\/210\/mode\/2up\" target=\"_blank\" rel=\"noopener noreferrer\">link<\/a>], <em>The American Claimant and Other Stories and Sketches<\/em> (New York: Harper and Brothers, 1899: 502-517) [<a href=\"https:\/\/archive.org\/details\/worksmark21twairich\/page\/n521\/mode\/2up\" target=\"_blank\" rel=\"noopener noreferrer\">link<\/a>], and <em>In Defense of Harriet Shelley, and Other Essays<\/em> (New York: Harper and Brothers, 1918):\u00a0 244-262. [<a href=\"https:\/\/archive.org\/details\/cu31924007787652\/page\/n259\/mode\/2up\" target=\"_blank\" rel=\"noopener noreferrer\">link<\/a>]<\/p>\n<p>&nbsp;<\/p>\n<\/div>\n<\/div><\/div><div id=\"panel-gb54-69ff23ba0e445-0-0-8\" class=\"so-panel widget widget_sow-editor panel-last-child\" data-index=\"8\" ><div class=\"so-widget-sow-editor so-widget-sow-editor-base\"><h3 class=\"widget-title\">Welt (Newspaper)<\/h3>\n<div class=\"siteorigin-widget-tinymce textwidget\">\n\t<\/div>\n<\/div><\/div><\/div><\/div><\/div>\n\n<div>You need to add a widget, row, or prebuilt layout before you&#8217;ll see anything here. \ud83d\ude42<\/div>","protected":false},"excerpt":{"rendered":"<p>Association of American Physicians, Berlin [Association amerikanischer \u00c4rzte]. \u2014 &#8220;Americans in Berlin also had their own medical organization. An Association of American Physicians was founded in the city in 1891 under the leadership of the American dentist Willoughby Dayton Miller, &hellip; <a href=\"https:\/\/blogs.urz.uni-halle.de\/twain\/annotations\/\">Continue reading <span class=\"meta-nav\">&rarr;<\/span><\/a><\/p>\n","protected":false},"author":4358,"featured_media":0,"parent":0,"menu_order":0,"comment_status":"closed","ping_status":"closed","template":"","meta":[],"_links":{"self":[{"href":"https:\/\/blogs.urz.uni-halle.de\/twain\/wp-json\/wp\/v2\/pages\/54"}],"collection":[{"href":"https:\/\/blogs.urz.uni-halle.de\/twain\/wp-json\/wp\/v2\/pages"}],"about":[{"href":"https:\/\/blogs.urz.uni-halle.de\/twain\/wp-json\/wp\/v2\/types\/page"}],"author":[{"embeddable":true,"href":"https:\/\/blogs.urz.uni-halle.de\/twain\/wp-json\/wp\/v2\/users\/4358"}],"replies":[{"embeddable":true,"href":"https:\/\/blogs.urz.uni-halle.de\/twain\/wp-json\/wp\/v2\/comments?post=54"}],"version-history":[{"count":11,"href":"https:\/\/blogs.urz.uni-halle.de\/twain\/wp-json\/wp\/v2\/pages\/54\/revisions"}],"predecessor-version":[{"id":379,"href":"https:\/\/blogs.urz.uni-halle.de\/twain\/wp-json\/wp\/v2\/pages\/54\/revisions\/379"}],"wp:attachment":[{"href":"https:\/\/blogs.urz.uni-halle.de\/twain\/wp-json\/wp\/v2\/media?parent=54"}],"curies":[{"name":"wp","href":"https:\/\/api.w.org\/{rel}","templated":true}]}}