{"id":17,"date":"2017-03-22T00:04:12","date_gmt":"2017-03-21T23:04:12","guid":{"rendered":"https:\/\/blogs.urz.uni-halle.de\/uniimkapitalismus\/?page_id=17"},"modified":"2018-01-11T19:06:54","modified_gmt":"2018-01-11T18:06:54","slug":"home","status":"publish","type":"page","link":"https:\/\/blogs.urz.uni-halle.de\/uniimkapitalismus\/","title":{"rendered":"Startseite"},"content":{"rendered":"<h4 id=\"magicdomid3\" style=\"text-align: justify\"><span class=\"author-g-jg41lomqgnqukh3v\">In diesem Sommersemester wollen wir mit euch einen kritischen Blick auf <\/span><span class=\"author-g-y52d9uptchratvwj\">die <\/span><span class=\"author-g-jg41lomqgnqukh3v\">Universit\u00e4t werfen. Dabei wollen <\/span><span class=\"author-g-y52d9uptchratvwj\">wir <\/span><span class=\"author-g-jg41lomqgnqukh3v\">aber nicht an dem offensichtlichen Statement, da<\/span><span class=\"author-g-y52d9uptchratvwj\">s<\/span><span class=\"author-g-jg41lomqgnqukh3v\">s Vieles ziemlich schlecht l\u00e4uft, stehen bleiben, sondern auch fragen, warum die Uni &#8211; immer mal wieder als Ort der Freiheit vorgestellt &#8211; so viele autorit\u00e4re Tendenzen hat, warum es zum Beispiel keine Hochschuldemokratie und eine Schwemme von unn\u00f6tigen Pr\u00fcfungsleistungen gibt.<\/span><span class=\"author-g-y52d9uptchratvwj\"> Unser Ziel ist es, die Bedingungen der Produktion und Vermittlung von Wissen zu hinterfragen. <\/span><span class=\"author-g-jg41lomqgnqukh3v\">Dabei wollen wir zum einen radikal kritisieren, das hei\u00dft den Dingen auch auf den Grund gehen und damit auch \u00fcber das herrschende Wirtschafts- und Gesellschaftssystem reden: den Kapitalismus. Die<\/span><span class=\"author-g-y52d9uptchratvwj\"> Vortr\u00e4ge sollen dabei verschiedene Aspekte der Bedeutung und Funktion der Universit\u00e4t als Institution des Kapitalismus beleuchten. Dazu<\/span><span class=\"author-g-jg41lomqgnqukh3v\"> laden wir Theoretiker*innen ein, die sich mit der Analyse auseinandersetzen <\/span><span class=\"author-g-y52d9uptchratvwj\">und wollen anschlie\u00dfend mit euch \u00fcber praktische Konsequenzen diskutieren<\/span><span class=\"author-g-jg41lomqgnqukh3v\">.<\/span><\/h4>\n","protected":false},"excerpt":{"rendered":"<p>In diesem Sommersemester wollen wir mit euch einen kritischen Blick auf die Universit\u00e4t werfen. Dabei wollen wir aber nicht an dem offensichtlichen Statement, dass Vieles ziemlich schlecht l\u00e4uft, stehen bleiben, sondern auch fragen, warum die Uni &#8211; immer mal wieder als Ort der Freiheit vorgestellt &#8211; so viele autorit\u00e4re Tendenzen hat, warum es zum Beispiel [&hellip;]<\/p>\n","protected":false},"author":2451,"featured_media":0,"parent":0,"menu_order":0,"comment_status":"closed","ping_status":"closed","template":"","meta":[],"_links":{"self":[{"href":"https:\/\/blogs.urz.uni-halle.de\/uniimkapitalismus\/wp-json\/wp\/v2\/pages\/17"}],"collection":[{"href":"https:\/\/blogs.urz.uni-halle.de\/uniimkapitalismus\/wp-json\/wp\/v2\/pages"}],"about":[{"href":"https:\/\/blogs.urz.uni-halle.de\/uniimkapitalismus\/wp-json\/wp\/v2\/types\/page"}],"author":[{"embeddable":true,"href":"https:\/\/blogs.urz.uni-halle.de\/uniimkapitalismus\/wp-json\/wp\/v2\/users\/2451"}],"replies":[{"embeddable":true,"href":"https:\/\/blogs.urz.uni-halle.de\/uniimkapitalismus\/wp-json\/wp\/v2\/comments?post=17"}],"version-history":[{"count":10,"href":"https:\/\/blogs.urz.uni-halle.de\/uniimkapitalismus\/wp-json\/wp\/v2\/pages\/17\/revisions"}],"predecessor-version":[{"id":293,"href":"https:\/\/blogs.urz.uni-halle.de\/uniimkapitalismus\/wp-json\/wp\/v2\/pages\/17\/revisions\/293"}],"wp:attachment":[{"href":"https:\/\/blogs.urz.uni-halle.de\/uniimkapitalismus\/wp-json\/wp\/v2\/media?parent=17"}],"curies":[{"name":"wp","href":"https:\/\/api.w.org\/{rel}","templated":true}]}}