{"id":2,"date":"2023-07-18T16:15:06","date_gmt":"2023-07-18T14:15:06","guid":{"rendered":"https:\/\/blogs.urz.uni-halle.de\/vererbungslehre\/?page_id=2"},"modified":"2023-07-21T15:35:53","modified_gmt":"2023-07-21T13:35:53","slug":"allg-infos","status":"publish","type":"page","link":"https:\/\/blogs.urz.uni-halle.de\/vererbungslehre\/","title":{"rendered":""},"content":{"rendered":"<h2><span style=\"color: #993366\">Grund und Funktion der Webseite<\/span><\/h2>\n<p dir=\"ltr\">Ich, Autorin dieser Webseite, bin Studentin der Martin-Luther Universit\u00e4t Halle-Wittenberg. Diese Webseite ist ein Medienprodukt, das ich im Kontext des Erg\u00e4nzungsstudiengangs Medienbildung und des Lehramtsfaches Biologie erstellt habe.<\/p>\n<p dir=\"ltr\"><strong>Diese Webseite richtet sich an alle Lernenden, die sich mit dem Thema Vererbungslehre nach Gregor Mendel auseinandersetzen wollen und eine M\u00f6glichkeit zum \u00dcben von Kreuzungsschemata suchen.<\/strong><\/p>\n<p dir=\"ltr\">\n<h2><span style=\"color: #993366\">Aufbau der Webseite<\/span><\/h2>\n<p><strong>Fachbegriffe:<\/strong><br \/>\nUnter diesem Punkt sind einige wichtige Bergrifflichkeiten gekl\u00e4rt, welche im Zusammenhang mit der Vererbungslehre und dem Inhalt der Webseite grundlegend sind. Zudem wird in einem Video der Aufbau von Kreuzungsschemata erkl\u00e4rt und mit einem Beispiel verdeutlicht.<\/p>\n<p><strong>1. Mendelsche Regel:<br \/>\n<\/strong>Unter diesem Aspekt ist eine Erkl\u00e4rung sowie eine interaktive \u00dcbung, zur Festigung der Kenntnisse, zu finden.<\/p>\n<p><strong>2. Mendelsche Regel:<br \/>\n<\/strong>Dieser Aspekt besitzt den gleichen Aufbau, wie der vorherige.<\/p>\n<p><strong>Komplexe \u00dcbungen:<br \/>\n<\/strong>Unter dem letzten Punkt finden sich weitere \u00dcbungen. Diese sind als komplexere Textaufgaben formuliert und in verschiedene Schwierigkeitsgrade unterteilt. Die L\u00f6sung dieser Probleme erfordert die eigenst\u00e4ndige Anwendung der Kenntnisse zur Vererbungslehre nach Gregor Mendel.<\/p>\n<p><strong>Hinweise zur Verwendung:<\/strong><br \/>\nDie Abschnitte der Webseite bauen aufeinander auf. Insofern keine Vorkenntnisse zu den Fachbegriffen vorhanden sind, ist es notwendig sich mit diesem Abschnitt zuerst zu befassen, bevor die Mendelschen Regeln bearbeitet werden. Die komplexen Aufgaben sollten zudem erst nach dem umfassenden Verst\u00e4ndnis der Mendelschen Regeln bearbeitet werden.<\/p>\n<h2><\/h2>\n","protected":false},"excerpt":{"rendered":"<p>Grund und Funktion der Webseite Ich, Autorin dieser Webseite, bin Studentin der Martin-Luther Universit\u00e4t Halle-Wittenberg. Diese Webseite ist ein Medienprodukt, das ich im Kontext des Erg\u00e4nzungsstudiengangs Medienbildung und des Lehramtsfaches Biologie erstellt habe. Diese Webseite richtet sich an alle Lernenden, <a class=\"more-link\" href=\"https:\/\/blogs.urz.uni-halle.de\/vererbungslehre\/\">weiterlesen  <span class=\"screen-reader-text\">  <\/span><span class=\"meta-nav\">&rarr;<\/span><\/a><\/p>\n","protected":false},"author":5718,"featured_media":0,"parent":0,"menu_order":0,"comment_status":"closed","ping_status":"closed","template":"","meta":[],"_links":{"self":[{"href":"https:\/\/blogs.urz.uni-halle.de\/vererbungslehre\/wp-json\/wp\/v2\/pages\/2"}],"collection":[{"href":"https:\/\/blogs.urz.uni-halle.de\/vererbungslehre\/wp-json\/wp\/v2\/pages"}],"about":[{"href":"https:\/\/blogs.urz.uni-halle.de\/vererbungslehre\/wp-json\/wp\/v2\/types\/page"}],"author":[{"embeddable":true,"href":"https:\/\/blogs.urz.uni-halle.de\/vererbungslehre\/wp-json\/wp\/v2\/users\/5718"}],"replies":[{"embeddable":true,"href":"https:\/\/blogs.urz.uni-halle.de\/vererbungslehre\/wp-json\/wp\/v2\/comments?post=2"}],"version-history":[{"count":6,"href":"https:\/\/blogs.urz.uni-halle.de\/vererbungslehre\/wp-json\/wp\/v2\/pages\/2\/revisions"}],"predecessor-version":[{"id":159,"href":"https:\/\/blogs.urz.uni-halle.de\/vererbungslehre\/wp-json\/wp\/v2\/pages\/2\/revisions\/159"}],"wp:attachment":[{"href":"https:\/\/blogs.urz.uni-halle.de\/vererbungslehre\/wp-json\/wp\/v2\/media?parent=2"}],"curies":[{"name":"wp","href":"https:\/\/api.w.org\/{rel}","templated":true}]}}