{"id":45,"date":"2023-07-18T18:40:47","date_gmt":"2023-07-18T16:40:47","guid":{"rendered":"https:\/\/blogs.urz.uni-halle.de\/vererbungslehre\/?page_id=45"},"modified":"2023-07-20T21:49:21","modified_gmt":"2023-07-20T19:49:21","slug":"45-2","status":"publish","type":"page","link":"https:\/\/blogs.urz.uni-halle.de\/vererbungslehre\/45-2\/","title":{"rendered":""},"content":{"rendered":"<h2 style=\"text-align: center\"><span style=\"color: #993366\">Die Spaltungsregel<\/span><\/h2>\n<p dir=\"ltr\" style=\"text-align: center\"><strong>Kreuzt man zwei Individuen der F1-Generation untereinander, so spalten sich ihre Nachkommen (die F2-Generation), <\/strong><strong>in Bezug auf die Merkmale der Eltern, in bestimmte Zahlenverh\u00e4ltnisse auf. Das Spaltungsverh\u00e4ltnis <\/strong><strong>im Genotyp lautet 1:2:1 und das Spaltungsverh\u00e4ltnis im Ph\u00e4notyp lautet 3:1 (Passarge, 2004).<\/strong><\/p>\n<p dir=\"ltr\" style=\"text-align: left\">\u00a0<\/p>\n\n\n<div class=\"wp-block-media-text alignwide is-stacked-on-mobile\"><figure class=\"wp-block-media-text__media\"><img loading=\"lazy\" width=\"586\" height=\"1024\" src=\"https:\/\/blogs.urz.uni-halle.de\/vererbungslehre\/files\/2023\/07\/Hase-2-586x1024.png\" alt=\"\" class=\"wp-image-109\" srcset=\"https:\/\/blogs.urz.uni-halle.de\/vererbungslehre\/files\/2023\/07\/Hase-2-586x1024.png 586w, https:\/\/blogs.urz.uni-halle.de\/vererbungslehre\/files\/2023\/07\/Hase-2-172x300.png 172w, https:\/\/blogs.urz.uni-halle.de\/vererbungslehre\/files\/2023\/07\/Hase-2.png 761w\" sizes=\"(max-width: 586px) 100vw, 586px\" \/><\/figure><div class=\"wp-block-media-text__content\">\n<p>Diese Regel besagt, dass zwei Lebewesen der ersten Tochtergeneration miteinander gekreuzt werden. Sie haben also, laut der 1. Mendelschen Regel, den gleichen Genotyp. Ihre Nachkommen bilden die zweite Tochtergeneration. Als Ergebnis der Kreuzung entstehen im Genotyp drei verschiedene Varianten, wobei die Allele folgenderma\u00dfen vorliegen: bei einem Lebewesen homozygot dominant, bei zwei Lebewesen heterozygot und bei einem Lebewesen homozygot rezessiv. Im Ph\u00e4notyp haben drei Lebewesen die gleiche Merkmalsauspr\u00e4gung und ein Lebewesen eine andere. Bez\u00fcglich der ph\u00e4notypischen Merkmalsauspr\u00e4gung der Elterngeneration gleichen drei Lebewesen dem homozygot dominanten Elternteil und ein Lebewesen dem homozygot rezessiven Elternteil.<\/p>\n<\/div><\/div>\n\n\n\n<p><\/p>\n\n\n\n<p><\/p>\n\n\n<h2 style=\"text-align: center\"><span style=\"color: #993366\">Interaktive \u00dcbung zur 2. Mendelschen Regel<\/span><\/h2>\n<p dir=\"ltr\">Teste dein Wissen mit dieser \u00dcbung!<\/p>\n\n<div class=\"h5p-iframe-wrapper\"><iframe id=\"h5p-iframe-3\" class=\"h5p-iframe\" data-content-id=\"3\" style=\"height:1px\" src=\"about:blank\" frameBorder=\"0\" scrolling=\"no\" title=\"\u00dcbungsaufgaben - 2. Mendelsche Regel\"><\/iframe><\/div>\n","protected":false},"excerpt":{"rendered":"<p>Die Spaltungsregel Kreuzt man zwei Individuen der F1-Generation untereinander, so spalten sich ihre Nachkommen (die F2-Generation), in Bezug auf die Merkmale der Eltern, in bestimmte Zahlenverh\u00e4ltnisse auf. Das Spaltungsverh\u00e4ltnis im Genotyp lautet 1:2:1 und das Spaltungsverh\u00e4ltnis im Ph\u00e4notyp lautet 3:1 <a class=\"more-link\" href=\"https:\/\/blogs.urz.uni-halle.de\/vererbungslehre\/45-2\/\">weiterlesen  <span class=\"screen-reader-text\">  <\/span><span class=\"meta-nav\">&rarr;<\/span><\/a><\/p>\n","protected":false},"author":5718,"featured_media":0,"parent":0,"menu_order":0,"comment_status":"closed","ping_status":"closed","template":"","meta":[],"_links":{"self":[{"href":"https:\/\/blogs.urz.uni-halle.de\/vererbungslehre\/wp-json\/wp\/v2\/pages\/45"}],"collection":[{"href":"https:\/\/blogs.urz.uni-halle.de\/vererbungslehre\/wp-json\/wp\/v2\/pages"}],"about":[{"href":"https:\/\/blogs.urz.uni-halle.de\/vererbungslehre\/wp-json\/wp\/v2\/types\/page"}],"author":[{"embeddable":true,"href":"https:\/\/blogs.urz.uni-halle.de\/vererbungslehre\/wp-json\/wp\/v2\/users\/5718"}],"replies":[{"embeddable":true,"href":"https:\/\/blogs.urz.uni-halle.de\/vererbungslehre\/wp-json\/wp\/v2\/comments?post=45"}],"version-history":[{"count":10,"href":"https:\/\/blogs.urz.uni-halle.de\/vererbungslehre\/wp-json\/wp\/v2\/pages\/45\/revisions"}],"predecessor-version":[{"id":157,"href":"https:\/\/blogs.urz.uni-halle.de\/vererbungslehre\/wp-json\/wp\/v2\/pages\/45\/revisions\/157"}],"wp:attachment":[{"href":"https:\/\/blogs.urz.uni-halle.de\/vererbungslehre\/wp-json\/wp\/v2\/media?parent=45"}],"curies":[{"name":"wp","href":"https:\/\/api.w.org\/{rel}","templated":true}]}}