{"id":14,"date":"2020-11-09T16:31:18","date_gmt":"2020-11-09T15:31:18","guid":{"rendered":"https:\/\/blogs.urz.uni-halle.de\/wasserverbrauch\/?page_id=14"},"modified":"2020-11-10T16:00:15","modified_gmt":"2020-11-10T15:00:15","slug":"startseite","status":"publish","type":"page","link":"https:\/\/blogs.urz.uni-halle.de\/wasserverbrauch\/","title":{"rendered":"Startseite"},"content":{"rendered":"<div class=\"twoclick_social_bookmarks_post_14 social_share_privacy clearfix 1.6.4 locale-de_DE sprite-de_DE\"><\/div><div class=\"twoclick-js\"><script type=\"text\/javascript\">\/* <![CDATA[ *\/\njQuery(document).ready(function($){if($('.twoclick_social_bookmarks_post_14')){$('.twoclick_social_bookmarks_post_14').socialSharePrivacy({\"txt_help\":\"Wenn Sie diese Felder durch einen Klick aktivieren, werden Informationen an Facebook, Twitter, Flattr, Xing, t3n, LinkedIn, Pinterest oder Google eventuell ins Ausland \\u00fcbertragen und unter Umst\\u00e4nden auch dort gespeichert. N\\u00e4heres erfahren Sie durch einen Klick auf das <em>i<\\\/em>.\",\"settings_perma\":\"Dauerhaft aktivieren und Daten\\u00fcber-tragung zustimmen:\",\"info_link\":\"http:\\\/\\\/www.heise.de\\\/ct\\\/artikel\\\/2-Klicks-fuer-mehr-Datenschutz-1333879.html\",\"uri\":\"https:\\\/\\\/blogs.urz.uni-halle.de\\\/wasserverbrauch\\\/\",\"post_id\":14,\"post_title_referrer_track\":\"Startseite\",\"display_infobox\":\"on\"});}});\n\/* ]]> *\/<\/script><\/div>\t\t<div data-elementor-type=\"wp-page\" data-elementor-id=\"14\" class=\"elementor elementor-14\" data-elementor-settings=\"[]\">\n\t\t\t\t\t\t<div class=\"elementor-inner\">\n\t\t\t\t\t\t\t<div class=\"elementor-section-wrap\">\n\t\t\t\t\t\t\t<section class=\"elementor-section elementor-top-section elementor-element elementor-element-524442b elementor-section-boxed elementor-section-height-default elementor-section-height-default\" data-id=\"524442b\" data-element_type=\"section\">\n\t\t\t\t\t\t<div class=\"elementor-container elementor-column-gap-default\">\n\t\t\t\t\t\t\t<div class=\"elementor-row\">\n\t\t\t\t\t<div class=\"elementor-column elementor-col-100 elementor-top-column elementor-element elementor-element-55636fa2\" data-id=\"55636fa2\" data-element_type=\"column\">\n\t\t\t<div class=\"elementor-column-wrap elementor-element-populated\">\n\t\t\t\t\t\t\t<div class=\"elementor-widget-wrap\">\n\t\t\t\t\t\t<div class=\"elementor-element elementor-element-e52d8d0 elementor-widget elementor-widget-text-editor\" data-id=\"e52d8d0\" data-element_type=\"widget\" data-widget_type=\"text-editor.default\">\n\t\t\t\t<div class=\"elementor-widget-container\">\n\t\t\t\t\t<div class=\"elementor-text-editor elementor-clearfix\"><!-- wp:paragraph -->\n<p>Nachhaltigkeit und Umweltfreundlichkeit sind die Schlagw\u00f6rter unserer gegenw\u00e4rtigen Zeit. Dabei spielt auch der Wasserverbrauch und die Wasserknappheit eine wesentliche Rolle. Hier in Deutschland sind wir in einer privilegierten Lage, uns mangelt es nicht an Trinkwasser. Das sieht in anderen L\u00e4ndern der Welt ganz anders aus, und wird in den folgenden Jahren durch den Klimawandel h\u00f6chstwahrscheinlich zu einem noch gr\u00f6\u00dferen Problem, als es heutzutage schon ist. <br \/>Um mehr \u00fcber dieses Thema zu erfahren klicke dich gerne durch meinen Blog, bei dem es verschiedene Aspekte rund um Wasser(knappheit) zu finden sind.<\/p>\n<!-- \/wp:paragraph --><\/div>\n\t\t\t\t<\/div>\n\t\t\t\t<\/div>\n\t\t\t\t\t\t<\/div>\n\t\t\t\t\t<\/div>\n\t\t<\/div>\n\t\t\t\t\t\t\t\t<\/div>\n\t\t\t\t\t<\/div>\n\t\t<\/section>\n\t\t\t\t\t\t<\/div>\n\t\t\t\t\t\t<\/div>\n\t\t\t\t\t<\/div>\n\t\t","protected":false},"excerpt":{"rendered":"<p>Nachhaltigkeit und Umweltfreundlichkeit sind die Schlagw\u00f6rter unserer gegenw\u00e4rtigen Zeit. Dabei spielt auch der Wasserverbrauch und die Wasserknappheit eine wesentliche Rolle. Hier in Deutschland sind wir in einer privilegierten Lage, uns mangelt es nicht an Trinkwasser. Das sieht in anderen L\u00e4ndern &hellip; <a href=\"https:\/\/blogs.urz.uni-halle.de\/wasserverbrauch\/\">Weiterlesen <span class=\"meta-nav\">&rarr;<\/span><\/a><\/p>\n","protected":false},"author":4474,"featured_media":0,"parent":0,"menu_order":0,"comment_status":"closed","ping_status":"closed","template":"","meta":[],"_links":{"self":[{"href":"https:\/\/blogs.urz.uni-halle.de\/wasserverbrauch\/wp-json\/wp\/v2\/pages\/14"}],"collection":[{"href":"https:\/\/blogs.urz.uni-halle.de\/wasserverbrauch\/wp-json\/wp\/v2\/pages"}],"about":[{"href":"https:\/\/blogs.urz.uni-halle.de\/wasserverbrauch\/wp-json\/wp\/v2\/types\/page"}],"author":[{"embeddable":true,"href":"https:\/\/blogs.urz.uni-halle.de\/wasserverbrauch\/wp-json\/wp\/v2\/users\/4474"}],"replies":[{"embeddable":true,"href":"https:\/\/blogs.urz.uni-halle.de\/wasserverbrauch\/wp-json\/wp\/v2\/comments?post=14"}],"version-history":[{"count":3,"href":"https:\/\/blogs.urz.uni-halle.de\/wasserverbrauch\/wp-json\/wp\/v2\/pages\/14\/revisions"}],"predecessor-version":[{"id":170,"href":"https:\/\/blogs.urz.uni-halle.de\/wasserverbrauch\/wp-json\/wp\/v2\/pages\/14\/revisions\/170"}],"wp:attachment":[{"href":"https:\/\/blogs.urz.uni-halle.de\/wasserverbrauch\/wp-json\/wp\/v2\/media?parent=14"}],"curies":[{"name":"wp","href":"https:\/\/api.w.org\/{rel}","templated":true}]}}