{"id":66,"date":"2020-02-25T16:06:19","date_gmt":"2020-02-25T15:06:19","guid":{"rendered":"https:\/\/blogs.urz.uni-halle.de\/wayout\/?page_id=66"},"modified":"2020-03-21T14:24:35","modified_gmt":"2020-03-21T13:24:35","slug":"meine-bilder","status":"publish","type":"page","link":"https:\/\/blogs.urz.uni-halle.de\/wayout\/meine-bilder\/","title":{"rendered":"Meine Bilder"},"content":{"rendered":"\n<p style=\"font-size:23px\">&#8222;Kunst ist Magie, befreit von der L\u00fcge, Wahrheit zu sein.&#8220;<\/p>\n\n\n\n<p style=\"font-size:18px\">&#8211;  Theodor W. Adorno<\/p>\n\n\n\n<div style=\"height:40px\" aria-hidden=\"true\" class=\"wp-block-spacer\"><\/div>\n\n\n\n<figure class=\"wp-block-image size-large is-resized\"><a href=\"https:\/\/blogs.urz.uni-halle.de\/wayout\/files\/2020\/03\/Magische-Welt-2-scaled.jpg\"><img loading=\"lazy\" src=\"https:\/\/blogs.urz.uni-halle.de\/wayout\/files\/2020\/03\/Magische-Welt-2-785x344.jpg\" alt=\"\" class=\"wp-image-396\" width=\"1116\" height=\"489\" srcset=\"https:\/\/blogs.urz.uni-halle.de\/wayout\/files\/2020\/03\/Magische-Welt-2-785x344.jpg 785w, https:\/\/blogs.urz.uni-halle.de\/wayout\/files\/2020\/03\/Magische-Welt-2-300x131.jpg 300w, https:\/\/blogs.urz.uni-halle.de\/wayout\/files\/2020\/03\/Magische-Welt-2-768x336.jpg 768w, https:\/\/blogs.urz.uni-halle.de\/wayout\/files\/2020\/03\/Magische-Welt-2-1536x672.jpg 1536w, https:\/\/blogs.urz.uni-halle.de\/wayout\/files\/2020\/03\/Magische-Welt-2-2048x896.jpg 2048w\" sizes=\"(max-width: 1116px) 100vw, 1116px\" \/><\/a><\/figure>\n\n\n\n<div style=\"height:40px\" aria-hidden=\"true\" class=\"wp-block-spacer\"><\/div>\n\n\n\n<p class=\"has-medium-font-size\">Was ist schon Kunst? Ist nicht alles in einer gewissen Weise Kunst? Es f\u00e4ngt doch schon mit unserer Erde an, unserem Sonnensystem, der Natur, dem Kreislauf des Lebens, der Geburt. Kunst finden wir \u00fcberall.<br><br>Kunst ist etwas, das die Menschheit braucht. Sie ist eine Form der Kommunikation, sie bringt Farbe in unsere graue schnelle Welt, sie inspiriert und l\u00e4sst uns all das ausdr\u00fccken, was manchmal schwer f\u00e4llt in Worte zu fassen &#8211; jedenfalls in der Malerei.<br><br>F\u00fcr mich verk\u00f6rpert Kunst Freiheit. Es gibt keinerlei Art von Grenzen oder Vorgaben. Sie symbolisiert jede Individualit\u00e4t eines K\u00fcnstlers. Sie ist meine Therapie. L\u00e4sst mich in unserer kurzlebigen Welt einen Moment abschalten und entspannen.<br><br>Lassen Sie sich selbst einen Moment von der Kunst ablenken und die Alltagsprobleme vergessen. Und vielleicht finden Sie ja selber Zeit, Stift oder Pinsel in die Hand zu nehmen und sich ihrer Kreativit\u00e4t hinzugeben.<\/p>\n\n\n\n<div style=\"height:60px\" aria-hidden=\"true\" class=\"wp-block-spacer\"><\/div>\n\n\n\n<p class=\"has-medium-font-size\">Hier gehts zu meinen Bildern:<\/p>\n\n\n\n<div style=\"height:30px\" aria-hidden=\"true\" class=\"wp-block-spacer\"><\/div>\n\n\n\n<div class=\"wp-block-button\"><a class=\"wp-block-button__link has-text-color has-background\" href=\"https:\/\/blogs.urz.uni-halle.de\/wayout\/landschaft\/\" style=\"background-color:#40b89a;color:#105893\">Landschaften<\/a><\/div>\n\n\n\n<div style=\"height:30px\" aria-hidden=\"true\" class=\"wp-block-spacer\"><\/div>\n\n\n\n<div class=\"wp-block-button\"><a class=\"wp-block-button__link has-text-color has-background\" href=\"https:\/\/blogs.urz.uni-halle.de\/wayout\/seen\/\" style=\"background-color:#caeaf9;color:#105893\">Seen<\/a><\/div>\n\n\n\n<div style=\"height:30px\" aria-hidden=\"true\" class=\"wp-block-spacer\"><\/div>\n\n\n\n<div class=\"wp-block-button\"><a class=\"wp-block-button__link has-text-color has-background\" href=\"https:\/\/blogs.urz.uni-halle.de\/wayout\/portraits\/\" style=\"background-color:#9cf0dc;color:#105893\">Portraits<\/a><\/div>\n\n\n\n<div style=\"height:30px\" aria-hidden=\"true\" class=\"wp-block-spacer\"><\/div>\n\n\n\n<div class=\"wp-block-button\"><a class=\"wp-block-button__link has-text-color has-background\" href=\"https:\/\/blogs.urz.uni-halle.de\/wayout\/pflanzen\/\" style=\"background-color:#b6dca8;color:#105893\">Pflanzen<\/a><\/div>\n","protected":false},"excerpt":{"rendered":"<p>&#8222;Kunst ist Magie, befreit von der L\u00fcge, Wahrheit zu sein.&#8220; &#8211; Theodor W. Adorno Was ist schon Kunst? Ist nicht alles in einer gewissen Weise Kunst? Es f\u00e4ngt doch schon mit unserer Erde an, unserem Sonnensystem, der Natur, dem Kreislauf des Lebens, der Geburt. Kunst finden wir \u00fcberall. Kunst ist etwas, das die Menschheit braucht. [&hellip;]<\/p>\n","protected":false},"author":4370,"featured_media":0,"parent":0,"menu_order":0,"comment_status":"closed","ping_status":"closed","template":"","meta":[],"_links":{"self":[{"href":"https:\/\/blogs.urz.uni-halle.de\/wayout\/wp-json\/wp\/v2\/pages\/66"}],"collection":[{"href":"https:\/\/blogs.urz.uni-halle.de\/wayout\/wp-json\/wp\/v2\/pages"}],"about":[{"href":"https:\/\/blogs.urz.uni-halle.de\/wayout\/wp-json\/wp\/v2\/types\/page"}],"author":[{"embeddable":true,"href":"https:\/\/blogs.urz.uni-halle.de\/wayout\/wp-json\/wp\/v2\/users\/4370"}],"replies":[{"embeddable":true,"href":"https:\/\/blogs.urz.uni-halle.de\/wayout\/wp-json\/wp\/v2\/comments?post=66"}],"version-history":[{"count":10,"href":"https:\/\/blogs.urz.uni-halle.de\/wayout\/wp-json\/wp\/v2\/pages\/66\/revisions"}],"predecessor-version":[{"id":573,"href":"https:\/\/blogs.urz.uni-halle.de\/wayout\/wp-json\/wp\/v2\/pages\/66\/revisions\/573"}],"wp:attachment":[{"href":"https:\/\/blogs.urz.uni-halle.de\/wayout\/wp-json\/wp\/v2\/media?parent=66"}],"curies":[{"name":"wp","href":"https:\/\/api.w.org\/{rel}","templated":true}]}}