{"id":72,"date":"2020-02-25T16:06:00","date_gmt":"2020-02-25T15:06:00","guid":{"rendered":"https:\/\/blogs.urz.uni-halle.de\/wayout\/?page_id=72"},"modified":"2020-03-18T10:44:58","modified_gmt":"2020-03-18T09:44:58","slug":"zur-person","status":"publish","type":"page","link":"https:\/\/blogs.urz.uni-halle.de\/wayout\/zur-person\/","title":{"rendered":"Zur Person"},"content":{"rendered":"\n<div class=\"wp-block-group alignwide\"><div class=\"wp-block-group__inner-container\">\n<div class=\"wp-block-media-text has-media-on-the-right has-background\" style=\"background-color:#ffffff;grid-template-columns:auto 46%\"><figure class=\"wp-block-media-text__media\"><img loading=\"lazy\" width=\"785\" height=\"625\" src=\"https:\/\/blogs.urz.uni-halle.de\/wayout\/files\/2020\/03\/Logo-785x625.png\" alt=\"\" class=\"wp-image-367\" srcset=\"https:\/\/blogs.urz.uni-halle.de\/wayout\/files\/2020\/03\/Logo-785x625.png 785w, https:\/\/blogs.urz.uni-halle.de\/wayout\/files\/2020\/03\/Logo-300x239.png 300w, https:\/\/blogs.urz.uni-halle.de\/wayout\/files\/2020\/03\/Logo-768x611.png 768w, https:\/\/blogs.urz.uni-halle.de\/wayout\/files\/2020\/03\/Logo.png 853w\" sizes=\"(max-width: 785px) 100vw, 785px\" \/><\/figure><div class=\"wp-block-media-text__content\">\n<p class=\"has-large-font-size\">Hi. <\/p>\n\n\n\n<p style=\"background-color:#dee7f7\" class=\"has-background\">Das Wichtigste, das ihr wissen m\u00fcsst: Mein Name ist Uta Binder und meine Vorliebe in der Malerei ist Acryl.<\/p>\n<\/div><\/div>\n<\/div><\/div>\n\n\n\n<p style=\"background-color:#dee7f7\" class=\"has-background\"><\/p>\n\n\n\n<p style=\"background-color:#dee7f7\" class=\"has-background has-medium-font-size\"> Meine Vita<br> &gt;  1960 geboren in K\u00f6ln<br> &gt;  1977 Abitur<br> &gt;  Studium Medizin &#8211; ich arbeite hauptberuflich als \u00c4rztin<br> &gt;  k\u00fcnstlerische Ausbildung Frank Heller<br> &gt;  k\u00fcnstlerische Ausbildung Berret Smith<\/p>\n\n\n\n<div class=\"wp-block-group\"><div class=\"wp-block-group__inner-container\">\n<div class=\"wp-block-group\"><div class=\"wp-block-group__inner-container\">\n<div class=\"wp-block-group\"><div class=\"wp-block-group__inner-container\">\n<p style=\"background-color:#dee7f7\" class=\"has-background has-medium-font-size\">Die Kunst ist nicht nur mein Hobby &#8211; es ist meine Leidenschaft. Immer wenn ich Zeit finde, male ich. Es ist meine Therapie, tr\u00e4gt zu meiner Entspannung bei und l\u00e4sst mich einen Moment abschalten. Meine Vorliebe in der Malerei ist Acryl, probiere mich aber auch mit Aquarell, Kohle, \u00d6l und Zeichnungen.<\/p>\n<\/div><\/div>\n<\/div><\/div>\n<\/div><\/div>\n\n\n\n<p style=\"background-color:#dee7f7\" class=\"has-background\"><\/p>\n","protected":false},"excerpt":{"rendered":"<p>Meine Vita &gt; 1960 geboren in K\u00f6ln &gt; 1977 Abitur &gt; Studium Medizin &#8211; ich arbeite hauptberuflich als \u00c4rztin &gt; k\u00fcnstlerische Ausbildung Frank Heller &gt; k\u00fcnstlerische Ausbildung Berret Smith<\/p>\n","protected":false},"author":4370,"featured_media":0,"parent":0,"menu_order":0,"comment_status":"closed","ping_status":"closed","template":"","meta":[],"_links":{"self":[{"href":"https:\/\/blogs.urz.uni-halle.de\/wayout\/wp-json\/wp\/v2\/pages\/72"}],"collection":[{"href":"https:\/\/blogs.urz.uni-halle.de\/wayout\/wp-json\/wp\/v2\/pages"}],"about":[{"href":"https:\/\/blogs.urz.uni-halle.de\/wayout\/wp-json\/wp\/v2\/types\/page"}],"author":[{"embeddable":true,"href":"https:\/\/blogs.urz.uni-halle.de\/wayout\/wp-json\/wp\/v2\/users\/4370"}],"replies":[{"embeddable":true,"href":"https:\/\/blogs.urz.uni-halle.de\/wayout\/wp-json\/wp\/v2\/comments?post=72"}],"version-history":[{"count":10,"href":"https:\/\/blogs.urz.uni-halle.de\/wayout\/wp-json\/wp\/v2\/pages\/72\/revisions"}],"predecessor-version":[{"id":549,"href":"https:\/\/blogs.urz.uni-halle.de\/wayout\/wp-json\/wp\/v2\/pages\/72\/revisions\/549"}],"wp:attachment":[{"href":"https:\/\/blogs.urz.uni-halle.de\/wayout\/wp-json\/wp\/v2\/media?parent=72"}],"curies":[{"name":"wp","href":"https:\/\/api.w.org\/{rel}","templated":true}]}}