{"id":79,"date":"2024-10-13T20:48:11","date_gmt":"2024-10-13T18:48:11","guid":{"rendered":"https:\/\/blogs.urz.uni-halle.de\/weisstdunoch\/?page_id=79"},"modified":"2024-11-23T00:50:43","modified_gmt":"2024-11-22T23:50:43","slug":"videoprojekt","status":"publish","type":"page","link":"https:\/\/blogs.urz.uni-halle.de\/weisstdunoch\/videoprojekt\/","title":{"rendered":"Videoprojekt"},"content":{"rendered":"\n<p class=\"has-drop-cap\">Die Rahmenhandlung bildet das W\u00e4scheaufh\u00e4ngen von verschiedenen signifikanten Kleidungsst\u00fccken, die im Laufe des Films der Reihe nach gezeigt werden und eine bestimmte Szene oder Person repr\u00e4sentieren. Indem die W\u00e4scheleine als Datenbank f\u00fcr Erinnerungen fungiert, entsteht ein visueller roter Faden, der die Zuschauenden ohne gesprochenen Dialog durch den Film f\u00fchrt.<br>Der Fokus liegt auf den Mitmenschen und ihren Handlungen, die den Mittelpunkt der Erinnerungen bilden. Die Hauptperson wird dabei nicht gezeigt. Erst zum Ende des Films entsteht durch collagenartige \u00dcberlappungen der Kleidungsst\u00fccke ein grober Umriss, der die Hauptperson schemenhaft darstellt.<br>Zuweilen wird das, was die Hauptperson gesehen und erfahren hat, von der Kamera abgebildet. Hier zeigt sich die Besonderheit des Bildes \u2013 der Reiz, das zu offenbaren, was Ton nicht darstellen kann.<\/p>\n\n\n\n<p>Die Relevanz dieses Projekts liegt in dessen F\u00e4higkeit, ein tieferes Verst\u00e4ndnis f\u00fcr die menschliche Identit\u00e4t, die Bildung von Pers\u00f6nlichkeit und die Wechselwirkungen mit anderen Menschen zu vermitteln. Durch die Betonung der Fragmente, die uns formen, machen wir auf subtile Weise darauf aufmerksam, wie unsere engsten Beziehungen und Erlebnisse uns pr\u00e4gen, oft ohne bewusste Kenntnis. Diese Reflexion \u00fcber die eigene Identit\u00e4t und die Rolle in den Leben anderer kann eine tiefgreifende emotionale Resonanz beim Publikum ausl\u00f6sen.<\/p>\n\n\n\n<p>Die bewusste Reduzierung des gesprochenen Dialogs im Videobeitrag erm\u00f6glicht es den Zuschauenden, eigene Interpretationen und Emotionen zu entwickeln. Gleichzeitig bietet der Audiobeitrag eine zus\u00e4tzliche Dimension durch das Teilen von Erinnerungen und Gef\u00fchlen, das Innere und Metaphysische, das Ton besser vermitteln kann. Zusammen erzeugen die beiden Medien eine kraftvolle narrative Erfahrung, welche die Fragmente eines einzelnen Lebens und doch so vieler beteiligter Menschen auf vielschichtige Weise erforscht.<\/p>\n\n\n\n<div style=\"height:20px\" aria-hidden=\"true\" class=\"wp-block-spacer\"><\/div>\n\n\n\n<hr class=\"wp-block-separator\" \/>\n\n\n\n<div style=\"height:20px\" aria-hidden=\"true\" class=\"wp-block-spacer\"><\/div>\n\n\n\n<h4 class=\"has-black-color has-text-color has-large-font-size\">Das Endergebnis:<\/h4>\n\n\n\n<figure class=\"wp-block-video\"><video controls src=\"https:\/\/blogs.urz.uni-halle.de\/weisstdunoch\/files\/2024\/11\/Weisst_Du_Noch_Sample_02.mp4\"><\/video><\/figure>\n\n\n\n<div style=\"height:20px\" aria-hidden=\"true\" class=\"wp-block-spacer\"><\/div>\n\n\n\n<hr class=\"wp-block-separator\" \/>\n\n\n\n<div style=\"height:20px\" aria-hidden=\"true\" class=\"wp-block-spacer\"><\/div>\n\n\n\n<div class=\"wp-block-image\"><figure class=\"aligncenter size-large\"><a href=\"https:\/\/blogs.urz.uni-halle.de\/weisstdunoch\/95-2\/\" target=\"_blank\" rel=\"Vater noopener noreferrer\"><img loading=\"lazy\" width=\"1024\" height=\"573\" src=\"https:\/\/blogs.urz.uni-halle.de\/weisstdunoch\/files\/2024\/10\/Waescheleine-1024x573.jpeg\" alt=\"\" class=\"wp-image-9\" srcset=\"https:\/\/blogs.urz.uni-halle.de\/weisstdunoch\/files\/2024\/10\/Waescheleine-1024x573.jpeg 1024w, https:\/\/blogs.urz.uni-halle.de\/weisstdunoch\/files\/2024\/10\/Waescheleine-300x168.jpeg 300w, https:\/\/blogs.urz.uni-halle.de\/weisstdunoch\/files\/2024\/10\/Waescheleine-768x430.jpeg 768w, https:\/\/blogs.urz.uni-halle.de\/weisstdunoch\/files\/2024\/10\/Waescheleine-1536x859.jpeg 1536w, https:\/\/blogs.urz.uni-halle.de\/weisstdunoch\/files\/2024\/10\/Waescheleine-2048x1145.jpeg 2048w\" sizes=\"(max-width: 1024px) 100vw, 1024px\" \/><\/a><figcaption><em><strong>Klicke auf das Bild und erfahre mehr dar\u00fcber, wer an der W\u00e4scheleine zu sehen ist<\/strong> <\/em><\/figcaption><\/figure><\/div>\n\n\n\n<div style=\"height:20px\" aria-hidden=\"true\" class=\"wp-block-spacer\"><\/div>\n\n\n\n<hr class=\"wp-block-separator\" \/>\n\n\n\n<div style=\"height:20px\" aria-hidden=\"true\" class=\"wp-block-spacer\"><\/div>\n\n\n\n<p>So sah es hinter der Kamera aus:<\/p>\n\n\n\n<figure class=\"wp-block-video\"><video controls src=\"https:\/\/blogs.urz.uni-halle.de\/weisstdunoch\/files\/2024\/10\/8b45703f-24d3-40ef-983b-e8e06ef9a563.mp4\"><\/video><\/figure>\n","protected":false},"excerpt":{"rendered":"<p>Die Rahmenhandlung bildet das W\u00e4scheaufh\u00e4ngen von verschiedenen signifikanten Kleidungsst\u00fccken, die im Laufe des Films der Reihe nach gezeigt werden und eine bestimmte Szene oder Person repr\u00e4sentieren. Indem die W\u00e4scheleine als Datenbank f\u00fcr Erinnerungen fungiert, entsteht ein visueller roter Faden, der die Zuschauenden ohne gesprochenen Dialog durch den Film f\u00fchrt.Der Fokus liegt auf den Mitmenschen und&hellip; <a class=\"more-link\" href=\"https:\/\/blogs.urz.uni-halle.de\/weisstdunoch\/videoprojekt\/\">Continue reading <span class=\"screen-reader-text\">Videoprojekt<\/span><\/a><\/p>\n","protected":false},"author":6113,"featured_media":0,"parent":0,"menu_order":0,"comment_status":"closed","ping_status":"closed","template":"","meta":[],"_links":{"self":[{"href":"https:\/\/blogs.urz.uni-halle.de\/weisstdunoch\/wp-json\/wp\/v2\/pages\/79"}],"collection":[{"href":"https:\/\/blogs.urz.uni-halle.de\/weisstdunoch\/wp-json\/wp\/v2\/pages"}],"about":[{"href":"https:\/\/blogs.urz.uni-halle.de\/weisstdunoch\/wp-json\/wp\/v2\/types\/page"}],"author":[{"embeddable":true,"href":"https:\/\/blogs.urz.uni-halle.de\/weisstdunoch\/wp-json\/wp\/v2\/users\/6113"}],"replies":[{"embeddable":true,"href":"https:\/\/blogs.urz.uni-halle.de\/weisstdunoch\/wp-json\/wp\/v2\/comments?post=79"}],"version-history":[{"count":7,"href":"https:\/\/blogs.urz.uni-halle.de\/weisstdunoch\/wp-json\/wp\/v2\/pages\/79\/revisions"}],"predecessor-version":[{"id":166,"href":"https:\/\/blogs.urz.uni-halle.de\/weisstdunoch\/wp-json\/wp\/v2\/pages\/79\/revisions\/166"}],"wp:attachment":[{"href":"https:\/\/blogs.urz.uni-halle.de\/weisstdunoch\/wp-json\/wp\/v2\/media?parent=79"}],"curies":[{"name":"wp","href":"https:\/\/api.w.org\/{rel}","templated":true}]}}