{"id":95,"date":"2024-10-14T10:27:32","date_gmt":"2024-10-14T08:27:32","guid":{"rendered":"https:\/\/blogs.urz.uni-halle.de\/weisstdunoch\/?page_id=95"},"modified":"2024-10-15T02:51:14","modified_gmt":"2024-10-15T00:51:14","slug":"95-2","status":"publish","type":"page","link":"https:\/\/blogs.urz.uni-halle.de\/weisstdunoch\/95-2\/","title":{"rendered":"Wer h\u00e4ngt an der W\u00e4scheleine?"},"content":{"rendered":"\n<figure class=\"wp-block-image size-large\"><img src=\"https:\/\/blogs.urz.uni-halle.de\/weisstdunoch\/files\/2024\/10\/74189798-a599-4265-ac95-4fddd413a6c9-edited.jpeg\" usemap=\"#image-map\"> <figcaption>klicke auf die einzelnen Personen, um mehr \u00fcber sie zu erfahren<\/figcaption><\/figure>\n\n<map name=\"image-map\">\n    <area target=\"\" alt=\"Oma\" title=\"Oma\" href=\"https:\/\/blogs.urz.uni-halle.de\/weisstdunoch\/95-2\/3\/\" coords=\"53,86,26,286,186,282,168,92\" shape=\"poly\">\n    <area target=\"\" alt=\"Bruder\" title=\"Bruder\" href=\"https:\/\/blogs.urz.uni-halle.de\/weisstdunoch\/95-2\/5\/\" coords=\"224,74,349,287,192,280,223,74,332,70,348,287\" shape=\"poly\">\n    <area target=\"\" alt=\"Vater\" title=\"Vater\" href=\"https:\/\/blogs.urz.uni-halle.de\/weisstdunoch\/95-2\/2\/\" coords=\"352,284,531,87,355,278,523,281,517,281,478,154\" shape=\"0\">\n    <area target=\"\" alt=\"Ringelsocke\" title=\"Ringelsocke\" href=\"https:\/\/blogs.urz.uni-halle.de\/weisstdunoch\/95-2\/4\/\" coords=\"710,285,536,88\" shape=\"0\">\n<\/map>\n\n\n\n<!--nextpage-->\n\n\n\n<div class=\"wp-block-media-text alignwide has-media-on-the-right is-stacked-on-mobile is-vertically-aligned-center\" style=\"grid-template-columns:auto 41%\"><figure class=\"wp-block-media-text__media\"><img loading=\"lazy\" width=\"280\" height=\"385\" src=\"https:\/\/blogs.urz.uni-halle.de\/weisstdunoch\/files\/2024\/10\/IMG_0622.jpeg\" alt=\"\" class=\"wp-image-110\" srcset=\"https:\/\/blogs.urz.uni-halle.de\/weisstdunoch\/files\/2024\/10\/IMG_0622.jpeg 280w, https:\/\/blogs.urz.uni-halle.de\/weisstdunoch\/files\/2024\/10\/IMG_0622-218x300.jpeg 218w\" sizes=\"(max-width: 280px) 100vw, 280px\" \/><\/figure><div class=\"wp-block-media-text__content\">\n<h2>Der Vater<\/h2>\n\n\n\n<p style=\"font-size:18px\">&#8222;Vater&#8220; hat die Angewohnheit jeden Abend ins Schwimmbad zu gehen und dort ein paar Runden zu drehen. Der Gegenstand, der ihn auf der W\u00e4scheleine repr\u00e4sentiert ist demnach eine dunkle Badehose. Die Erinnerungen, die er in der Hauptperson ausl\u00f6st beziehen sich auf das Wasser, das Schwimmen und den See, wo er und die Hauptperson viel Zeit miteinander verbracht haben. <\/p>\n<\/div><\/div>\n\n\n\n<!--nextpage-->\n\n\n\n<h2>Die Oma<\/h2>\n\n\n\n<div class=\"wp-block-media-text alignwide is-stacked-on-mobile\"><figure class=\"wp-block-media-text__media\"><img loading=\"lazy\" width=\"264\" height=\"426\" src=\"https:\/\/blogs.urz.uni-halle.de\/weisstdunoch\/files\/2024\/10\/IMG_0620.jpeg\" alt=\"\" class=\"wp-image-118\" srcset=\"https:\/\/blogs.urz.uni-halle.de\/weisstdunoch\/files\/2024\/10\/IMG_0620.jpeg 264w, https:\/\/blogs.urz.uni-halle.de\/weisstdunoch\/files\/2024\/10\/IMG_0620-186x300.jpeg 186w\" sizes=\"(max-width: 264px) 100vw, 264px\" \/><\/figure><div class=\"wp-block-media-text__content\">\n<p class=\"has-medium-font-size\">&#8222;Oma&#8220; und die Hauptperson verbindet das Lesen. Erst das Vorlesen, dann das Lesen beibringen und schlie\u00dflich das gemeinsame Lesen. An der W\u00e4scheleine h\u00e4ngt ein Cardigan, der f\u00fcr die Oma steht.<\/p>\n<\/div><\/div>\n\n\n\n<!--nextpage-->\n\n\n\n<p><\/p>\n\n\n\n<h2>Ringelsocke<\/h2>\n\n\n\n<div class=\"wp-block-media-text alignwide has-media-on-the-right\"><figure class=\"wp-block-media-text__media\"><img loading=\"lazy\" width=\"292\" height=\"353\" src=\"https:\/\/blogs.urz.uni-halle.de\/weisstdunoch\/files\/2024\/10\/IMG_0623-1.jpeg\" alt=\"\" class=\"wp-image-123\" srcset=\"https:\/\/blogs.urz.uni-halle.de\/weisstdunoch\/files\/2024\/10\/IMG_0623-1.jpeg 292w, https:\/\/blogs.urz.uni-halle.de\/weisstdunoch\/files\/2024\/10\/IMG_0623-1-248x300.jpeg 248w\" sizes=\"(max-width: 292px) 100vw, 292px\" \/><\/figure><div class=\"wp-block-media-text__content\">\n<p style=\"font-size:19px\">&#8222;Ringelsocke&#8220; und die Hauptperson sind schon ziemlich lange befreundet, solange, dass Ringelsocke selbst in der Familie von Hauptperson nur noch &#8222;Ringelsocke&#8220; als Anspielung auf dessen Ringelsocken genannt wird. Die Hauptperson und Ringelsocke beeinflussen sich gegenseitig mit dem was sie m\u00f6gen und ihrem Style. Welches Kleidungsst\u00fcck Ringelsocke repr\u00e4sentiert ist nicht allzuschwer zu erraten. <\/p>\n<\/div><\/div>\n\n\n\n<!--nextpage-->\n\n\n\n<h2>Der Bruder<\/h2>\n\n\n\n<div class=\"wp-block-media-text alignwide is-stacked-on-mobile\"><figure class=\"wp-block-media-text__media\"><img loading=\"lazy\" width=\"242\" height=\"403\" src=\"https:\/\/blogs.urz.uni-halle.de\/weisstdunoch\/files\/2024\/10\/IMG_0621-2.jpeg\" alt=\"\" class=\"wp-image-126\" srcset=\"https:\/\/blogs.urz.uni-halle.de\/weisstdunoch\/files\/2024\/10\/IMG_0621-2.jpeg 242w, https:\/\/blogs.urz.uni-halle.de\/weisstdunoch\/files\/2024\/10\/IMG_0621-2-180x300.jpeg 180w\" sizes=\"(max-width: 242px) 100vw, 242px\" \/><\/figure><div class=\"wp-block-media-text__content\">\n<p style=\"font-size:17px\">&#8222;Bruder&#8220; beeinflusst die Hauptperson mit seiner Vorliebe f\u00fcrs Kaffeetrinken. Die Art und Weise wie er seinen Kaffee vorbereitet wird der Hauptperson nie wieder aus dem Kopf gehen\u2026 Umgekehrt isst der Bruder liebendgerne Katjes, dazu hat ihn die Hautperson inspiriert. An der W\u00e4scheleine wird der Bruder von einem wei\u00dfen, fingerlosen F\u00e4ustlingpaar rep\u00e4sentiert.<\/p>\n<\/div><\/div>\n\n\n\n<figure class=\"wp-block-audio\"><audio controls src=\"https:\/\/blogs.urz.uni-halle.de\/weisstdunoch\/files\/2024\/10\/Bruder-Audio-1.mp3\"><\/audio><figcaption>h\u00f6r dochmal rein, was der Bruder so zu erz\u00e4hlen hat<\/figcaption><\/figure>\n","protected":false},"excerpt":{"rendered":"<p>klicke auf die einzelnen Personen, um mehr \u00fcber sie zu erfahren<\/p>\n","protected":false},"author":6113,"featured_media":0,"parent":0,"menu_order":0,"comment_status":"closed","ping_status":"closed","template":"","meta":[],"_links":{"self":[{"href":"https:\/\/blogs.urz.uni-halle.de\/weisstdunoch\/wp-json\/wp\/v2\/pages\/95"}],"collection":[{"href":"https:\/\/blogs.urz.uni-halle.de\/weisstdunoch\/wp-json\/wp\/v2\/pages"}],"about":[{"href":"https:\/\/blogs.urz.uni-halle.de\/weisstdunoch\/wp-json\/wp\/v2\/types\/page"}],"author":[{"embeddable":true,"href":"https:\/\/blogs.urz.uni-halle.de\/weisstdunoch\/wp-json\/wp\/v2\/users\/6113"}],"replies":[{"embeddable":true,"href":"https:\/\/blogs.urz.uni-halle.de\/weisstdunoch\/wp-json\/wp\/v2\/comments?post=95"}],"version-history":[{"count":10,"href":"https:\/\/blogs.urz.uni-halle.de\/weisstdunoch\/wp-json\/wp\/v2\/pages\/95\/revisions"}],"predecessor-version":[{"id":163,"href":"https:\/\/blogs.urz.uni-halle.de\/weisstdunoch\/wp-json\/wp\/v2\/pages\/95\/revisions\/163"}],"wp:attachment":[{"href":"https:\/\/blogs.urz.uni-halle.de\/weisstdunoch\/wp-json\/wp\/v2\/media?parent=95"}],"curies":[{"name":"wp","href":"https:\/\/api.w.org\/{rel}","templated":true}]}}