{"id":12,"date":"2017-11-21T20:04:34","date_gmt":"2017-11-21T19:04:34","guid":{"rendered":"https:\/\/blogs.urz.uni-halle.de\/wildenachbarschaftgeo\/?page_id=12"},"modified":"2018-08-13T18:17:10","modified_gmt":"2018-08-13T16:17:10","slug":"ueber-das-projekt","status":"publish","type":"page","link":"https:\/\/blogs.urz.uni-halle.de\/wildenachbarschaftgeo\/ueber-das-projekt\/","title":{"rendered":"Das Projekt"},"content":{"rendered":"<p><img loading=\"lazy\" class=\"wp-image-82 size-medium alignleft\" src=\"https:\/\/blogs.urz.uni-halle.de\/wildenachbarschaftgeo\/files\/2017\/11\/WildeNachbarschaftfinalFarbeimRand-300x288.jpg\" alt=\"\" width=\"300\" height=\"288\" srcset=\"https:\/\/blogs.urz.uni-halle.de\/wildenachbarschaftgeo\/files\/2017\/11\/WildeNachbarschaftfinalFarbeimRand-300x288.jpg 300w, https:\/\/blogs.urz.uni-halle.de\/wildenachbarschaftgeo\/files\/2017\/11\/WildeNachbarschaftfinalFarbeimRand-768x738.jpg 768w, https:\/\/blogs.urz.uni-halle.de\/wildenachbarschaftgeo\/files\/2017\/11\/WildeNachbarschaftfinalFarbeimRand-1024x984.jpg 1024w\" sizes=\"(max-width: 300px) 100vw, 300px\" \/><\/p>\n<p>Die Nationale Strategie zur biologischen Vielfalt sieht vor, dass 2% der Fl\u00e4che Deutschlands bis zum Jahr 2020 von Wildnisgebieten eingenommen wird (BMU 2007).<\/p>\n<p>Unter <strong>Wildnisbildung<\/strong> ist die handlungsorientierte Verkn\u00fcpfung von Natur- bzw. Wildniserleben und \u00f6kologischer Bildung anhand konkreter Wildnisph\u00e4nomene mit dem Fokus der Refelxion des Verh\u00e4ltnisses von Mensch und Natur zu verstehen (Langenhorst 2011). Ein wesentliches Ziel der Wildnisbildung sind die Sensibilisierung und Akzeptanzf\u00f6rderung innerhalb der Bev\u00f6lkerung f\u00fcr verwildernde Fl\u00e4chen und somit entstehende Wildnisgebiete. Wildnisbildung findet momentan fast ausschlie\u00dflich in Gro\u00dfschutzgebieten (z.B. Nationalparken) statt, sodass einem Gro\u00dfteil der vor allem im urbanen Raum lebenden Menschen kein Zugang zu den Angeboten der Wildnisbildung erm\u00f6glicht wird.<\/p>\n<p>In dem von der <strong>DBU gef\u00f6rderten Projekt<\/strong> (Laufzeit: 2015 \u2013 2019) wird ein partizipatives Konzept zur Wildnisbildung f\u00fcr \u00f6ffentliche Bildungsinstitutionen entwickelt, erprobt und evaluiert. Hierbei sollen die Institutionen Vorschule, Schule, Fachschule und Universit\u00e4t systematisch eingebunden werden, da sie in der Wildnisbildung nur vereinzelt Betrachtung finden.<\/p>\n<p>Dabei wird folgende Fragestellung verfolgt:<\/p>\n<h4>Inwieweit ist Wildnisbildung in Bildungseinrichtungen au\u00dferhalb von Gro\u00dfschutzgebieten m\u00f6glich?<\/h4>\n","protected":false},"excerpt":{"rendered":"<p>Die Nationale Strategie zur biologischen Vielfalt sieht vor, dass 2% der Fl\u00e4che Deutschlands bis zum Jahr 2020 von Wildnisgebieten eingenommen wird (BMU 2007). Unter Wildnisbildung ist die handlungsorientierte Verkn\u00fcpfung von Natur- bzw. Wildniserleben und \u00f6kologischer Bildung anhand konkreter Wildnisph\u00e4nomene mit dem Fokus der Refelxion des Verh\u00e4ltnisses von Mensch und Natur zu verstehen (Langenhorst 2011). Ein [&hellip;]<\/p>\n","protected":false},"author":3002,"featured_media":0,"parent":0,"menu_order":0,"comment_status":"closed","ping_status":"closed","template":"","meta":[],"_links":{"self":[{"href":"https:\/\/blogs.urz.uni-halle.de\/wildenachbarschaftgeo\/wp-json\/wp\/v2\/pages\/12"}],"collection":[{"href":"https:\/\/blogs.urz.uni-halle.de\/wildenachbarschaftgeo\/wp-json\/wp\/v2\/pages"}],"about":[{"href":"https:\/\/blogs.urz.uni-halle.de\/wildenachbarschaftgeo\/wp-json\/wp\/v2\/types\/page"}],"author":[{"embeddable":true,"href":"https:\/\/blogs.urz.uni-halle.de\/wildenachbarschaftgeo\/wp-json\/wp\/v2\/users\/3002"}],"replies":[{"embeddable":true,"href":"https:\/\/blogs.urz.uni-halle.de\/wildenachbarschaftgeo\/wp-json\/wp\/v2\/comments?post=12"}],"version-history":[{"count":7,"href":"https:\/\/blogs.urz.uni-halle.de\/wildenachbarschaftgeo\/wp-json\/wp\/v2\/pages\/12\/revisions"}],"predecessor-version":[{"id":861,"href":"https:\/\/blogs.urz.uni-halle.de\/wildenachbarschaftgeo\/wp-json\/wp\/v2\/pages\/12\/revisions\/861"}],"wp:attachment":[{"href":"https:\/\/blogs.urz.uni-halle.de\/wildenachbarschaftgeo\/wp-json\/wp\/v2\/media?parent=12"}],"curies":[{"name":"wp","href":"https:\/\/api.w.org\/{rel}","templated":true}]}}