{"id":14,"date":"2017-11-21T20:04:35","date_gmt":"2017-11-21T19:04:35","guid":{"rendered":"https:\/\/blogs.urz.uni-halle.de\/wildenachbarschaftgeo\/?page_id=14"},"modified":"2018-08-13T18:05:28","modified_gmt":"2018-08-13T16:05:28","slug":"wildnis-kiste","status":"publish","type":"page","link":"https:\/\/blogs.urz.uni-halle.de\/wildenachbarschaftgeo\/wildnis-kiste\/","title":{"rendered":"Wildnis-Kiste"},"content":{"rendered":"<p style=\"text-align: center\"><em>Mit Lernenden die \u201eWilde Nachbarschaft\u201c des Schulortes erkunden und dabei m\u00f6glichst flexibel und mobil sein? <\/em><\/p>\n<p style=\"text-align: center\"><em>Vielf\u00e4ltige Wildnisfl\u00e4chen im Siedlungsbereich entdecken und mit Lernenden \u201eerforschen\u201c?<\/em><\/p>\n<p style=\"text-align: center\"><strong>Mit der \u201eWildnis-Kiste\u201c ist das spielend leicht und spannend f\u00fcr Lernende und Durchf\u00fchrende zugleich!<\/strong><\/p>\n<h5><\/h5>\n<h3><strong>Was ist die \u201eWildnis-Kiste\u201c?<\/strong><\/h3>\n<p>Um Wildnisbildungsaktivit\u00e4ten nicht lediglich an bzw. von einem bestimmten Ort, der station\u00e4ren Wildnisbildungsst\u00e4tte, aus durchf\u00fchren zu m\u00fcssen, wurde das Konzept der \u201eWildnis-Kiste\u201c als eine Art mobile Wildnisbildungsst\u00e4tte entwickelt.<\/p>\n<p>Die \u201eWildnis-Kiste\u201c ist eine mobile Aufbewahrungsbox f\u00fcr Materialien zur Durchf\u00fchrung von Wildnisbildungseinheiten (= wildnis- und verwilderungsbezogenen Lerneinheiten). Der mobile Charakter der \u201eWildnis-Kiste\u201c erm\u00f6glicht es, an f\u00fcr die Zielgruppe der Lernenden interessanten verwildernden Fl\u00e4chen Wildnisbildungseinheiten durchzuf\u00fchren und auf bestimmte Situationen und R\u00e4ume flexibel zu reagieren. Sie kann von einem Erwachsenen bzw. zwei Lernenden an entsprechenden Tragegriffen in die verwildernde Natur getragen werden.<\/p>\n<p>Dar\u00fcber hinaus kann der Inhalt der \u201eWildnis-Kiste\u201c von den Lernenden der jeweiligen Zielgruppe aktiv entdeckt und kreativ erprobt werden.<\/p>\n<h3><strong>Wie kann eine solche &#8222;Wildnis-Kiste&#8220; aufgebaut sein und was kann sie beinhalten?<\/strong><\/h3>\n<p>Eine &#8222;Wildnis-Kiste&#8220; kann vieles sein. Ein einfacher Bollerwagen bzw. Handwagen oder aber ein selbst gebauter, fahr- und lenkbarer Materialienschrank (siehe Bild 1). Unsere &#8222;Wildnis-Kiste&#8220; besteht aus drei Modulen, die abnehmbar\u00a0 (siehe Bild 4) und somit individuell kombinierbar sind.\u00a0 Zwei Module sind mit seitlichen Griffe versehen, damit sie von zwei Personen ins Gel\u00e4nde getragen werden k\u00f6nnen. Die einzelnen Module sind thematisch aufgebaut:<\/p>\n<h4><strong>Modul 1 &#8211; Das Modul zum Entdecken und Erforschen<\/strong><\/h4>\n<p>Modul 1 dient dem Entdecken und Erforschen wilder bzw. verwildernder Natur. Dazu geh\u00f6ren:<\/p>\n<ul>\n<li>Ferngl\u00e4ser<\/li>\n<li>Taschenlampen<\/li>\n<li>Kescher<\/li>\n<li>Gl\u00e4ser zur Aufbewahrung<\/li>\n<li>Lupenbecher<\/li>\n<li>Lupen<\/li>\n<li>Spiegel<\/li>\n<li>Messbecher<\/li>\n<li>Kompass<\/li>\n<li>Outdoor-Mikroskop<\/li>\n<li>Plastikflaschen verschiedener Gr\u00f6\u00dfen<\/li>\n<li>Gips<\/li>\n<li>Zunder<\/li>\n<li>u. v. m.<\/li>\n<\/ul>\n<h4><strong>Modul 2 und 3 &#8211; Die Camp-Module<\/strong><\/h4>\n<p>Modul 2 und 3 erhalten viele n\u00fctzliche Materialien f\u00fcr die Durchf\u00fchrung von Wildniscamps, bei denen in der wilden bzw. verwildernden Natur \u00fcbernachtet wird, um ein unmittelbares und intensives Wildniserleben zu erm\u00f6glichen. Hier finden sich beispielsweise:<\/p>\n<ul>\n<li>einfache Sitzkissen<\/li>\n<li>verschiedene Schn\u00fcre und B\u00e4nder<\/li>\n<li>Kochtopf<\/li>\n<li>Besteck<\/li>\n<li>Sch\u00fcsseln<\/li>\n<li>Handt\u00fccher<\/li>\n<li>Topflappen<\/li>\n<li>Toilettenpapier<\/li>\n<li>Handbeil<\/li>\n<li>Handschuhe<\/li>\n<li>Holzkochl\u00f6ffel<\/li>\n<li>Kellen<\/li>\n<li>Metallbecher<\/li>\n<li>biologischen abbaubares Sp\u00fclmittel<\/li>\n<li>Spanngurte<\/li>\n<li>Tarp-Planen etc.<\/li>\n<\/ul>\n<p>In der nachfolgenden Bildergalerie finden Sie einige Impressionen unserer &#8222;Wildnis-Kiste&#8220;.<\/p>\n<div id='gallery-1' class='czr-gallery row flex-row czr-gallery-style gallery galleryid-14 gallery-columns-3 gallery-size-medium'><figure class='gallery-item col col-auto'>\r\n                        <div class='gallery-icon portrait czr-gallery-icon'>\r\n                              <a data-lb-type=\"grouped-gallery\" href=https:\/\/blogs.urz.uni-halle.de\/wildenachbarschaftgeo\/files\/2018\/07\/WhatsApp-Image-2018-06-25-at-15.04.21.jpeg class=\"bg-link\"><\/a><img width=\"225\" height=\"300\" src=\"https:\/\/blogs.urz.uni-halle.de\/wildenachbarschaftgeo\/files\/2018\/07\/WhatsApp-Image-2018-06-25-at-15.04.21-225x300.jpeg\" class=\"attachment-medium size-medium\" alt=\"\" loading=\"lazy\" sizes=\"(min-width: 1200px) 350px, (min-width: 992px) 290px, (min-width: 768px) 210px, (min-width: 576px) 150px, calc( 50vw - 30px )\" srcset=\"https:\/\/blogs.urz.uni-halle.de\/wildenachbarschaftgeo\/files\/2018\/07\/WhatsApp-Image-2018-06-25-at-15.04.21-225x300.jpeg 225w, https:\/\/blogs.urz.uni-halle.de\/wildenachbarschaftgeo\/files\/2018\/07\/WhatsApp-Image-2018-06-25-at-15.04.21-768x1024.jpeg 768w, https:\/\/blogs.urz.uni-halle.de\/wildenachbarschaftgeo\/files\/2018\/07\/WhatsApp-Image-2018-06-25-at-15.04.21.jpeg 1200w\" \/>\r\n                        <\/div><\/figure><figure class='gallery-item col col-auto'>\r\n                        <div class='gallery-icon landscape czr-gallery-icon'>\r\n                              <a data-lb-type=\"grouped-gallery\" href=https:\/\/blogs.urz.uni-halle.de\/wildenachbarschaftgeo\/files\/2018\/07\/WhatsApp-Image-2018-06-25-at-15.04.232.jpeg class=\"bg-link\"><\/a><img width=\"300\" height=\"225\" src=\"https:\/\/blogs.urz.uni-halle.de\/wildenachbarschaftgeo\/files\/2018\/07\/WhatsApp-Image-2018-06-25-at-15.04.232-300x225.jpeg\" class=\"attachment-medium size-medium\" alt=\"\" loading=\"lazy\" sizes=\"(min-width: 1200px) 350px, (min-width: 992px) 290px, (min-width: 768px) 210px, (min-width: 576px) 150px, calc( 50vw - 30px )\" srcset=\"https:\/\/blogs.urz.uni-halle.de\/wildenachbarschaftgeo\/files\/2018\/07\/WhatsApp-Image-2018-06-25-at-15.04.232-300x225.jpeg 300w, https:\/\/blogs.urz.uni-halle.de\/wildenachbarschaftgeo\/files\/2018\/07\/WhatsApp-Image-2018-06-25-at-15.04.232-768x576.jpeg 768w, https:\/\/blogs.urz.uni-halle.de\/wildenachbarschaftgeo\/files\/2018\/07\/WhatsApp-Image-2018-06-25-at-15.04.232-1024x768.jpeg 1024w, https:\/\/blogs.urz.uni-halle.de\/wildenachbarschaftgeo\/files\/2018\/07\/WhatsApp-Image-2018-06-25-at-15.04.232.jpeg 1600w\" \/>\r\n                        <\/div><\/figure><figure class='gallery-item col col-auto'>\r\n                        <div class='gallery-icon portrait czr-gallery-icon'>\r\n                              <a data-lb-type=\"grouped-gallery\" href=https:\/\/blogs.urz.uni-halle.de\/wildenachbarschaftgeo\/files\/2018\/07\/WhatsApp-Image-2018-06-25-at-15.04.241.jpeg class=\"bg-link\"><\/a><img width=\"225\" height=\"300\" src=\"https:\/\/blogs.urz.uni-halle.de\/wildenachbarschaftgeo\/files\/2018\/07\/WhatsApp-Image-2018-06-25-at-15.04.241-225x300.jpeg\" class=\"attachment-medium size-medium\" alt=\"\" loading=\"lazy\" sizes=\"(min-width: 1200px) 350px, (min-width: 992px) 290px, (min-width: 768px) 210px, (min-width: 576px) 150px, calc( 50vw - 30px )\" srcset=\"https:\/\/blogs.urz.uni-halle.de\/wildenachbarschaftgeo\/files\/2018\/07\/WhatsApp-Image-2018-06-25-at-15.04.241-225x300.jpeg 225w, https:\/\/blogs.urz.uni-halle.de\/wildenachbarschaftgeo\/files\/2018\/07\/WhatsApp-Image-2018-06-25-at-15.04.241-768x1024.jpeg 768w, https:\/\/blogs.urz.uni-halle.de\/wildenachbarschaftgeo\/files\/2018\/07\/WhatsApp-Image-2018-06-25-at-15.04.241.jpeg 1200w\" \/>\r\n                        <\/div><\/figure><figure class='gallery-item col col-auto'>\r\n                        <div class='gallery-icon landscape czr-gallery-icon'>\r\n                              <a data-lb-type=\"grouped-gallery\" href=https:\/\/blogs.urz.uni-halle.de\/wildenachbarschaftgeo\/files\/2018\/07\/WhatsApp-Image-2018-06-25-at-15.04.233.jpeg class=\"bg-link\"><\/a><img width=\"300\" height=\"225\" src=\"https:\/\/blogs.urz.uni-halle.de\/wildenachbarschaftgeo\/files\/2018\/07\/WhatsApp-Image-2018-06-25-at-15.04.233-300x225.jpeg\" class=\"attachment-medium size-medium\" alt=\"\" loading=\"lazy\" sizes=\"(min-width: 1200px) 350px, (min-width: 992px) 290px, (min-width: 768px) 210px, (min-width: 576px) 150px, calc( 50vw - 30px )\" srcset=\"https:\/\/blogs.urz.uni-halle.de\/wildenachbarschaftgeo\/files\/2018\/07\/WhatsApp-Image-2018-06-25-at-15.04.233-300x225.jpeg 300w, https:\/\/blogs.urz.uni-halle.de\/wildenachbarschaftgeo\/files\/2018\/07\/WhatsApp-Image-2018-06-25-at-15.04.233-768x576.jpeg 768w, https:\/\/blogs.urz.uni-halle.de\/wildenachbarschaftgeo\/files\/2018\/07\/WhatsApp-Image-2018-06-25-at-15.04.233-1024x768.jpeg 1024w, https:\/\/blogs.urz.uni-halle.de\/wildenachbarschaftgeo\/files\/2018\/07\/WhatsApp-Image-2018-06-25-at-15.04.233.jpeg 1600w\" \/>\r\n                        <\/div><\/figure><figure class='gallery-item col col-auto'>\r\n                        <div class='gallery-icon portrait czr-gallery-icon'>\r\n                              <a data-lb-type=\"grouped-gallery\" href=https:\/\/blogs.urz.uni-halle.de\/wildenachbarschaftgeo\/files\/2018\/07\/WhatsApp-Image-2018-06-25-at-15.04.252.jpeg class=\"bg-link\"><\/a><img width=\"225\" height=\"300\" src=\"https:\/\/blogs.urz.uni-halle.de\/wildenachbarschaftgeo\/files\/2018\/07\/WhatsApp-Image-2018-06-25-at-15.04.252-225x300.jpeg\" class=\"attachment-medium size-medium\" alt=\"\" loading=\"lazy\" sizes=\"(min-width: 1200px) 350px, (min-width: 992px) 290px, (min-width: 768px) 210px, (min-width: 576px) 150px, calc( 50vw - 30px )\" srcset=\"https:\/\/blogs.urz.uni-halle.de\/wildenachbarschaftgeo\/files\/2018\/07\/WhatsApp-Image-2018-06-25-at-15.04.252-225x300.jpeg 225w, https:\/\/blogs.urz.uni-halle.de\/wildenachbarschaftgeo\/files\/2018\/07\/WhatsApp-Image-2018-06-25-at-15.04.252-768x1024.jpeg 768w, https:\/\/blogs.urz.uni-halle.de\/wildenachbarschaftgeo\/files\/2018\/07\/WhatsApp-Image-2018-06-25-at-15.04.252.jpeg 1200w\" \/>\r\n                        <\/div><\/figure><figure class='gallery-item col col-auto'>\r\n                        <div class='gallery-icon portrait czr-gallery-icon'>\r\n                              <a data-lb-type=\"grouped-gallery\" href=https:\/\/blogs.urz.uni-halle.de\/wildenachbarschaftgeo\/files\/2018\/07\/WhatsApp-Image-2018-06-25-at-15.04.251.jpeg class=\"bg-link\"><\/a><img width=\"225\" height=\"300\" src=\"https:\/\/blogs.urz.uni-halle.de\/wildenachbarschaftgeo\/files\/2018\/07\/WhatsApp-Image-2018-06-25-at-15.04.251-225x300.jpeg\" class=\"attachment-medium size-medium\" alt=\"\" loading=\"lazy\" sizes=\"(min-width: 1200px) 350px, (min-width: 992px) 290px, (min-width: 768px) 210px, (min-width: 576px) 150px, calc( 50vw - 30px )\" srcset=\"https:\/\/blogs.urz.uni-halle.de\/wildenachbarschaftgeo\/files\/2018\/07\/WhatsApp-Image-2018-06-25-at-15.04.251-225x300.jpeg 225w, https:\/\/blogs.urz.uni-halle.de\/wildenachbarschaftgeo\/files\/2018\/07\/WhatsApp-Image-2018-06-25-at-15.04.251-768x1024.jpeg 768w, https:\/\/blogs.urz.uni-halle.de\/wildenachbarschaftgeo\/files\/2018\/07\/WhatsApp-Image-2018-06-25-at-15.04.251.jpeg 1200w\" \/>\r\n                        <\/div><\/figure><figure class='gallery-item col col-auto'>\r\n                        <div class='gallery-icon landscape czr-gallery-icon'>\r\n                              <a data-lb-type=\"grouped-gallery\" href=https:\/\/blogs.urz.uni-halle.de\/wildenachbarschaftgeo\/files\/2018\/07\/WhatsApp-Image-2018-06-25-at-15.04.271.jpeg class=\"bg-link\"><\/a><img width=\"300\" height=\"225\" src=\"https:\/\/blogs.urz.uni-halle.de\/wildenachbarschaftgeo\/files\/2018\/07\/WhatsApp-Image-2018-06-25-at-15.04.271-300x225.jpeg\" class=\"attachment-medium size-medium\" alt=\"\" loading=\"lazy\" sizes=\"(min-width: 1200px) 350px, (min-width: 992px) 290px, (min-width: 768px) 210px, (min-width: 576px) 150px, calc( 50vw - 30px )\" srcset=\"https:\/\/blogs.urz.uni-halle.de\/wildenachbarschaftgeo\/files\/2018\/07\/WhatsApp-Image-2018-06-25-at-15.04.271-300x225.jpeg 300w, https:\/\/blogs.urz.uni-halle.de\/wildenachbarschaftgeo\/files\/2018\/07\/WhatsApp-Image-2018-06-25-at-15.04.271-768x576.jpeg 768w, https:\/\/blogs.urz.uni-halle.de\/wildenachbarschaftgeo\/files\/2018\/07\/WhatsApp-Image-2018-06-25-at-15.04.271-1024x768.jpeg 1024w, https:\/\/blogs.urz.uni-halle.de\/wildenachbarschaftgeo\/files\/2018\/07\/WhatsApp-Image-2018-06-25-at-15.04.271.jpeg 1600w\" \/>\r\n                        <\/div><\/figure><figure class='gallery-item col col-auto'>\r\n                        <div class='gallery-icon landscape czr-gallery-icon'>\r\n                              <a data-lb-type=\"grouped-gallery\" href=https:\/\/blogs.urz.uni-halle.de\/wildenachbarschaftgeo\/files\/2018\/07\/WhatsApp-Image-2018-06-25-at-15.04.27.jpeg class=\"bg-link\"><\/a><img width=\"300\" height=\"225\" src=\"https:\/\/blogs.urz.uni-halle.de\/wildenachbarschaftgeo\/files\/2018\/07\/WhatsApp-Image-2018-06-25-at-15.04.27-300x225.jpeg\" class=\"attachment-medium size-medium\" alt=\"\" loading=\"lazy\" sizes=\"(min-width: 1200px) 350px, (min-width: 992px) 290px, (min-width: 768px) 210px, (min-width: 576px) 150px, calc( 50vw - 30px )\" srcset=\"https:\/\/blogs.urz.uni-halle.de\/wildenachbarschaftgeo\/files\/2018\/07\/WhatsApp-Image-2018-06-25-at-15.04.27-300x225.jpeg 300w, https:\/\/blogs.urz.uni-halle.de\/wildenachbarschaftgeo\/files\/2018\/07\/WhatsApp-Image-2018-06-25-at-15.04.27-768x576.jpeg 768w, https:\/\/blogs.urz.uni-halle.de\/wildenachbarschaftgeo\/files\/2018\/07\/WhatsApp-Image-2018-06-25-at-15.04.27-1024x768.jpeg 1024w, https:\/\/blogs.urz.uni-halle.de\/wildenachbarschaftgeo\/files\/2018\/07\/WhatsApp-Image-2018-06-25-at-15.04.27.jpeg 1600w\" \/>\r\n                        <\/div><\/figure><figure class='gallery-item col col-auto'>\r\n                        <div class='gallery-icon landscape czr-gallery-icon'>\r\n                              <a data-lb-type=\"grouped-gallery\" href=https:\/\/blogs.urz.uni-halle.de\/wildenachbarschaftgeo\/files\/2018\/07\/WhatsApp-Image-2018-06-25-at-15.04.262.jpeg class=\"bg-link\"><\/a><img width=\"300\" height=\"225\" src=\"https:\/\/blogs.urz.uni-halle.de\/wildenachbarschaftgeo\/files\/2018\/07\/WhatsApp-Image-2018-06-25-at-15.04.262-300x225.jpeg\" class=\"attachment-medium size-medium\" alt=\"\" loading=\"lazy\" sizes=\"(min-width: 1200px) 350px, (min-width: 992px) 290px, (min-width: 768px) 210px, (min-width: 576px) 150px, calc( 50vw - 30px )\" srcset=\"https:\/\/blogs.urz.uni-halle.de\/wildenachbarschaftgeo\/files\/2018\/07\/WhatsApp-Image-2018-06-25-at-15.04.262-300x225.jpeg 300w, https:\/\/blogs.urz.uni-halle.de\/wildenachbarschaftgeo\/files\/2018\/07\/WhatsApp-Image-2018-06-25-at-15.04.262-768x576.jpeg 768w, https:\/\/blogs.urz.uni-halle.de\/wildenachbarschaftgeo\/files\/2018\/07\/WhatsApp-Image-2018-06-25-at-15.04.262-1024x768.jpeg 1024w, https:\/\/blogs.urz.uni-halle.de\/wildenachbarschaftgeo\/files\/2018\/07\/WhatsApp-Image-2018-06-25-at-15.04.262.jpeg 1600w\" \/>\r\n                        <\/div><\/figure>\r\n                  <\/div>\n\n","protected":false},"excerpt":{"rendered":"<p>Mit Lernenden die \u201eWilde Nachbarschaft\u201c des Schulortes erkunden und dabei m\u00f6glichst flexibel und mobil sein? Vielf\u00e4ltige Wildnisfl\u00e4chen im Siedlungsbereich entdecken und mit Lernenden \u201eerforschen\u201c? Mit der \u201eWildnis-Kiste\u201c ist das spielend leicht und spannend f\u00fcr Lernende und Durchf\u00fchrende zugleich! Was ist die \u201eWildnis-Kiste\u201c? Um Wildnisbildungsaktivit\u00e4ten nicht lediglich an bzw. von einem bestimmten Ort, der station\u00e4ren Wildnisbildungsst\u00e4tte, [&hellip;]<\/p>\n","protected":false},"author":3002,"featured_media":0,"parent":0,"menu_order":0,"comment_status":"closed","ping_status":"closed","template":"","meta":[],"_links":{"self":[{"href":"https:\/\/blogs.urz.uni-halle.de\/wildenachbarschaftgeo\/wp-json\/wp\/v2\/pages\/14"}],"collection":[{"href":"https:\/\/blogs.urz.uni-halle.de\/wildenachbarschaftgeo\/wp-json\/wp\/v2\/pages"}],"about":[{"href":"https:\/\/blogs.urz.uni-halle.de\/wildenachbarschaftgeo\/wp-json\/wp\/v2\/types\/page"}],"author":[{"embeddable":true,"href":"https:\/\/blogs.urz.uni-halle.de\/wildenachbarschaftgeo\/wp-json\/wp\/v2\/users\/3002"}],"replies":[{"embeddable":true,"href":"https:\/\/blogs.urz.uni-halle.de\/wildenachbarschaftgeo\/wp-json\/wp\/v2\/comments?post=14"}],"version-history":[{"count":9,"href":"https:\/\/blogs.urz.uni-halle.de\/wildenachbarschaftgeo\/wp-json\/wp\/v2\/pages\/14\/revisions"}],"predecessor-version":[{"id":856,"href":"https:\/\/blogs.urz.uni-halle.de\/wildenachbarschaftgeo\/wp-json\/wp\/v2\/pages\/14\/revisions\/856"}],"wp:attachment":[{"href":"https:\/\/blogs.urz.uni-halle.de\/wildenachbarschaftgeo\/wp-json\/wp\/v2\/media?parent=14"}],"curies":[{"name":"wp","href":"https:\/\/api.w.org\/{rel}","templated":true}]}}