{"id":44,"date":"2017-11-28T17:25:53","date_gmt":"2017-11-28T16:25:53","guid":{"rendered":"https:\/\/blogs.urz.uni-halle.de\/wildenachbarschaftgeo\/?page_id=44"},"modified":"2018-09-28T09:11:37","modified_gmt":"2018-09-28T07:11:37","slug":"zentrale-ziele","status":"publish","type":"page","link":"https:\/\/blogs.urz.uni-halle.de\/wildenachbarschaftgeo\/ueber-das-projekt\/zentrale-ziele\/","title":{"rendered":"Zentrale Ziele"},"content":{"rendered":"<p>Ziele des DBU-gef\u00f6rderten Projektes \u201eWilde Nachbarschaft\u201c:<\/p>\n<ul>\n<li>Entwicklung eines partizipativen, interdisziplin\u00e4ren und zielgruppen\u00fcbergreifenden Konzeptes zur Wildnisbildung au\u00dferhalb von Gro\u00dfschutzgebieten<\/li>\n<li>Schaffung einer allgemeing\u00fcltigen Konzeption f\u00fcr ein zielgruppenspezifisches Bildungsangebot im Nah- und Lebensraum der Teilnehmenden<\/li>\n<li>Kooperation und Zusammenarbeit von Lehrenden und Lernenden f\u00fcr gemeinsame Entwicklung, Erprobung und Evaluierung von Wildnisbildungseinheiten<\/li>\n<li>Einrichtung von modellhaften Wildnisbildungsst\u00e4tten an den Standorten Halle, Hannover und Salzatal (Lieskau)<\/li>\n<li>Aufzeigen unterschiedlicher Auspr\u00e4gungen von Wildnisbildungsfl\u00e4chen au\u00dferhalb von Nationalparken<\/li>\n<li>Entwicklung von Leitlinien und Merkmalen von Wildnisbildung au\u00dferhalb von Gro\u00dfschutzgebieten<\/li>\n<li>Absch\u00e4tzen von Potenzialen und Grenzen von Wildnisbildung au\u00dferhalb von Gro\u00dfschutzgebieten<\/li>\n<li>Entwicklung einer Online-Plattform<\/li>\n<li>Schaffung zielgruppenspezifischer Lernangebote<\/li>\n<li>Entwicklung von Methoden und Medien zur Wildnisbildung<\/li>\n<li>Entwicklung eines Fortbildungskonzeptes im Format des Blended-Learnings<\/li>\n<\/ul>\n","protected":false},"excerpt":{"rendered":"<p>Ziele des DBU-gef\u00f6rderten Projektes \u201eWilde Nachbarschaft\u201c: Entwicklung eines partizipativen, interdisziplin\u00e4ren und zielgruppen\u00fcbergreifenden Konzeptes zur Wildnisbildung au\u00dferhalb von Gro\u00dfschutzgebieten Schaffung einer allgemeing\u00fcltigen Konzeption f\u00fcr ein zielgruppenspezifisches Bildungsangebot im Nah- und Lebensraum der Teilnehmenden Kooperation und Zusammenarbeit von Lehrenden und Lernenden f\u00fcr gemeinsame Entwicklung, Erprobung und Evaluierung von Wildnisbildungseinheiten Einrichtung von modellhaften Wildnisbildungsst\u00e4tten an den Standorten Halle, [&hellip;]<\/p>\n","protected":false},"author":3056,"featured_media":0,"parent":12,"menu_order":0,"comment_status":"closed","ping_status":"closed","template":"","meta":[],"_links":{"self":[{"href":"https:\/\/blogs.urz.uni-halle.de\/wildenachbarschaftgeo\/wp-json\/wp\/v2\/pages\/44"}],"collection":[{"href":"https:\/\/blogs.urz.uni-halle.de\/wildenachbarschaftgeo\/wp-json\/wp\/v2\/pages"}],"about":[{"href":"https:\/\/blogs.urz.uni-halle.de\/wildenachbarschaftgeo\/wp-json\/wp\/v2\/types\/page"}],"author":[{"embeddable":true,"href":"https:\/\/blogs.urz.uni-halle.de\/wildenachbarschaftgeo\/wp-json\/wp\/v2\/users\/3056"}],"replies":[{"embeddable":true,"href":"https:\/\/blogs.urz.uni-halle.de\/wildenachbarschaftgeo\/wp-json\/wp\/v2\/comments?post=44"}],"version-history":[{"count":7,"href":"https:\/\/blogs.urz.uni-halle.de\/wildenachbarschaftgeo\/wp-json\/wp\/v2\/pages\/44\/revisions"}],"predecessor-version":[{"id":962,"href":"https:\/\/blogs.urz.uni-halle.de\/wildenachbarschaftgeo\/wp-json\/wp\/v2\/pages\/44\/revisions\/962"}],"up":[{"embeddable":true,"href":"https:\/\/blogs.urz.uni-halle.de\/wildenachbarschaftgeo\/wp-json\/wp\/v2\/pages\/12"}],"wp:attachment":[{"href":"https:\/\/blogs.urz.uni-halle.de\/wildenachbarschaftgeo\/wp-json\/wp\/v2\/media?parent=44"}],"curies":[{"name":"wp","href":"https:\/\/api.w.org\/{rel}","templated":true}]}}