{"id":859,"date":"2018-08-13T16:39:48","date_gmt":"2018-08-13T14:39:48","guid":{"rendered":"https:\/\/blogs.urz.uni-halle.de\/wildenachbarschaftgeo\/?page_id=859"},"modified":"2018-09-28T11:42:24","modified_gmt":"2018-09-28T09:42:24","slug":"projektleitung","status":"publish","type":"page","link":"https:\/\/blogs.urz.uni-halle.de\/wildenachbarschaftgeo\/ueber-das-projekt\/projektleitung\/","title":{"rendered":"Projektleitung"},"content":{"rendered":"<p>Die Leitung des Projektes obliegt der Didaktik der Geographie der Martin-Luther-Universit\u00e4t Halle-Wittenberg. Projektleiter ist Prof. Dr. Martin Lindner, welcher die Fachaufsicht f\u00fcr die Didaktik der Geographie innehat. F\u00fcr die Projektkoordination ist Dr. Anne-Kathrin Lindau zust\u00e4ndig. Fabian Mohs ist Projektmitarbeiter.<\/p>\n<p>Die Didaktik der Geographie ist f\u00fcr die universit\u00e4re Bildung zuk\u00fcnftiger Geographielehrkr\u00e4fte (Gymnasien, Sekundarschulen und F\u00f6rderschulen) ganz Sachsen-Anhalts zust\u00e4ndig. Schwerpunkte der universit\u00e4ren Lehre bilden Outdoor-Education und Bildung f\u00fcr nachhaltige Entwicklung. Die Didaktik der Geographie der Martin-Luther-Universit\u00e4t Halle-Wittenberg war\u00a0 bereits im DBU-gef\u00f6rderten Projekt &#8222;Wildnis macht stark&#8220; (AZ 28163; Laufzeit: 2012-2014) als Projektpartner Teil eines Wildnisbildungsprojektes. In diesem Vorg\u00e4ngerprojekt entstand das wahlobligatorische Wildnisbildungsmodul , das beide Lehrschwerpunkte miteinander verkn\u00fcpft und konzeptionell fortlaufend weiterentwickelt wird. Im Rahmen dieses Moduls erfolgt eine Multiplikatorenqualifizierung zuk\u00fcnftiger Geographielehrkr\u00e4fte zu Wildnisbildnerinnen und -bildnern. Dabei ist es von Bedeutung, theoretische und praktische Aspekte von Wildnisbildung und Bildung f\u00fcr nachhaltige Entwicklung miteinander zu verbinden, um den Studierenden eine breitgef\u00e4cherte Kompetenzentwicklung zu erm\u00f6glichen.<\/p>\n<p><a href=\"http:\/\/didaktik.geographie.uni-halle.de\/\">Homepage<\/a><\/p>\n","protected":false},"excerpt":{"rendered":"<p>Die Leitung des Projektes obliegt der Didaktik der Geographie der Martin-Luther-Universit\u00e4t Halle-Wittenberg. Projektleiter ist Prof. Dr. Martin Lindner, welcher die Fachaufsicht f\u00fcr die Didaktik der Geographie innehat. F\u00fcr die Projektkoordination ist Dr. Anne-Kathrin Lindau zust\u00e4ndig. Fabian Mohs ist Projektmitarbeiter. Die Didaktik der Geographie ist f\u00fcr die universit\u00e4re Bildung zuk\u00fcnftiger Geographielehrkr\u00e4fte (Gymnasien, Sekundarschulen und F\u00f6rderschulen) ganz [&hellip;]<\/p>\n","protected":false},"author":3056,"featured_media":0,"parent":12,"menu_order":0,"comment_status":"closed","ping_status":"closed","template":"","meta":[],"_links":{"self":[{"href":"https:\/\/blogs.urz.uni-halle.de\/wildenachbarschaftgeo\/wp-json\/wp\/v2\/pages\/859"}],"collection":[{"href":"https:\/\/blogs.urz.uni-halle.de\/wildenachbarschaftgeo\/wp-json\/wp\/v2\/pages"}],"about":[{"href":"https:\/\/blogs.urz.uni-halle.de\/wildenachbarschaftgeo\/wp-json\/wp\/v2\/types\/page"}],"author":[{"embeddable":true,"href":"https:\/\/blogs.urz.uni-halle.de\/wildenachbarschaftgeo\/wp-json\/wp\/v2\/users\/3056"}],"replies":[{"embeddable":true,"href":"https:\/\/blogs.urz.uni-halle.de\/wildenachbarschaftgeo\/wp-json\/wp\/v2\/comments?post=859"}],"version-history":[{"count":1,"href":"https:\/\/blogs.urz.uni-halle.de\/wildenachbarschaftgeo\/wp-json\/wp\/v2\/pages\/859\/revisions"}],"predecessor-version":[{"id":860,"href":"https:\/\/blogs.urz.uni-halle.de\/wildenachbarschaftgeo\/wp-json\/wp\/v2\/pages\/859\/revisions\/860"}],"up":[{"embeddable":true,"href":"https:\/\/blogs.urz.uni-halle.de\/wildenachbarschaftgeo\/wp-json\/wp\/v2\/pages\/12"}],"wp:attachment":[{"href":"https:\/\/blogs.urz.uni-halle.de\/wildenachbarschaftgeo\/wp-json\/wp\/v2\/media?parent=859"}],"curies":[{"name":"wp","href":"https:\/\/api.w.org\/{rel}","templated":true}]}}