{"id":12,"date":"2017-03-28T14:44:15","date_gmt":"2017-03-28T12:44:15","guid":{"rendered":"https:\/\/blogs.urz.uni-halle.de\/worldoftarantino\/?page_id=12"},"modified":"2017-03-29T18:47:49","modified_gmt":"2017-03-29T16:47:49","slug":"reservoir-dogs","status":"publish","type":"page","link":"https:\/\/blogs.urz.uni-halle.de\/worldoftarantino\/reservoir-dogs\/","title":{"rendered":"Reservoir Dogs"},"content":{"rendered":"<div class=\"twoclick_social_bookmarks_post_12 social_share_privacy clearfix 1.6.4 locale-de_DE sprite-de_DE\"><\/div><div class=\"twoclick-js\"><script type=\"text\/javascript\">\/* <![CDATA[ *\/\njQuery(document).ready(function($){if($('.twoclick_social_bookmarks_post_12')){$('.twoclick_social_bookmarks_post_12').socialSharePrivacy({\"services\":{\"facebook\":{\"status\":\"on\",\"txt_info\":\"2 Klicks f\\u00fcr mehr Datenschutz: Erst wenn Sie hier klicken, wird der Button aktiv und Sie k\\u00f6nnen Ihre Empfehlung an Facebook senden. Schon beim Aktivieren werden Daten an Dritte \\u00fcbertragen - siehe <em>i<\\\/em>.\",\"perma_option\":\"off\",\"action\":\"recommend\",\"language\":\"de_DE\"},\"twitter\":{\"reply_to\":\"\",\"tweet_text\":\"Reservoir%20Dogs%20%C2%BB%20World%20of%20Tarantino\",\"status\":\"on\",\"txt_info\":\"2 Klicks f\\u00fcr mehr Datenschutz: Erst wenn Sie hier klicken, wird der Button aktiv und Sie k\\u00f6nnen Ihre Empfehlung an Twitter senden. Schon beim Aktivieren werden Daten an Dritte \\u00fcbertragen - siehe <em>i<\\\/em>.\",\"perma_option\":\"off\",\"language\":\"de\",\"referrer_track\":\"\"},\"gplus\":{\"status\":\"on\",\"txt_info\":\"2 Klicks f\\u00fcr mehr Datenschutz: Erst wenn Sie hier klicken, wird der Button aktiv und Sie k\\u00f6nnen Ihre Empfehlung an Google+ senden. Schon beim Aktivieren werden Daten an Dritte \\u00fcbertragen - siehe <em>i<\\\/em>.\",\"perma_option\":\"off\",\"referrer_track\":\"\"}},\"txt_help\":\"Wenn Sie diese Felder durch einen Klick aktivieren, werden Informationen an Facebook, Twitter, Flattr, Xing, t3n, LinkedIn, Pinterest oder Google eventuell ins Ausland \\u00fcbertragen und unter Umst\\u00e4nden auch dort gespeichert. N\\u00e4heres erfahren Sie durch einen Klick auf das <em>i<\\\/em>.\",\"settings_perma\":\"Dauerhaft aktivieren und Daten\\u00fcber-tragung zustimmen:\",\"info_link\":\"http:\\\/\\\/www.heise.de\\\/ct\\\/artikel\\\/2-Klicks-fuer-mehr-Datenschutz-1333879.html\",\"uri\":\"https:\\\/\\\/blogs.urz.uni-halle.de\\\/worldoftarantino\\\/reservoir-dogs\\\/\",\"post_id\":12,\"post_title_referrer_track\":\"Reservoir+Dogs\",\"display_infobox\":\"on\"});}});\n\/* ]]> *\/<\/script><\/div><p><img loading=\"lazy\" class=\"alignnone size-full wp-image-13\" src=\"https:\/\/blogs.urz.uni-halle.de\/worldoftarantino\/files\/2017\/03\/Reservoir-Dogs.jpg\" alt=\"\" width=\"182\" height=\"268\" \/><\/p>\n<p>Produktionsjahr: 1992 \u00a0 Genre: Gangsterfilm \u00a0 FSK: 18<\/p>\n<hr \/>\n<p>&nbsp;<\/p>\n<p><strong>Handlung<\/strong><\/p>\n<p>Mr. White, Mr. Orange, Mr. Blonde, Mr. Pink, Mr. Blue, Mr. Brown, Joe Cabot und Nice Guy Eddie\u00a0sitzen in einem Caf\u00e9. Sie haben sich zuvor noch nie gesehen oder miteinander gesprochen. Voneinander wissen sie nur ihre Decknamen und, dass sie ein gemeinsames Ziel haben: einen Juwelier zu \u00fcberfallen. Aber genau im richtigen Moment taucht die Polizei auf und l\u00e4sst den Coup platzen. Es bricht Panik aus und es kommt zur Schie\u00dferei, in der etliche Polizisten und unschuldige Passanten sterben. Kurze Zeit sp\u00e4ter findet sich die Bande am vereinbartem Treffpunk ein. Ihnen ist klar, dass der Tip an die Polizei von einem der Beteiligten gekommen sein muss.<\/p>\n<hr \/>\n<p><strong>Golden Globes &amp; Oscars<\/strong><\/p>\n<p>&#8211;<\/p>\n<hr \/>\n<p><strong>Taratinos Beteiligung<\/strong><\/p>\n<p>Regie<\/p>\n<p>Drehbuch<\/p>\n<p>Schauspieler<\/p>\n","protected":false},"excerpt":{"rendered":"<p>Produktionsjahr: 1992 \u00a0 Genre: Gangsterfilm \u00a0 FSK: 18 &nbsp; Handlung Mr. White, Mr. Orange, Mr. Blonde, Mr. Pink, Mr. Blue, Mr. Brown, Joe Cabot und Nice Guy Eddie\u00a0sitzen in einem Caf\u00e9. Sie haben sich zuvor noch nie gesehen oder miteinander gesprochen. Voneinander wissen sie nur ihre Decknamen und, dass sie ein gemeinsames Ziel haben: einen [&hellip;]<\/p>\n","protected":false},"author":2902,"featured_media":0,"parent":0,"menu_order":0,"comment_status":"closed","ping_status":"closed","template":"","meta":[],"_links":{"self":[{"href":"https:\/\/blogs.urz.uni-halle.de\/worldoftarantino\/wp-json\/wp\/v2\/pages\/12"}],"collection":[{"href":"https:\/\/blogs.urz.uni-halle.de\/worldoftarantino\/wp-json\/wp\/v2\/pages"}],"about":[{"href":"https:\/\/blogs.urz.uni-halle.de\/worldoftarantino\/wp-json\/wp\/v2\/types\/page"}],"author":[{"embeddable":true,"href":"https:\/\/blogs.urz.uni-halle.de\/worldoftarantino\/wp-json\/wp\/v2\/users\/2902"}],"replies":[{"embeddable":true,"href":"https:\/\/blogs.urz.uni-halle.de\/worldoftarantino\/wp-json\/wp\/v2\/comments?post=12"}],"version-history":[{"count":4,"href":"https:\/\/blogs.urz.uni-halle.de\/worldoftarantino\/wp-json\/wp\/v2\/pages\/12\/revisions"}],"predecessor-version":[{"id":65,"href":"https:\/\/blogs.urz.uni-halle.de\/worldoftarantino\/wp-json\/wp\/v2\/pages\/12\/revisions\/65"}],"wp:attachment":[{"href":"https:\/\/blogs.urz.uni-halle.de\/worldoftarantino\/wp-json\/wp\/v2\/media?parent=12"}],"curies":[{"name":"wp","href":"https:\/\/api.w.org\/{rel}","templated":true}]}}