{"id":17,"date":"2017-03-29T19:19:02","date_gmt":"2017-03-29T17:19:02","guid":{"rendered":"https:\/\/blogs.urz.uni-halle.de\/worldoftarantino\/?page_id=17"},"modified":"2017-03-29T19:19:02","modified_gmt":"2017-03-29T17:19:02","slug":"true-romance","status":"publish","type":"page","link":"https:\/\/blogs.urz.uni-halle.de\/worldoftarantino\/true-romance\/","title":{"rendered":"True Romance"},"content":{"rendered":"<div class=\"twoclick_social_bookmarks_post_17 social_share_privacy clearfix 1.6.4 locale-de_DE sprite-de_DE\"><\/div><div class=\"twoclick-js\"><script type=\"text\/javascript\">\/* <![CDATA[ *\/\njQuery(document).ready(function($){if($('.twoclick_social_bookmarks_post_17')){$('.twoclick_social_bookmarks_post_17').socialSharePrivacy({\"services\":{\"facebook\":{\"status\":\"on\",\"txt_info\":\"2 Klicks f\\u00fcr mehr Datenschutz: Erst wenn Sie hier klicken, wird der Button aktiv und Sie k\\u00f6nnen Ihre Empfehlung an Facebook senden. Schon beim Aktivieren werden Daten an Dritte \\u00fcbertragen - siehe <em>i<\\\/em>.\",\"perma_option\":\"off\",\"action\":\"recommend\",\"language\":\"de_DE\"},\"twitter\":{\"reply_to\":\"\",\"tweet_text\":\"True%20Romance%20%C2%BB%20World%20of%20Tarantino\",\"status\":\"on\",\"txt_info\":\"2 Klicks f\\u00fcr mehr Datenschutz: Erst wenn Sie hier klicken, wird der Button aktiv und Sie k\\u00f6nnen Ihre Empfehlung an Twitter senden. Schon beim Aktivieren werden Daten an Dritte \\u00fcbertragen - siehe <em>i<\\\/em>.\",\"perma_option\":\"off\",\"language\":\"de\",\"referrer_track\":\"\"},\"gplus\":{\"status\":\"on\",\"txt_info\":\"2 Klicks f\\u00fcr mehr Datenschutz: Erst wenn Sie hier klicken, wird der Button aktiv und Sie k\\u00f6nnen Ihre Empfehlung an Google+ senden. Schon beim Aktivieren werden Daten an Dritte \\u00fcbertragen - siehe <em>i<\\\/em>.\",\"perma_option\":\"off\",\"referrer_track\":\"\"}},\"txt_help\":\"Wenn Sie diese Felder durch einen Klick aktivieren, werden Informationen an Facebook, Twitter, Flattr, Xing, t3n, LinkedIn, Pinterest oder Google eventuell ins Ausland \\u00fcbertragen und unter Umst\\u00e4nden auch dort gespeichert. N\\u00e4heres erfahren Sie durch einen Klick auf das <em>i<\\\/em>.\",\"settings_perma\":\"Dauerhaft aktivieren und Daten\\u00fcber-tragung zustimmen:\",\"info_link\":\"http:\\\/\\\/www.heise.de\\\/ct\\\/artikel\\\/2-Klicks-fuer-mehr-Datenschutz-1333879.html\",\"uri\":\"https:\\\/\\\/blogs.urz.uni-halle.de\\\/worldoftarantino\\\/true-romance\\\/\",\"post_id\":17,\"post_title_referrer_track\":\"True+Romance\",\"display_infobox\":\"on\"});}});\n\/* ]]> *\/<\/script><\/div><p><img loading=\"lazy\" class=\"alignnone size-medium wp-image-18\" src=\"https:\/\/blogs.urz.uni-halle.de\/worldoftarantino\/files\/2017\/03\/True_romance-194x300.jpg\" alt=\"\" width=\"194\" height=\"300\" srcset=\"https:\/\/blogs.urz.uni-halle.de\/worldoftarantino\/files\/2017\/03\/True_romance-194x300.jpg 194w, https:\/\/blogs.urz.uni-halle.de\/worldoftarantino\/files\/2017\/03\/True_romance.jpg 296w\" sizes=\"(max-width: 194px) 100vw, 194px\" \/><\/p>\n<p>Produktionsjahr: 1993 \u00a0 Genre: Gangsterfilm \u00a0 FSK: 18<\/p>\n<hr \/>\n<p><strong>Handlung<\/strong><\/p>\n<p>Clarence\u00a0und Alabama\u00a0lernen sich in einem Kino in Detroit kennen. F\u00fcr beide scheint es Liebe auf den ersten Blick zu sein. Sie verbringen eine Nacht miteinander. Alabama gibt in der selben Nacht noch zu, ein Callgirl zu sein, das von Clarences Chef als Geburtstagsgeschenk engagiert wurde. Dennoch beteuert sie, dass ihre Gef\u00fchle f\u00fcr Clarence nicht gespielt waren. Kurz darauf heiraten sie. Alabama erz\u00e4hlt Clarence von ihrem Zuh\u00e4lter Drexl, der ihr schon oft Gewalt angetan hat. Clarence f\u00e4hrt zu Drexl, unter dem Vorwand, Alabamas Sachen abzuholen. In Wirklichkeit hat er sich in den Kopf gesetzt, Drexl zu t\u00f6ten. Zwischen den beiden kommt es zum Kampf, in dem Clarence Drexl umbringt. Er nimmt einen Koffer mit Alabamas Sachen mit, vergisst aber in der Hektik seinen F\u00fchrerschein. Zu Hause stellt sich heraus, dass der Koffer voller Kokain ist. Beide entschlie\u00dfen sich, das Kokain in Los Angeles zu verkaufen und machen sich auf den Weg. Zur gleichen Zeit findet die Mafia heraus, was mit dem gestohlenen Kokain passiert ist und sucht nun ebenfalls nach dem jungen Ehepaar.<\/p>\n<p>&nbsp;<\/p>\n<hr \/>\n<p><strong>Golden Globes &amp; Oscars<\/strong><\/p>\n<p>&#8211;<\/p>\n<hr \/>\n<p><strong>Taratinos Beteiligung<\/strong><\/p>\n<p>Drehbuch<\/p>\n","protected":false},"excerpt":{"rendered":"<p>Produktionsjahr: 1993 \u00a0 Genre: Gangsterfilm \u00a0 FSK: 18 Handlung Clarence\u00a0und Alabama\u00a0lernen sich in einem Kino in Detroit kennen. F\u00fcr beide scheint es Liebe auf den ersten Blick zu sein. Sie verbringen eine Nacht miteinander. Alabama gibt in der selben Nacht noch zu, ein Callgirl zu sein, das von Clarences Chef als Geburtstagsgeschenk engagiert wurde. Dennoch [&hellip;]<\/p>\n","protected":false},"author":2902,"featured_media":0,"parent":0,"menu_order":0,"comment_status":"closed","ping_status":"closed","template":"","meta":[],"_links":{"self":[{"href":"https:\/\/blogs.urz.uni-halle.de\/worldoftarantino\/wp-json\/wp\/v2\/pages\/17"}],"collection":[{"href":"https:\/\/blogs.urz.uni-halle.de\/worldoftarantino\/wp-json\/wp\/v2\/pages"}],"about":[{"href":"https:\/\/blogs.urz.uni-halle.de\/worldoftarantino\/wp-json\/wp\/v2\/types\/page"}],"author":[{"embeddable":true,"href":"https:\/\/blogs.urz.uni-halle.de\/worldoftarantino\/wp-json\/wp\/v2\/users\/2902"}],"replies":[{"embeddable":true,"href":"https:\/\/blogs.urz.uni-halle.de\/worldoftarantino\/wp-json\/wp\/v2\/comments?post=17"}],"version-history":[{"count":3,"href":"https:\/\/blogs.urz.uni-halle.de\/worldoftarantino\/wp-json\/wp\/v2\/pages\/17\/revisions"}],"predecessor-version":[{"id":68,"href":"https:\/\/blogs.urz.uni-halle.de\/worldoftarantino\/wp-json\/wp\/v2\/pages\/17\/revisions\/68"}],"wp:attachment":[{"href":"https:\/\/blogs.urz.uni-halle.de\/worldoftarantino\/wp-json\/wp\/v2\/media?parent=17"}],"curies":[{"name":"wp","href":"https:\/\/api.w.org\/{rel}","templated":true}]}}