{"id":34,"date":"2017-03-29T19:17:44","date_gmt":"2017-03-29T17:17:44","guid":{"rendered":"https:\/\/blogs.urz.uni-halle.de\/worldoftarantino\/?page_id=34"},"modified":"2017-03-29T19:17:44","modified_gmt":"2017-03-29T17:17:44","slug":"death-proof","status":"publish","type":"page","link":"https:\/\/blogs.urz.uni-halle.de\/worldoftarantino\/death-proof\/","title":{"rendered":"Death Proof"},"content":{"rendered":"<div class=\"twoclick_social_bookmarks_post_34 social_share_privacy clearfix 1.6.4 locale-de_DE sprite-de_DE\"><\/div><div class=\"twoclick-js\"><script type=\"text\/javascript\">\/* <![CDATA[ *\/\njQuery(document).ready(function($){if($('.twoclick_social_bookmarks_post_34')){$('.twoclick_social_bookmarks_post_34').socialSharePrivacy({\"services\":{\"facebook\":{\"status\":\"on\",\"txt_info\":\"2 Klicks f\\u00fcr mehr Datenschutz: Erst wenn Sie hier klicken, wird der Button aktiv und Sie k\\u00f6nnen Ihre Empfehlung an Facebook senden. Schon beim Aktivieren werden Daten an Dritte \\u00fcbertragen - siehe <em>i<\\\/em>.\",\"perma_option\":\"off\",\"action\":\"recommend\",\"language\":\"de_DE\"},\"twitter\":{\"reply_to\":\"\",\"tweet_text\":\"Death%20Proof%20%C2%BB%20World%20of%20Tarantino\",\"status\":\"on\",\"txt_info\":\"2 Klicks f\\u00fcr mehr Datenschutz: Erst wenn Sie hier klicken, wird der Button aktiv und Sie k\\u00f6nnen Ihre Empfehlung an Twitter senden. Schon beim Aktivieren werden Daten an Dritte \\u00fcbertragen - siehe <em>i<\\\/em>.\",\"perma_option\":\"off\",\"language\":\"de\",\"referrer_track\":\"\"},\"gplus\":{\"status\":\"on\",\"txt_info\":\"2 Klicks f\\u00fcr mehr Datenschutz: Erst wenn Sie hier klicken, wird der Button aktiv und Sie k\\u00f6nnen Ihre Empfehlung an Google+ senden. Schon beim Aktivieren werden Daten an Dritte \\u00fcbertragen - siehe <em>i<\\\/em>.\",\"perma_option\":\"off\",\"referrer_track\":\"\"}},\"txt_help\":\"Wenn Sie diese Felder durch einen Klick aktivieren, werden Informationen an Facebook, Twitter, Flattr, Xing, t3n, LinkedIn, Pinterest oder Google eventuell ins Ausland \\u00fcbertragen und unter Umst\\u00e4nden auch dort gespeichert. N\\u00e4heres erfahren Sie durch einen Klick auf das <em>i<\\\/em>.\",\"settings_perma\":\"Dauerhaft aktivieren und Daten\\u00fcber-tragung zustimmen:\",\"info_link\":\"http:\\\/\\\/www.heise.de\\\/ct\\\/artikel\\\/2-Klicks-fuer-mehr-Datenschutz-1333879.html\",\"uri\":\"https:\\\/\\\/blogs.urz.uni-halle.de\\\/worldoftarantino\\\/death-proof\\\/\",\"post_id\":34,\"post_title_referrer_track\":\"Death+Proof\",\"display_infobox\":\"on\"});}});\n\/* ]]> *\/<\/script><\/div><p><img loading=\"lazy\" class=\"alignnone size-medium wp-image-35\" src=\"https:\/\/blogs.urz.uni-halle.de\/worldoftarantino\/files\/2017\/03\/death-proof-212x300.jpg\" alt=\"\" width=\"212\" height=\"300\" srcset=\"https:\/\/blogs.urz.uni-halle.de\/worldoftarantino\/files\/2017\/03\/death-proof-212x300.jpg 212w, https:\/\/blogs.urz.uni-halle.de\/worldoftarantino\/files\/2017\/03\/death-proof-768x1087.jpg 768w, https:\/\/blogs.urz.uni-halle.de\/worldoftarantino\/files\/2017\/03\/death-proof-724x1024.jpg 724w, https:\/\/blogs.urz.uni-halle.de\/worldoftarantino\/files\/2017\/03\/death-proof.jpg 848w\" sizes=\"(max-width: 212px) 100vw, 212px\" \/><\/p>\n<p>&nbsp;<\/p>\n<p>Produktionsjahr: 2007 \u00a0 Genre: Actionthriller \u00a0 FSK: 16<\/p>\n<hr \/>\n<p><strong>Handlung<\/strong><\/p>\n<p>Texas: In einer Bar am\u00fcsiert sich die hei\u00dfe texanische DJane Jungle Julia\u00a0und ihre attraktiven Freundinnen\u00a0. Sie trinken, flirten und albern herum, nicht ahnend, dass der Tod schon an der Bar lauert: Stuntman Mike\u00a0macht in seinem umgebauten Muscle Car Jagd auf h\u00fcbsche, junge M\u00e4dels.<\/p>\n<p>Einige Zeit sp\u00e4ter genie\u00dfen drei andere Frauen ihre freie Zeit. Zo\u00eb, Kim\u00a0und Abernathy\u00a0arbeiten beim Film und haben f\u00fcr ein paar Tage drehfrei. Bei einem Highspeed-Spielchen st\u00f6\u00dft das Frauen-Trio auf Mike. Doch diese Girls durchschauen schnell, mit welchem Typen sie es zu tun haben. Sie drehen den Spie\u00df um und gehen zum Angriff \u00fcber. Ein Road-Duell auf Leben und Tod beginnt\u2026<\/p>\n<hr \/>\n<p><strong>Golden Globes &amp; Oscars<\/strong><\/p>\n<p>&#8211;<\/p>\n<hr \/>\n<p><strong>Taratinos Beteiligung<\/strong><\/p>\n<p>Produktion<\/p>\n<p>Regisseur<\/p>\n<p>Drehbuch<\/p>\n<p>Schauspieler<\/p>\n<p>Kamera<\/p>\n","protected":false},"excerpt":{"rendered":"<p>&nbsp; Produktionsjahr: 2007 \u00a0 Genre: Actionthriller \u00a0 FSK: 16 Handlung Texas: In einer Bar am\u00fcsiert sich die hei\u00dfe texanische DJane Jungle Julia\u00a0und ihre attraktiven Freundinnen\u00a0. Sie trinken, flirten und albern herum, nicht ahnend, dass der Tod schon an der Bar lauert: Stuntman Mike\u00a0macht in seinem umgebauten Muscle Car Jagd auf h\u00fcbsche, junge M\u00e4dels. Einige Zeit [&hellip;]<\/p>\n","protected":false},"author":2902,"featured_media":0,"parent":0,"menu_order":0,"comment_status":"closed","ping_status":"closed","template":"","meta":[],"_links":{"self":[{"href":"https:\/\/blogs.urz.uni-halle.de\/worldoftarantino\/wp-json\/wp\/v2\/pages\/34"}],"collection":[{"href":"https:\/\/blogs.urz.uni-halle.de\/worldoftarantino\/wp-json\/wp\/v2\/pages"}],"about":[{"href":"https:\/\/blogs.urz.uni-halle.de\/worldoftarantino\/wp-json\/wp\/v2\/types\/page"}],"author":[{"embeddable":true,"href":"https:\/\/blogs.urz.uni-halle.de\/worldoftarantino\/wp-json\/wp\/v2\/users\/2902"}],"replies":[{"embeddable":true,"href":"https:\/\/blogs.urz.uni-halle.de\/worldoftarantino\/wp-json\/wp\/v2\/comments?post=34"}],"version-history":[{"count":4,"href":"https:\/\/blogs.urz.uni-halle.de\/worldoftarantino\/wp-json\/wp\/v2\/pages\/34\/revisions"}],"predecessor-version":[{"id":60,"href":"https:\/\/blogs.urz.uni-halle.de\/worldoftarantino\/wp-json\/wp\/v2\/pages\/34\/revisions\/60"}],"wp:attachment":[{"href":"https:\/\/blogs.urz.uni-halle.de\/worldoftarantino\/wp-json\/wp\/v2\/media?parent=34"}],"curies":[{"name":"wp","href":"https:\/\/api.w.org\/{rel}","templated":true}]}}