{"id":37,"date":"2017-03-29T19:18:07","date_gmt":"2017-03-29T17:18:07","guid":{"rendered":"https:\/\/blogs.urz.uni-halle.de\/worldoftarantino\/?page_id=37"},"modified":"2017-03-29T19:18:07","modified_gmt":"2017-03-29T17:18:07","slug":"inglourious-basterds","status":"publish","type":"page","link":"https:\/\/blogs.urz.uni-halle.de\/worldoftarantino\/inglourious-basterds\/","title":{"rendered":"Inglourious Basterds"},"content":{"rendered":"<div class=\"twoclick_social_bookmarks_post_37 social_share_privacy clearfix 1.6.4 locale-de_DE sprite-de_DE\"><\/div><div class=\"twoclick-js\"><script type=\"text\/javascript\">\/* <![CDATA[ *\/\njQuery(document).ready(function($){if($('.twoclick_social_bookmarks_post_37')){$('.twoclick_social_bookmarks_post_37').socialSharePrivacy({\"services\":{\"facebook\":{\"status\":\"on\",\"txt_info\":\"2 Klicks f\\u00fcr mehr Datenschutz: Erst wenn Sie hier klicken, wird der Button aktiv und Sie k\\u00f6nnen Ihre Empfehlung an Facebook senden. Schon beim Aktivieren werden Daten an Dritte \\u00fcbertragen - siehe <em>i<\\\/em>.\",\"perma_option\":\"off\",\"action\":\"recommend\",\"language\":\"de_DE\"},\"twitter\":{\"reply_to\":\"\",\"tweet_text\":\"Inglourious%20Basterds%20%C2%BB%20World%20of%20Tarantino\",\"status\":\"on\",\"txt_info\":\"2 Klicks f\\u00fcr mehr Datenschutz: Erst wenn Sie hier klicken, wird der Button aktiv und Sie k\\u00f6nnen Ihre Empfehlung an Twitter senden. Schon beim Aktivieren werden Daten an Dritte \\u00fcbertragen - siehe <em>i<\\\/em>.\",\"perma_option\":\"off\",\"language\":\"de\",\"referrer_track\":\"\"},\"gplus\":{\"status\":\"on\",\"txt_info\":\"2 Klicks f\\u00fcr mehr Datenschutz: Erst wenn Sie hier klicken, wird der Button aktiv und Sie k\\u00f6nnen Ihre Empfehlung an Google+ senden. Schon beim Aktivieren werden Daten an Dritte \\u00fcbertragen - siehe <em>i<\\\/em>.\",\"perma_option\":\"off\",\"referrer_track\":\"\"}},\"txt_help\":\"Wenn Sie diese Felder durch einen Klick aktivieren, werden Informationen an Facebook, Twitter, Flattr, Xing, t3n, LinkedIn, Pinterest oder Google eventuell ins Ausland \\u00fcbertragen und unter Umst\\u00e4nden auch dort gespeichert. N\\u00e4heres erfahren Sie durch einen Klick auf das <em>i<\\\/em>.\",\"settings_perma\":\"Dauerhaft aktivieren und Daten\\u00fcber-tragung zustimmen:\",\"info_link\":\"http:\\\/\\\/www.heise.de\\\/ct\\\/artikel\\\/2-Klicks-fuer-mehr-Datenschutz-1333879.html\",\"uri\":\"https:\\\/\\\/blogs.urz.uni-halle.de\\\/worldoftarantino\\\/inglourious-basterds\\\/\",\"post_id\":37,\"post_title_referrer_track\":\"Inglourious+Basterds\",\"display_infobox\":\"on\"});}});\n\/* ]]> *\/<\/script><\/div><p><img loading=\"lazy\" class=\"alignnone size-full wp-image-38\" src=\"https:\/\/blogs.urz.uni-halle.de\/worldoftarantino\/files\/2017\/03\/inglourious-basterds.jpg\" alt=\"\" width=\"182\" height=\"268\" \/><\/p>\n<p>&nbsp;<\/p>\n<p>Produktionsjahr: 2009 \u00a0 Genre: Kriegsgroteske \u00a0 FSK: 16<\/p>\n<hr \/>\n<p><strong>Handlung<\/strong><\/p>\n<p>Im von Nazis besetzten Frankreich muss Shosanna Dreyfus\u00a0mit ansehen, wie ihre Familie durch den Nazi-Oberst Hans Landa brutal hingerichtet wird. Nur knapp kann sie entkommen und flieht nach Paris, wo sie sich als Kinobesitzerin eine neue Identit\u00e4t und Existenz aufbaut.<\/p>\n<p>Zur gleichen Zeit formt Offizier Aldo Raine\u00a0eine Elitetruppe aus j\u00fcdischen Soldaten, die gezielte Vergeltungsschl\u00e4ge gegen Nazis und Kollaborateure durchf\u00fchren soll. Gemeinsam mit seinen acht M\u00e4nnern wird er in Frankreich abgesetzt, um dort unterzutauchen und in Guerilla-Eins\u00e4tzen Nazis zu jagen und t\u00f6ten. Schon bald werden sie von den Deutschen als \u2018Die Bastarde\u2019 gef\u00fcrchtet. Als der Plan reift, Adolf Hitler pers\u00f6nlich auszuschalten, nimmt Raines Einheit Kontakt zu der deutschen Schauspielerin und Undercover-Agentin des Widerstands, Bridget von Hammersmark, auf, die entscheidend f\u00fcr das Gelingen des Anschlags ist. Die gemeinsame Mission f\u00fchrt sie schlie\u00dflich alle in das Pariser Kino von Shosanna, die allerdings seit langem ihre eigenen Rachepl\u00e4ne verfolgt.<\/p>\n<hr \/>\n<p><strong>Golden Globes\u00a0<\/strong><\/p>\n<p>Nominierungen: Bester Film, Beste Regie, Bestes Drehbuch<\/p>\n<p>Auszeichnungen: Bester Nebendarsteller (Christoph Waltz)<\/p>\n<p>&nbsp;<\/p>\n<p><strong>Oscars<\/strong><\/p>\n<p>Nominierung: Bester Film, Beste Regie, Bestes Originaldrehbuch, Beste Kamera, Bester Schnitt, Bester Ton, Bester Tonschnitt<\/p>\n<p>Auszeichnungen: Bester Nebendarsteller (Christoph Waltz)<\/p>\n<hr \/>\n<p><strong>Taratinos Beteiligung<\/strong><\/p>\n<p>Produktion<\/p>\n<p>Regie<\/p>\n<p>Drehbuch<\/p>\n","protected":false},"excerpt":{"rendered":"<p>&nbsp; Produktionsjahr: 2009 \u00a0 Genre: Kriegsgroteske \u00a0 FSK: 16 Handlung Im von Nazis besetzten Frankreich muss Shosanna Dreyfus\u00a0mit ansehen, wie ihre Familie durch den Nazi-Oberst Hans Landa brutal hingerichtet wird. Nur knapp kann sie entkommen und flieht nach Paris, wo sie sich als Kinobesitzerin eine neue Identit\u00e4t und Existenz aufbaut. Zur gleichen Zeit formt Offizier [&hellip;]<\/p>\n","protected":false},"author":2902,"featured_media":0,"parent":0,"menu_order":0,"comment_status":"closed","ping_status":"closed","template":"","meta":[],"_links":{"self":[{"href":"https:\/\/blogs.urz.uni-halle.de\/worldoftarantino\/wp-json\/wp\/v2\/pages\/37"}],"collection":[{"href":"https:\/\/blogs.urz.uni-halle.de\/worldoftarantino\/wp-json\/wp\/v2\/pages"}],"about":[{"href":"https:\/\/blogs.urz.uni-halle.de\/worldoftarantino\/wp-json\/wp\/v2\/types\/page"}],"author":[{"embeddable":true,"href":"https:\/\/blogs.urz.uni-halle.de\/worldoftarantino\/wp-json\/wp\/v2\/users\/2902"}],"replies":[{"embeddable":true,"href":"https:\/\/blogs.urz.uni-halle.de\/worldoftarantino\/wp-json\/wp\/v2\/comments?post=37"}],"version-history":[{"count":2,"href":"https:\/\/blogs.urz.uni-halle.de\/worldoftarantino\/wp-json\/wp\/v2\/pages\/37\/revisions"}],"predecessor-version":[{"id":59,"href":"https:\/\/blogs.urz.uni-halle.de\/worldoftarantino\/wp-json\/wp\/v2\/pages\/37\/revisions\/59"}],"wp:attachment":[{"href":"https:\/\/blogs.urz.uni-halle.de\/worldoftarantino\/wp-json\/wp\/v2\/media?parent=37"}],"curies":[{"name":"wp","href":"https:\/\/api.w.org\/{rel}","templated":true}]}}