{"id":40,"date":"2017-03-29T19:17:51","date_gmt":"2017-03-29T17:17:51","guid":{"rendered":"https:\/\/blogs.urz.uni-halle.de\/worldoftarantino\/?page_id=40"},"modified":"2017-03-29T19:17:51","modified_gmt":"2017-03-29T17:17:51","slug":"django-unchained","status":"publish","type":"page","link":"https:\/\/blogs.urz.uni-halle.de\/worldoftarantino\/django-unchained\/","title":{"rendered":"Django Unchained"},"content":{"rendered":"<div class=\"twoclick_social_bookmarks_post_40 social_share_privacy clearfix 1.6.4 locale-de_DE sprite-de_DE\"><\/div><div class=\"twoclick-js\"><script type=\"text\/javascript\">\/* <![CDATA[ *\/\njQuery(document).ready(function($){if($('.twoclick_social_bookmarks_post_40')){$('.twoclick_social_bookmarks_post_40').socialSharePrivacy({\"services\":{\"facebook\":{\"status\":\"on\",\"txt_info\":\"2 Klicks f\\u00fcr mehr Datenschutz: Erst wenn Sie hier klicken, wird der Button aktiv und Sie k\\u00f6nnen Ihre Empfehlung an Facebook senden. Schon beim Aktivieren werden Daten an Dritte \\u00fcbertragen - siehe <em>i<\\\/em>.\",\"perma_option\":\"off\",\"action\":\"recommend\",\"language\":\"de_DE\"},\"twitter\":{\"reply_to\":\"\",\"tweet_text\":\"Django%20Unchained%20%C2%BB%20World%20of%20Tarantino\",\"status\":\"on\",\"txt_info\":\"2 Klicks f\\u00fcr mehr Datenschutz: Erst wenn Sie hier klicken, wird der Button aktiv und Sie k\\u00f6nnen Ihre Empfehlung an Twitter senden. Schon beim Aktivieren werden Daten an Dritte \\u00fcbertragen - siehe <em>i<\\\/em>.\",\"perma_option\":\"off\",\"language\":\"de\",\"referrer_track\":\"\"},\"gplus\":{\"status\":\"on\",\"txt_info\":\"2 Klicks f\\u00fcr mehr Datenschutz: Erst wenn Sie hier klicken, wird der Button aktiv und Sie k\\u00f6nnen Ihre Empfehlung an Google+ senden. Schon beim Aktivieren werden Daten an Dritte \\u00fcbertragen - siehe <em>i<\\\/em>.\",\"perma_option\":\"off\",\"referrer_track\":\"\"}},\"txt_help\":\"Wenn Sie diese Felder durch einen Klick aktivieren, werden Informationen an Facebook, Twitter, Flattr, Xing, t3n, LinkedIn, Pinterest oder Google eventuell ins Ausland \\u00fcbertragen und unter Umst\\u00e4nden auch dort gespeichert. N\\u00e4heres erfahren Sie durch einen Klick auf das <em>i<\\\/em>.\",\"settings_perma\":\"Dauerhaft aktivieren und Daten\\u00fcber-tragung zustimmen:\",\"info_link\":\"http:\\\/\\\/www.heise.de\\\/ct\\\/artikel\\\/2-Klicks-fuer-mehr-Datenschutz-1333879.html\",\"uri\":\"https:\\\/\\\/blogs.urz.uni-halle.de\\\/worldoftarantino\\\/django-unchained\\\/\",\"post_id\":40,\"post_title_referrer_track\":\"Django+Unchained\",\"display_infobox\":\"on\"});}});\n\/* ]]> *\/<\/script><\/div><p><img loading=\"lazy\" class=\"alignnone size-medium wp-image-41\" src=\"https:\/\/blogs.urz.uni-halle.de\/worldoftarantino\/files\/2017\/03\/Django_Unchained_Poster-202x300.jpg\" alt=\"\" width=\"202\" height=\"300\" srcset=\"https:\/\/blogs.urz.uni-halle.de\/worldoftarantino\/files\/2017\/03\/Django_Unchained_Poster-202x300.jpg 202w, https:\/\/blogs.urz.uni-halle.de\/worldoftarantino\/files\/2017\/03\/Django_Unchained_Poster.jpg 220w\" sizes=\"(max-width: 202px) 100vw, 202px\" \/><\/p>\n<p>&nbsp;<\/p>\n<p>Produktionsjahr: 2012 \u00a0 Genre: Western \u00a0 FSK: 16<\/p>\n<hr \/>\n<p><strong>Handlung<\/strong><\/p>\n<p>Die Geschichte von Django Unchained ist eine Odyssee voller Entbehrungen und Sehnsucht. Wir befinden uns in den S\u00fcdstaaten, kurz vorm B\u00fcrgerkrieg; Sklaverei ist hier noch eine Alltagserscheinung. Als das Sklavenpaar Django\u00a0und seine Frau Broomhilda\u00a0bei einer Auktion getrennt werden, hat Django nur noch ein Ziel vor Augen: seine Frau wiederzufinden. Die Gelegenheit ergibt sich f\u00fcr den in Fesseln Geschlagenen schneller als erwartet, als er vom fr\u00fcheren Zahnarzt und jetzigen Kopfgeldj\u00e4ger Dr. Schultz\u00a0befreit wird, damit er ihm bei der Identifikation steckbrieflich gesuchter Verbrecher behilflich sei. Zum Dank will Dr. Schultz ihn zum Kopfgeldj\u00e4ger ausbilden und ihm helfen, seine Frau ausfindig zu machen. Die Zeit von Django Unchained ist gekommen!<\/p>\n<p>Auf der Suche nach Broomhilda hinterlassen die beiden eine Schneise der Gewalt. W\u00e4hrend ihrer Odyssee treffen die beiden Kopfgeldj\u00e4ger auf Gesindel und rassistische Gro\u00dfgrundbesitzer wie Spencer Gordon Bennet. Schlie\u00dflich f\u00fchrt Django und Dr. Schultz die Spur nach Candyland, wo Broomhilda in den Besitz des charismatischen und \u00fcberaus gef\u00e4hrlichen Calvin Candie\u00a0\u00fcbergegangen ist. Sie erschleichen sich erfolgreich das Vertrauen von Candie. Doch der Haussklave Stephen\u00a0durchschaut ihr Spiel\u2026<\/p>\n<hr \/>\n<p><strong>Golden Globes\u00a0<\/strong><\/p>\n<p>Nominierungen: Betser Film, Beste Regie, Bester Nebendarsteller (Leonardo DiCaprio)<\/p>\n<p>Auszeichnungen: Bestes Drehbuch, Bester Nebendarsteller (Christoph Waltz)<\/p>\n<p>&nbsp;<\/p>\n<p><strong>Oscars<\/strong><\/p>\n<p>Nominierungen: Bester Film, Beste Kamera, Bester Ton<\/p>\n<p>Auszeichnungen: Bestes Originaldrehbuch, Bester Nebendarsteller (Christoph Waltz)<\/p>\n<p>&nbsp;<\/p>\n<hr \/>\n<p><strong>Taratinos Beteiligung<\/strong><\/p>\n<p>Regisseur<\/p>\n<p>Drehbuch<\/p>\n<p>Schauspieler<\/p>\n","protected":false},"excerpt":{"rendered":"<p>&nbsp; Produktionsjahr: 2012 \u00a0 Genre: Western \u00a0 FSK: 16 Handlung Die Geschichte von Django Unchained ist eine Odyssee voller Entbehrungen und Sehnsucht. Wir befinden uns in den S\u00fcdstaaten, kurz vorm B\u00fcrgerkrieg; Sklaverei ist hier noch eine Alltagserscheinung. Als das Sklavenpaar Django\u00a0und seine Frau Broomhilda\u00a0bei einer Auktion getrennt werden, hat Django nur noch ein Ziel vor [&hellip;]<\/p>\n","protected":false},"author":2902,"featured_media":0,"parent":0,"menu_order":0,"comment_status":"closed","ping_status":"closed","template":"","meta":[],"_links":{"self":[{"href":"https:\/\/blogs.urz.uni-halle.de\/worldoftarantino\/wp-json\/wp\/v2\/pages\/40"}],"collection":[{"href":"https:\/\/blogs.urz.uni-halle.de\/worldoftarantino\/wp-json\/wp\/v2\/pages"}],"about":[{"href":"https:\/\/blogs.urz.uni-halle.de\/worldoftarantino\/wp-json\/wp\/v2\/types\/page"}],"author":[{"embeddable":true,"href":"https:\/\/blogs.urz.uni-halle.de\/worldoftarantino\/wp-json\/wp\/v2\/users\/2902"}],"replies":[{"embeddable":true,"href":"https:\/\/blogs.urz.uni-halle.de\/worldoftarantino\/wp-json\/wp\/v2\/comments?post=40"}],"version-history":[{"count":2,"href":"https:\/\/blogs.urz.uni-halle.de\/worldoftarantino\/wp-json\/wp\/v2\/pages\/40\/revisions"}],"predecessor-version":[{"id":56,"href":"https:\/\/blogs.urz.uni-halle.de\/worldoftarantino\/wp-json\/wp\/v2\/pages\/40\/revisions\/56"}],"wp:attachment":[{"href":"https:\/\/blogs.urz.uni-halle.de\/worldoftarantino\/wp-json\/wp\/v2\/media?parent=40"}],"curies":[{"name":"wp","href":"https:\/\/api.w.org\/{rel}","templated":true}]}}