{"id":43,"date":"2017-03-29T19:18:52","date_gmt":"2017-03-29T17:18:52","guid":{"rendered":"https:\/\/blogs.urz.uni-halle.de\/worldoftarantino\/?page_id=43"},"modified":"2017-03-29T19:18:52","modified_gmt":"2017-03-29T17:18:52","slug":"the-hateful-8","status":"publish","type":"page","link":"https:\/\/blogs.urz.uni-halle.de\/worldoftarantino\/the-hateful-8\/","title":{"rendered":"The Hateful 8"},"content":{"rendered":"<div class=\"twoclick_social_bookmarks_post_43 social_share_privacy clearfix 1.6.4 locale-de_DE sprite-de_DE\"><\/div><div class=\"twoclick-js\"><script type=\"text\/javascript\">\/* <![CDATA[ *\/\njQuery(document).ready(function($){if($('.twoclick_social_bookmarks_post_43')){$('.twoclick_social_bookmarks_post_43').socialSharePrivacy({\"services\":{\"facebook\":{\"status\":\"on\",\"txt_info\":\"2 Klicks f\\u00fcr mehr Datenschutz: Erst wenn Sie hier klicken, wird der Button aktiv und Sie k\\u00f6nnen Ihre Empfehlung an Facebook senden. Schon beim Aktivieren werden Daten an Dritte \\u00fcbertragen - siehe <em>i<\\\/em>.\",\"perma_option\":\"off\",\"action\":\"recommend\",\"language\":\"de_DE\"},\"twitter\":{\"reply_to\":\"\",\"tweet_text\":\"The%20Hateful%208%20%C2%BB%20World%20of%20Tarantino\",\"status\":\"on\",\"txt_info\":\"2 Klicks f\\u00fcr mehr Datenschutz: Erst wenn Sie hier klicken, wird der Button aktiv und Sie k\\u00f6nnen Ihre Empfehlung an Twitter senden. Schon beim Aktivieren werden Daten an Dritte \\u00fcbertragen - siehe <em>i<\\\/em>.\",\"perma_option\":\"off\",\"language\":\"de\",\"referrer_track\":\"\"},\"gplus\":{\"status\":\"on\",\"txt_info\":\"2 Klicks f\\u00fcr mehr Datenschutz: Erst wenn Sie hier klicken, wird der Button aktiv und Sie k\\u00f6nnen Ihre Empfehlung an Google+ senden. Schon beim Aktivieren werden Daten an Dritte \\u00fcbertragen - siehe <em>i<\\\/em>.\",\"perma_option\":\"off\",\"referrer_track\":\"\"}},\"txt_help\":\"Wenn Sie diese Felder durch einen Klick aktivieren, werden Informationen an Facebook, Twitter, Flattr, Xing, t3n, LinkedIn, Pinterest oder Google eventuell ins Ausland \\u00fcbertragen und unter Umst\\u00e4nden auch dort gespeichert. N\\u00e4heres erfahren Sie durch einen Klick auf das <em>i<\\\/em>.\",\"settings_perma\":\"Dauerhaft aktivieren und Daten\\u00fcber-tragung zustimmen:\",\"info_link\":\"http:\\\/\\\/www.heise.de\\\/ct\\\/artikel\\\/2-Klicks-fuer-mehr-Datenschutz-1333879.html\",\"uri\":\"https:\\\/\\\/blogs.urz.uni-halle.de\\\/worldoftarantino\\\/the-hateful-8\\\/\",\"post_id\":43,\"post_title_referrer_track\":\"The+Hateful+8\",\"display_infobox\":\"on\"});}});\n\/* ]]> *\/<\/script><\/div><p><img loading=\"lazy\" class=\"alignnone size-medium wp-image-44\" src=\"https:\/\/blogs.urz.uni-halle.de\/worldoftarantino\/files\/2017\/03\/hateful-212x300.jpg\" alt=\"\" width=\"212\" height=\"300\" srcset=\"https:\/\/blogs.urz.uni-halle.de\/worldoftarantino\/files\/2017\/03\/hateful-212x300.jpg 212w, https:\/\/blogs.urz.uni-halle.de\/worldoftarantino\/files\/2017\/03\/hateful-768x1086.jpg 768w, https:\/\/blogs.urz.uni-halle.de\/worldoftarantino\/files\/2017\/03\/hateful-724x1024.jpg 724w, https:\/\/blogs.urz.uni-halle.de\/worldoftarantino\/files\/2017\/03\/hateful.jpg 1131w\" sizes=\"(max-width: 212px) 100vw, 212px\" \/><\/p>\n<p>&nbsp;<\/p>\n<p>Produktionsjahr: 2015 \u00a0 Genre: Western \u00a0 FSK: 16<\/p>\n<hr \/>\n<p><strong>Handlung<\/strong><\/p>\n<p>yoming, einige Jahre nach dem amerikanischen B\u00fcrgerkrieg: Eine Stagecoach-Kutsche bahnt sich m\u00fchsam ihren Weg durch den Schnee in Richtung der Bergstadt Red Rock. An Bord befinden sich der Kopfgeldj\u00e4ger John \u2018The Hangman\u2019 Ruth, dessen Gefangene Daisy Domerguesowie die Anhalter Major Marquis Warren, der fr\u00fcher Soldat war und nun ebenfalls als Kopfgeldj\u00e4ger sein Geld verdient, und Chris Mannix.<\/p>\n<p>Aufgrund eines Schneesturms legen sie einen Zwischenstopp in Minnies Kleinwarenladen ein. Darin treffen sie zwar nicht auf Minnie, aber daf\u00fcr auf den mysteri\u00f6sen Mexikaner Bob, auf den verschwiegenen Cowboy Joe Gage, auf General Sandford \u2018Sandy\u2019 Smithers\u00a0und auf Oswaldo Mobray. Was auf den ersten Blick wie ein zuf\u00e4lliges Zusammentreffen von Fremden in einem vergessenen Winkel der Welt wirkt, ist in Wahrheit ein Abrechnung f\u00fcr Untaten w\u00e4hrend des B\u00fcrgerkrieges, die schon Jahre zur\u00fcckliegen, aber alle Anwesenden mit Hass erf\u00fcllt haben \u2013 einen Hass, der jedes Wort in dem kleinen Laden zu einem Todesurteil werden lassen kann.<\/p>\n<hr \/>\n<p><strong>Golden Globes\u00a0<\/strong><\/p>\n<p>Nominierungen: Bestes Drehbuch, Beste Nebendarstellerin (Jennifer Jason Leigh)<\/p>\n<p>Auszeichnungen: Beste Filmmusik<\/p>\n<p>&nbsp;<\/p>\n<p><strong>Oscars<\/strong><\/p>\n<p>Nominierungen: Beste Nebendarstellerin (Jennifer Jason Leigh), Beste Kamera<\/p>\n<p>Auszeichnungen: Beste Filmmusik<\/p>\n<hr \/>\n<p><strong>Taratinos Beteiligung<\/strong><\/p>\n<p>Regie<\/p>\n<p>Drehbuch<\/p>\n","protected":false},"excerpt":{"rendered":"<p>&nbsp; Produktionsjahr: 2015 \u00a0 Genre: Western \u00a0 FSK: 16 Handlung yoming, einige Jahre nach dem amerikanischen B\u00fcrgerkrieg: Eine Stagecoach-Kutsche bahnt sich m\u00fchsam ihren Weg durch den Schnee in Richtung der Bergstadt Red Rock. An Bord befinden sich der Kopfgeldj\u00e4ger John \u2018The Hangman\u2019 Ruth, dessen Gefangene Daisy Domerguesowie die Anhalter Major Marquis Warren, der fr\u00fcher Soldat [&hellip;]<\/p>\n","protected":false},"author":2902,"featured_media":0,"parent":0,"menu_order":0,"comment_status":"closed","ping_status":"closed","template":"","meta":[],"_links":{"self":[{"href":"https:\/\/blogs.urz.uni-halle.de\/worldoftarantino\/wp-json\/wp\/v2\/pages\/43"}],"collection":[{"href":"https:\/\/blogs.urz.uni-halle.de\/worldoftarantino\/wp-json\/wp\/v2\/pages"}],"about":[{"href":"https:\/\/blogs.urz.uni-halle.de\/worldoftarantino\/wp-json\/wp\/v2\/types\/page"}],"author":[{"embeddable":true,"href":"https:\/\/blogs.urz.uni-halle.de\/worldoftarantino\/wp-json\/wp\/v2\/users\/2902"}],"replies":[{"embeddable":true,"href":"https:\/\/blogs.urz.uni-halle.de\/worldoftarantino\/wp-json\/wp\/v2\/comments?post=43"}],"version-history":[{"count":3,"href":"https:\/\/blogs.urz.uni-halle.de\/worldoftarantino\/wp-json\/wp\/v2\/pages\/43\/revisions"}],"predecessor-version":[{"id":67,"href":"https:\/\/blogs.urz.uni-halle.de\/worldoftarantino\/wp-json\/wp\/v2\/pages\/43\/revisions\/67"}],"wp:attachment":[{"href":"https:\/\/blogs.urz.uni-halle.de\/worldoftarantino\/wp-json\/wp\/v2\/media?parent=43"}],"curies":[{"name":"wp","href":"https:\/\/api.w.org\/{rel}","templated":true}]}}