{"id":2,"date":"2017-11-16T16:41:39","date_gmt":"2017-11-16T15:41:39","guid":{"rendered":"https:\/\/blogs.urz.uni-halle.de\/wutangclan\/?page_id=2"},"modified":"2018-09-27T14:46:37","modified_gmt":"2018-09-27T12:46:37","slug":"beispiel-seite","status":"publish","type":"page","link":"https:\/\/blogs.urz.uni-halle.de\/wutangclan\/","title":{"rendered":"Home (Shaolin)"},"content":{"rendered":"<div class=\"twoclick_social_bookmarks_post_2 social_share_privacy clearfix 1.6.4 locale-de_DE sprite-de_DE\"><\/div><div class=\"twoclick-js\"><script type=\"text\/javascript\">\/* <![CDATA[ *\/\njQuery(document).ready(function($){if($('.twoclick_social_bookmarks_post_2')){$('.twoclick_social_bookmarks_post_2').socialSharePrivacy({\"services\":{\"facebook\":{\"status\":\"on\",\"txt_info\":\"2 Klicks f\\u00fcr mehr Datenschutz: Erst wenn Sie hier klicken, wird der Button aktiv und Sie k\\u00f6nnen Ihre Empfehlung an Facebook senden. Schon beim Aktivieren werden Daten an Dritte \\u00fcbertragen - siehe <em>i<\\\/em>.\",\"perma_option\":\"off\",\"action\":\"recommend\",\"language\":\"de_DE\"},\"twitter\":{\"reply_to\":\"\",\"tweet_text\":\"Home%20%28Shaolin%29%20%C2%BB%20The%20Wu%20is%20the%20Way\",\"status\":\"on\",\"txt_info\":\"2 Klicks f\\u00fcr mehr Datenschutz: Erst wenn Sie hier klicken, wird der Button aktiv und Sie k\\u00f6nnen Ihre Empfehlung an Twitter senden. Schon beim Aktivieren werden Daten an Dritte \\u00fcbertragen - siehe <em>i<\\\/em>.\",\"perma_option\":\"off\",\"language\":\"de\",\"referrer_track\":\"\"},\"gplus\":{\"status\":\"on\",\"txt_info\":\"2 Klicks f\\u00fcr mehr Datenschutz: Erst wenn Sie hier klicken, wird der Button aktiv und Sie k\\u00f6nnen Ihre Empfehlung an Google+ senden. Schon beim Aktivieren werden Daten an Dritte \\u00fcbertragen - siehe <em>i<\\\/em>.\",\"perma_option\":\"off\",\"referrer_track\":\"\"},\"pinterest\":{\"status\":\"on\",\"the_excerpt\":\"Home (Shaolin)\",\"txt_info\":\"2 Klicks f\\u00fcr mehr Datenschutz: Erst wenn Sie hier klicken, wird der Button aktiv und Sie k\\u00f6nnen Ihre Empfehlung an Pinterest senden. Schon beim Aktivieren werden Daten an Dritte \\u00fcbertragen - siehe <em>i<\\\/em>.\",\"perma_option\":\"off\",\"media\":\"https:\\\/\\\/blogs.urz.uni-halle.de\\\/wutangclan\\\/files\\\/2018\\\/09\\\/wu-tang-clan-wallpaper-e1508165656191-824x620.jpg\"}},\"txt_help\":\"Wenn Sie diese Felder durch einen Klick aktivieren, werden Informationen an Facebook, Twitter, Flattr, Xing, t3n, LinkedIn, Pinterest oder Google eventuell ins Ausland \\u00fcbertragen und unter Umst\\u00e4nden auch dort gespeichert. N\\u00e4heres erfahren Sie durch einen Klick auf das <em>i<\\\/em>.\",\"settings_perma\":\"Dauerhaft aktivieren und Daten\\u00fcber-tragung zustimmen:\",\"info_link\":\"http:\\\/\\\/www.heise.de\\\/ct\\\/artikel\\\/2-Klicks-fuer-mehr-Datenschutz-1333879.html\",\"uri\":\"https:\\\/\\\/blogs.urz.uni-halle.de\\\/wutangclan\\\/\",\"post_id\":2,\"post_title_referrer_track\":\"Home+%28Shaolin%29\",\"display_infobox\":\"on\"});}});\n\/* ]]> *\/<\/script><\/div><h3><span style=\"color: #ffff00\">\u00a0<\/span><\/h3>\n<h3><img loading=\"lazy\" class=\"alignnone wp-image-133\" src=\"https:\/\/blogs.urz.uni-halle.de\/wutangclan\/files\/2018\/09\/wu-tang-clan-wallpaper-e1508165656191-824x620-744x560.jpg\" alt=\"\" width=\"648\" height=\"488\" srcset=\"https:\/\/blogs.urz.uni-halle.de\/wutangclan\/files\/2018\/09\/wu-tang-clan-wallpaper-e1508165656191-824x620-744x560.jpg 744w, https:\/\/blogs.urz.uni-halle.de\/wutangclan\/files\/2018\/09\/wu-tang-clan-wallpaper-e1508165656191-824x620-420x316.jpg 420w, https:\/\/blogs.urz.uni-halle.de\/wutangclan\/files\/2018\/09\/wu-tang-clan-wallpaper-e1508165656191-824x620-768x578.jpg 768w, https:\/\/blogs.urz.uni-halle.de\/wutangclan\/files\/2018\/09\/wu-tang-clan-wallpaper-e1508165656191-824x620.jpg 824w\" sizes=\"(max-width: 648px) 100vw, 648px\" \/><\/h3>\n<h3><span style=\"color: #ffff00\">Wu Tang Clan ain&#8217;t nothing to Fuck with &#8211;<\/span><\/h3>\n<h3>das gilt auch seit nunmehr 25 Jahren genauso wie am ersten Tag. Als die Supergroup Wu Tang Clan im Jahre 1993 zum ersten Mal der \u00d6ffentlichkeit pr\u00e4sentiert wurde, konnte zwar niemand deren kommenden Einfluss auf HipHop und Musik im generellen vorhersehen, aber ihr Talent lie\u00df es zumindest erahnen. Das 9 MCs aus einer Nachbarschaft in Staton Island HipHop im Sturm erobern, schien unm\u00f6glich. Doch Heute gibt es daran keinen Zweifel mehr. Jeder HipHop K\u00fcnstler und Fan erkennt das an.<\/h3>\n<h3>Denn ob jung oder alt, ihre Musik begeistert heute ebenso wie damals. Von <em>Enter the Wu-Tang (36 Chambers)<\/em> bis , die New Yorker wissen, wie ruffer HipHop funktioniert. Um den fortw\u00e4hrenden Einfluss der Gruppe auf Musik, Gesch\u00e4ftmodelle oder Mode f\u00fcr kommende Generationen im Ged\u00e4chtnis zu halten, wurde dieser Blog erstellt. Er bietet einen zwar kurzen, aber daf\u00fcr umso fokussierteren Blick auf die Entstehung, den Erfolg und die wichtigsten Machwerke der K\u00fcnstler.<\/h3>\n<h3>Getreu dem Motto &#8220; Wu Tang is for the Children&#8220;, was junge Leute dazu inspirieren soll, ihren Vorstellungen, entgegen aller Umst\u00e4nde, treu zu bleiben, will diese Seite so das Andenken der Gruppe erhalten.<\/h3>\n","protected":false},"excerpt":{"rendered":"<p>\u00a0 Wu Tang Clan ain&#8217;t nothing to Fuck with &#8211; das gilt auch seit nunmehr 25 Jahren genauso wie am ersten Tag. Als die Supergroup Wu Tang Clan im Jahre 1993 zum ersten Mal der \u00d6ffentlichkeit pr\u00e4sentiert wurde, konnte zwar niemand deren kommenden Einfluss auf HipHop und Musik im generellen vorhersehen, aber ihr Talent lie\u00df [&hellip;]<\/p>\n","protected":false},"author":3310,"featured_media":0,"parent":0,"menu_order":0,"comment_status":"closed","ping_status":"open","template":"","meta":[],"_links":{"self":[{"href":"https:\/\/blogs.urz.uni-halle.de\/wutangclan\/wp-json\/wp\/v2\/pages\/2"}],"collection":[{"href":"https:\/\/blogs.urz.uni-halle.de\/wutangclan\/wp-json\/wp\/v2\/pages"}],"about":[{"href":"https:\/\/blogs.urz.uni-halle.de\/wutangclan\/wp-json\/wp\/v2\/types\/page"}],"author":[{"embeddable":true,"href":"https:\/\/blogs.urz.uni-halle.de\/wutangclan\/wp-json\/wp\/v2\/users\/3310"}],"replies":[{"embeddable":true,"href":"https:\/\/blogs.urz.uni-halle.de\/wutangclan\/wp-json\/wp\/v2\/comments?post=2"}],"version-history":[{"count":4,"href":"https:\/\/blogs.urz.uni-halle.de\/wutangclan\/wp-json\/wp\/v2\/pages\/2\/revisions"}],"predecessor-version":[{"id":135,"href":"https:\/\/blogs.urz.uni-halle.de\/wutangclan\/wp-json\/wp\/v2\/pages\/2\/revisions\/135"}],"wp:attachment":[{"href":"https:\/\/blogs.urz.uni-halle.de\/wutangclan\/wp-json\/wp\/v2\/media?parent=2"}],"curies":[{"name":"wp","href":"https:\/\/api.w.org\/{rel}","templated":true}]}}