{"id":209,"date":"2025-07-09T01:59:36","date_gmt":"2025-07-08T23:59:36","guid":{"rendered":"https:\/\/blogs.urz.uni-halle.de\/zeitschriftstudentischerbeitraege2025\/?page_id=209"},"modified":"2025-12-18T16:08:12","modified_gmt":"2025-12-18T15:08:12","slug":"autorinnen","status":"publish","type":"page","link":"https:\/\/blogs.urz.uni-halle.de\/zeitschriftstudentischerbeitraege2025\/autorinnen\/","title":{"rendered":"Autor:innen"},"content":{"rendered":"\n<div class=\"wp-block-group alignfull has-primary-color has-text-color\"><div class=\"wp-block-group__inner-container\">\n<div class=\"wp-block-group alignfull\"><div class=\"wp-block-group__inner-container\">\n<div class=\"wp-block-group alignfull\"><div class=\"wp-block-group__inner-container\"><\/div><\/div>\n\n\n\n<div class=\"wp-block-group alignfull\"><div class=\"wp-block-group__inner-container\">\n<div class=\"wp-block-columns alignfull\">\n<div class=\"wp-block-column is-vertically-aligned-center\" style=\"flex-basis:38.1%\">\n<div class=\"wp-block-image is-style-rounded\"><figure class=\"aligncenter size-large is-resized\"><a href=\"https:\/\/blogs.urz.uni-halle.de\/zeitschriftstudentischerbeitraege2025\/penetrating-norms\/\"><img loading=\"lazy\" src=\"https:\/\/blogs.urz.uni-halle.de\/zeitschriftstudentischerbeitraege2025\/files\/2025\/12\/IMG_5936-2.jpg\" alt=\"\" class=\"wp-image-587\" width=\"277\" height=\"416\" srcset=\"https:\/\/blogs.urz.uni-halle.de\/zeitschriftstudentischerbeitraege2025\/files\/2025\/12\/IMG_5936-2.jpg 683w, https:\/\/blogs.urz.uni-halle.de\/zeitschriftstudentischerbeitraege2025\/files\/2025\/12\/IMG_5936-2-200x300.jpg 200w\" sizes=\"(max-width: 277px) 100vw, 277px\" \/><\/a><figcaption> <\/figcaption><\/figure><\/div>\n<\/div>\n\n\n\n<div class=\"wp-block-column is-vertically-aligned-center\">\n<h2>Arte\/Anna-Lena Barner<\/h2>\n\n\n\n<p><strong>Arte<\/strong>\/Anna-Lena (geb. 2001) studiert Deutsch und Informatik auf Lehramt f\u00fcrs Gymnasium. Deys Forschungsinteresse liegt vor allem in einer feministischen und postkolonialen Literaturwissenschaft, welches sich von Romanen im Mittelalter&nbsp;bis hin zur Gegenwartsliteratur erstreckt. Das germanistische Institut begleitet Anna\/Arte schon sehr lange, dey war u.A.&nbsp;in der Deutschdidaktik und in der Altgermanistik angestellt. Momentan ist Anna\/Arte Tutor:in in der germanistischen Sprachwissenschaft und angestellt in der erziehungswissenschaftlichen <a rel=\"noreferrer noopener\" href=\"https:\/\/www.philfak3.uni-halle.de\/institut\/hochschullernwerkstatt\/dielernwerkstatt\/\" target=\"_blank\">Lernwerkstatt<\/a>.&nbsp;<\/p>\n\n\n\n<p>Kontakt:<br><a href=\"mailto:anna-lena.barner@student.uni-halle.de\">anna-lena.barner@student.uni-halle.de<\/a><\/p>\n\n\n\n<div class=\"wp-block-buttons alignright\">\n<div class=\"wp-block-button is-style-outline\"><a class=\"wp-block-button__link\" href=\"https:\/\/blogs.urz.uni-halle.de\/zeitschriftstudentischerbeitraege2025\/penetrating-norms\/\" target=\"_blank\" rel=\"noreferrer noopener\">HIer gehts zum text<\/a><\/div>\n<\/div>\n<\/div>\n<\/div>\n\n\n\n<div class=\"wp-block-columns alignfull\">\n<div class=\"wp-block-column is-vertically-aligned-center\" style=\"flex-basis:38.1%\">\n<div class=\"wp-block-image is-style-rounded\"><figure class=\"aligncenter size-large is-resized\"><a href=\"https:\/\/blogs.urz.uni-halle.de\/zeitschriftstudentischerbeitraege2025\/anna-louisa-karsch\/\"><img loading=\"lazy\" src=\"https:\/\/blogs.urz.uni-halle.de\/zeitschriftstudentischerbeitraege2025\/files\/2025\/11\/Moritz.jpg\" alt=\"\" class=\"wp-image-328\" width=\"271\" height=\"364\" \/><\/a><\/figure><\/div>\n<\/div>\n\n\n\n<div class=\"wp-block-column is-vertically-aligned-center\">\n<h2>Moritz Bense <\/h2>\n\n\n\n<p><strong>Moritz<\/strong> (geb. 2000) studiert nach seinem Bachelor in Geschichte und Germanistik nun Kulturen der Aufkl\u00e4rung im Master. Seine Interessengebiete umfassen die Freundschafts-und Briefkultur des 18. Jahrhunderts, die Frauengeschichte sowie die Editionspraxis.<br>Ein besonderes Augenmerk seiner Forschung liegt auf der Dichterin Anna Louisa Karsch und ihren Handschriften. Neben dem Studium ist Moritz derzeit wissenschaftliche Hilfskraft am Lehrstuhl von Prof. Elisabeth D\u00e9cultot sowie im <a rel=\"noreferrer noopener\" href=\"https:\/\/www.gleimhaus.de\" target=\"_blank\">Gleimhaus<\/a> in Halberstadt, einem Museum zur deutschen Aufkl\u00e4rung.<\/p>\n\n\n\n<div class=\"wp-block-buttons alignright\">\n<div class=\"wp-block-button is-style-outline\"><a class=\"wp-block-button__link\" href=\"https:\/\/blogs.urz.uni-halle.de\/zeitschriftstudentischerbeitraege2025\/anna-louisa-karsch\/\" target=\"_blank\" rel=\"noreferrer noopener\">HIer gehts zum text<\/a><\/div>\n<\/div>\n<\/div>\n<\/div>\n\n\n\n<p><\/p>\n<\/div><\/div>\n<\/div><\/div>\n\n\n\n<div class=\"wp-block-group alignfull\"><div class=\"wp-block-group__inner-container\">\n<div class=\"wp-block-columns alignfull\">\n<div class=\"wp-block-column is-vertically-aligned-center\" style=\"flex-basis:38.1%\">\n<div class=\"wp-block-image is-style-rounded\"><figure class=\"aligncenter size-large is-resized\"><a href=\"https:\/\/blogs.urz.uni-halle.de\/zeitschriftstudentischerbeitraege2025\/die-nibelungen\/\"><img loading=\"lazy\" src=\"https:\/\/blogs.urz.uni-halle.de\/zeitschriftstudentischerbeitraege2025\/files\/2025\/11\/Foto_Leonie-1024x683.jpg\" alt=\"\" class=\"wp-image-330\" width=\"337\" height=\"223\" \/><\/a><\/figure><\/div>\n<\/div>\n\n\n\n<div class=\"wp-block-column is-vertically-aligned-center\">\n<h2>Leonie Brommer<\/h2>\n\n\n\n<p><strong>Leonie<\/strong>&nbsp;(geb. 2000) studiert im Master Literaturwissenschaft, vorangegangen ist dem ein Bachelorstudium in Erziehungswissenschaft und Deutsche Sprache und Literatur. Dabei besch\u00e4ftigt sie sich vor allem mit&nbsp; Weiblichkeitsdarstellungen und weiblichen Stimmen in der Literatur sowie der Literatur der DDR.<\/p>\n\n\n\n<div class=\"wp-block-buttons alignright\">\n<div class=\"wp-block-button is-style-outline\"><a class=\"wp-block-button__link\" href=\"https:\/\/blogs.urz.uni-halle.de\/zeitschriftstudentischerbeitraege2025\/die-nibelungen\/\" target=\"_blank\" rel=\"noreferrer noopener\">HIEr gehts zum text<\/a><\/div>\n<\/div>\n<\/div>\n<\/div>\n<\/div><\/div>\n\n\n\n<div class=\"wp-block-group alignfull\"><div class=\"wp-block-group__inner-container\">\n<div class=\"wp-block-columns alignfull\">\n<div class=\"wp-block-column is-vertically-aligned-center\" style=\"flex-basis:38.1%\">\n<figure class=\"wp-block-image size-large is-resized is-style-rounded\"><a href=\"https:\/\/blogs.urz.uni-halle.de\/zeitschriftstudentischerbeitraege2025\/gendersprache-in-kriminalromanen\/\"><img loading=\"lazy\" src=\"https:\/\/blogs.urz.uni-halle.de\/zeitschriftstudentischerbeitraege2025\/files\/2025\/12\/Bild-2-4-680x1024.jpeg\" alt=\"\" class=\"wp-image-394\" width=\"268\" height=\"404\" srcset=\"https:\/\/blogs.urz.uni-halle.de\/zeitschriftstudentischerbeitraege2025\/files\/2025\/12\/Bild-2-4-680x1024.jpeg 680w, https:\/\/blogs.urz.uni-halle.de\/zeitschriftstudentischerbeitraege2025\/files\/2025\/12\/Bild-2-4-199x300.jpeg 199w, https:\/\/blogs.urz.uni-halle.de\/zeitschriftstudentischerbeitraege2025\/files\/2025\/12\/Bild-2-4-768x1156.jpeg 768w, https:\/\/blogs.urz.uni-halle.de\/zeitschriftstudentischerbeitraege2025\/files\/2025\/12\/Bild-2-4-1020x1536.jpeg 1020w, https:\/\/blogs.urz.uni-halle.de\/zeitschriftstudentischerbeitraege2025\/files\/2025\/12\/Bild-2-4.jpeg 1063w\" sizes=\"(max-width: 268px) 100vw, 268px\" \/><\/a><\/figure>\n<\/div>\n\n\n\n<div class=\"wp-block-column is-vertically-aligned-center\">\n<h2>Marie-Louis Kunja <\/h2>\n\n\n\n<p>Nach einem Bachelorstudium in Anglistik und Amerikanistik sowie Deutsche Sprache und Literatur widmet sich&nbsp;<strong>Marie<\/strong>&nbsp;(geb. 1999) dem Masterstudium der Deutschen Sprache und Literatur. Dabei liegt ihr Fokus auf der feministischen Literaturwissenschaft und den Gender Studies. Marie arbeitet als studentische Hilfskraft am Lehrstuhl f\u00fcr Komparatistik und ist freiberuflich als Lektorin t\u00e4tig. <\/p>\n\n\n\n<p>Kontakt:<br><a rel=\"noreferrer noopener\" href=\"mailto:marie-louis.kunja@student.uni-halle.de\" target=\"_blank\">marie-louis.kunja@student.uni-halle.de<\/a>; <a rel=\"noreferrer noopener\" href=\"mailto:mariekunja@yahoo.com\" target=\"_blank\">mariekunja@yahoo.com<\/a><\/p>\n\n\n\n<div class=\"wp-block-buttons alignright\">\n<div class=\"wp-block-button is-style-outline\"><a class=\"wp-block-button__link\" href=\"https:\/\/blogs.urz.uni-halle.de\/zeitschriftstudentischerbeitraege2025\/gendersprache-in-kriminalromanen\/\" target=\"_blank\" rel=\"noreferrer noopener\">HIER GEHTS ZUM TEXT<\/a><\/div>\n<\/div>\n<\/div>\n<\/div>\n\n\n\n<p><\/p>\n\n\n\n<p><\/p>\n<\/div><\/div>\n\n\n\n<div class=\"wp-block-group alignfull\"><div class=\"wp-block-group__inner-container\">\n<div class=\"wp-block-columns alignfull\">\n<div class=\"wp-block-column is-vertically-aligned-center\" style=\"flex-basis:38.1%\">\n<div class=\"wp-block-image is-style-rounded\"><figure class=\"aligncenter size-large is-resized\"><a href=\"https:\/\/blogs.urz.uni-halle.de\/zeitschriftstudentischerbeitraege2025\/prinzip-parekbase\/\"><img loading=\"lazy\" src=\"https:\/\/blogs.urz.uni-halle.de\/zeitschriftstudentischerbeitraege2025\/files\/2025\/11\/FotoZSB-713x1024.jpg\" alt=\"\" class=\"wp-image-334\" width=\"234\" height=\"336\" srcset=\"https:\/\/blogs.urz.uni-halle.de\/zeitschriftstudentischerbeitraege2025\/files\/2025\/11\/FotoZSB-713x1024.jpg 713w, https:\/\/blogs.urz.uni-halle.de\/zeitschriftstudentischerbeitraege2025\/files\/2025\/11\/FotoZSB-209x300.jpg 209w, https:\/\/blogs.urz.uni-halle.de\/zeitschriftstudentischerbeitraege2025\/files\/2025\/11\/FotoZSB-768x1104.jpg 768w, https:\/\/blogs.urz.uni-halle.de\/zeitschriftstudentischerbeitraege2025\/files\/2025\/11\/FotoZSB.jpg 856w\" sizes=\"(max-width: 234px) 100vw, 234px\" \/><\/a><\/figure><\/div>\n<\/div>\n\n\n\n<div class=\"wp-block-column is-vertically-aligned-center\">\n<h2>Jean Pierre Lehmann<\/h2>\n\n\n\n<p><strong>Jean Pierre<\/strong> (geb. 2004) studiert Gymnasiallehramt f\u00fcr die F\u00e4cher Deutsch und Geschichte. Seine wissenschaftlichen Interessen sind dabei die Literatur um 1800 sowie die Wechselwirkungen zwischen Literatur und Wissensgeschichte. Nebenbei unterst\u00fctzt Jean Pierre die germanistische Sprachwissenschaft, die Neuere Deutsche Literaturwissenschaft und das Institut f\u00fcr Geschichte als Tutor.<\/p>\n\n\n\n<p>Kontakt:<br><a rel=\"noreferrer noopener\" href=\"mailto:jean.lehmann@student.uni-halle.de\" target=\"_blank\">jean.lehmann@student.uni-halle.de<\/a><\/p>\n\n\n\n<div class=\"wp-block-buttons alignright\">\n<div class=\"wp-block-button is-style-outline\"><a class=\"wp-block-button__link\" href=\"https:\/\/blogs.urz.uni-halle.de\/zeitschriftstudentischerbeitraege2025\/penetrating-norms\/\" target=\"_blank\" rel=\"noreferrer noopener\">HIER GEHTS ZUM TEXT<\/a><\/div>\n<\/div>\n<\/div>\n<\/div>\n\n\n\n<p><\/p>\n\n\n\n<p><\/p>\n<\/div><\/div>\n\n\n\n<div class=\"wp-block-group alignfull\"><div class=\"wp-block-group__inner-container\">\n<div class=\"wp-block-columns alignfull\">\n<div class=\"wp-block-column is-vertically-aligned-center\" style=\"flex-basis:38.1%\">\n<figure class=\"wp-block-image size-large is-resized is-style-rounded\"><a href=\"https:\/\/blogs.urz.uni-halle.de\/zeitschriftstudentischerbeitraege2025\/familiaere-plattentektonik\/\"><img loading=\"lazy\" src=\"https:\/\/blogs.urz.uni-halle.de\/zeitschriftstudentischerbeitraege2025\/files\/2025\/12\/Bild-1-1-1024x1024.jpeg\" alt=\"\" class=\"wp-image-396\" width=\"317\" height=\"317\" srcset=\"https:\/\/blogs.urz.uni-halle.de\/zeitschriftstudentischerbeitraege2025\/files\/2025\/12\/Bild-1-1-1024x1024.jpeg 1024w, https:\/\/blogs.urz.uni-halle.de\/zeitschriftstudentischerbeitraege2025\/files\/2025\/12\/Bild-1-1-300x300.jpeg 300w, https:\/\/blogs.urz.uni-halle.de\/zeitschriftstudentischerbeitraege2025\/files\/2025\/12\/Bild-1-1-150x150.jpeg 150w, https:\/\/blogs.urz.uni-halle.de\/zeitschriftstudentischerbeitraege2025\/files\/2025\/12\/Bild-1-1-768x768.jpeg 768w, https:\/\/blogs.urz.uni-halle.de\/zeitschriftstudentischerbeitraege2025\/files\/2025\/12\/Bild-1-1.jpeg 1200w\" sizes=\"(max-width: 317px) 100vw, 317px\" \/><\/a><\/figure>\n<\/div>\n\n\n\n<div class=\"wp-block-column is-vertically-aligned-center\">\n<h2>Darlene Nolte  <\/h2>\n\n\n\n<p>Nach einem Bachelorstudium der Germanistik und Sozial- und Kulturanthropologie an der Uni G\u00f6ttingen studiert <strong>Darlene<\/strong> (geb. 1999) im Master Deutsche Literatur und Kultur sowie Sozial- und Kulturanthropologie an der MLU. Ihr Schwerpunkt ist dabei die feministische Literaturwissenschaft. Au\u00dferdem arbeitet sie in der Buchhandlung heiter bis wolkig in Halle.<\/p>\n\n\n\n<p>Kontakt:<br><a rel=\"noreferrer noopener\" href=\"mailto:darlene.nolte@student.uni-halle.de\" target=\"_blank\">darlene.nolte@student.uni-halle.de<\/a>; <a rel=\"noreferrer noopener\" href=\"mailto:darlene.nolte@web.de\" target=\"_blank\">darlene.nolte@web.de<\/a><\/p>\n\n\n\n<div class=\"wp-block-buttons alignright\">\n<div class=\"wp-block-button is-style-outline\"><a class=\"wp-block-button__link\" href=\"https:\/\/blogs.urz.uni-halle.de\/zeitschriftstudentischerbeitraege2025\/familiaere-plattentektonik\/\" target=\"_blank\" rel=\"noreferrer noopener\">HIER GEHTS ZUM TEXT<\/a><\/div>\n<\/div>\n<\/div>\n<\/div>\n\n\n\n<div class=\"wp-block-columns alignfull\">\n<div class=\"wp-block-column is-vertically-aligned-center\" style=\"flex-basis:38.1%\">\n<figure class=\"wp-block-image size-large is-resized is-style-rounded\"><a href=\"https:\/\/blogs.urz.uni-halle.de\/zeitschriftstudentischerbeitraege2025\/helene-cixous\/\"><img loading=\"lazy\" src=\"https:\/\/blogs.urz.uni-halle.de\/zeitschriftstudentischerbeitraege2025\/files\/2025\/12\/photo_2025-12-11-13.04.48.jpeg\" alt=\"\" class=\"wp-image-538\" width=\"293\" height=\"423\" \/><\/a><\/figure>\n<\/div>\n\n\n\n<div class=\"wp-block-column is-vertically-aligned-center\">\n<h2>Klara Prautzsch  <\/h2>\n\n\n\n<p><strong>Klara <\/strong>(geb.1999) studiert Literaturwissenschaften im Master, nachdem sie ihren Bachelor in Kulturwissenschaften und \u00e4sthetische Praxis absolvierte. Au\u00dferdem ist sie Mitherausgeberin des&nbsp;<em><a rel=\"noreferrer noopener\" href=\"https:\/\/www.haesslig-magazin.de\" target=\"_blank\">h\u00e6\u00dflig<\/a> <\/em>(magazin f\u00fcr handyfotografie usw.).<\/p>\n\n\n\n<p><\/p>\n\n\n\n<div class=\"wp-block-buttons alignright\">\n<div class=\"wp-block-button is-style-outline\"><a class=\"wp-block-button__link\" href=\"https:\/\/blogs.urz.uni-halle.de\/zeitschriftstudentischerbeitraege2025\/helene-cixous\/\" target=\"_blank\" rel=\"noreferrer noopener\">HIER GEHTS ZUM TEXT<\/a><\/div>\n<\/div>\n<\/div>\n<\/div>\n\n\n\n<div class=\"wp-block-columns alignfull\">\n<div class=\"wp-block-column is-vertically-aligned-center\" style=\"flex-basis:38.1%\">\n<figure class=\"wp-block-image size-large is-resized is-style-rounded\"><a href=\"https:\/\/blogs.urz.uni-halle.de\/zeitschriftstudentischerbeitraege2025\/karriere-einer-putzfrau\/\"><img loading=\"lazy\" src=\"https:\/\/blogs.urz.uni-halle.de\/zeitschriftstudentischerbeitraege2025\/files\/2025\/12\/WhatsApp-Image-2025-12-12-at-10.52.24-682x1024.jpeg\" alt=\"\" class=\"wp-image-673\" width=\"284\" height=\"409\" \/><\/a><\/figure>\n<\/div>\n\n\n\n<div class=\"wp-block-column is-vertically-aligned-center\">\n<h2>Verena Schmitt <\/h2>\n\n\n\n<p>Nach einem mit dem Staatsexamen abgeschlossenen Lehramtsstudium f\u00fcr die Mittelschule mit den F\u00e4chern Deutsch, Deutsch als Zweitsprache, Sozialkunde und Kunst an der FAU Erlangen-N\u00fcrnberg, verschlug es <strong>Verena<\/strong> (geb. 1997) nun an die MLU f\u00fcr das Masterstudium Deutsche Sprache und Literatur. Ihr Interesse gilt vor allem den Computational Literary Studies und der feministischen Literaturwissenschaft. Diese Interessen verbindet sie in ihrer Masterarbeit <em>(Queere) Figuren in der deutschsprachigen Gegenwartsliteratur: Klassifikation, Annotation und Netzwerkanalyse<\/em>, die sie aktuell schreibt.<\/p>\n\n\n\n<p>Kontakt:<br>verena.schmitt@student.uni-halle.de<\/p>\n\n\n\n<p><\/p>\n\n\n\n<div class=\"wp-block-buttons alignright\">\n<div class=\"wp-block-button is-style-outline\"><a class=\"wp-block-button__link\" href=\"\" target=\"_blank\" rel=\"noreferrer noopener\">HIER GEHTS ZUM TEXT<\/a><\/div>\n<\/div>\n<\/div>\n<\/div>\n\n\n\n<div class=\"wp-block-columns alignfull\">\n<div class=\"wp-block-column is-vertically-aligned-center\" style=\"flex-basis:38.1%\">\n<figure class=\"wp-block-image size-large is-resized is-style-rounded\"><a href=\"https:\/\/blogs.urz.uni-halle.de\/zeitschriftstudentischerbeitraege2025\/morenga\/\"><img loading=\"lazy\" src=\"https:\/\/blogs.urz.uni-halle.de\/zeitschriftstudentischerbeitraege2025\/files\/2025\/12\/IMG-20250324-WA0051-1-768x1024.jpg\" alt=\"\" class=\"wp-image-958\" width=\"307\" height=\"418\" \/><\/a><\/figure>\n<\/div>\n\n\n\n<div class=\"wp-block-column is-vertically-aligned-center\">\n<h2>Ferdinand Vogt <\/h2>\n\n\n\n<p><strong>Ferdinand Vogt<\/strong> (geb. 1997) studiert seit 2019 aus Vernunftgr\u00fcnden Lehramt Englisch und Deutsch f\u00fcrs Gymnasium, kommt aber nicht umhin, sich f\u00fcr die Fachwissenschaften zu interessieren. Dort f\u00fchlt er sich besonders im Feld der Gegenwartsliteratur zu Hause, sei es hoch- oder popkulturell.<\/p>\n\n\n\n<p><\/p>\n\n\n\n<div class=\"wp-block-buttons alignright\">\n<div class=\"wp-block-button is-style-outline\"><a class=\"wp-block-button__link\" href=\"https:\/\/blogs.urz.uni-halle.de\/zeitschriftstudentischerbeitraege2025\/morenga\/\" target=\"_blank\" rel=\"noreferrer noopener\">HIER GEHTS ZUM TEXT<\/a><\/div>\n<\/div>\n<\/div>\n<\/div>\n\n\n\n<p><\/p>\n<\/div><\/div>\n\n\n\n<p><\/p>\n<\/div><\/div>\n\n\n\n<p><\/p>\n","protected":false},"excerpt":{"rendered":"","protected":false},"author":6475,"featured_media":0,"parent":0,"menu_order":0,"comment_status":"closed","ping_status":"closed","template":"","meta":[],"_links":{"self":[{"href":"https:\/\/blogs.urz.uni-halle.de\/zeitschriftstudentischerbeitraege2025\/wp-json\/wp\/v2\/pages\/209"}],"collection":[{"href":"https:\/\/blogs.urz.uni-halle.de\/zeitschriftstudentischerbeitraege2025\/wp-json\/wp\/v2\/pages"}],"about":[{"href":"https:\/\/blogs.urz.uni-halle.de\/zeitschriftstudentischerbeitraege2025\/wp-json\/wp\/v2\/types\/page"}],"author":[{"embeddable":true,"href":"https:\/\/blogs.urz.uni-halle.de\/zeitschriftstudentischerbeitraege2025\/wp-json\/wp\/v2\/users\/6475"}],"replies":[{"embeddable":true,"href":"https:\/\/blogs.urz.uni-halle.de\/zeitschriftstudentischerbeitraege2025\/wp-json\/wp\/v2\/comments?post=209"}],"version-history":[{"count":10,"href":"https:\/\/blogs.urz.uni-halle.de\/zeitschriftstudentischerbeitraege2025\/wp-json\/wp\/v2\/pages\/209\/revisions"}],"predecessor-version":[{"id":1037,"href":"https:\/\/blogs.urz.uni-halle.de\/zeitschriftstudentischerbeitraege2025\/wp-json\/wp\/v2\/pages\/209\/revisions\/1037"}],"wp:attachment":[{"href":"https:\/\/blogs.urz.uni-halle.de\/zeitschriftstudentischerbeitraege2025\/wp-json\/wp\/v2\/media?parent=209"}],"curies":[{"name":"wp","href":"https:\/\/api.w.org\/{rel}","templated":true}]}}