{"id":213,"date":"2025-07-09T02:00:30","date_gmt":"2025-07-09T00:00:30","guid":{"rendered":"https:\/\/blogs.urz.uni-halle.de\/zeitschriftstudentischerbeitraege2025\/?page_id=213"},"modified":"2025-12-16T14:16:02","modified_gmt":"2025-12-16T13:16:02","slug":"editorial","status":"publish","type":"page","link":"https:\/\/blogs.urz.uni-halle.de\/zeitschriftstudentischerbeitraege2025\/editorial\/","title":{"rendered":"Editorial"},"content":{"rendered":"\n<p class=\"has-text-align-center\">\u00bbUnd, was machst du dann so, wenn du deinen Abschluss in Literaturwissenschaft hast?\u00ab<\/p>\n\n\n\n<hr class=\"wp-block-separator is-style-dots\" \/>\n\n\n\n<p class=\"has-drop-cap\">Die Frage hat mit Sicherheit jede Person schon einmal geh\u00f6rt, die sich im Bereich der Literaturwissenschaften aufh\u00e4lt. Mit hoher Wahrscheinlichkeit an einem famili\u00e4ren Esstisch.<\/p>\n\n\n\n<p>Eine m\u00f6gliche Antwort auf diese Frage gab es in diesem Sommer in unserem Redaktionsseminar. In einer kleinen Runde, zu f\u00fcnft, sind wir einmal den gesamten Redaktionszyklus abgeschritten: vom Designen und Verteilen eines Call for Papers \u00fcber Redaktionssitzungen, Mails \u00fcber Mails, Lektorate, Korrektorate und noch mehr Mails sind wir nun tats\u00e4chlich hier angekommen, bei der Ausgabe der&nbsp;<em>Zeitschrift studentischer Beitr\u00e4ge 2025.<\/em><\/p>\n\n\n\n<p>All das w\u00e4re nat\u00fcrlich nicht m\u00f6glich gewesen ohne eine weitere Antwort auf die gro\u00dfe Frage \u00bbWarum Literaturwissenschaft?\u00ab im Blick zu haben:&nbsp;schreiben und ver\u00f6ffentlichen.&nbsp;Texte ernst nehmen, mit Autor:innen im Austausch stehen, Gedanken sch\u00e4rfen, Fragen stellen, Formulierungen drehen, bis sie passen, und am Ende etwas entstehen lassen, das nicht in digitalen Ordnern verschwindet, sondern gelesen werden darf. Das alles ist auch das: Literaturwissenschaft.<\/p>\n\n\n\n<p>Und so erreichten uns jede Menge Texte \u2013 so viele, dass wir schweren Herzens eine Auswahl treffen mussten. Am Ende geblieben sind:<br><br>Anna\/ Arte Barners Essay, der in einem ganz eigenen Ton und kompromisslos toxische M\u00e4nnlichkeit entbl\u00f6\u00dft.<br><br>Eine editionsphilologische Arbeit von Moritz Bense, die Karl Wilhelm Ramlers Bearbeitung von Anna Louisa Karschs Gedicht&nbsp;<em>Sappho an Amor<\/em>&nbsp;untersucht.<br><br>Leonie Brommers Aufsatz,&nbsp;mit dem wir zum&nbsp;<em>Nibelungenlied<\/em>&nbsp;zur\u00fcckreisen und zu der Frage, ob das mittelhochdeutsche Werk feministisch gelesen werden kann.&nbsp;<br><br>Und nicht nur dorthin, auch ein Ausflug in die Sp\u00e4tromantik wartet auf uns, mit der Arbeit von Jean-Pierre Lehmann, zum Prinzip der Parekbase. Sie besch\u00e4ftigt sich mit Friedrich Schlegels Kom\u00f6dientheorie am Beispiel von Eichendorffs&nbsp;<em>Die Freier<\/em>.<br><br>Darlene Noltes Essay schreibt \u00fcber das umstrittene Erdbeben in Fatma Aydemirs Roman&nbsp;<em>Dschinns&nbsp;<\/em>\u2013 ein Versuch, literarische Wogen zu gl\u00e4tten?<br><br>Ein Aufsatz von<strong>&nbsp;<\/strong>Klara Prautzsch, der sich auf die Suche nach Cixous\u2019 Forderungen nach weiblichem Schreiben in&nbsp;<em>Das Lachen der Medusa und<\/em>&nbsp;in Herta M\u00fcllers&nbsp;<em>Reisende auf einem Bein<\/em>&nbsp;begibt.<br><br>Verena Schmitts Essay erz\u00e4hlt uns von den Grenz\u00fcberschreitungen der migrantischen Putzfrau in&nbsp;Emine Sevgi\u00d6zdamars<em>&nbsp;Karriere einer Putzfrau<\/em>.<br><br>Last but not least: Eine Hausarbeit von Ferdinand Vogt \u00fcber Uwe Timms&nbsp;<em>Morenga<\/em>&nbsp;\u2013 oder genauer: die romanimmanente Infragestellung der Authentizit\u00e4t.<br><br>Und auch Rezensionen&nbsp;haben sich&nbsp;bei uns eingefunden:<strong>&nbsp;<\/strong>Marie-Louis Kunja&nbsp;bespricht Susanne Weishaupts&nbsp;<em>Genderaspekte in Kriminalromanen zeitgen\u00f6ssischer Autorinnen. Kriminalliteratur aus Indien, S\u00fcdafrika, Irland und Schottland<\/em>.&nbsp;<br><br>Das passt thematisch zu einer Rezension, die auch aus den Reihen unseres Teams ihren Weg in die ZSB gefunden hat: Von Lukas Kagerer zu Wolfgang Bryllas&nbsp;<em>Der polnische und deutschsprachige Retro-Krimi \u203aDetektivische\u2039 Fallstudien<\/em>.&nbsp;<br><br>Ebenfalls aus unserem Team, steuerte Lucas Fach eine Rezension zu Achim K\u00fcppers&nbsp;<em>Franz Kafka. Schrift und Medialit\u00e4t<\/em> bei.<\/p>\n\n\n\n<p>Wenn man einen Blick darauf wirft, welche Vielfalten an Texten uns erreicht haben, welche Realit\u00e4ten, Zeiten, Stimmungen und Perspektiven sich in den Texten er\u00f6ffnen, dann ergibt sich eine der sch\u00f6nsten Antworten auf die Frage \u00bbWarum eigentlich Literaturwissenschaft?\u00ab:<\/p>\n\n\n\n<p>Weil man in alle m\u00f6glichen Welten eintauchen kann.<br>An alle Orte reisen kann.<br>In alle Zeiten, in jede Stimmung, jede Denkweise.<\/p>\n\n\n\n<p>Gelernt haben wir in jedem Fall viel in diesem Sommer. Und tats\u00e4chlich befinden wir uns mit dieser Ausgabe in der letzten ZsB, die gemeinsam mit Claudia Hein entstanden ist. Einen ganz lieben Dank an dieser Stelle \u2013 f\u00fcr die Begegnung auf Augenh\u00f6he, die Energie, die motivierenden Worte und die Geduld.<\/p>\n\n\n\n<p>Und an euch vor dem Bildschirm: viel Freude beim St\u00f6bern!<\/p>\n\n\n\n<div class=\"wp-block-columns\">\n<div class=\"wp-block-column\" style=\"flex-basis:33.33%\">\n<figure class=\"wp-block-image size-large is-resized is-style-rounded\"><img loading=\"lazy\" src=\"https:\/\/blogs.urz.uni-halle.de\/zeitschriftstudentischerbeitraege2025\/files\/2025\/12\/IMG_2443-6-768x1024.jpeg\" alt=\"\" class=\"wp-image-753\" width=\"145\" height=\"193\" srcset=\"https:\/\/blogs.urz.uni-halle.de\/zeitschriftstudentischerbeitraege2025\/files\/2025\/12\/IMG_2443-6-768x1024.jpeg 768w, https:\/\/blogs.urz.uni-halle.de\/zeitschriftstudentischerbeitraege2025\/files\/2025\/12\/IMG_2443-6-225x300.jpeg 225w, https:\/\/blogs.urz.uni-halle.de\/zeitschriftstudentischerbeitraege2025\/files\/2025\/12\/IMG_2443-6.jpeg 960w\" sizes=\"(max-width: 145px) 100vw, 145px\" \/><\/figure>\n<\/div>\n\n\n\n<div class=\"wp-block-column\" style=\"flex-basis:66.66%\">\n<p><\/p>\n\n\n\n<p><\/p>\n\n\n\n<p>Im Namen der <a href=\"https:\/\/blogs.urz.uni-halle.de\/zeitschriftstudentischerbeitraege2025\/team\/\" target=\"_blank\" rel=\"noreferrer noopener\">Redaktion<\/a><br><strong>Sarah B\u00e4umler<\/strong><\/p>\n<\/div>\n<\/div>\n\n\n\n<p><\/p>\n","protected":false},"excerpt":{"rendered":"<p>\u00bbUnd, was machst du dann so, wenn du deinen Abschluss in Literaturwissenschaft hast?\u00ab Die Frage hat mit Sicherheit jede Person schon einmal geh\u00f6rt, die sich im Bereich der Literaturwissenschaften aufh\u00e4lt. Mit hoher Wahrscheinlichkeit an einem famili\u00e4ren Esstisch. Eine m\u00f6gliche Antwort auf diese Frage gab es in diesem Sommer in unserem Redaktionsseminar. In einer kleinen Runde, [&hellip;]<\/p>\n","protected":false},"author":6292,"featured_media":0,"parent":0,"menu_order":0,"comment_status":"closed","ping_status":"closed","template":"","meta":[],"_links":{"self":[{"href":"https:\/\/blogs.urz.uni-halle.de\/zeitschriftstudentischerbeitraege2025\/wp-json\/wp\/v2\/pages\/213"}],"collection":[{"href":"https:\/\/blogs.urz.uni-halle.de\/zeitschriftstudentischerbeitraege2025\/wp-json\/wp\/v2\/pages"}],"about":[{"href":"https:\/\/blogs.urz.uni-halle.de\/zeitschriftstudentischerbeitraege2025\/wp-json\/wp\/v2\/types\/page"}],"author":[{"embeddable":true,"href":"https:\/\/blogs.urz.uni-halle.de\/zeitschriftstudentischerbeitraege2025\/wp-json\/wp\/v2\/users\/6292"}],"replies":[{"embeddable":true,"href":"https:\/\/blogs.urz.uni-halle.de\/zeitschriftstudentischerbeitraege2025\/wp-json\/wp\/v2\/comments?post=213"}],"version-history":[{"count":10,"href":"https:\/\/blogs.urz.uni-halle.de\/zeitschriftstudentischerbeitraege2025\/wp-json\/wp\/v2\/pages\/213\/revisions"}],"predecessor-version":[{"id":900,"href":"https:\/\/blogs.urz.uni-halle.de\/zeitschriftstudentischerbeitraege2025\/wp-json\/wp\/v2\/pages\/213\/revisions\/900"}],"wp:attachment":[{"href":"https:\/\/blogs.urz.uni-halle.de\/zeitschriftstudentischerbeitraege2025\/wp-json\/wp\/v2\/media?parent=213"}],"curies":[{"name":"wp","href":"https:\/\/api.w.org\/{rel}","templated":true}]}}