{"id":217,"date":"2025-07-09T02:01:59","date_gmt":"2025-07-09T00:01:59","guid":{"rendered":"https:\/\/blogs.urz.uni-halle.de\/zeitschriftstudentischerbeitraege2025\/?page_id=217"},"modified":"2025-12-11T14:12:41","modified_gmt":"2025-12-11T13:12:41","slug":"aufsaetze","status":"publish","type":"page","link":"https:\/\/blogs.urz.uni-halle.de\/zeitschriftstudentischerbeitraege2025\/aufsaetze\/","title":{"rendered":"Aufs\u00e4tze"},"content":{"rendered":"\n<p><\/p>\n\n\n\n<div class=\"wp-block-columns\">\n<div class=\"wp-block-column\">\n<figure class=\"wp-block-image size-large is-resized\"><a href=\"https:\/\/blogs.urz.uni-halle.de\/zeitschriftstudentischerbeitraege2025\/anna-louisa-karsch\/\"><img loading=\"lazy\" src=\"https:\/\/blogs.urz.uni-halle.de\/zeitschriftstudentischerbeitraege2025\/files\/2025\/12\/WhatsApp-Image-2025-12-09-at-20.35.26-4-750x1024.jpeg\" alt=\"\" class=\"wp-image-564\" width=\"138\" height=\"187\" srcset=\"https:\/\/blogs.urz.uni-halle.de\/zeitschriftstudentischerbeitraege2025\/files\/2025\/12\/WhatsApp-Image-2025-12-09-at-20.35.26-4-750x1024.jpeg 750w, https:\/\/blogs.urz.uni-halle.de\/zeitschriftstudentischerbeitraege2025\/files\/2025\/12\/WhatsApp-Image-2025-12-09-at-20.35.26-4-220x300.jpeg 220w, https:\/\/blogs.urz.uni-halle.de\/zeitschriftstudentischerbeitraege2025\/files\/2025\/12\/WhatsApp-Image-2025-12-09-at-20.35.26-4-768x1048.jpeg 768w, https:\/\/blogs.urz.uni-halle.de\/zeitschriftstudentischerbeitraege2025\/files\/2025\/12\/WhatsApp-Image-2025-12-09-at-20.35.26-4-1125x1536.jpeg 1125w, https:\/\/blogs.urz.uni-halle.de\/zeitschriftstudentischerbeitraege2025\/files\/2025\/12\/WhatsApp-Image-2025-12-09-at-20.35.26-4.jpeg 1172w\" sizes=\"(max-width: 138px) 100vw, 138px\" \/><\/a><figcaption><strong><span class=\"has-inline-color has-primary-color\">Vom Herausgeber zum Co-Autor wider Willen<\/span><\/strong><\/figcaption><\/figure>\n<\/div>\n\n\n\n<div class=\"wp-block-column\">\n<figure class=\"wp-block-image size-large is-resized\"><a href=\"https:\/\/blogs.urz.uni-halle.de\/zeitschriftstudentischerbeitraege2025\/die-nibelungen\/\"><img loading=\"lazy\" src=\"https:\/\/blogs.urz.uni-halle.de\/zeitschriftstudentischerbeitraege2025\/files\/2025\/12\/WhatsApp-Image-2025-12-09-at-20.35.27-1024x682.jpeg\" alt=\"\" class=\"wp-image-567\" width=\"200\" height=\"133\" srcset=\"https:\/\/blogs.urz.uni-halle.de\/zeitschriftstudentischerbeitraege2025\/files\/2025\/12\/WhatsApp-Image-2025-12-09-at-20.35.27-1024x682.jpeg 1024w, https:\/\/blogs.urz.uni-halle.de\/zeitschriftstudentischerbeitraege2025\/files\/2025\/12\/WhatsApp-Image-2025-12-09-at-20.35.27-300x200.jpeg 300w, https:\/\/blogs.urz.uni-halle.de\/zeitschriftstudentischerbeitraege2025\/files\/2025\/12\/WhatsApp-Image-2025-12-09-at-20.35.27-768x512.jpeg 768w, https:\/\/blogs.urz.uni-halle.de\/zeitschriftstudentischerbeitraege2025\/files\/2025\/12\/WhatsApp-Image-2025-12-09-at-20.35.27-1536x1023.jpeg 1536w, https:\/\/blogs.urz.uni-halle.de\/zeitschriftstudentischerbeitraege2025\/files\/2025\/12\/WhatsApp-Image-2025-12-09-at-20.35.27-1200x800.jpeg 1200w, https:\/\/blogs.urz.uni-halle.de\/zeitschriftstudentischerbeitraege2025\/files\/2025\/12\/WhatsApp-Image-2025-12-09-at-20.35.27.jpeg 1600w\" sizes=\"(max-width: 200px) 100vw, 200px\" \/><\/a><figcaption><strong><span class=\"has-inline-color has-primary-color\">Die Nibelungen &#8211; Heldinnenepos? <\/span><\/strong><\/figcaption><\/figure>\n<\/div>\n\n\n\n<div class=\"wp-block-column\">\n<figure class=\"wp-block-image size-large is-resized\"><a href=\"https:\/\/blogs.urz.uni-halle.de\/zeitschriftstudentischerbeitraege2025\/morenga\/\"><img loading=\"lazy\" src=\"https:\/\/blogs.urz.uni-halle.de\/zeitschriftstudentischerbeitraege2025\/files\/2025\/12\/WhatsApp-Image-2025-12-09-at-20.35.27-2.jpeg\" alt=\"\" class=\"wp-image-571\" width=\"203\" height=\"192\" \/><\/a><figcaption><span class=\"has-inline-color has-primary-color\"><strong>Die Unm\u00f6glichkeit der Authentizit\u00e4t<\/strong><\/span><\/figcaption><\/figure>\n<\/div>\n<\/div>\n\n\n\n<div class=\"wp-block-columns\">\n<div class=\"wp-block-column\">\n<figure class=\"wp-block-image size-large\"><a href=\"https:\/\/blogs.urz.uni-halle.de\/zeitschriftstudentischerbeitraege2025\/prinzip-parekbase\/\"><img loading=\"lazy\" width=\"717\" height=\"960\" src=\"https:\/\/blogs.urz.uni-halle.de\/zeitschriftstudentischerbeitraege2025\/files\/2025\/12\/WhatsApp-Image-2025-12-09-at-20.35.27-3.jpeg\" alt=\"\" class=\"wp-image-573\" srcset=\"https:\/\/blogs.urz.uni-halle.de\/zeitschriftstudentischerbeitraege2025\/files\/2025\/12\/WhatsApp-Image-2025-12-09-at-20.35.27-3.jpeg 717w, https:\/\/blogs.urz.uni-halle.de\/zeitschriftstudentischerbeitraege2025\/files\/2025\/12\/WhatsApp-Image-2025-12-09-at-20.35.27-3-224x300.jpeg 224w\" sizes=\"(max-width: 717px) 100vw, 717px\" \/><\/a><figcaption><span class=\"has-inline-color has-primary-color\"><strong>Das Prinzip Parekbase im <\/strong><\/span><strong><span class=\"has-inline-color has-primary-color\">sp\u00e4tromantischen Drama<\/span><\/strong><\/figcaption><\/figure>\n<\/div>\n\n\n\n<div class=\"wp-block-column\">\n<figure class=\"wp-block-image size-large\"><a href=\"https:\/\/blogs.urz.uni-halle.de\/zeitschriftstudentischerbeitraege2025\/helene-cixous\/\"><img loading=\"lazy\" width=\"682\" height=\"1024\" src=\"https:\/\/blogs.urz.uni-halle.de\/zeitschriftstudentischerbeitraege2025\/files\/2025\/12\/WhatsApp-Image-2025-12-09-at-20.35.27-4-682x1024.jpeg\" alt=\"\" class=\"wp-image-575\" srcset=\"https:\/\/blogs.urz.uni-halle.de\/zeitschriftstudentischerbeitraege2025\/files\/2025\/12\/WhatsApp-Image-2025-12-09-at-20.35.27-4-682x1024.jpeg 682w, https:\/\/blogs.urz.uni-halle.de\/zeitschriftstudentischerbeitraege2025\/files\/2025\/12\/WhatsApp-Image-2025-12-09-at-20.35.27-4-200x300.jpeg 200w, https:\/\/blogs.urz.uni-halle.de\/zeitschriftstudentischerbeitraege2025\/files\/2025\/12\/WhatsApp-Image-2025-12-09-at-20.35.27-4-768x1153.jpeg 768w, https:\/\/blogs.urz.uni-halle.de\/zeitschriftstudentischerbeitraege2025\/files\/2025\/12\/WhatsApp-Image-2025-12-09-at-20.35.27-4-1023x1536.jpeg 1023w, https:\/\/blogs.urz.uni-halle.de\/zeitschriftstudentischerbeitraege2025\/files\/2025\/12\/WhatsApp-Image-2025-12-09-at-20.35.27-4.jpeg 1066w\" sizes=\"(max-width: 682px) 100vw, 682px\" \/><\/a><figcaption><span class=\"has-inline-color has-primary-color\"><strong>H\u00e9l\u00e8ne Cixous und Herta M\u00fcller \u2013 eine paralle<\/strong><\/span><span class=\"has-inline-color has-primary-color\"><strong>le Betrachtung <\/strong><\/span><\/figcaption><\/figure>\n<\/div>\n\n\n\n<div class=\"wp-block-column\"><\/div>\n<\/div>\n\n\n\n<p><\/p>\n","protected":false},"excerpt":{"rendered":"","protected":false},"author":6292,"featured_media":0,"parent":0,"menu_order":0,"comment_status":"closed","ping_status":"closed","template":"","meta":[],"_links":{"self":[{"href":"https:\/\/blogs.urz.uni-halle.de\/zeitschriftstudentischerbeitraege2025\/wp-json\/wp\/v2\/pages\/217"}],"collection":[{"href":"https:\/\/blogs.urz.uni-halle.de\/zeitschriftstudentischerbeitraege2025\/wp-json\/wp\/v2\/pages"}],"about":[{"href":"https:\/\/blogs.urz.uni-halle.de\/zeitschriftstudentischerbeitraege2025\/wp-json\/wp\/v2\/types\/page"}],"author":[{"embeddable":true,"href":"https:\/\/blogs.urz.uni-halle.de\/zeitschriftstudentischerbeitraege2025\/wp-json\/wp\/v2\/users\/6292"}],"replies":[{"embeddable":true,"href":"https:\/\/blogs.urz.uni-halle.de\/zeitschriftstudentischerbeitraege2025\/wp-json\/wp\/v2\/comments?post=217"}],"version-history":[{"count":10,"href":"https:\/\/blogs.urz.uni-halle.de\/zeitschriftstudentischerbeitraege2025\/wp-json\/wp\/v2\/pages\/217\/revisions"}],"predecessor-version":[{"id":577,"href":"https:\/\/blogs.urz.uni-halle.de\/zeitschriftstudentischerbeitraege2025\/wp-json\/wp\/v2\/pages\/217\/revisions\/577"}],"wp:attachment":[{"href":"https:\/\/blogs.urz.uni-halle.de\/zeitschriftstudentischerbeitraege2025\/wp-json\/wp\/v2\/media?parent=217"}],"curies":[{"name":"wp","href":"https:\/\/api.w.org\/{rel}","templated":true}]}}