{"id":872,"date":"2025-12-16T13:57:52","date_gmt":"2025-12-16T12:57:52","guid":{"rendered":"https:\/\/blogs.urz.uni-halle.de\/zeitschriftstudentischerbeitraege2025\/?page_id=872"},"modified":"2025-12-18T14:15:22","modified_gmt":"2025-12-18T13:15:22","slug":"inhalt-2","status":"publish","type":"page","link":"https:\/\/blogs.urz.uni-halle.de\/zeitschriftstudentischerbeitraege2025\/inhalt-2\/","title":{"rendered":"Inhalt"},"content":{"rendered":"\n<h6>Aufs\u00e4tze<\/h6>\n\n\n\n<p class=\"has-primary-color has-text-color\"><a href=\"https:\/\/blogs.urz.uni-halle.de\/zeitschriftstudentischerbeitraege2025\/anna-louisa-karsch\/\" target=\"_blank\" rel=\"noreferrer noopener\"><strong>Moritz Bense <\/strong>Vom Herausgeber zum Co-Autor wider Willen. Karl Wilhelm Ramlers Bearbeitung von Anna Louisa Karschs Gedicht <em>Sappho an Amor<\/em><\/a><\/p>\n\n\n\n<p class=\"has-primary-color has-text-color\"><a rel=\"noreferrer noopener\" href=\"https:\/\/blogs.urz.uni-halle.de\/zeitschriftstudentischerbeitraege2025\/die-nibelungen\/\" target=\"_blank\"><strong>Leonie Brommer<\/strong> Die Nibelungen \u2013 ein Heldinnenepos? Vom Nationalepos zum K\u00f6niginnendrama<\/a><\/p>\n\n\n\n<p class=\"has-primary-color has-text-color\"><a rel=\"noreferrer noopener\" href=\"https:\/\/blogs.urz.uni-halle.de\/zeitschriftstudentischerbeitraege2025\/prinzip-parekbase\/\" target=\"_blank\"><strong>Jean-Pierre Lehmann<\/strong> Prinzip Parekbase. Friedrich Schlegels Kom\u00f6dientheorie im sp\u00e4tromantischen Drama am Beispiel von Joseph von Eichendorffs<em> Die Freier<\/em><\/a><\/p>\n\n\n\n<p class=\"has-primary-color has-text-color\"><a rel=\"noreferrer noopener\" href=\"https:\/\/blogs.urz.uni-halle.de\/zeitschriftstudentischerbeitraege2025\/helene-cixous\/\" target=\"_blank\"><strong>Klara Prautzsch<\/strong> Weiblichkeit als Subversion bei H\u00e9l\u00e8ne Cixous und Herta M\u00fcller<\/a><\/p>\n\n\n\n<p class=\"has-primary-color has-text-color\"><a rel=\"noreferrer noopener\" href=\"https:\/\/blogs.urz.uni-halle.de\/zeitschriftstudentischerbeitraege2025\/morenga\/\" target=\"_blank\"><strong>Ferdinand Vogt<\/strong> Die Unm\u00f6glichkeit der Authentizit\u00e4t. Postkoloniale Reflexionen in Uwe Timms <em>Morenga<\/em><\/a><\/p>\n\n\n\n<h6>Essays<\/h6>\n\n\n\n<p class=\"has-primary-color has-text-color\"><a rel=\"noreferrer noopener\" href=\"https:\/\/blogs.urz.uni-halle.de\/zeitschriftstudentischerbeitraege2025\/penetrating-norms\/\" target=\"_blank\"><strong>Arte\/Anna-Lena Barner<\/strong><em> <\/em>Penetrating Norms: Wie explizite Sex-Szenen toxische M\u00e4nnlichkeit entbl\u00f6\u00dfen<\/a><\/p>\n\n\n\n<p class=\"has-primary-color has-text-color\"><a rel=\"noreferrer noopener\" href=\"https:\/\/blogs.urz.uni-halle.de\/zeitschriftstudentischerbeitraege2025\/familiaere-plattentektonik\/\" target=\"_blank\"><strong>Darlene Nolte<\/strong> Famili\u00e4re Plattentektonik. \u00dcber das umstrittene Erdbeben in Fatma Aydemirs <em>Dschinns<\/em><\/a><span class=\"has-inline-color has-primary-color\"> <\/span><\/p>\n\n\n\n<p class=\"has-primary-color has-text-color\"><a rel=\"noreferrer noopener\" href=\"https:\/\/blogs.urz.uni-halle.de\/zeitschriftstudentischerbeitraege2025\/karriere-einer-putzfrau\/\" target=\"_blank\"><strong>Verena Schmitt<\/strong> Emine Sevgi \u00d6zdamars<em> Karriere einer Putzfrau \u2013 Erinnerungen an Deutschland<\/em>: Die Selbsterm\u00e4chtigung der <em>migrantischen Putzfrau<\/em><\/a><\/p>\n\n\n\n<h6>Rezensionen<\/h6>\n\n\n\n<p class=\"has-primary-color has-text-color\"><a href=\"https:\/\/blogs.urz.uni-halle.de\/zeitschriftstudentischerbeitraege2025\/franz-kafka\/\" target=\"_blank\" rel=\"noreferrer noopener\"><strong>Lucas Fach<\/strong> Achim K\u00fcpper, <em>Franz Kafka. Schrift und Medialit\u00e4t<\/em>, edition text + kritik im Richard Boorberg Verlag, M\u00fcnchen 2024<\/a><\/p>\n\n\n\n<p class=\"has-primary-color has-text-color\"><a rel=\"noreferrer noopener\" href=\"https:\/\/blogs.urz.uni-halle.de\/zeitschriftstudentischerbeitraege2025\/retrokrimi\/\" target=\"_blank\"><strong>Lukas Kagerer<\/strong> Wolfgang Brylla,<em> Der polnische und deutschsprachige Retro-Krimi, \u203aDetektivische\u2039 Fallstudien, <\/em>V&amp;R unipress, G\u00f6ttingen, 2025<\/a><\/p>\n\n\n\n<p class=\"has-primary-color has-text-color\"><a rel=\"noreferrer noopener\" href=\"https:\/\/blogs.urz.uni-halle.de\/zeitschriftstudentischerbeitraege2025\/gendersprache-in-kriminalromanen\/\" target=\"_blank\"><strong>Marie-Louis Kunja<\/strong> Susanne Weishaupt,<em> Genderaspekte in Kriminalromanen zeitgen\u00f6ssischer Autorinnen, Kriminalliteratur aus Indien, S\u00fcdafrika, Irland und Schottland, <\/em>Tectum Verlag, Baden-Baden, 2024<\/a><\/p>\n","protected":false},"excerpt":{"rendered":"<p>Aufs\u00e4tze Moritz Bense Vom Herausgeber zum Co-Autor wider Willen. Karl Wilhelm Ramlers Bearbeitung von Anna Louisa Karschs Gedicht Sappho an Amor Leonie Brommer Die Nibelungen \u2013 ein Heldinnenepos? Vom Nationalepos zum K\u00f6niginnendrama Jean-Pierre Lehmann Prinzip Parekbase. Friedrich Schlegels Kom\u00f6dientheorie im sp\u00e4tromantischen Drama am Beispiel von Joseph von Eichendorffs Die Freier Klara Prautzsch Weiblichkeit als Subversion [&hellip;]<\/p>\n","protected":false},"author":6475,"featured_media":0,"parent":0,"menu_order":0,"comment_status":"closed","ping_status":"closed","template":"","meta":[],"_links":{"self":[{"href":"https:\/\/blogs.urz.uni-halle.de\/zeitschriftstudentischerbeitraege2025\/wp-json\/wp\/v2\/pages\/872"}],"collection":[{"href":"https:\/\/blogs.urz.uni-halle.de\/zeitschriftstudentischerbeitraege2025\/wp-json\/wp\/v2\/pages"}],"about":[{"href":"https:\/\/blogs.urz.uni-halle.de\/zeitschriftstudentischerbeitraege2025\/wp-json\/wp\/v2\/types\/page"}],"author":[{"embeddable":true,"href":"https:\/\/blogs.urz.uni-halle.de\/zeitschriftstudentischerbeitraege2025\/wp-json\/wp\/v2\/users\/6475"}],"replies":[{"embeddable":true,"href":"https:\/\/blogs.urz.uni-halle.de\/zeitschriftstudentischerbeitraege2025\/wp-json\/wp\/v2\/comments?post=872"}],"version-history":[{"count":10,"href":"https:\/\/blogs.urz.uni-halle.de\/zeitschriftstudentischerbeitraege2025\/wp-json\/wp\/v2\/pages\/872\/revisions"}],"predecessor-version":[{"id":1029,"href":"https:\/\/blogs.urz.uni-halle.de\/zeitschriftstudentischerbeitraege2025\/wp-json\/wp\/v2\/pages\/872\/revisions\/1029"}],"wp:attachment":[{"href":"https:\/\/blogs.urz.uni-halle.de\/zeitschriftstudentischerbeitraege2025\/wp-json\/wp\/v2\/media?parent=872"}],"curies":[{"name":"wp","href":"https:\/\/api.w.org\/{rel}","templated":true}]}}