{"id":2,"date":"2022-03-10T11:09:06","date_gmt":"2022-03-10T10:09:06","guid":{"rendered":"https:\/\/blogs.urz.uni-halle.de\/zsbblog\/?page_id=2"},"modified":"2024-12-16T10:14:12","modified_gmt":"2024-12-16T09:14:12","slug":"editorial","status":"publish","type":"page","link":"https:\/\/blogs.urz.uni-halle.de\/zsbblog\/","title":{"rendered":"Editorial"},"content":{"rendered":"\n<span id=\"Die_Zeitschrift_studentischer_Beitrge_ist_ein_Versuch_Theorie_zur_Praxis_zu_machen.\"><h4>Die <em>Zeitschrift studentischer Beitr\u00e4ge<\/em> ist ein Versuch, Theorie zur Praxis zu machen.<\/h4><\/span>\n\n\n\n<p>Die Idee der ZSB nahm ihren Anfang in einem Seminar im Wintersemester 2021\/22. Der zentrale Gedanke der Veranstaltung war es, den theorieorientierten Studienalltag \u2013 mit seinen inhaltlichen Diskussionen, Hausarbeiten und Pr\u00fcfungssituationen \u2013 um eine praktische Perspektive zu erg\u00e4nzen und einen Blick auf die formalen Abl\u00e4ufe und Konventionen des akademischen Publizierens zu richten. Denn Bereiche wie Gutachten, Review-Prozesse und redaktionelle Kommunikation, die so relevant f\u00fcr eine erfolgreiche wissenschaftliche Laufbahn sind, nehmen doch meist nur wenig Raum in unseren Studieng\u00e4ngen ein.<\/p>\n\n\n\n<p>Die Aufgaben, denen wir uns im Laufe des Semesters stellten, umfassten unter anderem gemeinsame \u201eRedaktionssitzungen\u201c, in denen wir Fragen zu Schreibstil, Lesefluss und Argumentationsstruktur diskutierten, sowie das detaillierte Lektorieren wissenschaftlicher Texte. Der n\u00e4chste Schritt lag nahe: Wenn wir Texte uns unbekannter Autor*innen als Grundlage unserer Besprechungen nehmen konnten, warum dann nicht auch unsere eigenen? Schlie\u00dflich ist es eine der traurigen Wahrheiten des Studierendenlebens, dass ein Gro\u00dfteil der Arbeiten, die wir \u00fcber Wochen und Monate schreiben, verbessern, k\u00fcrzen und neu schreiben, nach dem Abgabetermin einmal und dann nie wieder gelesen werden. In einigen F\u00e4llen mag das vielleicht sogar von den Autor*innen erw\u00fcnscht sein, in anderen ist es aber durchaus schade, das Gef\u00fchl zu bekommen, die eigene Arbeit sei grunds\u00e4tzlich f\u00fcr niemanden von Interesse \u2013 man ist ja <em>nur<\/em> Student*in.<\/p>\n\n\n\n<p>Ganz in diesem Sinne wollten wir uns gegenseitig die M\u00f6glichkeit geben alte, neue, bereits ausgefeilte oder erst k\u00fcrzlich konzipierte Arbeiten zu diskutieren, inhaltlich zu kommentieren und letzten Endes so weit zu bringen, dass sie f\u00fcr sich stehen konnten: vielleicht sogar als tats\u00e4chlicher Beitrag zu einer weiteren wissenschaftlichen Diskussion.<\/p>\n\n\n\n<p>Die gro\u00dfe Bandbreite der Themen ist dem fachlichen Interesse und dem weiten Spektrum an inhaltlichen Schwerpunkten der Seminarteilnehmer*innen&nbsp; geschuldet. Wir trafen als Gruppe zusammen, die sich zwar zu einem gro\u00dfen Teil \u2013 aber eben nicht ausschlie\u00dflich&nbsp;\u2013 in den klassischen Literaturwissenschaften beheimatet f\u00fchlt. Neben den Beitr\u00e4gen aus diesem Bereich finden sich entsprechend ebenso Arbeiten, die eher kultur-, sozialwissenschaftlich oder philosophisch verortete sind. Unterschiedlich ist auch die konkrete Textgestaltung der Autor*innen&nbsp;. So orientieren sich einige Beitr\u00e4ge an der klassischen Hausarbeitsform mit einer zentralen zu beantwortenden Fragestellung, andere bieten eher \u00dcberblicksdarstellungen und wieder andere widmen sich einer ergebnisoffeneren Erschlie\u00dfung neuer Fragestellungen und Denkans\u00e4tze in ihrem jeweiligen Themenbereich.<\/p>\n\n\n\n<p>Die ZSB versteht sich insofern als f\u00e4cher\u00fcbergreifende Publikation, die zwar institutionell in der Abteilung f\u00fcr Komparatistik der MLU beheimatet ist, aber grunds\u00e4tzlich offen f\u00fcr Texte aus allen Fachrichtungen sein m\u00f6chte.<\/p>\n\n\n\n<p>Da im Laufe des Semesters klar wurde, dass die Erstausgabe der ZSB in einem digitalen Format f\u00fcr interessierte Leser*innen vermutlich einfacher zug\u00e4nglich und auch von redaktioneller Seite aus leichter zu gestalten w\u00e4re, m\u00f6chten wir zun\u00e4chst die Infrastruktur der MLU-Blogs nutzen. Die grundlegende Konzeption der ZSB als <em>Zeitschrift<\/em> m\u00f6chten wir an dieser Stelle allerdings noch einmal hervorheben und auch mit dem Bezug im Namen deutlich machen: unser Selbstverst\u00e4ndnis ist es, soweit m\u00f6glich an den Aufbau und die Abl\u00e4ufe wissenschaftlicher Zeitschriften anzukn\u00fcpfen.<\/p>\n\n\n\n<p>Wir hoffen, dass die von uns begonnene ZSB auch in den kommenden Jahren Studierenden eine M\u00f6glichkeit bieten kann, eigene Texte und eigene akademische Interessen als Ausgangspunkt zu nehmen, um erste Erfahrungen mit Review-, Lektorats- und Publikationsprozessen zu sammeln und dabei eine wichtige Facette des wissenschaftlichen Arbeitens kennenzulernen.<\/p>\n\n\n\n<p>\u00dcber inhaltliche R\u00fcckmeldungen zu den einzelnen Artikeln freuen wir uns sehr: Kontaktdaten der Autor*innen finden Sie <a href=\"https:\/\/blogs.urz.uni-halle.de\/zsbblog\/kontakt\/\" data-type=\"URL\" data-id=\"https:\/\/blogs.urz.uni-halle.de\/zsbblog\/kontakt\/\">hier<\/a>.<\/p>\n\n\n\n<p>Im Namen der Redaktion <\/p>\n\n\n\n<p>Klara Blanke<\/p>\n\n\n\n<hr class=\"wp-block-separator\" \/>\n\n\n\n<span id=\"Weiter_zum_Inhaltsverzeichnis_der_aktuellen_Ausgabe_2022-I\"><h3>Weiter zum <a href=\"https:\/\/blogs.urz.uni-halle.de\/zsbblog\/kategorie\/2022-i\/\">Inhaltsverzeichnis der aktuellen Ausgabe<\/a> (2022-I)<\/h3><\/span>\n\n\n\n<p class=\"has-medium-font-size\">Weiter zum <a href=\"https:\/\/blogs.urz.uni-halle.de\/zsbblog2023\/inhalt\/\" data-type=\"URL\" data-id=\"https:\/\/blogs.urz.uni-halle.de\/zsbblog2023\/inhalt\/\">Inhaltsverzeichnis der zweiten Ausgabe der &#8222;ZsB&#8220;<\/a> (2023)<\/p>\n\n\n\n<p class=\"has-medium-font-size\">Weiter zur <a href=\"https:\/\/blogs.urz.uni-halle.de\/zsbblog2024\/\">dritten Ausgabe der &#8222;ZsB&#8220;<\/a> (2024)<\/p>\n\n\n\n<hr class=\"wp-block-separator\" \/>\n\n\n\n<p><\/p>\n","protected":false},"excerpt":{"rendered":"<p>Die Zeitschrift studentischer Beitr\u00e4ge ist ein Versuch, Theorie zur Praxis zu machen. Die Idee der ZSB nahm ihren Anfang in einem Seminar im Wintersemester 2021\/22. Der zentrale Gedanke der Veranstaltung war es, den theorieorientierten Studienalltag \u2013 mit seinen inhaltlichen Diskussionen, Hausarbeiten und Pr\u00fcfungssituationen \u2013 um eine praktische Perspektive zu erg\u00e4nzen und einen Blick auf die [&hellip;]<\/p>\n","protected":false},"author":4946,"featured_media":0,"parent":0,"menu_order":0,"comment_status":"closed","ping_status":"closed","template":"","meta":[],"_links":{"self":[{"href":"https:\/\/blogs.urz.uni-halle.de\/zsbblog\/wp-json\/wp\/v2\/pages\/2"}],"collection":[{"href":"https:\/\/blogs.urz.uni-halle.de\/zsbblog\/wp-json\/wp\/v2\/pages"}],"about":[{"href":"https:\/\/blogs.urz.uni-halle.de\/zsbblog\/wp-json\/wp\/v2\/types\/page"}],"author":[{"embeddable":true,"href":"https:\/\/blogs.urz.uni-halle.de\/zsbblog\/wp-json\/wp\/v2\/users\/4946"}],"replies":[{"embeddable":true,"href":"https:\/\/blogs.urz.uni-halle.de\/zsbblog\/wp-json\/wp\/v2\/comments?post=2"}],"version-history":[{"count":9,"href":"https:\/\/blogs.urz.uni-halle.de\/zsbblog\/wp-json\/wp\/v2\/pages\/2\/revisions"}],"predecessor-version":[{"id":144,"href":"https:\/\/blogs.urz.uni-halle.de\/zsbblog\/wp-json\/wp\/v2\/pages\/2\/revisions\/144"}],"wp:attachment":[{"href":"https:\/\/blogs.urz.uni-halle.de\/zsbblog\/wp-json\/wp\/v2\/media?parent=2"}],"curies":[{"name":"wp","href":"https:\/\/api.w.org\/{rel}","templated":true}]}}