{"id":11,"date":"2023-06-16T20:07:10","date_gmt":"2023-06-16T18:07:10","guid":{"rendered":"https:\/\/blogs.urz.uni-halle.de\/zsbblog2023\/?page_id=11"},"modified":"2023-11-21T16:11:19","modified_gmt":"2023-11-21T15:11:19","slug":"kontakte","status":"publish","type":"page","link":"https:\/\/blogs.urz.uni-halle.de\/zsbblog2023\/kontakte\/","title":{"rendered":"Kontakte"},"content":{"rendered":"\n<div class=\"wp-block-group\"><div class=\"wp-block-group__inner-container\">\n<div class=\"wp-block-group\"><div class=\"wp-block-group__inner-container\">\n<h2 class=\"has-text-color has-large-font-size\" style=\"color:#1e146d\">Verantwortliche Dozentin des Seminars <em>Werkstatt Zeitschriftenredaktion<\/em><\/h2>\n<\/div><\/div>\n<\/div><\/div>\n\n\n\n<div class=\"wp-block-group\"><div class=\"wp-block-group__inner-container\">\n<p>Dr. Claudia Hein<\/p>\n<\/div><\/div>\n\n\n\n<p>Martin-Luther-Universit\u00e4t Halle-Wittenberg<\/p>\n\n\n\n<p>Germanistisches Institut \/ Abt. Komparatistik<\/p>\n\n\n\n<p><a class=\"\" href=\"mailto:claudia.hein@germanistik.uni-halle.de\">claudia.hein@germanistik.uni-halle.de<\/a><\/p>\n\n\n\n<h2 class=\"has-text-color has-large-font-size\" style=\"color:#1e146d\">Das Redaktionsteam<\/h2>\n\n\n\n<p>Valentin Francesco Fleck: <a href=\"mailto:valentin.fleck@student.uni-halle.de\">valentin.fleck@student.uni-halle.de<\/a><\/p>\n\n\n\n<p>1998 geboren; studiert nach einem anfgefangenen Studium der Musikwissenschaften nun Italianistik und Germanistik an der MLU mit Vorliebe f\u00fcr interdiszpilin\u00e4re Forschungen; seit 2022 Hilfskraft am &#8222;Althochdeutschen W\u00f6rterbuch&#8220; und zunehmend sprachwissenschaftlich bzw. sprachgeschichtlich interessiert; Bachelorprojekt zur Beziehung deutscher und italienischer Kochrezepte im Sp\u00e4tmittelalter in Arbeit.<\/p>\n\n\n\n<p>Annalena Leonie Harter: <a href=\"mailto:annalena.harter@student.uni-halle.de\">annalena.harter@student.uni-halle.de<\/a><\/p>\n\n\n\n<p>2003 geboren und studiert derzeit im f\u00fcnften Semester Deutsche Sprache und Literatur, sowie Philosophie im Bachelor an der MLU. Fotografiert \u00fcber die Geisteswissenschaften hinaus und widmet sich gerne gestalterischen T\u00e4tigkeiten. \u00dcbernimmt deshalb in diesem Projekt auch das Webdesign und ist verantwortlich f\u00fcr die Endredaktion der Zeitschrift.<\/p>\n\n\n\n<p>Falco Schubert: <a href=\"mailto:falco.schubert@student.uni-halle.de\">falco.schubert@student.uni-halle.de<\/a><\/p>\n\n\n\n<p>1997 geboren; studiert Soziologie und Germanistik an der MLU; interessiert sich neben sozialen Fragestellungen auf theoretischer Ebene f\u00fcr Literatur, welche verschiedenste (krisenhafte) Lebensrealit\u00e4ten abbildet (besonderes Interesse an DDR-Literatur); arbeitet bei einer Digitalisierungsinitiative (TechTeens) als Tutor f\u00fcr Sch\u00fcler*innen der siebten bis zehnten Klasse im Rahmen von GTA-Angeboten an Schulen in und um Leipzig.<\/p>\n\n\n\n<p>Nora Annett Steinki: <a rel=\"noreferrer noopener\" href=\"https:\/\/studmail.uni-halle.de\/de\/nora.steinki@student.uni-halle.de\" target=\"_blank\">nora.steinki@student.uni-halle.de<\/a><\/p>\n\n\n\n<p>1999 geboren; studiert Klassisches Altertum und Komparatistik im Master an der MLU in Halle; liest, lektoriert und schreibt gerne Prosatexte; m\u00f6chte das Interesse f\u00fcr Frauen- und Geschlechtergeschichte im Rahmen einer Masterarbeit bald vertiefen.<\/p>\n\n\n\n<p>Hannah Vo\u00df: <a href=\"mailto:hannah.voss@student.uni-halle.de\">hannah.voss@student.uni-halle.de<\/a><\/p>\n\n\n\n<p>1999 geboren; studiert nach einigen Semestern Evangelischer Theologie und Arch\u00e4ologie nun Germanistik und Geschichte an der MLU; arbeitet als wissenschaftliche Hilfskraft und als Tutorin in der Germanistik; gro\u00dfes Interesse an Wissenschaftskommunikation, besonders auch \u00fcber den akademischen Rahmen hinaus.<\/p>\n\n\n\n<p>Elisabeth Hannah Werner: <a href=\"mailto:elisabeth.werner2@student.uni-halle.de\">elisabeth.werner2@student.uni-halle.de<\/a><\/p>\n\n\n\n<p>Geboren 2000; nach zwei Semestern Werkstofftechnik und Materialwissenschaft Wechsel an die MLU in Halle; studiert Germanistik und Anglistik im Bachelor; arbeitet nebenberuflich als studentische Hilfskraft am Zentrum f\u00fcr multimediales Lehren und Lernen (LLZ) im Technikteam; lektoriert und korrigiert gerne Prosa und wissenschaftliche Texte von Freunden und Geschwistern.<\/p>\n\n\n\n<p><\/p>\n","protected":false},"excerpt":{"rendered":"<p>Martin-Luther-Universit\u00e4t Halle-Wittenberg Germanistisches Institut \/ Abt. Komparatistik claudia.hein@germanistik.uni-halle.de Das Redaktionsteam Valentin Francesco Fleck: valentin.fleck@student.uni-halle.de 1998 geboren; studiert nach einem anfgefangenen Studium der Musikwissenschaften nun Italianistik und Germanistik an der MLU mit Vorliebe f\u00fcr interdiszpilin\u00e4re Forschungen; seit 2022 Hilfskraft am &#8222;Althochdeutschen W\u00f6rterbuch&#8220; und zunehmend sprachwissenschaftlich bzw. sprachgeschichtlich interessiert; Bachelorprojekt zur Beziehung deutscher und italienischer Kochrezepte im [&hellip;]<\/p>\n","protected":false},"author":5843,"featured_media":0,"parent":0,"menu_order":0,"comment_status":"closed","ping_status":"closed","template":"","meta":[],"_links":{"self":[{"href":"https:\/\/blogs.urz.uni-halle.de\/zsbblog2023\/wp-json\/wp\/v2\/pages\/11"}],"collection":[{"href":"https:\/\/blogs.urz.uni-halle.de\/zsbblog2023\/wp-json\/wp\/v2\/pages"}],"about":[{"href":"https:\/\/blogs.urz.uni-halle.de\/zsbblog2023\/wp-json\/wp\/v2\/types\/page"}],"author":[{"embeddable":true,"href":"https:\/\/blogs.urz.uni-halle.de\/zsbblog2023\/wp-json\/wp\/v2\/users\/5843"}],"replies":[{"embeddable":true,"href":"https:\/\/blogs.urz.uni-halle.de\/zsbblog2023\/wp-json\/wp\/v2\/comments?post=11"}],"version-history":[{"count":10,"href":"https:\/\/blogs.urz.uni-halle.de\/zsbblog2023\/wp-json\/wp\/v2\/pages\/11\/revisions"}],"predecessor-version":[{"id":324,"href":"https:\/\/blogs.urz.uni-halle.de\/zsbblog2023\/wp-json\/wp\/v2\/pages\/11\/revisions\/324"}],"wp:attachment":[{"href":"https:\/\/blogs.urz.uni-halle.de\/zsbblog2023\/wp-json\/wp\/v2\/media?parent=11"}],"curies":[{"name":"wp","href":"https:\/\/api.w.org\/{rel}","templated":true}]}}