{"id":100,"date":"2024-06-25T18:17:10","date_gmt":"2024-06-25T16:17:10","guid":{"rendered":"https:\/\/blogs.urz.uni-halle.de\/zsbblog2024\/?page_id=100"},"modified":"2026-03-09T10:36:37","modified_gmt":"2026-03-09T09:36:37","slug":"dasteam","status":"publish","type":"page","link":"https:\/\/blogs.urz.uni-halle.de\/zsbblog2024\/dasteam\/","title":{"rendered":"Das Team"},"content":{"rendered":"\n<div class=\"wp-block-columns\">\n<div class=\"wp-block-column\" style=\"flex-basis:33.33%\">\n<div class=\"wp-block-image is-style-rounded\"><figure class=\"aligncenter size-medium is-resized\"><img loading=\"lazy\" src=\"https:\/\/blogs.urz.uni-halle.de\/zsbblog2024\/files\/2024\/11\/Anna_Maria_Franke_Quadrat-300x300.jpeg\" alt=\"\" class=\"wp-image-739\" width=\"207\" height=\"207\" srcset=\"https:\/\/blogs.urz.uni-halle.de\/zsbblog2024\/files\/2024\/11\/Anna_Maria_Franke_Quadrat-300x300.jpeg 300w, https:\/\/blogs.urz.uni-halle.de\/zsbblog2024\/files\/2024\/11\/Anna_Maria_Franke_Quadrat-150x150.jpeg 150w, https:\/\/blogs.urz.uni-halle.de\/zsbblog2024\/files\/2024\/11\/Anna_Maria_Franke_Quadrat-768x768.jpeg 768w, https:\/\/blogs.urz.uni-halle.de\/zsbblog2024\/files\/2024\/11\/Anna_Maria_Franke_Quadrat-510x510.jpeg 510w, https:\/\/blogs.urz.uni-halle.de\/zsbblog2024\/files\/2024\/11\/Anna_Maria_Franke_Quadrat.jpeg 772w\" sizes=\"(max-width: 207px) 100vw, 207px\" \/><figcaption>Anna Maria Franke<\/figcaption><\/figure><\/div>\n<\/div>\n\n\n\n<div class=\"wp-block-column\" style=\"flex-basis:66.66%\">\n<p style=\"text-align: center\"><i>Nach einem Bachelor in Deutsche Sprache und Literatur sowie Anglistik und Amerikanistik widmet sich <strong>Anna<\/strong> (geb. 2000) jetzt dem Masterstudium der Komparatistik sowie der Englischen Sprache und Literatur. Dabei interessiert sie sich besonders f\u00fcr die Gegenwartsliteratur, feministische Literaturwissenschaft und Gender Studies, Identit\u00e4tsdarstellung und -verarbeitung in Literatur, sowie Digitale Literaturwissenschaft \u2013 im letzteren Bereich arbeitet sie momentan als wissenschaftliche Hilfskraft bei einem Projekt zur Recherche der Sprachkenntnisse bei deutsch-baltischen Autor:innen des 19. Jahrhunderts. Im Seminar war Anna f\u00fcr die Endredaktion und das Editorial verantwortlich und unterst\u00fctzte beim Webdesign. Ebenso war sie im Lektorat und Korrektorat t\u00e4tig \u2013 eine T\u00e4tigkeit, die sie in ihrer Freizeit auch liebend gern bei Texten von Freund:innen \u00fcbernimmt.<\/i><\/p>\n<p style=\"text-align: center\"><i>Kontakt: anna.franke@student.uni-halle.de; anna.franke.amf@gmail.com<\/i><\/p>\n<\/div>\n<\/div>\n\n\n\n<hr class=\"wp-block-separator\" \/>\n\n\n\n<div class=\"wp-block-columns\">\n<div class=\"wp-block-column\" style=\"flex-basis:33.33%\">\n<div class=\"wp-block-image is-style-rounded\"><figure class=\"aligncenter size-large is-resized\"><img loading=\"lazy\" src=\"https:\/\/blogs.urz.uni-halle.de\/zsbblog2024\/files\/2024\/11\/Claudia-Hein_Quadrat.jpeg\" alt=\"\" class=\"wp-image-743\" width=\"207\" height=\"207\" srcset=\"https:\/\/blogs.urz.uni-halle.de\/zsbblog2024\/files\/2024\/11\/Claudia-Hein_Quadrat.jpeg 200w, https:\/\/blogs.urz.uni-halle.de\/zsbblog2024\/files\/2024\/11\/Claudia-Hein_Quadrat-150x150.jpeg 150w\" sizes=\"(max-width: 207px) 100vw, 207px\" \/><figcaption>Dr. Claudia Hein<\/figcaption><\/figure><\/div>\n<\/div>\n\n\n\n<div class=\"wp-block-column\" style=\"flex-basis:66.66%\">\n<p style=\"text-align: center\"><i>Schon w\u00e4hrend ihrer Promotion las <strong>Claudia Hein<\/strong> (geb. 1976) am liebsten die Texte anderer, um diese gemeinsam mit den jeweiligen Autor:innen noch besser zu machen. Nach Abschluss ihrer Dissertation zu postkolonialen Einverleibungsfiguren widmete sie sich von 2014 bis 2021 als freie Lektorin und Redakteurin (Weimarer Beitr\u00e4ge und ZfdPh) ganz dem Wissenschaftslektorat. Die Weimarer Beitr\u00e4ge betreut sie bis heute redaktionell. Seit 2021 ist sie wissenschaftliche Mitarbeiterin in der Komparatistik an der MLU und unterrichtet bevorzugt zu Gender- und postkolonialen Themen. Ein besonderes Anliegen ist es ihr, die Leidenschaft f\u00fcr das Lektorieren an Studierende weiterzugeben und mit diesen gemeinsam eine studentische Zeitschrift herauszubringen.<\/i><\/p>\n<p style=\"text-align: center\"><i>Kontakt: mail@claudiahein.de<\/i><\/p>\n<\/div>\n<\/div>\n\n\n\n<hr class=\"wp-block-separator\" \/>\n\n\n\n<div class=\"wp-block-columns\">\n<div class=\"wp-block-column\" style=\"flex-basis:33.33%\">\n<div class=\"wp-block-image is-style-rounded\"><figure class=\"aligncenter size-medium is-resized\"><img loading=\"lazy\" src=\"https:\/\/blogs.urz.uni-halle.de\/zsbblog2024\/files\/2024\/11\/Lukas_Kagerer_Quadrat-1-300x300.jpeg\" alt=\"\" class=\"wp-image-745\" width=\"207\" height=\"207\" srcset=\"https:\/\/blogs.urz.uni-halle.de\/zsbblog2024\/files\/2024\/11\/Lukas_Kagerer_Quadrat-1-300x300.jpeg 300w, https:\/\/blogs.urz.uni-halle.de\/zsbblog2024\/files\/2024\/11\/Lukas_Kagerer_Quadrat-1-1024x1024.jpeg 1024w, https:\/\/blogs.urz.uni-halle.de\/zsbblog2024\/files\/2024\/11\/Lukas_Kagerer_Quadrat-1-150x150.jpeg 150w, https:\/\/blogs.urz.uni-halle.de\/zsbblog2024\/files\/2024\/11\/Lukas_Kagerer_Quadrat-1-768x768.jpeg 768w, https:\/\/blogs.urz.uni-halle.de\/zsbblog2024\/files\/2024\/11\/Lukas_Kagerer_Quadrat-1-1536x1536.jpeg 1536w, https:\/\/blogs.urz.uni-halle.de\/zsbblog2024\/files\/2024\/11\/Lukas_Kagerer_Quadrat-1-510x510.jpeg 510w, https:\/\/blogs.urz.uni-halle.de\/zsbblog2024\/files\/2024\/11\/Lukas_Kagerer_Quadrat-1.jpeg 1695w\" sizes=\"(max-width: 207px) 100vw, 207px\" \/><figcaption>Lukas Kagerer<\/figcaption><\/figure><\/div>\n<\/div>\n\n\n\n<div class=\"wp-block-column\" style=\"flex-basis:66.66%\">\n<p style=\"text-align: center\"><i><strong>Lukas<\/strong>\u2019 <\/i><i>(geb. 1994) Bachelorstudium in Komparatistik folgt nun das Masterstudium der Literaturwissenschaft. Neben seinem allgemeinen Interesse an und der Offenheit gegen\u00fcber jeglichen literaturwissenschaftlichen Themen und Methoden hat er eine besondere Vorliebe f\u00fcr die Digitale Literaturwissenschaft, Metafiktion sowie Klassiker der amerikanischen und russischen Literatur. In unserer Redaktion war Lukas im Lektorat und Korrektorat t\u00e4tig.<\/i><\/p>\n<p style=\"text-align: center\"><i>Kontakt: lukas.kagerer@student.uni-halle.de<\/i><\/p>\n<\/div>\n<\/div>\n\n\n\n<hr class=\"wp-block-separator\" \/>\n\n\n\n<div class=\"wp-block-columns\">\n<div class=\"wp-block-column\" style=\"flex-basis:33.33%\">\n<div class=\"wp-block-image is-style-rounded\"><figure class=\"aligncenter size-medium is-resized\"><img loading=\"lazy\" src=\"https:\/\/blogs.urz.uni-halle.de\/zsbblog2024\/files\/2024\/11\/IMG_3854-300x300.jpeg\" alt=\"\" class=\"wp-image-807\" width=\"215\" height=\"215\" srcset=\"https:\/\/blogs.urz.uni-halle.de\/zsbblog2024\/files\/2024\/11\/IMG_3854-300x300.jpeg 300w, https:\/\/blogs.urz.uni-halle.de\/zsbblog2024\/files\/2024\/11\/IMG_3854-1024x1024.jpeg 1024w, https:\/\/blogs.urz.uni-halle.de\/zsbblog2024\/files\/2024\/11\/IMG_3854-150x150.jpeg 150w, https:\/\/blogs.urz.uni-halle.de\/zsbblog2024\/files\/2024\/11\/IMG_3854-768x768.jpeg 768w, https:\/\/blogs.urz.uni-halle.de\/zsbblog2024\/files\/2024\/11\/IMG_3854-1536x1536.jpeg 1536w, https:\/\/blogs.urz.uni-halle.de\/zsbblog2024\/files\/2024\/11\/IMG_3854-2048x2048.jpeg 2048w, https:\/\/blogs.urz.uni-halle.de\/zsbblog2024\/files\/2024\/11\/IMG_3854-510x510.jpeg 510w\" sizes=\"(max-width: 215px) 100vw, 215px\" \/><figcaption>Christina Kasperzyk<\/figcaption><\/figure><\/div>\n\n\n\n<p><\/p>\n<\/div>\n\n\n\n<div class=\"wp-block-column\" style=\"flex-basis:66.66%\">\n<p style=\"text-align: center\"><i><strong>Christina<\/strong> (geb. 1995) studiert im Master Komparatistik und Geschichte, vorangegangen ist dem ein Bachelorstudium in Japanologie und Geschichte. Neben einem generellen Interesse daran, sich mit diversen literaturwissenschaftlichen Methoden auseinanderzusetzen und neue Themen kennenzulernen, befasst sie sich besonders mit der feministischen Literaturwissenschaft, den Gender sowie Postcolonial Studies und der Digitalen Literaturwissenschaft. In unserer Redaktion war Christina verantwortlich f\u00fcr das Webdesign und unterst\u00fctzte die Endredaktion und das Editorial.<\/i><\/p>\n<p style=\"text-align: center\"><i>Kontakt: christina.kasperzyk@student.uni-halle.de<\/i><\/p>\n<\/div>\n<\/div>\n\n\n\n<hr class=\"wp-block-separator\" \/>\n\n\n\n<div class=\"wp-block-columns\">\n<div class=\"wp-block-column\" style=\"flex-basis:33.33%\">\n<div class=\"wp-block-image is-style-rounded\"><figure class=\"aligncenter size-large is-resized\"><img loading=\"lazy\" src=\"https:\/\/blogs.urz.uni-halle.de\/zsbblog2024\/files\/2024\/11\/Luisa_Krull_Quadrat.jpg\" alt=\"\" class=\"wp-image-747\" width=\"207\" height=\"207\" \/><figcaption>Luisa Krull<\/figcaption><\/figure><\/div>\n<\/div>\n\n\n\n<div class=\"wp-block-column\" style=\"flex-basis:66.66%\">\n<p style=\"text-align: center\"><i><strong>Luisa<\/strong> (geb. 2003) studiert im Bachelor Deutsche Sprache und Literatur kombiniert mit Anglistik und Amerikanistik, wobei ihr besonderes Interesse dem Bereich der Linguistik und der Betrachtung der Sprachgeschichte gilt. In unserer Redaktion war Luisa im Lektorat und Korrektorat t\u00e4tig.<\/i><\/p>\n<p style=\"text-align: center\"><i>Kontakt: luisa.krull@student.uni-halle.de; luisa.krull86@gmail.com<\/i><\/p>\n<\/div>\n<\/div>\n\n\n\n<hr class=\"wp-block-separator\" \/>\n\n\n\n<div class=\"wp-block-columns\">\n<div class=\"wp-block-column\" style=\"flex-basis:33.33%\">\n<div class=\"wp-block-image is-style-rounded\"><figure class=\"aligncenter size-medium is-resized\"><img loading=\"lazy\" src=\"https:\/\/blogs.urz.uni-halle.de\/zsbblog2024\/files\/2024\/11\/Marie_Kunja_Quadrat-300x300.jpg\" alt=\"\" class=\"wp-image-748\" width=\"207\" height=\"207\" srcset=\"https:\/\/blogs.urz.uni-halle.de\/zsbblog2024\/files\/2024\/11\/Marie_Kunja_Quadrat-300x300.jpg 300w, https:\/\/blogs.urz.uni-halle.de\/zsbblog2024\/files\/2024\/11\/Marie_Kunja_Quadrat-1024x1024.jpg 1024w, https:\/\/blogs.urz.uni-halle.de\/zsbblog2024\/files\/2024\/11\/Marie_Kunja_Quadrat-150x150.jpg 150w, https:\/\/blogs.urz.uni-halle.de\/zsbblog2024\/files\/2024\/11\/Marie_Kunja_Quadrat-768x768.jpg 768w, https:\/\/blogs.urz.uni-halle.de\/zsbblog2024\/files\/2024\/11\/Marie_Kunja_Quadrat-510x510.jpg 510w, https:\/\/blogs.urz.uni-halle.de\/zsbblog2024\/files\/2024\/11\/Marie_Kunja_Quadrat.jpg 1063w\" sizes=\"(max-width: 207px) 100vw, 207px\" \/><figcaption>Marie Kunja<\/figcaption><\/figure><\/div>\n<\/div>\n\n\n\n<div class=\"wp-block-column\" style=\"flex-basis:66.66%\">\n<p style=\"text-align: center\"><i>Nach einem Bachelorstudium in Anglistik und Amerikanistik sowie Deutsche Sprache und Literatur widmet sich <strong>Marie<\/strong> (geb. 1999) dem Masterstudium der Deutschen Sprache und Literatur. Dabei liegt ihr Fokus auf der feministischen Literaturwissenschaft und den Gender Studies. In unserer Redaktion war Marie im Lektorat und Korrektorat t\u00e4tig \u2013 eine Arbeit, die sie als freiberufliche Lektorin bereits kennt.<\/i><\/p>\n<p style=\"text-align: center\"><i>Kontakt: marie-louis.kunja@student.uni-halle.de; mariekunja@yahoo.com<\/i><\/p>\n<\/div>\n<\/div>\n\n\n\n<hr class=\"wp-block-separator\" \/>\n\n\n\n<div class=\"wp-block-columns\">\n<div class=\"wp-block-column\" style=\"flex-basis:33.33%\">\n<div class=\"wp-block-image is-style-rounded\"><figure class=\"aligncenter size-medium is-resized\"><img loading=\"lazy\" src=\"https:\/\/blogs.urz.uni-halle.de\/zsbblog2024\/files\/2024\/11\/Franziska_Lachmann_Quadrat-300x300.jpg\" alt=\"\" class=\"wp-image-625\" width=\"207\" height=\"207\" srcset=\"https:\/\/blogs.urz.uni-halle.de\/zsbblog2024\/files\/2024\/11\/Franziska_Lachmann_Quadrat-300x300.jpg 300w, https:\/\/blogs.urz.uni-halle.de\/zsbblog2024\/files\/2024\/11\/Franziska_Lachmann_Quadrat-1024x1024.jpg 1024w, https:\/\/blogs.urz.uni-halle.de\/zsbblog2024\/files\/2024\/11\/Franziska_Lachmann_Quadrat-150x150.jpg 150w, https:\/\/blogs.urz.uni-halle.de\/zsbblog2024\/files\/2024\/11\/Franziska_Lachmann_Quadrat-768x768.jpg 768w, https:\/\/blogs.urz.uni-halle.de\/zsbblog2024\/files\/2024\/11\/Franziska_Lachmann_Quadrat-510x510.jpg 510w, https:\/\/blogs.urz.uni-halle.de\/zsbblog2024\/files\/2024\/11\/Franziska_Lachmann_Quadrat.jpg 1290w\" sizes=\"(max-width: 207px) 100vw, 207px\" \/><figcaption>Franziska Lachmann<\/figcaption><\/figure><\/div>\n<\/div>\n\n\n\n<div class=\"wp-block-column\" style=\"flex-basis:66.66%\">\n<p style=\"text-align: center\"><i>Nach dem Bachelor in Kunstgeschichte und Deutsche Sprache und Literatur studiert <strong>Franziska<\/strong> (geb. 1995) jetzt Deutsche Sprache und Literatur im Master. Dabei interessiert sie sich f\u00fcr viele Forschungsbereiche und wirkte im Zusammenhang etwa von DDR- oder Kinderliteratur an universit\u00e4ren Projekten mit. Nebenbei arbeitet sie als wissenschaftliche Hilfskraft am Interdisziplin\u00e4ren Zentrum f\u00fcr die Erforschung der Europ\u00e4ischen Aufkl\u00e4rung (IZEA) sowie als wissenschaftliche Hilfskraft f\u00fcr das DFG-Forschungsprojekt zur Lehre des Naturrechts. Ihr besonderer Fokus liegt auf der Schwarzen Romantik und der germanistischen Medi\u00e4vistik. In unserer Redaktion war Franziska im Lektorat und Korrektorat t\u00e4tig.<\/i><\/p>\n<p style=\"text-align: center\"><i>Kontakt: franziska.lachmann@student.uni-halle.de<\/i><\/p>\n<\/div>\n<\/div>\n\n\n\n<hr class=\"wp-block-separator\" \/>\n\n\n\n<div class=\"wp-block-columns\">\n<div class=\"wp-block-column\" style=\"flex-basis:33.33%\">\n<div class=\"wp-block-image is-style-rounded\"><figure class=\"aligncenter size-medium is-resized\"><img loading=\"lazy\" src=\"https:\/\/blogs.urz.uni-halle.de\/zsbblog2024\/files\/2024\/11\/Unknown_person-271x300.jpg\" alt=\"\" class=\"wp-image-815\" width=\"215\" height=\"215\" srcset=\"https:\/\/blogs.urz.uni-halle.de\/zsbblog2024\/files\/2024\/11\/Unknown_person-150x150.jpg 150w, https:\/\/blogs.urz.uni-halle.de\/zsbblog2024\/files\/2024\/11\/Unknown_person-510x510.jpg 510w\" sizes=\"(max-width: 215px) 100vw, 215px\" \/><figcaption>Angelina Mietz<\/figcaption><\/figure><\/div>\n\n\n\n<p><\/p>\n<\/div>\n\n\n\n<div class=\"wp-block-column\" style=\"flex-basis:66.66%\">\n<p style=\"text-align: center\"><i><strong>Angelina<\/strong> (geb. 2003) studiert im Bachelor Deutsche Sprache und Literatur und Geschichte. Ein besonderes Interesse gilt dabei der Gegenwartsliteratur und modernen Klassikern sowie queer-feministischer Literatur im Laufe der Zeit. In unserer Redaktion war Angelina im Lektorat und Korrektorat t\u00e4tig.<\/i><\/p>\n<p style=\"text-align: center\"><i>Kontakt: angelina.mietz@student.uni-halle.de; angelina.mietz@gmail.com<\/i><\/p>\n<\/div>\n<\/div>\n\n\n\n<hr class=\"wp-block-separator\" \/>\n\n\n\n<div class=\"wp-block-columns\">\n<div class=\"wp-block-column\" style=\"flex-basis:33.33%\">\n<div class=\"wp-block-image is-style-rounded\"><figure class=\"aligncenter size-medium is-resized\"><img loading=\"lazy\" src=\"https:\/\/blogs.urz.uni-halle.de\/zsbblog2024\/files\/2024\/11\/Darlene_Nolte_Quadrat-300x300.jpeg\" alt=\"\" class=\"wp-image-749\" width=\"207\" height=\"207\" srcset=\"https:\/\/blogs.urz.uni-halle.de\/zsbblog2024\/files\/2024\/11\/Darlene_Nolte_Quadrat-300x300.jpeg 300w, https:\/\/blogs.urz.uni-halle.de\/zsbblog2024\/files\/2024\/11\/Darlene_Nolte_Quadrat-1024x1024.jpeg 1024w, https:\/\/blogs.urz.uni-halle.de\/zsbblog2024\/files\/2024\/11\/Darlene_Nolte_Quadrat-150x150.jpeg 150w, https:\/\/blogs.urz.uni-halle.de\/zsbblog2024\/files\/2024\/11\/Darlene_Nolte_Quadrat-768x768.jpeg 768w, https:\/\/blogs.urz.uni-halle.de\/zsbblog2024\/files\/2024\/11\/Darlene_Nolte_Quadrat-1536x1536.jpeg 1536w, https:\/\/blogs.urz.uni-halle.de\/zsbblog2024\/files\/2024\/11\/Darlene_Nolte_Quadrat-2048x2048.jpeg 2048w, https:\/\/blogs.urz.uni-halle.de\/zsbblog2024\/files\/2024\/11\/Darlene_Nolte_Quadrat-510x510.jpeg 510w\" sizes=\"(max-width: 207px) 100vw, 207px\" \/><figcaption>Darlene Nolte<\/figcaption><\/figure><\/div>\n<\/div>\n\n\n\n<div class=\"wp-block-column\" style=\"flex-basis:66.66%\">\n<p style=\"text-align: center;padding-left: 40px\"><i>Nach einem Bachelorstudium der Germanistik und Sozial- und Kulturanthropologie an der Uni G\u00f6ttingen studiert <strong>Darlene<\/strong> (geb. 1999) im Master Deutsche Literatur und Kultur kombiniert mit Sozial- und Kulturanthropologie an der MLU. Ihre Schwerpunkte und Interessen sind dabei die feministische Literaturwissenschaft, Museumsarbeit, eine kritische Auseinandersetzung mit Repr\u00e4sentationen und Narrativen in der Literatur und im Museum (vor allem in Bezug auf Gender), sowie Repr\u00e4sentations- und Diskurstheorien. In unserer Redaktion war Darlene im Lektorat und Korrektorat t\u00e4tig.<\/i><\/p>\n<p style=\"text-align: center\"><i>Kontakt: darlene.nolte@student.uni-halle.de; darlene.nolte@web.de<\/i><\/p>\n<\/div>\n<\/div>\n\n\n\n<hr class=\"wp-block-separator\" \/>\n\n\n\n<div class=\"wp-block-columns\">\n<div class=\"wp-block-column\" style=\"flex-basis:33.33%\">\n<div class=\"wp-block-image is-style-rounded\"><figure class=\"aligncenter size-medium is-resized\"><img loading=\"lazy\" src=\"https:\/\/blogs.urz.uni-halle.de\/zsbblog2024\/files\/2024\/11\/Unknown_person-271x300.jpg\" alt=\"\" class=\"wp-image-815\" width=\"215\" height=\"215\" srcset=\"https:\/\/blogs.urz.uni-halle.de\/zsbblog2024\/files\/2024\/11\/Unknown_person-150x150.jpg 150w, https:\/\/blogs.urz.uni-halle.de\/zsbblog2024\/files\/2024\/11\/Unknown_person-510x510.jpg 510w\" sizes=\"(max-width: 215px) 100vw, 215px\" \/><figcaption>Yannick Sch\u00f6n<\/figcaption><\/figure><\/div>\n<\/div>\n\n\n\n<div class=\"wp-block-column\" style=\"flex-basis:66.66%\">\n<p style=\"text-align: center\"><i>An das Bachelorstudium in Berufsorientierter Linguistik im Interkulturellen Kontext und Japanologie schlie\u00dft <strong>Yannick<\/strong> (geb. 1995) das Masterstudium der Komparatistik und Japanologie an. Besonders interessiert er sich f\u00fcr die Literatur des fr\u00fchen 20. Jahrhunderts<\/i><b><i>. <\/i><\/b><i>Yannick war in unserer Redaktion im Lektorat und Korrektorat t\u00e4tig.<\/i><\/p>\n<p style=\"text-align: center\"><i>Kontakt: yannick.schoen@student.uni-halle.de<\/i><\/p>\n<\/div>\n<\/div>\n\n\n\n<hr class=\"wp-block-separator\" \/>\n\n\n\n<div class=\"wp-block-columns\">\n<div class=\"wp-block-column\" style=\"flex-basis:33.33%\">\n<div class=\"wp-block-image is-style-rounded\"><figure class=\"aligncenter size-large is-resized\"><img loading=\"lazy\" src=\"https:\/\/blogs.urz.uni-halle.de\/zsbblog2024\/files\/2024\/11\/Sophie_Stelzer_Quadrat.jpg\" alt=\"\" class=\"wp-image-750\" width=\"207\" height=\"207\" srcset=\"https:\/\/blogs.urz.uni-halle.de\/zsbblog2024\/files\/2024\/11\/Sophie_Stelzer_Quadrat-298x300.jpg 298w, https:\/\/blogs.urz.uni-halle.de\/zsbblog2024\/files\/2024\/11\/Sophie_Stelzer_Quadrat-150x150.jpg 150w\" sizes=\"(max-width: 207px) 100vw, 207px\" \/><figcaption>Sophie Stelzer<\/figcaption><\/figure><\/div>\n<\/div>\n\n\n\n<div class=\"wp-block-column\" style=\"flex-basis:66.66%\">\n<p style=\"text-align: center\"><i><strong>Sophie<\/strong> (geb. 1998) studiert im Bachelor Deutsche Sprache und Literatur kombiniert mit Anglistik und Amerikanistik, wobei das besondere Interesse bei englischer Sprachgeschichte und Native American Literature liegt. In unserer Redaktion war Sophie im Lektorat und Korrektorat t\u00e4tig, k\u00fcmmerte sich um unseren Call for Papers und war verantwortlich f\u00fcr das Webdesign.<\/i><\/p>\n<p style=\"text-align: center\"><i>Kontakt: sophie.stelzer@student.uni-halle.de<\/i><\/p>\n<\/div>\n<\/div>\n\n\n\n<hr class=\"wp-block-separator\" \/>\n\n\n\n<div class=\"wp-block-columns\">\n<div class=\"wp-block-column\" style=\"flex-basis:33.33%\">\n<div class=\"wp-block-image is-style-rounded\"><figure class=\"aligncenter size-medium is-resized\"><img loading=\"lazy\" src=\"https:\/\/blogs.urz.uni-halle.de\/zsbblog2024\/files\/2024\/11\/Christopher_Tersch_Quadrat-297x300.jpg\" alt=\"\" class=\"wp-image-751\" width=\"207\" height=\"207\" srcset=\"https:\/\/blogs.urz.uni-halle.de\/zsbblog2024\/files\/2024\/11\/Christopher_Tersch_Quadrat-150x150.jpg 150w, https:\/\/blogs.urz.uni-halle.de\/zsbblog2024\/files\/2024\/11\/Christopher_Tersch_Quadrat-510x510.jpg 510w\" sizes=\"(max-width: 207px) 100vw, 207px\" \/><figcaption>Christopher Tersch<\/figcaption><\/figure><\/div>\n<\/div>\n\n\n\n<div class=\"wp-block-column\" style=\"flex-basis:66.66%\">\n<p style=\"text-align: center\"><i>Nach einem Bachelorstudium in Deutsche Sprache und Literatur sowie Europ\u00e4ische Kunstgeschichte studiert <strong>Christopher<\/strong> (geb. 1993) Deutsche Sprache und Literatur im Master. Er interessiert sich besonders f\u00fcr die germanistische Medi\u00e4vistik und unterst\u00fctzt diesen Bereich an der MLU als Tutor und wissenschaftliche Hilfskraft. In unserer Redaktion war Christopher im Lektorat und Korrektorat t\u00e4tig.<\/i><\/p>\n<p style=\"text-align: center\"><i>Kontakt: christopher.tersch@student.uni-halle.de<\/i><\/p>\n<\/div>\n<\/div>\n\n\n\n<hr class=\"wp-block-separator\" \/>\n\n\n<p style=\"text-align: center\">Au\u00dferdem haben an der Redaktion und der Website mitgearbeitet:<\/p>\n<p style=\"text-align: center\">Daniela Langbein &#8211; Design des <em>Call for Papers<\/em><\/p>\n<p style=\"text-align: center\">Maxim Taubert &#8211; Design des <em>ZsB<\/em>-Logos<\/p>\n<p style=\"text-align: center\">Ein gro\u00dfer Dank gilt Gerald Gro\u00dfe f\u00fcr die gro\u00dfz\u00fcgige Erlaubnis, seine Fotos im Rahmen unserer Zeitschrift abzubilden.<\/p>","protected":false},"excerpt":{"rendered":"<p>Nach einem Bachelor in Deutsche Sprache und Literatur sowie Anglistik und Amerikanistik widmet sich Anna (geb. 2000) jetzt dem Masterstudium der Komparatistik sowie der Englischen Sprache und Literatur. Dabei interessiert sie sich besonders f\u00fcr die Gegenwartsliteratur, feministische Literaturwissenschaft und Gender Studies, Identit\u00e4tsdarstellung und -verarbeitung in Literatur, sowie Digitale Literaturwissenschaft \u2013 im letzteren Bereich arbeitet sie [&hellip;]<\/p>\n","protected":false},"author":6137,"featured_media":0,"parent":0,"menu_order":0,"comment_status":"closed","ping_status":"closed","template":"","meta":[],"_links":{"self":[{"href":"https:\/\/blogs.urz.uni-halle.de\/zsbblog2024\/wp-json\/wp\/v2\/pages\/100"}],"collection":[{"href":"https:\/\/blogs.urz.uni-halle.de\/zsbblog2024\/wp-json\/wp\/v2\/pages"}],"about":[{"href":"https:\/\/blogs.urz.uni-halle.de\/zsbblog2024\/wp-json\/wp\/v2\/types\/page"}],"author":[{"embeddable":true,"href":"https:\/\/blogs.urz.uni-halle.de\/zsbblog2024\/wp-json\/wp\/v2\/users\/6137"}],"replies":[{"embeddable":true,"href":"https:\/\/blogs.urz.uni-halle.de\/zsbblog2024\/wp-json\/wp\/v2\/comments?post=100"}],"version-history":[{"count":10,"href":"https:\/\/blogs.urz.uni-halle.de\/zsbblog2024\/wp-json\/wp\/v2\/pages\/100\/revisions"}],"predecessor-version":[{"id":1189,"href":"https:\/\/blogs.urz.uni-halle.de\/zsbblog2024\/wp-json\/wp\/v2\/pages\/100\/revisions\/1189"}],"wp:attachment":[{"href":"https:\/\/blogs.urz.uni-halle.de\/zsbblog2024\/wp-json\/wp\/v2\/media?parent=100"}],"curies":[{"name":"wp","href":"https:\/\/api.w.org\/{rel}","templated":true}]}}