{"id":970,"date":"2024-11-28T12:47:09","date_gmt":"2024-11-28T11:47:09","guid":{"rendered":"https:\/\/blogs.urz.uni-halle.de\/zsbblog2024\/?page_id=970"},"modified":"2026-03-09T13:12:23","modified_gmt":"2026-03-09T12:12:23","slug":"zsb-reihe","status":"publish","type":"page","link":"https:\/\/blogs.urz.uni-halle.de\/zsbblog2024\/zsb-reihe\/","title":{"rendered":"ZsB-Reihe"},"content":{"rendered":"\n<p><br><\/p>\n\n\n\n<div class=\"wp-block-image\"><figure class=\"alignleft size-medium\"><img loading=\"lazy\" width=\"300\" height=\"133\" src=\"https:\/\/blogs.urz.uni-halle.de\/zsbblog2024\/files\/2026\/03\/Bildschirmfoto-2026-03-09-um-13.04.29-1-300x133.png\" alt=\"\" class=\"wp-image-1196\" style=\"border:3px solid #f2e6d9;padding:3px;margin:3px\" srcset=\"https:\/\/blogs.urz.uni-halle.de\/zsbblog2024\/files\/2026\/03\/Bildschirmfoto-2026-03-09-um-13.04.29-1-300x133.png 300w, https:\/\/blogs.urz.uni-halle.de\/zsbblog2024\/files\/2026\/03\/Bildschirmfoto-2026-03-09-um-13.04.29-1-1024x455.png 1024w, https:\/\/blogs.urz.uni-halle.de\/zsbblog2024\/files\/2026\/03\/Bildschirmfoto-2026-03-09-um-13.04.29-1-768x341.png 768w, https:\/\/blogs.urz.uni-halle.de\/zsbblog2024\/files\/2026\/03\/Bildschirmfoto-2026-03-09-um-13.04.29-1-1536x682.png 1536w, https:\/\/blogs.urz.uni-halle.de\/zsbblog2024\/files\/2026\/03\/Bildschirmfoto-2026-03-09-um-13.04.29-1.png 1902w\" sizes=\"(max-width: 300px) 100vw, 300px\" \/><figcaption><a href=\"https:\/\/blogs.urz.uni-halle.de\/zeitschriftstudentischerbeitraege2025\/\">Zeitschrift studentischer Beitr\u00e4ge 2025<\/a><\/figcaption><\/figure><\/div>\n\n\n\n<div class=\"wp-block-columns\">\n<div class=\"wp-block-column wp-block-image\">\n<div class=\"wp-block-image\"><figure class=\"alignmiddle size-medium\"><img loading=\"lazy\" width=\"300\" height=\"183\" src=\"https:\/\/blogs.urz.uni-halle.de\/zsbblog2024\/files\/2024\/11\/Bildschirmfoto-2024-11-29-um-08.46.51-300x183.png\" alt=\"\" class=\"wp-image-978\" style=\"border:3px solid #f2e6d9;padding:3px;margin:3px\" srcset=\"https:\/\/blogs.urz.uni-halle.de\/zsbblog2024\/files\/2024\/11\/Bildschirmfoto-2024-11-29-um-08.46.51-300x183.png 300w, https:\/\/blogs.urz.uni-halle.de\/zsbblog2024\/files\/2024\/11\/Bildschirmfoto-2024-11-29-um-08.46.51-1024x624.png 1024w, https:\/\/blogs.urz.uni-halle.de\/zsbblog2024\/files\/2024\/11\/Bildschirmfoto-2024-11-29-um-08.46.51-768x468.png 768w, https:\/\/blogs.urz.uni-halle.de\/zsbblog2024\/files\/2024\/11\/Bildschirmfoto-2024-11-29-um-08.46.51-1536x937.png 1536w, https:\/\/blogs.urz.uni-halle.de\/zsbblog2024\/files\/2024\/11\/Bildschirmfoto-2024-11-29-um-08.46.51-2048x1249.png 2048w, https:\/\/blogs.urz.uni-halle.de\/zsbblog2024\/files\/2024\/11\/Bildschirmfoto-2024-11-29-um-08.46.51-570x350.png 570w\" sizes=\"(max-width: 300px) 100vw, 300px\" \/><figcaption><a href=\"https:\/\/blogs.urz.uni-halle.de\/zsbblog2023\/\">Zeitschrift studentischer Beitr\u00e4ge 2023<\/a><\/figcaption><\/figure><\/div>\n<\/div>\n\n\n\n<div class=\"wp-block-column\">\n<div class=\"wp-block-image\"><figure class=\"alignleft size-medium\"><img loading=\"lazy\" width=\"300\" height=\"187\" src=\"https:\/\/blogs.urz.uni-halle.de\/zsbblog2024\/files\/2024\/11\/Bildschirmfoto-2024-11-29-um-08.48.28-300x187.png\" alt=\"\" class=\"wp-image-982\" style=\"border:3px solid #f2e6d9;padding:3px;margin:3px\" srcset=\"https:\/\/blogs.urz.uni-halle.de\/zsbblog2024\/files\/2024\/11\/Bildschirmfoto-2024-11-29-um-08.48.28-300x187.png 300w, https:\/\/blogs.urz.uni-halle.de\/zsbblog2024\/files\/2024\/11\/Bildschirmfoto-2024-11-29-um-08.48.28-1024x639.png 1024w, https:\/\/blogs.urz.uni-halle.de\/zsbblog2024\/files\/2024\/11\/Bildschirmfoto-2024-11-29-um-08.48.28-768x479.png 768w, https:\/\/blogs.urz.uni-halle.de\/zsbblog2024\/files\/2024\/11\/Bildschirmfoto-2024-11-29-um-08.48.28-1536x959.png 1536w, https:\/\/blogs.urz.uni-halle.de\/zsbblog2024\/files\/2024\/11\/Bildschirmfoto-2024-11-29-um-08.48.28-2048x1278.png 2048w\" sizes=\"(max-width: 300px) 100vw, 300px\" \/><figcaption><a href=\"https:\/\/blogs.urz.uni-halle.de\/zsbblog\/\">Zeitschrift studentischer Beitr\u00e4ge 2022<\/a><\/figcaption><\/figure><\/div>\n<\/div>\n<\/div>\n\n\n\n<p><\/p>\n","protected":false},"excerpt":{"rendered":"<p>Zeitschrift studentischer Beitr\u00e4ge 2025 Zeitschrift studentischer Beitr\u00e4ge 2023 Zeitschrift studentischer Beitr\u00e4ge 2022<\/p>\n","protected":false},"author":6132,"featured_media":0,"parent":0,"menu_order":0,"comment_status":"closed","ping_status":"closed","template":"","meta":[],"_links":{"self":[{"href":"https:\/\/blogs.urz.uni-halle.de\/zsbblog2024\/wp-json\/wp\/v2\/pages\/970"}],"collection":[{"href":"https:\/\/blogs.urz.uni-halle.de\/zsbblog2024\/wp-json\/wp\/v2\/pages"}],"about":[{"href":"https:\/\/blogs.urz.uni-halle.de\/zsbblog2024\/wp-json\/wp\/v2\/types\/page"}],"author":[{"embeddable":true,"href":"https:\/\/blogs.urz.uni-halle.de\/zsbblog2024\/wp-json\/wp\/v2\/users\/6132"}],"replies":[{"embeddable":true,"href":"https:\/\/blogs.urz.uni-halle.de\/zsbblog2024\/wp-json\/wp\/v2\/comments?post=970"}],"version-history":[{"count":9,"href":"https:\/\/blogs.urz.uni-halle.de\/zsbblog2024\/wp-json\/wp\/v2\/pages\/970\/revisions"}],"predecessor-version":[{"id":1199,"href":"https:\/\/blogs.urz.uni-halle.de\/zsbblog2024\/wp-json\/wp\/v2\/pages\/970\/revisions\/1199"}],"wp:attachment":[{"href":"https:\/\/blogs.urz.uni-halle.de\/zsbblog2024\/wp-json\/wp\/v2\/media?parent=970"}],"curies":[{"name":"wp","href":"https:\/\/api.w.org\/{rel}","templated":true}]}}